{"id":39210,"date":"2024-02-14T01:58:20","date_gmt":"2024-02-14T00:58:20","guid":{"rendered":"https:\/\/truusk.store\/product\/julgran-konstgjord-gran-realistiskt-utseende-snabb-montering-plast-gron-120-x-120-x-180-cm\/"},"modified":"2026-03-12T09:15:11","modified_gmt":"2026-03-12T08:15:11","slug":"truusk-julgran-konstgjord-gran-realistiskt-utseende-snabb-montering-plast-gron-120-x-120-x-180-cm","status":"publish","type":"product","link":"https:\/\/truusk.store\/sv\/produkt\/truusk-julgran-konstgjord-gran-realistiskt-utseende-snabb-montering-plast-gron-120-x-120-x-180-cm\/","title":{"rendered":"TRUUSK Julgran &#8211; Konstgjord Gran &#8211; Realistiskt Utseende &#8211; Snabb Montering &#8211; Plast &#8211; Gr\u00f6n &#8211; 120 x 120 x 180 cm"},"content":{"rendered":"<p>Med denna realistiska julgran kan du ta hem en festlig julst\u00e4mning &#8211; varje \u00e5r! Denna konstgjorda gran kan s\u00e4ttas upp snabbt och imponerar med sin fylliga, frodiga form. De robusta grenarna rymmer alla dina favorittr\u00e4dsdekorationer utan att n\u00e5l. Det h\u00e4r tr\u00e4det kan ocks\u00e5 \u00e5teranv\u00e4ndas m\u00e5nga g\u00e5nger, s\u00e5 du beh\u00f6ver inte l\u00e4ngre l\u00e5ta hugga ner levande granar och kan njuta av julen till fullo.<\/p>\n<h3>Beskrivning:<\/h3>\n<ul>\n<li>1,80 m h\u00f6g och med en fyllig frodig form<\/li>\n<li>Vissa av grenarna \u00e4r troget modellerade efter riktiga grenar och beh\u00f6ver inte fluffas upp<\/li>\n<li>S\u00e4rskilt snabb och enkel att montera tack vare ett f\u00e5tal element som kan monteras<\/li>\n<li>Flamskyddade kaminer kan inte fatta eld eller orsaka allvarliga skador p\u00e5 bostaden<\/li>\n<li>Robust och h\u00e5llbar bas f\u00f6r st\u00f6rre stabilitet<\/li>\n<\/ul>\n<h3>Teknisk data:<\/h3>\n<ul>\n<li>F\u00e4rg: gr\u00f6n<\/li>\n<li>Material: PVC, PE, metall<\/li>\n<li>Totala m\u00e5tt: 120L x 120W x 180H cm<\/li>\n<li>Antal tips: 4030<\/li>\n<li>Ett meddelande:<\/li>\n<li>Endast l\u00e4mplig f\u00f6r inomhusbruk, inte f\u00f6r utomhusbruk<\/li>\n<li>F\u00f6r att f\u00e5 ett fullst\u00e4ndigt utseende, f\u00f6rdela alla bitar j\u00e4mnt f\u00f6r att f\u00e5 det fullaste utseendet. Vi rekommenderar att du tar cirka 30-40 minuter att forma tr\u00e4det.<\/li>\n<li>Leveransen omfattar endast tr\u00e4det med stativ. Tr\u00e4ddekorationer ING\u00c5R INTE och anv\u00e4nds p\u00e5 bilden endast i demonstrationssyfte.<\/li>\n<\/ul>\n<h3>Leveransens omfattning:<\/h3>\n<ul>\n<li>1 x julgran;<\/li>\n<\/ul>\n","protected":false},"excerpt":{"rendered":"<p>Med denna realistiska julgran kan du ta hem en festlig julst\u00e4mning &#8211; varje \u00e5r! Denna konstgjorda gran kan s\u00e4ttas upp&#8230;<\/p>\n","protected":false},"featured_media":39211,"template":"","meta":[],"product_brand":[],"product_cat":[705,706,709],"product_tag":[],"class_list":{"0":"post-39210","1":"product","2":"type-product","3":"status-publish","4":"has-post-thumbnail","6":"product_cat-julens-varld","7":"product_cat-julgranar","8":"product_cat-julgranar-over-180cm","10":"first","11":"instock","12":"sale","13":"taxable","14":"shipping-taxable","15":"purchasable","16":"product-type-simple"},"yoast_head":"<!-- This site is optimized with the Yoast SEO plugin v25.4 - https:\/\/yoast.com\/wordpress\/plugins\/seo\/ -->\n<title>TRUUSK Julgran - Konstgjord Gran - Realistiskt Utseende - Snabb Montering - Plast - Gr\u00f6n - 120 x 120 x 180 cm - TRUUSK - Hem, Tr\u00e4dg\u00e5rd &amp; Fritid<\/title>\n<meta name=\"robots\" content=\"index, follow, max-snippet:-1, max-image-preview:large, max-video-preview:-1\" \/>\n<link rel=\"canonical\" href=\"https:\/\/truusk.store\/sv\/produkt\/truusk-julgran-konstgjord-gran-realistiskt-utseende-snabb-montering-plast-gron-120-x-120-x-180-cm\/\" \/>\n<meta property=\"og:locale\" content=\"sv_SE\" \/>\n<meta property=\"og:type\" content=\"article\" \/>\n<meta property=\"og:title\" content=\"TRUUSK Julgran - Konstgjord Gran - Realistiskt Utseende - Snabb Montering - Plast - Gr\u00f6n - 120 x 120 x 180 cm - TRUUSK - Hem, Tr\u00e4dg\u00e5rd &amp; Fritid\" \/>\n<meta property=\"og:description\" content=\"Med denna realistiska julgran kan du ta hem en festlig julst\u00e4mning &#8211; varje \u00e5r! Denna konstgjorda gran kan s\u00e4ttas upp...\" \/>\n<meta property=\"og:url\" content=\"https:\/\/truusk.store\/sv\/produkt\/truusk-julgran-konstgjord-gran-realistiskt-utseende-snabb-montering-plast-gron-120-x-120-x-180-cm\/\" \/>\n<meta property=\"og:site_name\" content=\"TRUUSK - Hem, Tr\u00e4dg\u00e5rd &amp; Fritid\" \/>\n<meta property=\"article:modified_time\" content=\"2026-03-12T08:15:11+00:00\" \/>\n<meta property=\"og:image\" content=\"https:\/\/i0.wp.com\/truusk.se\/wp-content\/uploads\/2024\/02\/julgran-konstgjord-gran-realistiskt-utseende-snabb-montering-plast-gron-120-x-120-x-180-cm.webp?fit=800%2C800&ssl=1\" \/>\n\t<meta property=\"og:image:width\" content=\"800\" \/>\n\t<meta property=\"og:image:height\" content=\"800\" \/>\n\t<meta property=\"og:image:type\" content=\"image\/webp\" \/>\n<meta name=\"twitter:card\" content=\"summary_large_image\" \/>\n<meta name=\"twitter:label1\" content=\"Ber\u00e4knad l\u00e4stid\" \/>\n\t<meta name=\"twitter:data1\" content=\"1 minut\" \/>\n<!-- \/ Yoast SEO plugin. -->","yoast_head_json":{"title":"TRUUSK Julgran - Konstgjord Gran - Realistiskt Utseende - Snabb Montering - Plast - Gr\u00f6n - 120 x 120 x 180 cm - TRUUSK - Hem, Tr\u00e4dg\u00e5rd &amp; Fritid","robots":{"index":"index","follow":"follow","max-snippet":"max-snippet:-1","max-image-preview":"max-image-preview:large","max-video-preview":"max-video-preview:-1"},"canonical":"https:\/\/truusk.store\/sv\/produkt\/truusk-julgran-konstgjord-gran-realistiskt-utseende-snabb-montering-plast-gron-120-x-120-x-180-cm\/","og_locale":"sv_SE","og_type":"article","og_title":"TRUUSK Julgran - Konstgjord Gran - Realistiskt Utseende - Snabb Montering - Plast - Gr\u00f6n - 120 x 120 x 180 cm - TRUUSK - Hem, Tr\u00e4dg\u00e5rd &amp; Fritid","og_description":"Med denna realistiska julgran kan du ta hem en festlig julst\u00e4mning &#8211; varje \u00e5r! Denna konstgjorda gran kan s\u00e4ttas upp...","og_url":"https:\/\/truusk.store\/sv\/produkt\/truusk-julgran-konstgjord-gran-realistiskt-utseende-snabb-montering-plast-gron-120-x-120-x-180-cm\/","og_site_name":"TRUUSK - Hem, Tr\u00e4dg\u00e5rd &amp; Fritid","article_modified_time":"2026-03-12T08:15:11+00:00","og_image":[{"width":800,"height":800,"url":"https:\/\/i0.wp.com\/truusk.se\/wp-content\/uploads\/2024\/02\/julgran-konstgjord-gran-realistiskt-utseende-snabb-montering-plast-gron-120-x-120-x-180-cm.webp?fit=800%2C800&ssl=1","type":"image\/webp"}],"twitter_card":"summary_large_image","twitter_misc":{"Ber\u00e4knad l\u00e4stid":"1 minut"},"schema":{"@context":"https:\/\/schema.org","@graph":[{"@type":"WebPage","@id":"https:\/\/truusk.store\/sv\/produkt\/truusk-julgran-konstgjord-gran-realistiskt-utseende-snabb-montering-plast-gron-120-x-120-x-180-cm\/","url":"https:\/\/truusk.store\/sv\/produkt\/truusk-julgran-konstgjord-gran-realistiskt-utseende-snabb-montering-plast-gron-120-x-120-x-180-cm\/","name":"TRUUSK Julgran - Konstgjord Gran - Realistiskt Utseende - Snabb Montering - Plast - Gr\u00f6n - 120 x 120 x 180 cm - TRUUSK - Hem, Tr\u00e4dg\u00e5rd &amp; Fritid","isPartOf":{"@id":"https:\/\/truusk.store\/sv\/#website"},"primaryImageOfPage":{"@id":"https:\/\/truusk.store\/sv\/produkt\/truusk-julgran-konstgjord-gran-realistiskt-utseende-snabb-montering-plast-gron-120-x-120-x-180-cm\/#primaryimage"},"image":{"@id":"https:\/\/truusk.store\/sv\/produkt\/truusk-julgran-konstgjord-gran-realistiskt-utseende-snabb-montering-plast-gron-120-x-120-x-180-cm\/#primaryimage"},"thumbnailUrl":"https:\/\/i0.wp.com\/truusk.store\/wp-content\/uploads\/2024\/02\/julgran-konstgjord-gran-realistiskt-utseende-snabb-montering-plast-gron-120-x-120-x-180-cm.webp?fit=800%2C800&ssl=1","datePublished":"2024-02-14T00:58:20+00:00","dateModified":"2026-03-12T08:15:11+00:00","breadcrumb":{"@id":"https:\/\/truusk.store\/sv\/produkt\/truusk-julgran-konstgjord-gran-realistiskt-utseende-snabb-montering-plast-gron-120-x-120-x-180-cm\/#breadcrumb"},"inLanguage":"sv-SE","potentialAction":[{"@type":"ReadAction","target":["https:\/\/truusk.store\/sv\/produkt\/truusk-julgran-konstgjord-gran-realistiskt-utseende-snabb-montering-plast-gron-120-x-120-x-180-cm\/"]}]},{"@type":"ImageObject","inLanguage":"sv-SE","@id":"https:\/\/truusk.store\/sv\/produkt\/truusk-julgran-konstgjord-gran-realistiskt-utseende-snabb-montering-plast-gron-120-x-120-x-180-cm\/#primaryimage","url":"https:\/\/i0.wp.com\/truusk.store\/wp-content\/uploads\/2024\/02\/julgran-konstgjord-gran-realistiskt-utseende-snabb-montering-plast-gron-120-x-120-x-180-cm.webp?fit=800%2C800&ssl=1","contentUrl":"https:\/\/i0.wp.com\/truusk.store\/wp-content\/uploads\/2024\/02\/julgran-konstgjord-gran-realistiskt-utseende-snabb-montering-plast-gron-120-x-120-x-180-cm.webp?fit=800%2C800&ssl=1","width":800,"height":800,"caption":"Julgran, Konstgjord Gran, Realistiskt Utseende, Snabb Montering, Plast, Gr\u00f6n, 120 X 120 X 180 Cm 1"},{"@type":"BreadcrumbList","@id":"https:\/\/truusk.store\/sv\/produkt\/truusk-julgran-konstgjord-gran-realistiskt-utseende-snabb-montering-plast-gron-120-x-120-x-180-cm\/#breadcrumb","itemListElement":[{"@type":"ListItem","position":1,"name":"Home","item":"https:\/\/truusk.store\/sv\/"},{"@type":"ListItem","position":2,"name":"Shop","item":"https:\/\/truusk.store\/shop\/"},{"@type":"ListItem","position":3,"name":"TRUUSK Julgran &#8211; Konstgjord Gran &#8211; Realistiskt Utseende &#8211; Snabb Montering &#8211; Plast &#8211; Gr\u00f6n &#8211; 120 x 120 x 180 cm"}]},{"@type":"WebSite","@id":"https:\/\/truusk.store\/sv\/#website","url":"https:\/\/truusk.store\/sv\/","name":"TRUUSK - Hem, Tr\u00e4dg\u00e5rd & Fritid","description":"","publisher":{"@id":"https:\/\/truusk.store\/sv\/#organization"},"potentialAction":[{"@type":"SearchAction","target":{"@type":"EntryPoint","urlTemplate":"https:\/\/truusk.store\/sv\/?s={search_term_string}"},"query-input":{"@type":"PropertyValueSpecification","valueRequired":true,"valueName":"search_term_string"}}],"inLanguage":"sv-SE"},{"@type":"Organization","@id":"https:\/\/truusk.store\/sv\/#organization","name":"TRUUSK - Hem, Tr\u00e4dg\u00e5rd & Fritid","url":"https:\/\/truusk.store\/sv\/","logo":{"@type":"ImageObject","inLanguage":"sv-SE","@id":"https:\/\/truusk.store\/sv\/#\/schema\/logo\/image\/","url":"https:\/\/i0.wp.com\/truusk.store\/wp-content\/uploads\/2026\/03\/cropped-TRUUSK.png?fit=2032%2C917&ssl=1","contentUrl":"https:\/\/i0.wp.com\/truusk.store\/wp-content\/uploads\/2026\/03\/cropped-TRUUSK.png?fit=2032%2C917&ssl=1","width":2032,"height":917,"caption":"TRUUSK - Hem, Tr\u00e4dg\u00e5rd & Fritid"},"image":{"@id":"https:\/\/truusk.store\/sv\/#\/schema\/logo\/image\/"}}]}},"jetpack_sharing_enabled":true,"_links":{"self":[{"href":"https:\/\/truusk.store\/sv\/wp-json\/wp\/v2\/product\/39210","targetHints":{"allow":["GET"]}}],"collection":[{"href":"https:\/\/truusk.store\/sv\/wp-json\/wp\/v2\/product"}],"about":[{"href":"https:\/\/truusk.store\/sv\/wp-json\/wp\/v2\/types\/product"}],"wp:featuredmedia":[{"embeddable":true,"href":"https:\/\/truusk.store\/sv\/wp-json\/wp\/v2\/media\/39211"}],"wp:attachment":[{"href":"https:\/\/truusk.store\/sv\/wp-json\/wp\/v2\/media?parent=39210"}],"wp:term":[{"taxonomy":"product_brand","embeddable":true,"href":"https:\/\/truusk.store\/sv\/wp-json\/wp\/v2\/product_brand?post=39210"},{"taxonomy":"product_cat","embeddable":true,"href":"https:\/\/truusk.store\/sv\/wp-json\/wp\/v2\/product_cat?post=39210"},{"taxonomy":"product_tag","embeddable":true,"href":"https:\/\/truusk.store\/sv\/wp-json\/wp\/v2\/product_tag?post=39210"}],"curies":[{"name":"wp","href":"https:\/\/api.w.org\/{rel}","templated":true}]}}