{"id":39427,"date":"2024-02-14T02:05:35","date_gmt":"2024-02-14T01:05:35","guid":{"rendered":"https:\/\/truusk.store\/product\/4-vanings-blomsterstall-40cm-x-40cm-x-81cm-brun\/"},"modified":"2026-03-12T09:15:23","modified_gmt":"2026-03-12T08:15:23","slug":"truusk-4-vanings-blomsterstall-hallbart-tra-enkel-montering-perfekt-for-inomhus-och-utomhus-brun","status":"publish","type":"product","link":"https:\/\/truusk.store\/sv\/produkt\/truusk-4-vanings-blomsterstall-hallbart-tra-enkel-montering-perfekt-for-inomhus-och-utomhus-brun\/","title":{"rendered":"TRUUSK 4-v\u00e5nings Blomsterst\u00e4ll &#8211; H\u00e5llbart Tr\u00e4 &#8211; Enkel Montering &#8211; Perfekt f\u00f6r Inomhus och Utomhus &#8211; Brun"},"content":{"rendered":"<p>En praktisk plats att f\u00f6rvara och visa upp v\u00e4xter, blommor, samlarf\u00f6rem\u00e5l och mycket mer. Denna rustika blomhylla i h\u00f6rn ger f\u00f6rvaringsutrymme f\u00f6r ditt hem. St\u00e5lkonstruktionen \u00e4r stabil och har en stor bas som s\u00e4kerst\u00e4ller ett balanserat stativ. Blomsterst\u00e4llet har fyra niv\u00e5er, vilket ger dig fyra omr\u00e5den att visa vad du vill ha.<\/p>\n<h3>Beskrivning:<\/h3>\n<ul>\n<li>Fyra v\u00e5ningar v\u00e4xtst\u00e4ll erbjuder fyra utst\u00e4llningsytor<\/li>\n<li>St\u00e5lramen \u00e4r stark, tr\u00e4materialet \u00e4r h\u00e5llbart<\/li>\n<li>V\u00e4xtst\u00e4ll f\u00f6r inomhus- eller utomhusbruk<\/li>\n<li>En vacker dekoration f\u00f6r tr\u00e4dg\u00e5rden<\/li>\n<li>Montering kr\u00e4vs<\/li>\n<\/ul>\n<h3>Teknisk data:<\/h3>\n<ul>\n<li>F\u00e4rg: Rustik brun<\/li>\n<li>Material: sp\u00e5nskiva, st\u00e5l<\/li>\n<li>\u00d6vergripande m\u00e5tt: 40L x 40W x 81H cm<\/li>\n<li>Hyllstorlek: 20L x 20W cm<\/li>\n<li>Hyllh\u00f6jd till golv (uppifr\u00e5n och ned): 81cm, 61,5cm, 40cm, 21,5cm<\/li>\n<li>Max belastning f\u00f6r varje niv\u00e5: 20 kg<\/li>\n<\/ul>\n<h3>Leveransens omfattning:<\/h3>\n<ul>\n<li>1 x Blomsterst\u00e4ll<\/li>\n<li>1 x Instruktioner<\/li>\n<\/ul>\n","protected":false},"excerpt":{"rendered":"<p>En praktisk plats att f\u00f6rvara och visa upp v\u00e4xter, blommor, samlarf\u00f6rem\u00e5l och mycket mer. Denna rustika blomhylla i h\u00f6rn ger&#8230;<\/p>\n","protected":false},"featured_media":39428,"template":"","meta":[],"product_brand":[],"product_cat":[448,733,435,443],"product_tag":[],"class_list":{"0":"post-39427","1":"product","2":"type-product","3":"status-publish","4":"has-post-thumbnail","6":"product_cat-plantera-trappor-hyllor","7":"product_cat-planttrappa","8":"product_cat-tradgard-och-terrass","9":"product_cat-vaxthus-tradgardsskotsel","11":"first","12":"instock","13":"sale","14":"taxable","15":"shipping-taxable","16":"purchasable","17":"product-type-simple"},"yoast_head":"<!-- This site is optimized with the Yoast SEO plugin v25.4 - https:\/\/yoast.com\/wordpress\/plugins\/seo\/ -->\n<title>TRUUSK 4-v\u00e5nings Blomsterst\u00e4ll - H\u00e5llbart Tr\u00e4 - Enkel Montering - Perfekt f\u00f6r Inomhus och Utomhus - Brun - TRUUSK - Hem, Tr\u00e4dg\u00e5rd &amp; Fritid<\/title>\n<meta name=\"robots\" content=\"index, follow, max-snippet:-1, max-image-preview:large, max-video-preview:-1\" \/>\n<link rel=\"canonical\" href=\"https:\/\/truusk.store\/sv\/produkt\/truusk-4-vanings-blomsterstall-hallbart-tra-enkel-montering-perfekt-for-inomhus-och-utomhus-brun\/\" \/>\n<meta property=\"og:locale\" content=\"sv_SE\" \/>\n<meta property=\"og:type\" content=\"article\" \/>\n<meta property=\"og:title\" content=\"TRUUSK 4-v\u00e5nings Blomsterst\u00e4ll - H\u00e5llbart Tr\u00e4 - Enkel Montering - Perfekt f\u00f6r Inomhus och Utomhus - Brun - TRUUSK - Hem, Tr\u00e4dg\u00e5rd &amp; Fritid\" \/>\n<meta property=\"og:description\" content=\"En praktisk plats att f\u00f6rvara och visa upp v\u00e4xter, blommor, samlarf\u00f6rem\u00e5l och mycket mer. Denna rustika blomhylla i h\u00f6rn ger...\" \/>\n<meta property=\"og:url\" content=\"https:\/\/truusk.store\/sv\/produkt\/truusk-4-vanings-blomsterstall-hallbart-tra-enkel-montering-perfekt-for-inomhus-och-utomhus-brun\/\" \/>\n<meta property=\"og:site_name\" content=\"TRUUSK - Hem, Tr\u00e4dg\u00e5rd &amp; Fritid\" \/>\n<meta property=\"article:modified_time\" content=\"2026-03-12T08:15:23+00:00\" \/>\n<meta property=\"og:image\" content=\"https:\/\/i0.wp.com\/truusk.se\/wp-content\/uploads\/2024\/02\/4-vanings-blomsterstall-40cm-x-40cm-x-81cm-brun.webp?fit=800%2C800&ssl=1\" \/>\n\t<meta property=\"og:image:width\" content=\"800\" \/>\n\t<meta property=\"og:image:height\" content=\"800\" \/>\n\t<meta property=\"og:image:type\" content=\"image\/webp\" \/>\n<meta name=\"twitter:card\" content=\"summary_large_image\" \/>\n<meta name=\"twitter:label1\" content=\"Ber\u00e4knad l\u00e4stid\" \/>\n\t<meta name=\"twitter:data1\" content=\"1 minut\" \/>\n<!-- \/ Yoast SEO plugin. -->","yoast_head_json":{"title":"TRUUSK 4-v\u00e5nings Blomsterst\u00e4ll - H\u00e5llbart Tr\u00e4 - Enkel Montering - Perfekt f\u00f6r Inomhus och Utomhus - Brun - TRUUSK - Hem, Tr\u00e4dg\u00e5rd &amp; Fritid","robots":{"index":"index","follow":"follow","max-snippet":"max-snippet:-1","max-image-preview":"max-image-preview:large","max-video-preview":"max-video-preview:-1"},"canonical":"https:\/\/truusk.store\/sv\/produkt\/truusk-4-vanings-blomsterstall-hallbart-tra-enkel-montering-perfekt-for-inomhus-och-utomhus-brun\/","og_locale":"sv_SE","og_type":"article","og_title":"TRUUSK 4-v\u00e5nings Blomsterst\u00e4ll - H\u00e5llbart Tr\u00e4 - Enkel Montering - Perfekt f\u00f6r Inomhus och Utomhus - Brun - TRUUSK - Hem, Tr\u00e4dg\u00e5rd &amp; Fritid","og_description":"En praktisk plats att f\u00f6rvara och visa upp v\u00e4xter, blommor, samlarf\u00f6rem\u00e5l och mycket mer. Denna rustika blomhylla i h\u00f6rn ger...","og_url":"https:\/\/truusk.store\/sv\/produkt\/truusk-4-vanings-blomsterstall-hallbart-tra-enkel-montering-perfekt-for-inomhus-och-utomhus-brun\/","og_site_name":"TRUUSK - Hem, Tr\u00e4dg\u00e5rd &amp; Fritid","article_modified_time":"2026-03-12T08:15:23+00:00","og_image":[{"width":800,"height":800,"url":"https:\/\/i0.wp.com\/truusk.se\/wp-content\/uploads\/2024\/02\/4-vanings-blomsterstall-40cm-x-40cm-x-81cm-brun.webp?fit=800%2C800&ssl=1","type":"image\/webp"}],"twitter_card":"summary_large_image","twitter_misc":{"Ber\u00e4knad l\u00e4stid":"1 minut"},"schema":{"@context":"https:\/\/schema.org","@graph":[{"@type":"WebPage","@id":"https:\/\/truusk.store\/sv\/produkt\/truusk-4-vanings-blomsterstall-hallbart-tra-enkel-montering-perfekt-for-inomhus-och-utomhus-brun\/","url":"https:\/\/truusk.store\/sv\/produkt\/truusk-4-vanings-blomsterstall-hallbart-tra-enkel-montering-perfekt-for-inomhus-och-utomhus-brun\/","name":"TRUUSK 4-v\u00e5nings Blomsterst\u00e4ll - H\u00e5llbart Tr\u00e4 - Enkel Montering - Perfekt f\u00f6r Inomhus och Utomhus - Brun - TRUUSK - Hem, Tr\u00e4dg\u00e5rd &amp; Fritid","isPartOf":{"@id":"https:\/\/truusk.store\/sv\/#website"},"primaryImageOfPage":{"@id":"https:\/\/truusk.store\/sv\/produkt\/truusk-4-vanings-blomsterstall-hallbart-tra-enkel-montering-perfekt-for-inomhus-och-utomhus-brun\/#primaryimage"},"image":{"@id":"https:\/\/truusk.store\/sv\/produkt\/truusk-4-vanings-blomsterstall-hallbart-tra-enkel-montering-perfekt-for-inomhus-och-utomhus-brun\/#primaryimage"},"thumbnailUrl":"https:\/\/i0.wp.com\/truusk.store\/wp-content\/uploads\/2024\/02\/4-vanings-blomsterstall-40cm-x-40cm-x-81cm-brun.webp?fit=800%2C800&ssl=1","datePublished":"2024-02-14T01:05:35+00:00","dateModified":"2026-03-12T08:15:23+00:00","breadcrumb":{"@id":"https:\/\/truusk.store\/sv\/produkt\/truusk-4-vanings-blomsterstall-hallbart-tra-enkel-montering-perfekt-for-inomhus-och-utomhus-brun\/#breadcrumb"},"inLanguage":"sv-SE","potentialAction":[{"@type":"ReadAction","target":["https:\/\/truusk.store\/sv\/produkt\/truusk-4-vanings-blomsterstall-hallbart-tra-enkel-montering-perfekt-for-inomhus-och-utomhus-brun\/"]}]},{"@type":"ImageObject","inLanguage":"sv-SE","@id":"https:\/\/truusk.store\/sv\/produkt\/truusk-4-vanings-blomsterstall-hallbart-tra-enkel-montering-perfekt-for-inomhus-och-utomhus-brun\/#primaryimage","url":"https:\/\/i0.wp.com\/truusk.store\/wp-content\/uploads\/2024\/02\/4-vanings-blomsterstall-40cm-x-40cm-x-81cm-brun.webp?fit=800%2C800&ssl=1","contentUrl":"https:\/\/i0.wp.com\/truusk.store\/wp-content\/uploads\/2024\/02\/4-vanings-blomsterstall-40cm-x-40cm-x-81cm-brun.webp?fit=800%2C800&ssl=1","width":800,"height":800,"caption":"4-v\u00e5nings Blomsterst\u00e4ll 40cm X 40cm X 81cm Brun 1"},{"@type":"BreadcrumbList","@id":"https:\/\/truusk.store\/sv\/produkt\/truusk-4-vanings-blomsterstall-hallbart-tra-enkel-montering-perfekt-for-inomhus-och-utomhus-brun\/#breadcrumb","itemListElement":[{"@type":"ListItem","position":1,"name":"Home","item":"https:\/\/truusk.store\/sv\/"},{"@type":"ListItem","position":2,"name":"Shop","item":"https:\/\/truusk.store\/shop\/"},{"@type":"ListItem","position":3,"name":"TRUUSK 4-v\u00e5nings Blomsterst\u00e4ll &#8211; H\u00e5llbart Tr\u00e4 &#8211; Enkel Montering &#8211; Perfekt f\u00f6r Inomhus och Utomhus &#8211; Brun"}]},{"@type":"WebSite","@id":"https:\/\/truusk.store\/sv\/#website","url":"https:\/\/truusk.store\/sv\/","name":"TRUUSK - Hem, Tr\u00e4dg\u00e5rd & Fritid","description":"","publisher":{"@id":"https:\/\/truusk.store\/sv\/#organization"},"potentialAction":[{"@type":"SearchAction","target":{"@type":"EntryPoint","urlTemplate":"https:\/\/truusk.store\/sv\/?s={search_term_string}"},"query-input":{"@type":"PropertyValueSpecification","valueRequired":true,"valueName":"search_term_string"}}],"inLanguage":"sv-SE"},{"@type":"Organization","@id":"https:\/\/truusk.store\/sv\/#organization","name":"TRUUSK - Hem, Tr\u00e4dg\u00e5rd & Fritid","url":"https:\/\/truusk.store\/sv\/","logo":{"@type":"ImageObject","inLanguage":"sv-SE","@id":"https:\/\/truusk.store\/sv\/#\/schema\/logo\/image\/","url":"https:\/\/i0.wp.com\/truusk.store\/wp-content\/uploads\/2026\/03\/cropped-TRUUSK.png?fit=2032%2C917&ssl=1","contentUrl":"https:\/\/i0.wp.com\/truusk.store\/wp-content\/uploads\/2026\/03\/cropped-TRUUSK.png?fit=2032%2C917&ssl=1","width":2032,"height":917,"caption":"TRUUSK - Hem, Tr\u00e4dg\u00e5rd & Fritid"},"image":{"@id":"https:\/\/truusk.store\/sv\/#\/schema\/logo\/image\/"}}]}},"jetpack_sharing_enabled":true,"_links":{"self":[{"href":"https:\/\/truusk.store\/sv\/wp-json\/wp\/v2\/product\/39427","targetHints":{"allow":["GET"]}}],"collection":[{"href":"https:\/\/truusk.store\/sv\/wp-json\/wp\/v2\/product"}],"about":[{"href":"https:\/\/truusk.store\/sv\/wp-json\/wp\/v2\/types\/product"}],"wp:featuredmedia":[{"embeddable":true,"href":"https:\/\/truusk.store\/sv\/wp-json\/wp\/v2\/media\/39428"}],"wp:attachment":[{"href":"https:\/\/truusk.store\/sv\/wp-json\/wp\/v2\/media?parent=39427"}],"wp:term":[{"taxonomy":"product_brand","embeddable":true,"href":"https:\/\/truusk.store\/sv\/wp-json\/wp\/v2\/product_brand?post=39427"},{"taxonomy":"product_cat","embeddable":true,"href":"https:\/\/truusk.store\/sv\/wp-json\/wp\/v2\/product_cat?post=39427"},{"taxonomy":"product_tag","embeddable":true,"href":"https:\/\/truusk.store\/sv\/wp-json\/wp\/v2\/product_tag?post=39427"}],"curies":[{"name":"wp","href":"https:\/\/api.w.org\/{rel}","templated":true}]}}