{"id":39469,"date":"2024-02-14T02:06:57","date_gmt":"2024-02-14T01:06:57","guid":{"rendered":"https:\/\/truusk.store\/product\/whiteboard-magnettavla-anteckningstavla-inklusive-tillbehor-4-pennor-1-svamp-10-magneter-vit-silver\/"},"modified":"2026-03-12T09:15:23","modified_gmt":"2026-03-12T08:15:23","slug":"truusk-whiteboard-magnetisk-anteckningstavla-inklusive-tillbehor-4-pennor-1-svamp-10-magneter-vit-silver","status":"publish","type":"product","link":"https:\/\/truusk.store\/sv\/produkt\/truusk-whiteboard-magnetisk-anteckningstavla-inklusive-tillbehor-4-pennor-1-svamp-10-magneter-vit-silver\/","title":{"rendered":"TRUUSK Whiteboard Magnetisk Anteckningstavla &#8211; Inklusive Tillbeh\u00f6r &#8211; 4 Pennor &#8211; 1 Svamp &#8211; 10 Magneter &#8211; Vit + Silver"},"content":{"rendered":"<p>Denna whiteboardtavla \u00e4r idealisk f\u00f6r anv\u00e4ndning hemma eller p\u00e5 kontoret. Den \u00e4r utrustad med plasth\u00f6rn f\u00f6r att f\u00f6rhindra skador. Med det medf\u00f6ljande radergummit kan du torka av br\u00e4dan bekv\u00e4mt och rent. Fyra mark\u00f6rer ing\u00e5r; Med varje penna kan du skriva upp till 1000 ord. Prova v\u00e5r whiteboard och effektivisera ditt arbete!<\/p>\n<h3>Beskrivning:<\/h3>\n<ul>\n<li>Idealisk storlek f\u00f6r hemmet, skolan eller kontoret<\/li>\n<li>Den sl\u00e4ta ytan \u00e4r l\u00e4tt att skriva p\u00e5 och sudda ut och motst\u00e5r fl\u00e4ckar, repor och bucklor<\/li>\n<li>Praktisk v\u00e4ggmontering f\u00f6r effektiv anv\u00e4ndning av utrymmet<\/li>\n<li>Ram av aluminiumlegering, robust f\u00f6r dagligt bruk<\/li>\n<li>Fyra plasth\u00f6rn skyddar br\u00e4dan under anv\u00e4ndning<\/li>\n<li>Tillbeh\u00f6r: 1 x suddgummi, 4 x mark\u00f6rer (1 x r\u00f6d mark\u00f6r, 3 x svart mark\u00f6r), 10 x magnet<\/li>\n<li>Ingen montering kr\u00e4vs<\/li>\n<\/ul>\n<h3>Teknisk data:<\/h3>\n<ul>\n<li>F\u00e4rg vit<\/li>\n<li>Material: Galvaniserad pl\u00e5t, aluminiumram<\/li>\n<li>\u00d6vergripande m\u00e5tt: 90L x 1,8W x 60H cm<\/li>\n<li>Kantl\u00e4ngd: 1,8 cm<\/li>\n<\/ul>\n<h3>Leveransens omfattning:<\/h3>\n<ul>\n<li>1 x Whiteboard<\/li>\n<li>1 x Instruktioner<\/li>\n<\/ul>\n","protected":false},"excerpt":{"rendered":"<p>Denna whiteboardtavla \u00e4r idealisk f\u00f6r anv\u00e4ndning hemma eller p\u00e5 kontoret. Den \u00e4r utrustad med plasth\u00f6rn f\u00f6r att f\u00f6rhindra skador. Med&#8230;<\/p>\n","protected":false},"featured_media":39470,"template":"","meta":[],"product_brand":[],"product_cat":[485,497],"product_tag":[],"class_list":{"0":"post-39469","1":"product","2":"type-product","3":"status-publish","4":"has-post-thumbnail","6":"product_cat-hus-bo","7":"product_cat-kontorsmaterial","9":"first","10":"instock","11":"sale","12":"taxable","13":"shipping-taxable","14":"purchasable","15":"product-type-simple"},"yoast_head":"<!-- This site is optimized with the Yoast SEO plugin v25.4 - https:\/\/yoast.com\/wordpress\/plugins\/seo\/ -->\n<title>TRUUSK Whiteboard Magnetisk Anteckningstavla - Inklusive Tillbeh\u00f6r - 4 Pennor - 1 Svamp - 10 Magneter - Vit + Silver - TRUUSK - Hem, Tr\u00e4dg\u00e5rd &amp; Fritid<\/title>\n<meta name=\"robots\" content=\"index, follow, max-snippet:-1, max-image-preview:large, max-video-preview:-1\" \/>\n<link rel=\"canonical\" href=\"https:\/\/truusk.store\/sv\/produkt\/truusk-whiteboard-magnetisk-anteckningstavla-inklusive-tillbehor-4-pennor-1-svamp-10-magneter-vit-silver\/\" \/>\n<meta property=\"og:locale\" content=\"sv_SE\" \/>\n<meta property=\"og:type\" content=\"article\" \/>\n<meta property=\"og:title\" content=\"TRUUSK Whiteboard Magnetisk Anteckningstavla - Inklusive Tillbeh\u00f6r - 4 Pennor - 1 Svamp - 10 Magneter - Vit + Silver - TRUUSK - Hem, Tr\u00e4dg\u00e5rd &amp; Fritid\" \/>\n<meta property=\"og:description\" content=\"Denna whiteboardtavla \u00e4r idealisk f\u00f6r anv\u00e4ndning hemma eller p\u00e5 kontoret. Den \u00e4r utrustad med plasth\u00f6rn f\u00f6r att f\u00f6rhindra skador. Med...\" \/>\n<meta property=\"og:url\" content=\"https:\/\/truusk.store\/sv\/produkt\/truusk-whiteboard-magnetisk-anteckningstavla-inklusive-tillbehor-4-pennor-1-svamp-10-magneter-vit-silver\/\" \/>\n<meta property=\"og:site_name\" content=\"TRUUSK - Hem, Tr\u00e4dg\u00e5rd &amp; Fritid\" \/>\n<meta property=\"article:modified_time\" content=\"2026-03-12T08:15:23+00:00\" \/>\n<meta property=\"og:image\" content=\"https:\/\/i0.wp.com\/truusk.se\/wp-content\/uploads\/2024\/02\/whiteboard-magnettavla-anteckningstavla-inklusive-tillbehor-4-pennor-1-svamp-10-magneter-vit-silver.webp?fit=800%2C800&ssl=1\" \/>\n\t<meta property=\"og:image:width\" content=\"800\" \/>\n\t<meta property=\"og:image:height\" content=\"800\" \/>\n\t<meta property=\"og:image:type\" content=\"image\/webp\" \/>\n<meta name=\"twitter:card\" content=\"summary_large_image\" \/>\n<meta name=\"twitter:label1\" content=\"Ber\u00e4knad l\u00e4stid\" \/>\n\t<meta name=\"twitter:data1\" content=\"1 minut\" \/>\n<!-- \/ Yoast SEO plugin. -->","yoast_head_json":{"title":"TRUUSK Whiteboard Magnetisk Anteckningstavla - Inklusive Tillbeh\u00f6r - 4 Pennor - 1 Svamp - 10 Magneter - Vit + Silver - TRUUSK - Hem, Tr\u00e4dg\u00e5rd &amp; Fritid","robots":{"index":"index","follow":"follow","max-snippet":"max-snippet:-1","max-image-preview":"max-image-preview:large","max-video-preview":"max-video-preview:-1"},"canonical":"https:\/\/truusk.store\/sv\/produkt\/truusk-whiteboard-magnetisk-anteckningstavla-inklusive-tillbehor-4-pennor-1-svamp-10-magneter-vit-silver\/","og_locale":"sv_SE","og_type":"article","og_title":"TRUUSK Whiteboard Magnetisk Anteckningstavla - Inklusive Tillbeh\u00f6r - 4 Pennor - 1 Svamp - 10 Magneter - Vit + Silver - TRUUSK - Hem, Tr\u00e4dg\u00e5rd &amp; Fritid","og_description":"Denna whiteboardtavla \u00e4r idealisk f\u00f6r anv\u00e4ndning hemma eller p\u00e5 kontoret. Den \u00e4r utrustad med plasth\u00f6rn f\u00f6r att f\u00f6rhindra skador. Med...","og_url":"https:\/\/truusk.store\/sv\/produkt\/truusk-whiteboard-magnetisk-anteckningstavla-inklusive-tillbehor-4-pennor-1-svamp-10-magneter-vit-silver\/","og_site_name":"TRUUSK - Hem, Tr\u00e4dg\u00e5rd &amp; Fritid","article_modified_time":"2026-03-12T08:15:23+00:00","og_image":[{"width":800,"height":800,"url":"https:\/\/i0.wp.com\/truusk.se\/wp-content\/uploads\/2024\/02\/whiteboard-magnettavla-anteckningstavla-inklusive-tillbehor-4-pennor-1-svamp-10-magneter-vit-silver.webp?fit=800%2C800&ssl=1","type":"image\/webp"}],"twitter_card":"summary_large_image","twitter_misc":{"Ber\u00e4knad l\u00e4stid":"1 minut"},"schema":{"@context":"https:\/\/schema.org","@graph":[{"@type":"WebPage","@id":"https:\/\/truusk.store\/sv\/produkt\/truusk-whiteboard-magnetisk-anteckningstavla-inklusive-tillbehor-4-pennor-1-svamp-10-magneter-vit-silver\/","url":"https:\/\/truusk.store\/sv\/produkt\/truusk-whiteboard-magnetisk-anteckningstavla-inklusive-tillbehor-4-pennor-1-svamp-10-magneter-vit-silver\/","name":"TRUUSK Whiteboard Magnetisk Anteckningstavla - Inklusive Tillbeh\u00f6r - 4 Pennor - 1 Svamp - 10 Magneter - Vit + Silver - TRUUSK - Hem, Tr\u00e4dg\u00e5rd &amp; Fritid","isPartOf":{"@id":"https:\/\/truusk.store\/sv\/#website"},"primaryImageOfPage":{"@id":"https:\/\/truusk.store\/sv\/produkt\/truusk-whiteboard-magnetisk-anteckningstavla-inklusive-tillbehor-4-pennor-1-svamp-10-magneter-vit-silver\/#primaryimage"},"image":{"@id":"https:\/\/truusk.store\/sv\/produkt\/truusk-whiteboard-magnetisk-anteckningstavla-inklusive-tillbehor-4-pennor-1-svamp-10-magneter-vit-silver\/#primaryimage"},"thumbnailUrl":"https:\/\/i0.wp.com\/truusk.store\/wp-content\/uploads\/2024\/02\/whiteboard-magnettavla-anteckningstavla-inklusive-tillbehor-4-pennor-1-svamp-10-magneter-vit-silver.webp?fit=800%2C800&ssl=1","datePublished":"2024-02-14T01:06:57+00:00","dateModified":"2026-03-12T08:15:23+00:00","breadcrumb":{"@id":"https:\/\/truusk.store\/sv\/produkt\/truusk-whiteboard-magnetisk-anteckningstavla-inklusive-tillbehor-4-pennor-1-svamp-10-magneter-vit-silver\/#breadcrumb"},"inLanguage":"sv-SE","potentialAction":[{"@type":"ReadAction","target":["https:\/\/truusk.store\/sv\/produkt\/truusk-whiteboard-magnetisk-anteckningstavla-inklusive-tillbehor-4-pennor-1-svamp-10-magneter-vit-silver\/"]}]},{"@type":"ImageObject","inLanguage":"sv-SE","@id":"https:\/\/truusk.store\/sv\/produkt\/truusk-whiteboard-magnetisk-anteckningstavla-inklusive-tillbehor-4-pennor-1-svamp-10-magneter-vit-silver\/#primaryimage","url":"https:\/\/i0.wp.com\/truusk.store\/wp-content\/uploads\/2024\/02\/whiteboard-magnettavla-anteckningstavla-inklusive-tillbehor-4-pennor-1-svamp-10-magneter-vit-silver.webp?fit=800%2C800&ssl=1","contentUrl":"https:\/\/i0.wp.com\/truusk.store\/wp-content\/uploads\/2024\/02\/whiteboard-magnettavla-anteckningstavla-inklusive-tillbehor-4-pennor-1-svamp-10-magneter-vit-silver.webp?fit=800%2C800&ssl=1","width":800,"height":800,"caption":"Whiteboard, Magnettavla, Anteckningstavla, Inklusive Tillbeh\u00f6r, 4 Pennor, 1 Svamp, 10 Magneter, Vit + Silver 1"},{"@type":"BreadcrumbList","@id":"https:\/\/truusk.store\/sv\/produkt\/truusk-whiteboard-magnetisk-anteckningstavla-inklusive-tillbehor-4-pennor-1-svamp-10-magneter-vit-silver\/#breadcrumb","itemListElement":[{"@type":"ListItem","position":1,"name":"Home","item":"https:\/\/truusk.store\/sv\/"},{"@type":"ListItem","position":2,"name":"Shop","item":"https:\/\/truusk.store\/shop\/"},{"@type":"ListItem","position":3,"name":"TRUUSK Whiteboard Magnetisk Anteckningstavla &#8211; Inklusive Tillbeh\u00f6r &#8211; 4 Pennor &#8211; 1 Svamp &#8211; 10 Magneter &#8211; Vit + Silver"}]},{"@type":"WebSite","@id":"https:\/\/truusk.store\/sv\/#website","url":"https:\/\/truusk.store\/sv\/","name":"TRUUSK - Hem, Tr\u00e4dg\u00e5rd & Fritid","description":"","publisher":{"@id":"https:\/\/truusk.store\/sv\/#organization"},"potentialAction":[{"@type":"SearchAction","target":{"@type":"EntryPoint","urlTemplate":"https:\/\/truusk.store\/sv\/?s={search_term_string}"},"query-input":{"@type":"PropertyValueSpecification","valueRequired":true,"valueName":"search_term_string"}}],"inLanguage":"sv-SE"},{"@type":"Organization","@id":"https:\/\/truusk.store\/sv\/#organization","name":"TRUUSK - Hem, Tr\u00e4dg\u00e5rd & Fritid","url":"https:\/\/truusk.store\/sv\/","logo":{"@type":"ImageObject","inLanguage":"sv-SE","@id":"https:\/\/truusk.store\/sv\/#\/schema\/logo\/image\/","url":"https:\/\/i0.wp.com\/truusk.store\/wp-content\/uploads\/2026\/03\/cropped-TRUUSK.png?fit=2032%2C917&ssl=1","contentUrl":"https:\/\/i0.wp.com\/truusk.store\/wp-content\/uploads\/2026\/03\/cropped-TRUUSK.png?fit=2032%2C917&ssl=1","width":2032,"height":917,"caption":"TRUUSK - Hem, Tr\u00e4dg\u00e5rd & Fritid"},"image":{"@id":"https:\/\/truusk.store\/sv\/#\/schema\/logo\/image\/"}}]}},"jetpack_sharing_enabled":true,"_links":{"self":[{"href":"https:\/\/truusk.store\/sv\/wp-json\/wp\/v2\/product\/39469","targetHints":{"allow":["GET"]}}],"collection":[{"href":"https:\/\/truusk.store\/sv\/wp-json\/wp\/v2\/product"}],"about":[{"href":"https:\/\/truusk.store\/sv\/wp-json\/wp\/v2\/types\/product"}],"wp:featuredmedia":[{"embeddable":true,"href":"https:\/\/truusk.store\/sv\/wp-json\/wp\/v2\/media\/39470"}],"wp:attachment":[{"href":"https:\/\/truusk.store\/sv\/wp-json\/wp\/v2\/media?parent=39469"}],"wp:term":[{"taxonomy":"product_brand","embeddable":true,"href":"https:\/\/truusk.store\/sv\/wp-json\/wp\/v2\/product_brand?post=39469"},{"taxonomy":"product_cat","embeddable":true,"href":"https:\/\/truusk.store\/sv\/wp-json\/wp\/v2\/product_cat?post=39469"},{"taxonomy":"product_tag","embeddable":true,"href":"https:\/\/truusk.store\/sv\/wp-json\/wp\/v2\/product_tag?post=39469"}],"curies":[{"name":"wp","href":"https:\/\/api.w.org\/{rel}","templated":true}]}}