{"id":39480,"date":"2024-02-14T02:07:20","date_gmt":"2024-02-14T01:07:20","guid":{"rendered":"https:\/\/truusk.store\/product\/diskavlopp-justerbar-langd-51-93-cm-manga-element-flexibelt-arrangemang-93-x-30-x-52-cm-svart\/"},"modified":"2026-03-12T09:15:23","modified_gmt":"2026-03-12T08:15:23","slug":"truusk-diskavlopp-justerbar-langd-51-93-cm-flexibelt-arrangemang-svart","status":"publish","type":"product","link":"https:\/\/truusk.store\/sv\/produkt\/truusk-diskavlopp-justerbar-langd-51-93-cm-flexibelt-arrangemang-svart\/","title":{"rendered":"TRUUSK Diskavlopp &#8211; Justerbar L\u00e4ngd 51-93 Cm &#8211; Flexibelt Arrangemang &#8211; Svart"},"content":{"rendered":"<p>I k\u00f6ket \u00e4r arbetsytans utrymme viktigt. Du beh\u00f6ver n\u00e5gra smarta och effektiva knep f\u00f6r att f\u00e5 ut det mesta av varje tum av utrymmet i ditt k\u00f6k. Diskavloppet placerat \u00f6ver diskb\u00e4nken kan vara ett praktiskt s\u00e4tt att f\u00e5 extra utrymme. Det liknar traditionella diskavlopp, men h\u00e4nger \u00f6ver diskb\u00e4nken och skapar mer utrymme p\u00e5 b\u00e4nkskivan samtidigt som den h\u00e5ller den torr.<\/p>\n<h3>Beskrivning:<\/h3>\n<ul>\n<li>Inkluderar ett sk\u00e5lst\u00e4ll, en fruktkorg, ett diskst\u00e4ll, en bestickh\u00e5llare, en diskmedelsh\u00e5llare, ett sk\u00e4rbr\u00e4dest\u00e4ll, 5 krokar och en sk\u00e4rbr\u00e4deh\u00e5llare<\/li>\n<li>Justerbar l\u00e4ngd fr\u00e5n 51 till 93 cm, passar olika diskb\u00e4nksstorlekar<\/li>\n<li>Komponenterna \u00e4r utbytbara f\u00f6r att m\u00f6ta olika behov<\/li>\n<li>En f\u00e4st, halkfri sugkopp p\u00e5 basen ger extra stabilitet<\/li>\n<li>Tillverkad av rostfritt och rept\u00e5ligt st\u00e5l som t\u00e5l upp till 23 kg<\/li>\n<li>Enkel montering kr\u00e4vs<\/li>\n<\/ul>\n<h3>Teknisk data:<\/h3>\n<ul>\n<li>Svart f\u00e4rg<\/li>\n<li>Material: st\u00e5l<\/li>\n<li>\u00d6vergripande m\u00e5tt: 93L x 30W x 52H cm<\/li>\n<li>Sk\u00e5lhyllans m\u00e5tt: 30L x 29W x 5,5H cm<\/li>\n<li>Fruktkorgsm\u00e5tt: 29L x 21W x 5,5H cm<\/li>\n<li>Diskst\u00e4llsm\u00e5tt: 30L x 29W x 8H cm<\/li>\n<li>Sidobestickh\u00e5llarens m\u00e5tt: 7,5L x 5W x 12,5H cm<\/li>\n<li>Diskmaskinh\u00e5llarens m\u00e5tt: 26,5L x 13,5W x 9H cm<\/li>\n<li>Bestickh\u00e5llarens m\u00e5tt: 20L x 5,8W x 20H cm<\/li>\n<li>M\u00e5tt sk\u00e4rbr\u00e4deh\u00e5llare: 20L x 7,8W x 12H cm<\/li>\n<li>Lastkapacitet: 23 kg (totalt), 3 kg (korg), 2 kg (bestickh\u00e5llare p\u00e5 sidan), 3 kg (bestickh\u00e5llare), 5 kg (sk\u00e4rbr\u00e4deh\u00e5llare), 0,2 kg (krok)<\/li>\n<\/ul>\n<h3>Leveransens omfattning:<\/h3>\n<ul>\n<li>1 x Diskavlopp<\/li>\n<li>1 x Instruktioner<\/li>\n<\/ul>\n","protected":false},"excerpt":{"rendered":"<p>I k\u00f6ket \u00e4r arbetsytans utrymme viktigt. Du beh\u00f6ver n\u00e5gra smarta och effektiva knep f\u00f6r att f\u00e5 ut det mesta av&#8230;<\/p>\n","protected":false},"featured_media":39481,"template":"","meta":[],"product_brand":[],"product_cat":[485],"product_tag":[],"class_list":{"0":"post-39480","1":"product","2":"type-product","3":"status-publish","4":"has-post-thumbnail","6":"product_cat-hus-bo","8":"first","9":"instock","10":"sale","11":"taxable","12":"shipping-taxable","13":"purchasable","14":"product-type-simple"},"yoast_head":"<!-- This site is optimized with the Yoast SEO plugin v25.4 - https:\/\/yoast.com\/wordpress\/plugins\/seo\/ -->\n<title>TRUUSK Diskavlopp - Justerbar L\u00e4ngd 51-93 Cm - Flexibelt Arrangemang - Svart - TRUUSK - Hem, Tr\u00e4dg\u00e5rd &amp; Fritid<\/title>\n<meta name=\"robots\" content=\"index, follow, max-snippet:-1, max-image-preview:large, max-video-preview:-1\" \/>\n<link rel=\"canonical\" href=\"https:\/\/truusk.store\/sv\/produkt\/truusk-diskavlopp-justerbar-langd-51-93-cm-flexibelt-arrangemang-svart\/\" \/>\n<meta property=\"og:locale\" content=\"sv_SE\" \/>\n<meta property=\"og:type\" content=\"article\" \/>\n<meta property=\"og:title\" content=\"TRUUSK Diskavlopp - Justerbar L\u00e4ngd 51-93 Cm - Flexibelt Arrangemang - Svart - TRUUSK - Hem, Tr\u00e4dg\u00e5rd &amp; Fritid\" \/>\n<meta property=\"og:description\" content=\"I k\u00f6ket \u00e4r arbetsytans utrymme viktigt. Du beh\u00f6ver n\u00e5gra smarta och effektiva knep f\u00f6r att f\u00e5 ut det mesta av...\" \/>\n<meta property=\"og:url\" content=\"https:\/\/truusk.store\/sv\/produkt\/truusk-diskavlopp-justerbar-langd-51-93-cm-flexibelt-arrangemang-svart\/\" \/>\n<meta property=\"og:site_name\" content=\"TRUUSK - Hem, Tr\u00e4dg\u00e5rd &amp; Fritid\" \/>\n<meta property=\"article:modified_time\" content=\"2026-03-12T08:15:23+00:00\" \/>\n<meta property=\"og:image\" content=\"https:\/\/i0.wp.com\/truusk.se\/wp-content\/uploads\/2024\/02\/diskavlopp-justerbar-langd-51-93-cm-manga-element-flexibelt-arrangemang-93-x-30-x-52-cm-svart.webp?fit=800%2C800&ssl=1\" \/>\n\t<meta property=\"og:image:width\" content=\"800\" \/>\n\t<meta property=\"og:image:height\" content=\"800\" \/>\n\t<meta property=\"og:image:type\" content=\"image\/webp\" \/>\n<meta name=\"twitter:card\" content=\"summary_large_image\" \/>\n<meta name=\"twitter:label1\" content=\"Ber\u00e4knad l\u00e4stid\" \/>\n\t<meta name=\"twitter:data1\" content=\"1 minut\" \/>\n<!-- \/ Yoast SEO plugin. -->","yoast_head_json":{"title":"TRUUSK Diskavlopp - Justerbar L\u00e4ngd 51-93 Cm - Flexibelt Arrangemang - Svart - TRUUSK - Hem, Tr\u00e4dg\u00e5rd &amp; Fritid","robots":{"index":"index","follow":"follow","max-snippet":"max-snippet:-1","max-image-preview":"max-image-preview:large","max-video-preview":"max-video-preview:-1"},"canonical":"https:\/\/truusk.store\/sv\/produkt\/truusk-diskavlopp-justerbar-langd-51-93-cm-flexibelt-arrangemang-svart\/","og_locale":"sv_SE","og_type":"article","og_title":"TRUUSK Diskavlopp - Justerbar L\u00e4ngd 51-93 Cm - Flexibelt Arrangemang - Svart - TRUUSK - Hem, Tr\u00e4dg\u00e5rd &amp; Fritid","og_description":"I k\u00f6ket \u00e4r arbetsytans utrymme viktigt. Du beh\u00f6ver n\u00e5gra smarta och effektiva knep f\u00f6r att f\u00e5 ut det mesta av...","og_url":"https:\/\/truusk.store\/sv\/produkt\/truusk-diskavlopp-justerbar-langd-51-93-cm-flexibelt-arrangemang-svart\/","og_site_name":"TRUUSK - Hem, Tr\u00e4dg\u00e5rd &amp; Fritid","article_modified_time":"2026-03-12T08:15:23+00:00","og_image":[{"width":800,"height":800,"url":"https:\/\/i0.wp.com\/truusk.se\/wp-content\/uploads\/2024\/02\/diskavlopp-justerbar-langd-51-93-cm-manga-element-flexibelt-arrangemang-93-x-30-x-52-cm-svart.webp?fit=800%2C800&ssl=1","type":"image\/webp"}],"twitter_card":"summary_large_image","twitter_misc":{"Ber\u00e4knad l\u00e4stid":"1 minut"},"schema":{"@context":"https:\/\/schema.org","@graph":[{"@type":"WebPage","@id":"https:\/\/truusk.store\/sv\/produkt\/truusk-diskavlopp-justerbar-langd-51-93-cm-flexibelt-arrangemang-svart\/","url":"https:\/\/truusk.store\/sv\/produkt\/truusk-diskavlopp-justerbar-langd-51-93-cm-flexibelt-arrangemang-svart\/","name":"TRUUSK Diskavlopp - Justerbar L\u00e4ngd 51-93 Cm - Flexibelt Arrangemang - Svart - TRUUSK - Hem, Tr\u00e4dg\u00e5rd &amp; Fritid","isPartOf":{"@id":"https:\/\/truusk.store\/sv\/#website"},"primaryImageOfPage":{"@id":"https:\/\/truusk.store\/sv\/produkt\/truusk-diskavlopp-justerbar-langd-51-93-cm-flexibelt-arrangemang-svart\/#primaryimage"},"image":{"@id":"https:\/\/truusk.store\/sv\/produkt\/truusk-diskavlopp-justerbar-langd-51-93-cm-flexibelt-arrangemang-svart\/#primaryimage"},"thumbnailUrl":"https:\/\/i0.wp.com\/truusk.store\/wp-content\/uploads\/2024\/02\/diskavlopp-justerbar-langd-51-93-cm-manga-element-flexibelt-arrangemang-93-x-30-x-52-cm-svart.webp?fit=800%2C800&ssl=1","datePublished":"2024-02-14T01:07:20+00:00","dateModified":"2026-03-12T08:15:23+00:00","breadcrumb":{"@id":"https:\/\/truusk.store\/sv\/produkt\/truusk-diskavlopp-justerbar-langd-51-93-cm-flexibelt-arrangemang-svart\/#breadcrumb"},"inLanguage":"sv-SE","potentialAction":[{"@type":"ReadAction","target":["https:\/\/truusk.store\/sv\/produkt\/truusk-diskavlopp-justerbar-langd-51-93-cm-flexibelt-arrangemang-svart\/"]}]},{"@type":"ImageObject","inLanguage":"sv-SE","@id":"https:\/\/truusk.store\/sv\/produkt\/truusk-diskavlopp-justerbar-langd-51-93-cm-flexibelt-arrangemang-svart\/#primaryimage","url":"https:\/\/i0.wp.com\/truusk.store\/wp-content\/uploads\/2024\/02\/diskavlopp-justerbar-langd-51-93-cm-manga-element-flexibelt-arrangemang-93-x-30-x-52-cm-svart.webp?fit=800%2C800&ssl=1","contentUrl":"https:\/\/i0.wp.com\/truusk.store\/wp-content\/uploads\/2024\/02\/diskavlopp-justerbar-langd-51-93-cm-manga-element-flexibelt-arrangemang-93-x-30-x-52-cm-svart.webp?fit=800%2C800&ssl=1","width":800,"height":800,"caption":"Diskavlopp, Justerbar L\u00e4ngd 51-93 Cm, M\u00e5nga Element, Flexibelt Arrangemang, 93 X 30 X 52 Cm, Svart 1"},{"@type":"BreadcrumbList","@id":"https:\/\/truusk.store\/sv\/produkt\/truusk-diskavlopp-justerbar-langd-51-93-cm-flexibelt-arrangemang-svart\/#breadcrumb","itemListElement":[{"@type":"ListItem","position":1,"name":"Home","item":"https:\/\/truusk.store\/sv\/"},{"@type":"ListItem","position":2,"name":"Shop","item":"https:\/\/truusk.store\/shop\/"},{"@type":"ListItem","position":3,"name":"TRUUSK Diskavlopp &#8211; Justerbar L\u00e4ngd 51-93 Cm &#8211; Flexibelt Arrangemang &#8211; Svart"}]},{"@type":"WebSite","@id":"https:\/\/truusk.store\/sv\/#website","url":"https:\/\/truusk.store\/sv\/","name":"TRUUSK - Hem, Tr\u00e4dg\u00e5rd & Fritid","description":"","publisher":{"@id":"https:\/\/truusk.store\/sv\/#organization"},"potentialAction":[{"@type":"SearchAction","target":{"@type":"EntryPoint","urlTemplate":"https:\/\/truusk.store\/sv\/?s={search_term_string}"},"query-input":{"@type":"PropertyValueSpecification","valueRequired":true,"valueName":"search_term_string"}}],"inLanguage":"sv-SE"},{"@type":"Organization","@id":"https:\/\/truusk.store\/sv\/#organization","name":"TRUUSK - Hem, Tr\u00e4dg\u00e5rd & Fritid","url":"https:\/\/truusk.store\/sv\/","logo":{"@type":"ImageObject","inLanguage":"sv-SE","@id":"https:\/\/truusk.store\/sv\/#\/schema\/logo\/image\/","url":"https:\/\/i0.wp.com\/truusk.store\/wp-content\/uploads\/2026\/03\/cropped-TRUUSK.png?fit=2032%2C917&ssl=1","contentUrl":"https:\/\/i0.wp.com\/truusk.store\/wp-content\/uploads\/2026\/03\/cropped-TRUUSK.png?fit=2032%2C917&ssl=1","width":2032,"height":917,"caption":"TRUUSK - Hem, Tr\u00e4dg\u00e5rd & Fritid"},"image":{"@id":"https:\/\/truusk.store\/sv\/#\/schema\/logo\/image\/"}}]}},"jetpack_sharing_enabled":true,"_links":{"self":[{"href":"https:\/\/truusk.store\/sv\/wp-json\/wp\/v2\/product\/39480","targetHints":{"allow":["GET"]}}],"collection":[{"href":"https:\/\/truusk.store\/sv\/wp-json\/wp\/v2\/product"}],"about":[{"href":"https:\/\/truusk.store\/sv\/wp-json\/wp\/v2\/types\/product"}],"wp:featuredmedia":[{"embeddable":true,"href":"https:\/\/truusk.store\/sv\/wp-json\/wp\/v2\/media\/39481"}],"wp:attachment":[{"href":"https:\/\/truusk.store\/sv\/wp-json\/wp\/v2\/media?parent=39480"}],"wp:term":[{"taxonomy":"product_brand","embeddable":true,"href":"https:\/\/truusk.store\/sv\/wp-json\/wp\/v2\/product_brand?post=39480"},{"taxonomy":"product_cat","embeddable":true,"href":"https:\/\/truusk.store\/sv\/wp-json\/wp\/v2\/product_cat?post=39480"},{"taxonomy":"product_tag","embeddable":true,"href":"https:\/\/truusk.store\/sv\/wp-json\/wp\/v2\/product_tag?post=39480"}],"curies":[{"name":"wp","href":"https:\/\/api.w.org\/{rel}","templated":true}]}}