{"id":39556,"date":"2024-02-14T02:10:15","date_gmt":"2024-02-14T01:10:15","guid":{"rendered":"https:\/\/truusk.store\/product\/avslappningsstol-med-ottoman-vilstol-360-vridbar-justerbart-ryggstod-svart-brun\/"},"modified":"2026-03-12T09:15:24","modified_gmt":"2026-03-12T08:15:24","slug":"truusk-avslappningsstol-med-ottoman-360-vridbar-justerbart-ryggstod-svart-brun","status":"publish","type":"product","link":"https:\/\/truusk.store\/sv\/produkt\/truusk-avslappningsstol-med-ottoman-360-vridbar-justerbart-ryggstod-svart-brun\/","title":{"rendered":"TRUUSK Avslappningsstol med Ottoman &#8211; 360\u00b0 Vridbar &#8211; Justerbart Ryggst\u00f6d &#8211; Svart + Brun"},"content":{"rendered":"<p>Efter en hektisk dag kan du koppla av eller ta en tupplur p\u00e5 detta set med f\u00e5t\u00f6ljer och pall. Solstolen och pallen \u00e4r utrustade med tjock vaddering f\u00f6r att ge dig en bekv\u00e4m sittupplevelse. Den maximala lutningsvinkeln p\u00e5 135 ger m\u00e5nga m\u00f6jligheter att inta en sittst\u00e4llning. Denna upps\u00e4ttning har en 360 vridbar sits som g\u00f6r sittningen \u00e4nnu bekv\u00e4mare.<\/p>\n<h3>Beskrivning:<\/h3>\n<ul>\n<li>Modern f\u00e5t\u00f6lj med ottoman<\/li>\n<li>det \u00f6vre materialet \u00e4r tillverkat av syntetiskt l\u00e4der<\/li>\n<li>Mjuk stoppning f\u00f6r h\u00f6g sittkomfort<\/li>\n<li>H\u00f6j pallen till f\u00f6tterna<\/li>\n<li>Ergonomiska egenskaper: brett 360-sv\u00e4ngbart s\u00e4te, h\u00f6gt ryggst\u00f6d och vadderade armst\u00f6d<\/li>\n<li>L\u00e5sbar l\u00e4gesjusteringsvred f\u00f6r individuell liggst\u00e4llning fr\u00e5n 100-135<\/li>\n<li>Ryggst\u00f6det kan justeras med max 135 grader<\/li>\n<li>En bas i massivt tr\u00e4 och en st\u00e5lram h\u00e5ller stolen stabil<\/li>\n<li>L\u00e4mplig f\u00f6r vardagsrum, arbetsrum och sovrum<\/li>\n<li>Montering kr\u00e4vs<\/li>\n<\/ul>\n<h3>Teknisk data:<\/h3>\n<ul>\n<li>F\u00e4rg: Svart, Brun<\/li>\n<li>Material: konstl\u00e4der, svamp, st\u00e5l, eukalyptustr\u00e4<\/li>\n<li>Solstolens m\u00e5tt: 94L x 98W x 104H cm<\/li>\n<li>Osmanska m\u00e5tt: 59L x 42W x 40H cm<\/li>\n<li>Maximal liggyta: 94L x 126W x 91H cm<\/li>\n<li>Sitsstorlek: 51L x 52W cm<\/li>\n<li>Sitth\u00f6jd: 51 cm<\/li>\n<li>Ryggst\u00f6dsstorlek: 70L x 66H cm<\/li>\n<li>Armst\u00f6dsstorlek: 66L x 23W cm<\/li>\n<li>Dynans djup: 16 cm<\/li>\n<li>Viktkapacitet: 150 kg (stol), 80 kg (fotpall)<\/li>\n<\/ul>\n<h3>Leveransens omfattning:<\/h3>\n<ul>\n<li>1 x f\u00e5t\u00f6lj &#8211; 1 x fotpall<\/li>\n<li>1 x bruksanvisning<\/li>\n<li>VIKTIGT: Vi levererar varan till trottoarkanten utan kostnad. Se till att du anger r\u00e4tt adress och telefonnummer.<\/li>\n<\/ul>\n","protected":false},"excerpt":{"rendered":"<p>Efter en hektisk dag kan du koppla av eller ta en tupplur p\u00e5 detta set med f\u00e5t\u00f6ljer och pall. Solstolen&#8230;<\/p>\n","protected":false},"featured_media":39557,"template":"","meta":[],"product_brand":[],"product_cat":[521,485,524],"product_tag":[],"class_list":{"0":"post-39556","1":"product","2":"type-product","3":"status-publish","4":"has-post-thumbnail","6":"product_cat-fatolj","7":"product_cat-hus-bo","8":"product_cat-relaxstol-med-pall","10":"first","11":"instock","12":"sale","13":"taxable","14":"shipping-taxable","15":"purchasable","16":"product-type-simple"},"yoast_head":"<!-- This site is optimized with the Yoast SEO plugin v25.4 - https:\/\/yoast.com\/wordpress\/plugins\/seo\/ -->\n<title>TRUUSK Avslappningsstol med Ottoman - 360\u00b0 Vridbar - Justerbart Ryggst\u00f6d - Svart + Brun - TRUUSK - Hem, Tr\u00e4dg\u00e5rd &amp; Fritid<\/title>\n<meta name=\"robots\" content=\"index, follow, max-snippet:-1, max-image-preview:large, max-video-preview:-1\" \/>\n<link rel=\"canonical\" href=\"https:\/\/truusk.store\/sv\/produkt\/truusk-avslappningsstol-med-ottoman-360-vridbar-justerbart-ryggstod-svart-brun\/\" \/>\n<meta property=\"og:locale\" content=\"sv_SE\" \/>\n<meta property=\"og:type\" content=\"article\" \/>\n<meta property=\"og:title\" content=\"TRUUSK Avslappningsstol med Ottoman - 360\u00b0 Vridbar - Justerbart Ryggst\u00f6d - Svart + Brun - TRUUSK - Hem, Tr\u00e4dg\u00e5rd &amp; Fritid\" \/>\n<meta property=\"og:description\" content=\"Efter en hektisk dag kan du koppla av eller ta en tupplur p\u00e5 detta set med f\u00e5t\u00f6ljer och pall. Solstolen...\" \/>\n<meta property=\"og:url\" content=\"https:\/\/truusk.store\/sv\/produkt\/truusk-avslappningsstol-med-ottoman-360-vridbar-justerbart-ryggstod-svart-brun\/\" \/>\n<meta property=\"og:site_name\" content=\"TRUUSK - Hem, Tr\u00e4dg\u00e5rd &amp; Fritid\" \/>\n<meta property=\"article:modified_time\" content=\"2026-03-12T08:15:24+00:00\" \/>\n<meta property=\"og:image\" content=\"https:\/\/i0.wp.com\/truusk.se\/wp-content\/uploads\/2024\/02\/avslappningsstol-med-ottoman-vilstol-360-vridbar-justerbart-ryggstod-svart-brun.webp?fit=800%2C800&ssl=1\" \/>\n\t<meta property=\"og:image:width\" content=\"800\" \/>\n\t<meta property=\"og:image:height\" content=\"800\" \/>\n\t<meta property=\"og:image:type\" content=\"image\/webp\" \/>\n<meta name=\"twitter:card\" content=\"summary_large_image\" \/>\n<meta name=\"twitter:label1\" content=\"Ber\u00e4knad l\u00e4stid\" \/>\n\t<meta name=\"twitter:data1\" content=\"1 minut\" \/>\n<!-- \/ Yoast SEO plugin. -->","yoast_head_json":{"title":"TRUUSK Avslappningsstol med Ottoman - 360\u00b0 Vridbar - Justerbart Ryggst\u00f6d - Svart + Brun - TRUUSK - Hem, Tr\u00e4dg\u00e5rd &amp; Fritid","robots":{"index":"index","follow":"follow","max-snippet":"max-snippet:-1","max-image-preview":"max-image-preview:large","max-video-preview":"max-video-preview:-1"},"canonical":"https:\/\/truusk.store\/sv\/produkt\/truusk-avslappningsstol-med-ottoman-360-vridbar-justerbart-ryggstod-svart-brun\/","og_locale":"sv_SE","og_type":"article","og_title":"TRUUSK Avslappningsstol med Ottoman - 360\u00b0 Vridbar - Justerbart Ryggst\u00f6d - Svart + Brun - TRUUSK - Hem, Tr\u00e4dg\u00e5rd &amp; Fritid","og_description":"Efter en hektisk dag kan du koppla av eller ta en tupplur p\u00e5 detta set med f\u00e5t\u00f6ljer och pall. Solstolen...","og_url":"https:\/\/truusk.store\/sv\/produkt\/truusk-avslappningsstol-med-ottoman-360-vridbar-justerbart-ryggstod-svart-brun\/","og_site_name":"TRUUSK - Hem, Tr\u00e4dg\u00e5rd &amp; Fritid","article_modified_time":"2026-03-12T08:15:24+00:00","og_image":[{"width":800,"height":800,"url":"https:\/\/i0.wp.com\/truusk.se\/wp-content\/uploads\/2024\/02\/avslappningsstol-med-ottoman-vilstol-360-vridbar-justerbart-ryggstod-svart-brun.webp?fit=800%2C800&ssl=1","type":"image\/webp"}],"twitter_card":"summary_large_image","twitter_misc":{"Ber\u00e4knad l\u00e4stid":"1 minut"},"schema":{"@context":"https:\/\/schema.org","@graph":[{"@type":"WebPage","@id":"https:\/\/truusk.store\/sv\/produkt\/truusk-avslappningsstol-med-ottoman-360-vridbar-justerbart-ryggstod-svart-brun\/","url":"https:\/\/truusk.store\/sv\/produkt\/truusk-avslappningsstol-med-ottoman-360-vridbar-justerbart-ryggstod-svart-brun\/","name":"TRUUSK Avslappningsstol med Ottoman - 360\u00b0 Vridbar - Justerbart Ryggst\u00f6d - Svart + Brun - TRUUSK - Hem, Tr\u00e4dg\u00e5rd &amp; Fritid","isPartOf":{"@id":"https:\/\/truusk.store\/sv\/#website"},"primaryImageOfPage":{"@id":"https:\/\/truusk.store\/sv\/produkt\/truusk-avslappningsstol-med-ottoman-360-vridbar-justerbart-ryggstod-svart-brun\/#primaryimage"},"image":{"@id":"https:\/\/truusk.store\/sv\/produkt\/truusk-avslappningsstol-med-ottoman-360-vridbar-justerbart-ryggstod-svart-brun\/#primaryimage"},"thumbnailUrl":"https:\/\/i0.wp.com\/truusk.store\/wp-content\/uploads\/2024\/02\/avslappningsstol-med-ottoman-vilstol-360-vridbar-justerbart-ryggstod-svart-brun.webp?fit=800%2C800&ssl=1","datePublished":"2024-02-14T01:10:15+00:00","dateModified":"2026-03-12T08:15:24+00:00","breadcrumb":{"@id":"https:\/\/truusk.store\/sv\/produkt\/truusk-avslappningsstol-med-ottoman-360-vridbar-justerbart-ryggstod-svart-brun\/#breadcrumb"},"inLanguage":"sv-SE","potentialAction":[{"@type":"ReadAction","target":["https:\/\/truusk.store\/sv\/produkt\/truusk-avslappningsstol-med-ottoman-360-vridbar-justerbart-ryggstod-svart-brun\/"]}]},{"@type":"ImageObject","inLanguage":"sv-SE","@id":"https:\/\/truusk.store\/sv\/produkt\/truusk-avslappningsstol-med-ottoman-360-vridbar-justerbart-ryggstod-svart-brun\/#primaryimage","url":"https:\/\/i0.wp.com\/truusk.store\/wp-content\/uploads\/2024\/02\/avslappningsstol-med-ottoman-vilstol-360-vridbar-justerbart-ryggstod-svart-brun.webp?fit=800%2C800&ssl=1","contentUrl":"https:\/\/i0.wp.com\/truusk.store\/wp-content\/uploads\/2024\/02\/avslappningsstol-med-ottoman-vilstol-360-vridbar-justerbart-ryggstod-svart-brun.webp?fit=800%2C800&ssl=1","width":800,"height":800,"caption":"Avslappningsstol Med Ottoman, Vilstol, 360 Vridbar, Justerbart Ryggst\u00f6d, Svart + Brun 1"},{"@type":"BreadcrumbList","@id":"https:\/\/truusk.store\/sv\/produkt\/truusk-avslappningsstol-med-ottoman-360-vridbar-justerbart-ryggstod-svart-brun\/#breadcrumb","itemListElement":[{"@type":"ListItem","position":1,"name":"Home","item":"https:\/\/truusk.store\/sv\/"},{"@type":"ListItem","position":2,"name":"Shop","item":"https:\/\/truusk.store\/shop\/"},{"@type":"ListItem","position":3,"name":"TRUUSK Avslappningsstol med Ottoman &#8211; 360\u00b0 Vridbar &#8211; Justerbart Ryggst\u00f6d &#8211; Svart + Brun"}]},{"@type":"WebSite","@id":"https:\/\/truusk.store\/sv\/#website","url":"https:\/\/truusk.store\/sv\/","name":"TRUUSK - Hem, Tr\u00e4dg\u00e5rd & Fritid","description":"","publisher":{"@id":"https:\/\/truusk.store\/sv\/#organization"},"potentialAction":[{"@type":"SearchAction","target":{"@type":"EntryPoint","urlTemplate":"https:\/\/truusk.store\/sv\/?s={search_term_string}"},"query-input":{"@type":"PropertyValueSpecification","valueRequired":true,"valueName":"search_term_string"}}],"inLanguage":"sv-SE"},{"@type":"Organization","@id":"https:\/\/truusk.store\/sv\/#organization","name":"TRUUSK - Hem, Tr\u00e4dg\u00e5rd & Fritid","url":"https:\/\/truusk.store\/sv\/","logo":{"@type":"ImageObject","inLanguage":"sv-SE","@id":"https:\/\/truusk.store\/sv\/#\/schema\/logo\/image\/","url":"https:\/\/i0.wp.com\/truusk.store\/wp-content\/uploads\/2026\/03\/cropped-TRUUSK.png?fit=2032%2C917&ssl=1","contentUrl":"https:\/\/i0.wp.com\/truusk.store\/wp-content\/uploads\/2026\/03\/cropped-TRUUSK.png?fit=2032%2C917&ssl=1","width":2032,"height":917,"caption":"TRUUSK - Hem, Tr\u00e4dg\u00e5rd & Fritid"},"image":{"@id":"https:\/\/truusk.store\/sv\/#\/schema\/logo\/image\/"}}]}},"jetpack_sharing_enabled":true,"_links":{"self":[{"href":"https:\/\/truusk.store\/sv\/wp-json\/wp\/v2\/product\/39556","targetHints":{"allow":["GET"]}}],"collection":[{"href":"https:\/\/truusk.store\/sv\/wp-json\/wp\/v2\/product"}],"about":[{"href":"https:\/\/truusk.store\/sv\/wp-json\/wp\/v2\/types\/product"}],"wp:featuredmedia":[{"embeddable":true,"href":"https:\/\/truusk.store\/sv\/wp-json\/wp\/v2\/media\/39557"}],"wp:attachment":[{"href":"https:\/\/truusk.store\/sv\/wp-json\/wp\/v2\/media?parent=39556"}],"wp:term":[{"taxonomy":"product_brand","embeddable":true,"href":"https:\/\/truusk.store\/sv\/wp-json\/wp\/v2\/product_brand?post=39556"},{"taxonomy":"product_cat","embeddable":true,"href":"https:\/\/truusk.store\/sv\/wp-json\/wp\/v2\/product_cat?post=39556"},{"taxonomy":"product_tag","embeddable":true,"href":"https:\/\/truusk.store\/sv\/wp-json\/wp\/v2\/product_tag?post=39556"}],"curies":[{"name":"wp","href":"https:\/\/api.w.org\/{rel}","templated":true}]}}