{"id":39597,"date":"2024-02-14T02:11:41","date_gmt":"2024-02-14T01:11:41","guid":{"rendered":"https:\/\/truusk.store\/product\/pianobank-pianobank-for-1-person-kladd-traben-svart\/"},"modified":"2026-03-12T09:15:25","modified_gmt":"2026-03-12T08:15:25","slug":"truusk-pianobank-for-1-person-kladd-traben-svart","status":"publish","type":"product","link":"https:\/\/truusk.store\/sv\/produkt\/truusk-pianobank-for-1-person-kladd-traben-svart\/","title":{"rendered":"TRUUSK Pianob\u00e4nk f\u00f6r 1 Person &#8211; Kl\u00e4dd &#8211; Tr\u00e4ben &#8211; Svart"},"content":{"rendered":"<p>En bra b\u00e4nk kan g\u00f6ra stor skillnad n\u00e4r man l\u00e4r sig spela piano. Sitsen \u00e4r kl\u00e4dd med konstl\u00e4der och erbjuder ett klassiskt utseende och komfort under l\u00e5nga tangentbordssessioner. Ju mer avslappnad du \u00e4r, desto mer vill du tr\u00e4na! Gummitr\u00e4konstruktionen b\u00e4r upp till 150 kg och erbjuder en solid sittyta. V\u00e4lj pianob\u00e4nken och ta ditt pianospel till n\u00e4sta niv\u00e5.<\/p>\n<h3>Beskrivning:<\/h3>\n<ul>\n<li>Sittplats f\u00f6r en person<\/li>\n<li>Svarta blanka ben matchar glansen p\u00e5 ditt piano<\/li>\n<li>Sl\u00e4t konstl\u00e4der kan l\u00e4tt reng\u00f6ras med en fuktig trasa<\/li>\n<li>Ben i massivt tr\u00e4 med fyra k\u00e5por f\u00f6r att skydda golvet fr\u00e5n skador<\/li>\n<li>Montering kr\u00e4vs<\/li>\n<\/ul>\n<h3>Teknisk data:<\/h3>\n<ul>\n<li>Svart f\u00e4rg<\/li>\n<li>Material: gummitr\u00e4, konstl\u00e4der<\/li>\n<li>\u00d6vergripande m\u00e5tt: 75L x 35W x 49H cm<\/li>\n<li>Viktkapacitet: 150 kg<\/li>\n<\/ul>\n<h3>Leveransens omfattning:<\/h3>\n<ul>\n<li>1 x pianob\u00e4nk<\/li>\n<li>1 x Instruktioner<\/li>\n<\/ul>\n","protected":false},"excerpt":{"rendered":"<p>En bra b\u00e4nk kan g\u00f6ra stor skillnad n\u00e4r man l\u00e4r sig spela piano. Sitsen \u00e4r kl\u00e4dd med konstl\u00e4der och erbjuder&#8230;<\/p>\n","protected":false},"featured_media":39598,"template":"","meta":[],"product_brand":[],"product_cat":[485,542,543],"product_tag":[],"class_list":{"0":"post-39597","1":"product","2":"type-product","3":"status-publish","4":"has-post-thumbnail","6":"product_cat-hus-bo","7":"product_cat-pall","8":"product_cat-pall-fotpall","10":"first","11":"instock","12":"sale","13":"taxable","14":"shipping-taxable","15":"purchasable","16":"product-type-simple"},"yoast_head":"<!-- This site is optimized with the Yoast SEO plugin v25.4 - https:\/\/yoast.com\/wordpress\/plugins\/seo\/ -->\n<title>TRUUSK Pianob\u00e4nk f\u00f6r 1 Person - Kl\u00e4dd - Tr\u00e4ben - Svart - TRUUSK - Hem, Tr\u00e4dg\u00e5rd &amp; Fritid<\/title>\n<meta name=\"robots\" content=\"index, follow, max-snippet:-1, max-image-preview:large, max-video-preview:-1\" \/>\n<link rel=\"canonical\" href=\"https:\/\/truusk.store\/sv\/produkt\/truusk-pianobank-for-1-person-kladd-traben-svart\/\" \/>\n<meta property=\"og:locale\" content=\"sv_SE\" \/>\n<meta property=\"og:type\" content=\"article\" \/>\n<meta property=\"og:title\" content=\"TRUUSK Pianob\u00e4nk f\u00f6r 1 Person - Kl\u00e4dd - Tr\u00e4ben - Svart - TRUUSK - Hem, Tr\u00e4dg\u00e5rd &amp; Fritid\" \/>\n<meta property=\"og:description\" content=\"En bra b\u00e4nk kan g\u00f6ra stor skillnad n\u00e4r man l\u00e4r sig spela piano. Sitsen \u00e4r kl\u00e4dd med konstl\u00e4der och erbjuder...\" \/>\n<meta property=\"og:url\" content=\"https:\/\/truusk.store\/sv\/produkt\/truusk-pianobank-for-1-person-kladd-traben-svart\/\" \/>\n<meta property=\"og:site_name\" content=\"TRUUSK - Hem, Tr\u00e4dg\u00e5rd &amp; Fritid\" \/>\n<meta property=\"article:modified_time\" content=\"2026-03-12T08:15:25+00:00\" \/>\n<meta property=\"og:image\" content=\"https:\/\/i0.wp.com\/truusk.se\/wp-content\/uploads\/2024\/02\/pianobank-pianobank-for-1-person-kladd-traben-svart.webp?fit=800%2C800&ssl=1\" \/>\n\t<meta property=\"og:image:width\" content=\"800\" \/>\n\t<meta property=\"og:image:height\" content=\"800\" \/>\n\t<meta property=\"og:image:type\" content=\"image\/webp\" \/>\n<meta name=\"twitter:card\" content=\"summary_large_image\" \/>\n<meta name=\"twitter:label1\" content=\"Ber\u00e4knad l\u00e4stid\" \/>\n\t<meta name=\"twitter:data1\" content=\"1 minut\" \/>\n<!-- \/ Yoast SEO plugin. -->","yoast_head_json":{"title":"TRUUSK Pianob\u00e4nk f\u00f6r 1 Person - Kl\u00e4dd - Tr\u00e4ben - Svart - TRUUSK - Hem, Tr\u00e4dg\u00e5rd &amp; Fritid","robots":{"index":"index","follow":"follow","max-snippet":"max-snippet:-1","max-image-preview":"max-image-preview:large","max-video-preview":"max-video-preview:-1"},"canonical":"https:\/\/truusk.store\/sv\/produkt\/truusk-pianobank-for-1-person-kladd-traben-svart\/","og_locale":"sv_SE","og_type":"article","og_title":"TRUUSK Pianob\u00e4nk f\u00f6r 1 Person - Kl\u00e4dd - Tr\u00e4ben - Svart - TRUUSK - Hem, Tr\u00e4dg\u00e5rd &amp; Fritid","og_description":"En bra b\u00e4nk kan g\u00f6ra stor skillnad n\u00e4r man l\u00e4r sig spela piano. Sitsen \u00e4r kl\u00e4dd med konstl\u00e4der och erbjuder...","og_url":"https:\/\/truusk.store\/sv\/produkt\/truusk-pianobank-for-1-person-kladd-traben-svart\/","og_site_name":"TRUUSK - Hem, Tr\u00e4dg\u00e5rd &amp; Fritid","article_modified_time":"2026-03-12T08:15:25+00:00","og_image":[{"width":800,"height":800,"url":"https:\/\/i0.wp.com\/truusk.se\/wp-content\/uploads\/2024\/02\/pianobank-pianobank-for-1-person-kladd-traben-svart.webp?fit=800%2C800&ssl=1","type":"image\/webp"}],"twitter_card":"summary_large_image","twitter_misc":{"Ber\u00e4knad l\u00e4stid":"1 minut"},"schema":{"@context":"https:\/\/schema.org","@graph":[{"@type":"WebPage","@id":"https:\/\/truusk.store\/sv\/produkt\/truusk-pianobank-for-1-person-kladd-traben-svart\/","url":"https:\/\/truusk.store\/sv\/produkt\/truusk-pianobank-for-1-person-kladd-traben-svart\/","name":"TRUUSK Pianob\u00e4nk f\u00f6r 1 Person - Kl\u00e4dd - Tr\u00e4ben - Svart - TRUUSK - Hem, Tr\u00e4dg\u00e5rd &amp; Fritid","isPartOf":{"@id":"https:\/\/truusk.store\/sv\/#website"},"primaryImageOfPage":{"@id":"https:\/\/truusk.store\/sv\/produkt\/truusk-pianobank-for-1-person-kladd-traben-svart\/#primaryimage"},"image":{"@id":"https:\/\/truusk.store\/sv\/produkt\/truusk-pianobank-for-1-person-kladd-traben-svart\/#primaryimage"},"thumbnailUrl":"https:\/\/i0.wp.com\/truusk.store\/wp-content\/uploads\/2024\/02\/pianobank-pianobank-for-1-person-kladd-traben-svart.webp?fit=800%2C800&ssl=1","datePublished":"2024-02-14T01:11:41+00:00","dateModified":"2026-03-12T08:15:25+00:00","breadcrumb":{"@id":"https:\/\/truusk.store\/sv\/produkt\/truusk-pianobank-for-1-person-kladd-traben-svart\/#breadcrumb"},"inLanguage":"sv-SE","potentialAction":[{"@type":"ReadAction","target":["https:\/\/truusk.store\/sv\/produkt\/truusk-pianobank-for-1-person-kladd-traben-svart\/"]}]},{"@type":"ImageObject","inLanguage":"sv-SE","@id":"https:\/\/truusk.store\/sv\/produkt\/truusk-pianobank-for-1-person-kladd-traben-svart\/#primaryimage","url":"https:\/\/i0.wp.com\/truusk.store\/wp-content\/uploads\/2024\/02\/pianobank-pianobank-for-1-person-kladd-traben-svart.webp?fit=800%2C800&ssl=1","contentUrl":"https:\/\/i0.wp.com\/truusk.store\/wp-content\/uploads\/2024\/02\/pianobank-pianobank-for-1-person-kladd-traben-svart.webp?fit=800%2C800&ssl=1","width":800,"height":800,"caption":"Pianob\u00e4nk, Pianob\u00e4nk F\u00f6r 1 Person, Kl\u00e4dd, Tr\u00e4ben, Svart 1"},{"@type":"BreadcrumbList","@id":"https:\/\/truusk.store\/sv\/produkt\/truusk-pianobank-for-1-person-kladd-traben-svart\/#breadcrumb","itemListElement":[{"@type":"ListItem","position":1,"name":"Home","item":"https:\/\/truusk.store\/sv\/"},{"@type":"ListItem","position":2,"name":"Shop","item":"https:\/\/truusk.store\/shop\/"},{"@type":"ListItem","position":3,"name":"TRUUSK Pianob\u00e4nk f\u00f6r 1 Person &#8211; Kl\u00e4dd &#8211; Tr\u00e4ben &#8211; Svart"}]},{"@type":"WebSite","@id":"https:\/\/truusk.store\/sv\/#website","url":"https:\/\/truusk.store\/sv\/","name":"TRUUSK - Hem, Tr\u00e4dg\u00e5rd & Fritid","description":"","publisher":{"@id":"https:\/\/truusk.store\/sv\/#organization"},"potentialAction":[{"@type":"SearchAction","target":{"@type":"EntryPoint","urlTemplate":"https:\/\/truusk.store\/sv\/?s={search_term_string}"},"query-input":{"@type":"PropertyValueSpecification","valueRequired":true,"valueName":"search_term_string"}}],"inLanguage":"sv-SE"},{"@type":"Organization","@id":"https:\/\/truusk.store\/sv\/#organization","name":"TRUUSK - Hem, Tr\u00e4dg\u00e5rd & Fritid","url":"https:\/\/truusk.store\/sv\/","logo":{"@type":"ImageObject","inLanguage":"sv-SE","@id":"https:\/\/truusk.store\/sv\/#\/schema\/logo\/image\/","url":"https:\/\/i0.wp.com\/truusk.store\/wp-content\/uploads\/2026\/03\/cropped-TRUUSK.png?fit=2032%2C917&ssl=1","contentUrl":"https:\/\/i0.wp.com\/truusk.store\/wp-content\/uploads\/2026\/03\/cropped-TRUUSK.png?fit=2032%2C917&ssl=1","width":2032,"height":917,"caption":"TRUUSK - Hem, Tr\u00e4dg\u00e5rd & Fritid"},"image":{"@id":"https:\/\/truusk.store\/sv\/#\/schema\/logo\/image\/"}}]}},"jetpack_sharing_enabled":true,"_links":{"self":[{"href":"https:\/\/truusk.store\/sv\/wp-json\/wp\/v2\/product\/39597","targetHints":{"allow":["GET"]}}],"collection":[{"href":"https:\/\/truusk.store\/sv\/wp-json\/wp\/v2\/product"}],"about":[{"href":"https:\/\/truusk.store\/sv\/wp-json\/wp\/v2\/types\/product"}],"wp:featuredmedia":[{"embeddable":true,"href":"https:\/\/truusk.store\/sv\/wp-json\/wp\/v2\/media\/39598"}],"wp:attachment":[{"href":"https:\/\/truusk.store\/sv\/wp-json\/wp\/v2\/media?parent=39597"}],"wp:term":[{"taxonomy":"product_brand","embeddable":true,"href":"https:\/\/truusk.store\/sv\/wp-json\/wp\/v2\/product_brand?post=39597"},{"taxonomy":"product_cat","embeddable":true,"href":"https:\/\/truusk.store\/sv\/wp-json\/wp\/v2\/product_cat?post=39597"},{"taxonomy":"product_tag","embeddable":true,"href":"https:\/\/truusk.store\/sv\/wp-json\/wp\/v2\/product_tag?post=39597"}],"curies":[{"name":"wp","href":"https:\/\/api.w.org\/{rel}","templated":true}]}}