{"id":39647,"date":"2024-02-14T02:13:28","date_gmt":"2024-02-14T01:13:28","guid":{"rendered":"https:\/\/truusk.store\/product\/fyrhjuling-for-barn-elektrisk-barnbil-3-km-h-ljud-och-ljuseffekter-83-cm-x-53-cm-x-555-cm-svart-vit\/"},"modified":"2026-03-12T09:15:25","modified_gmt":"2026-03-12T08:15:25","slug":"truusk-elektrisk-barnbil-3-km-h-ljud-ljuseffekter-svart-vit-83-x-53-x-555-cm","status":"publish","type":"product","link":"https:\/\/truusk.store\/sv\/produkt\/truusk-elektrisk-barnbil-3-km-h-ljud-ljuseffekter-svart-vit-83-x-53-x-555-cm\/","title":{"rendered":"TRUUSK Elektrisk Barnbil 3 km\/h &#8211; Ljud- &amp; Ljuseffekter &#8211; Svart &amp; Vit &#8211; 83 x 53 x 55,5 cm"},"content":{"rendered":"<p>L\u00e5t dina barn uppleva allt det roliga med att k\u00f6ra i detta fantastiska terr\u00e4ngfordon. Detta elfordon f\u00f6r barn \u00e4r utrustat med en ergonomisk stol, LED-str\u00e5lkastare och m\u00e5nga andra extrafunktioner. Den justerbara hastigheten p\u00e5 den elektriska fyrhjulingen f\u00f6r barn kommer s\u00e4kerligen att g\u00f6ra det \u00e4nnu roligare f\u00f6r barnen. De kommer att bli glada n\u00e4r de kan k\u00f6ra som fantastiska racerf\u00f6rare!<\/p>\n<h3>Beskrivning:<\/h3>\n<ul>\n<li>Flera alternativ, ljud och ljuseffekter: LED-str\u00e5lkastare, multifunktionell MP3-spelare (USB-gr\u00e4nssnitt, radiofunktion, TF-kortdisplay, MP3-gr\u00e4nssnitt), etc.<\/li>\n<li>Startknapp och display f\u00f6r att visa batterikapacitet<\/li>\n<li>Maxhastighet 3 km\/h<\/li>\n<li>4 plasthjul f\u00f6r barnens fyrhjuling med st\u00f6td\u00e4mpare f\u00f6r att anpassa sig till terr\u00e4nganv\u00e4ndning och f\u00f6r bra grepp<\/li>\n<li>Bekv\u00e4m sits med ergonomiskt ryggst\u00f6d<\/li>\n<li>H\u00f6gkvalitativ konstruktion och utf\u00f6rande av den elektriska fyrhjulingen f\u00f6r l\u00e5ng livsl\u00e4ngd<\/li>\n<li>Varning: Ej l\u00e4mplig f\u00f6r barn under 36 m\u00e5nader<\/li>\n<li>Obs: Anv\u00e4nd endast under strikt uppsikt av vuxen och p\u00e5 avst\u00e5nd fr\u00e5n allm\u00e4nna v\u00e4gar<\/li>\n<\/ul>\n<h3>Teknisk data:<\/h3>\n<ul>\n<li>F\u00e4rger: Vit+svart<\/li>\n<li>Material: plast, metall<\/li>\n<li>\u00d6vergripande m\u00e5tt: 83L x 53W x 55,5H cm<\/li>\n<li>Sittm\u00e5tt: 36L x 14W x 39H cm (ovan golv)<\/li>\n<li>Hjuldiameter: 25 cm<\/li>\n<li>Laddningstid: F\u00f6rsta laddning: 12 timmar, vanlig laddning: 8-12 timmar. Anv\u00e4ndningstid: 45 minuter (beroende p\u00e5 anv\u00e4ndningsintensitet)<\/li>\n<li>Batteri: 12V, 4,5AH<\/li>\n<li>Hastighet: 1,5-3km\/h<\/li>\n<li>Rekommenderad \u00e5lder: 3-5 \u00e5r. \u00c5lder f\u00f6r certifiering: 3-8 \u00e5r<\/li>\n<li>Viktkapacitet: 25 kg<\/li>\n<\/ul>\n<h3>Leveransens omfattning:<\/h3>\n<ul>\n<li>1 x Elektrisk Quad f\u00f6r barn<\/li>\n<li>1 x Monteringsanvisning<\/li>\n<\/ul>\n","protected":false},"excerpt":{"rendered":"<p>L\u00e5t dina barn uppleva allt det roliga med att k\u00f6ra i detta fantastiska terr\u00e4ngfordon. Detta elfordon f\u00f6r barn \u00e4r utrustat&#8230;<\/p>\n","protected":false},"featured_media":39648,"template":"","meta":[],"product_brand":[],"product_cat":[609,610,612],"product_tag":[],"class_list":{"0":"post-39647","1":"product","2":"type-product","3":"status-publish","4":"has-post-thumbnail","6":"product_cat-baby-barn","7":"product_cat-barnfordon","8":"product_cat-elektriska-fordon","10":"first","11":"instock","12":"sale","13":"taxable","14":"shipping-taxable","15":"purchasable","16":"product-type-simple"},"yoast_head":"<!-- This site is optimized with the Yoast SEO plugin v25.4 - https:\/\/yoast.com\/wordpress\/plugins\/seo\/ -->\n<title>TRUUSK Elektrisk Barnbil 3 km\/h - Ljud- &amp; Ljuseffekter - Svart &amp; Vit - 83 x 53 x 55,5 cm - TRUUSK - Hem, Tr\u00e4dg\u00e5rd &amp; Fritid<\/title>\n<meta name=\"robots\" content=\"index, follow, max-snippet:-1, max-image-preview:large, max-video-preview:-1\" \/>\n<link rel=\"canonical\" href=\"https:\/\/truusk.store\/sv\/produkt\/truusk-elektrisk-barnbil-3-km-h-ljud-ljuseffekter-svart-vit-83-x-53-x-555-cm\/\" \/>\n<meta property=\"og:locale\" content=\"sv_SE\" \/>\n<meta property=\"og:type\" content=\"article\" \/>\n<meta property=\"og:title\" content=\"TRUUSK Elektrisk Barnbil 3 km\/h - Ljud- &amp; Ljuseffekter - Svart &amp; Vit - 83 x 53 x 55,5 cm - TRUUSK - Hem, Tr\u00e4dg\u00e5rd &amp; Fritid\" \/>\n<meta property=\"og:description\" content=\"L\u00e5t dina barn uppleva allt det roliga med att k\u00f6ra i detta fantastiska terr\u00e4ngfordon. Detta elfordon f\u00f6r barn \u00e4r utrustat...\" \/>\n<meta property=\"og:url\" content=\"https:\/\/truusk.store\/sv\/produkt\/truusk-elektrisk-barnbil-3-km-h-ljud-ljuseffekter-svart-vit-83-x-53-x-555-cm\/\" \/>\n<meta property=\"og:site_name\" content=\"TRUUSK - Hem, Tr\u00e4dg\u00e5rd &amp; Fritid\" \/>\n<meta property=\"article:modified_time\" content=\"2026-03-12T08:15:25+00:00\" \/>\n<meta property=\"og:image\" content=\"https:\/\/i0.wp.com\/truusk.se\/wp-content\/uploads\/2024\/02\/fyrhjuling-for-barn-elektrisk-barnbil-3-km-h-ljud-och-ljuseffekter-83-cm-x-53-cm-x-555-cm-svart-vit.webp?fit=800%2C800&ssl=1\" \/>\n\t<meta property=\"og:image:width\" content=\"800\" \/>\n\t<meta property=\"og:image:height\" content=\"800\" \/>\n\t<meta property=\"og:image:type\" content=\"image\/webp\" \/>\n<meta name=\"twitter:card\" content=\"summary_large_image\" \/>\n<meta name=\"twitter:label1\" content=\"Ber\u00e4knad l\u00e4stid\" \/>\n\t<meta name=\"twitter:data1\" content=\"1 minut\" \/>\n<!-- \/ Yoast SEO plugin. -->","yoast_head_json":{"title":"TRUUSK Elektrisk Barnbil 3 km\/h - Ljud- &amp; Ljuseffekter - Svart &amp; Vit - 83 x 53 x 55,5 cm - TRUUSK - Hem, Tr\u00e4dg\u00e5rd &amp; Fritid","robots":{"index":"index","follow":"follow","max-snippet":"max-snippet:-1","max-image-preview":"max-image-preview:large","max-video-preview":"max-video-preview:-1"},"canonical":"https:\/\/truusk.store\/sv\/produkt\/truusk-elektrisk-barnbil-3-km-h-ljud-ljuseffekter-svart-vit-83-x-53-x-555-cm\/","og_locale":"sv_SE","og_type":"article","og_title":"TRUUSK Elektrisk Barnbil 3 km\/h - Ljud- &amp; Ljuseffekter - Svart &amp; Vit - 83 x 53 x 55,5 cm - TRUUSK - Hem, Tr\u00e4dg\u00e5rd &amp; Fritid","og_description":"L\u00e5t dina barn uppleva allt det roliga med att k\u00f6ra i detta fantastiska terr\u00e4ngfordon. Detta elfordon f\u00f6r barn \u00e4r utrustat...","og_url":"https:\/\/truusk.store\/sv\/produkt\/truusk-elektrisk-barnbil-3-km-h-ljud-ljuseffekter-svart-vit-83-x-53-x-555-cm\/","og_site_name":"TRUUSK - Hem, Tr\u00e4dg\u00e5rd &amp; Fritid","article_modified_time":"2026-03-12T08:15:25+00:00","og_image":[{"width":800,"height":800,"url":"https:\/\/i0.wp.com\/truusk.se\/wp-content\/uploads\/2024\/02\/fyrhjuling-for-barn-elektrisk-barnbil-3-km-h-ljud-och-ljuseffekter-83-cm-x-53-cm-x-555-cm-svart-vit.webp?fit=800%2C800&ssl=1","type":"image\/webp"}],"twitter_card":"summary_large_image","twitter_misc":{"Ber\u00e4knad l\u00e4stid":"1 minut"},"schema":{"@context":"https:\/\/schema.org","@graph":[{"@type":"WebPage","@id":"https:\/\/truusk.store\/sv\/produkt\/truusk-elektrisk-barnbil-3-km-h-ljud-ljuseffekter-svart-vit-83-x-53-x-555-cm\/","url":"https:\/\/truusk.store\/sv\/produkt\/truusk-elektrisk-barnbil-3-km-h-ljud-ljuseffekter-svart-vit-83-x-53-x-555-cm\/","name":"TRUUSK Elektrisk Barnbil 3 km\/h - Ljud- &amp; Ljuseffekter - Svart &amp; Vit - 83 x 53 x 55,5 cm - TRUUSK - Hem, Tr\u00e4dg\u00e5rd &amp; Fritid","isPartOf":{"@id":"https:\/\/truusk.store\/sv\/#website"},"primaryImageOfPage":{"@id":"https:\/\/truusk.store\/sv\/produkt\/truusk-elektrisk-barnbil-3-km-h-ljud-ljuseffekter-svart-vit-83-x-53-x-555-cm\/#primaryimage"},"image":{"@id":"https:\/\/truusk.store\/sv\/produkt\/truusk-elektrisk-barnbil-3-km-h-ljud-ljuseffekter-svart-vit-83-x-53-x-555-cm\/#primaryimage"},"thumbnailUrl":"https:\/\/i0.wp.com\/truusk.store\/wp-content\/uploads\/2024\/02\/fyrhjuling-for-barn-elektrisk-barnbil-3-km-h-ljud-och-ljuseffekter-83-cm-x-53-cm-x-555-cm-svart-vit.webp?fit=800%2C800&ssl=1","datePublished":"2024-02-14T01:13:28+00:00","dateModified":"2026-03-12T08:15:25+00:00","breadcrumb":{"@id":"https:\/\/truusk.store\/sv\/produkt\/truusk-elektrisk-barnbil-3-km-h-ljud-ljuseffekter-svart-vit-83-x-53-x-555-cm\/#breadcrumb"},"inLanguage":"sv-SE","potentialAction":[{"@type":"ReadAction","target":["https:\/\/truusk.store\/sv\/produkt\/truusk-elektrisk-barnbil-3-km-h-ljud-ljuseffekter-svart-vit-83-x-53-x-555-cm\/"]}]},{"@type":"ImageObject","inLanguage":"sv-SE","@id":"https:\/\/truusk.store\/sv\/produkt\/truusk-elektrisk-barnbil-3-km-h-ljud-ljuseffekter-svart-vit-83-x-53-x-555-cm\/#primaryimage","url":"https:\/\/i0.wp.com\/truusk.store\/wp-content\/uploads\/2024\/02\/fyrhjuling-for-barn-elektrisk-barnbil-3-km-h-ljud-och-ljuseffekter-83-cm-x-53-cm-x-555-cm-svart-vit.webp?fit=800%2C800&ssl=1","contentUrl":"https:\/\/i0.wp.com\/truusk.store\/wp-content\/uploads\/2024\/02\/fyrhjuling-for-barn-elektrisk-barnbil-3-km-h-ljud-och-ljuseffekter-83-cm-x-53-cm-x-555-cm-svart-vit.webp?fit=800%2C800&ssl=1","width":800,"height":800,"caption":"Fyrhjuling F\u00f6r Barn Elektrisk Barnbil, 3 Km\/h, Ljud- Och Ljuseffekter, : 83 Cm X 53 Cm X 55,5 Cm, Svart + Vit 1"},{"@type":"BreadcrumbList","@id":"https:\/\/truusk.store\/sv\/produkt\/truusk-elektrisk-barnbil-3-km-h-ljud-ljuseffekter-svart-vit-83-x-53-x-555-cm\/#breadcrumb","itemListElement":[{"@type":"ListItem","position":1,"name":"Home","item":"https:\/\/truusk.store\/sv\/"},{"@type":"ListItem","position":2,"name":"Shop","item":"https:\/\/truusk.store\/shop\/"},{"@type":"ListItem","position":3,"name":"TRUUSK Elektrisk Barnbil 3 km\/h &#8211; Ljud- &amp; Ljuseffekter &#8211; Svart &amp; Vit &#8211; 83 x 53 x 55,5 cm"}]},{"@type":"WebSite","@id":"https:\/\/truusk.store\/sv\/#website","url":"https:\/\/truusk.store\/sv\/","name":"TRUUSK - Hem, Tr\u00e4dg\u00e5rd & Fritid","description":"","publisher":{"@id":"https:\/\/truusk.store\/sv\/#organization"},"potentialAction":[{"@type":"SearchAction","target":{"@type":"EntryPoint","urlTemplate":"https:\/\/truusk.store\/sv\/?s={search_term_string}"},"query-input":{"@type":"PropertyValueSpecification","valueRequired":true,"valueName":"search_term_string"}}],"inLanguage":"sv-SE"},{"@type":"Organization","@id":"https:\/\/truusk.store\/sv\/#organization","name":"TRUUSK - Hem, Tr\u00e4dg\u00e5rd & Fritid","url":"https:\/\/truusk.store\/sv\/","logo":{"@type":"ImageObject","inLanguage":"sv-SE","@id":"https:\/\/truusk.store\/sv\/#\/schema\/logo\/image\/","url":"https:\/\/i0.wp.com\/truusk.store\/wp-content\/uploads\/2026\/03\/cropped-TRUUSK.png?fit=2032%2C917&ssl=1","contentUrl":"https:\/\/i0.wp.com\/truusk.store\/wp-content\/uploads\/2026\/03\/cropped-TRUUSK.png?fit=2032%2C917&ssl=1","width":2032,"height":917,"caption":"TRUUSK - Hem, Tr\u00e4dg\u00e5rd & Fritid"},"image":{"@id":"https:\/\/truusk.store\/sv\/#\/schema\/logo\/image\/"}}]}},"jetpack_sharing_enabled":true,"_links":{"self":[{"href":"https:\/\/truusk.store\/sv\/wp-json\/wp\/v2\/product\/39647","targetHints":{"allow":["GET"]}}],"collection":[{"href":"https:\/\/truusk.store\/sv\/wp-json\/wp\/v2\/product"}],"about":[{"href":"https:\/\/truusk.store\/sv\/wp-json\/wp\/v2\/types\/product"}],"wp:featuredmedia":[{"embeddable":true,"href":"https:\/\/truusk.store\/sv\/wp-json\/wp\/v2\/media\/39648"}],"wp:attachment":[{"href":"https:\/\/truusk.store\/sv\/wp-json\/wp\/v2\/media?parent=39647"}],"wp:term":[{"taxonomy":"product_brand","embeddable":true,"href":"https:\/\/truusk.store\/sv\/wp-json\/wp\/v2\/product_brand?post=39647"},{"taxonomy":"product_cat","embeddable":true,"href":"https:\/\/truusk.store\/sv\/wp-json\/wp\/v2\/product_cat?post=39647"},{"taxonomy":"product_tag","embeddable":true,"href":"https:\/\/truusk.store\/sv\/wp-json\/wp\/v2\/product_tag?post=39647"}],"curies":[{"name":"wp","href":"https:\/\/api.w.org\/{rel}","templated":true}]}}