{"id":39690,"date":"2024-02-14T02:14:46","date_gmt":"2024-02-14T01:14:46","guid":{"rendered":"https:\/\/truusk.store\/product\/fonsterspegel-med-metallram-70-x-2-x-50-cm-guld\/"},"modified":"2026-03-12T09:15:26","modified_gmt":"2026-03-12T08:15:26","slug":"truusk-fonsterspegel-med-metallram-70-x-2-x-50-cm-guld-elegant-design-perfekt-for-hemmet-dekorativt-tillagg","status":"publish","type":"product","link":"https:\/\/truusk.store\/sv\/produkt\/truusk-fonsterspegel-med-metallram-70-x-2-x-50-cm-guld-elegant-design-perfekt-for-hemmet-dekorativt-tillagg\/","title":{"rendered":"TRUUSK F\u00f6nsterspegel Med Metallram &#8211; 70 x 2 x 50 cm &#8211; Guld &#8211; Elegant Design &#8211; Perfekt f\u00f6r Hemmet &#8211; Dekorativt till\u00e4gg"},"content":{"rendered":"<p>Vill du f\u00f6rsk\u00f6na ditt hem? D\u00e5 \u00e4r v\u00e5r sovrumsspegel precis r\u00e4tt f\u00f6r dig. Det \u00e4r ocks\u00e5 en idealisk present till inflyttningsfester, br\u00f6llop, \u00e5rsdagar eller f\u00f6delsedagar. Det \u00f6ppnar upp f\u00f6r en underbar m\u00f6jlighet att inreda ditt hem med minimal anstr\u00e4ngning, g\u00f6ra det ljusare och f\u00e5 ditt rum att framst\u00e5 som rymligare. Ta hem v\u00e5r v\u00e4ggspegel f\u00f6r att lysa upp v\u00e4ggarna i ditt hem!<\/p>\n<h3>Beskrivning:<\/h3>\n<ul>\n<li>Hallspegeltyp: v\u00e4lvd f\u00f6nsterram med f\u00f6nstergaller<\/li>\n<li>Inte bara dekorerar ditt rum, utan lyser upp och \u00f6ppnar upp utrymmet<\/li>\n<li>F\u00f6r v\u00e4ggmontage<\/li>\n<li>Glasspegel i metallram<\/li>\n<li>L\u00e4mplig f\u00f6r vardagsrum, sovrum, matsal, hall<\/li>\n<li>Kan vara en utm\u00e4rkt present till v\u00e4nner, \u00e4lskare, f\u00f6r\u00e4ldrar<\/li>\n<\/ul>\n<h3>Teknisk data:<\/h3>\n<ul>\n<li>F\u00e4rg guld<\/li>\n<li>Material: metall, glas<\/li>\n<li>Totala m\u00e5tt: 70L x 50H cm<\/li>\n<li>Spegelstorlek: 67L x 47H cm<\/li>\n<li>Glastjocklek: 3 mm<\/li>\n<\/ul>\n<h3>Leveransens omfattning:<\/h3>\n<ul>\n<li>1 x v\u00e4ggspegel;<\/li>\n<\/ul>\n","protected":false},"excerpt":{"rendered":"<p>Vill du f\u00f6rsk\u00f6na ditt hem? D\u00e5 \u00e4r v\u00e5r sovrumsspegel precis r\u00e4tt f\u00f6r dig. Det \u00e4r ocks\u00e5 en idealisk present till&#8230;<\/p>\n","protected":false},"featured_media":39691,"template":"","meta":[],"product_brand":[],"product_cat":[671,672,683],"product_tag":[],"class_list":{"0":"post-39690","1":"product","2":"type-product","3":"status-publish","4":"has-post-thumbnail","6":"product_cat-jarnaffar","7":"product_cat-runt-huset","8":"product_cat-vaggdekoration","10":"first","11":"instock","12":"sale","13":"taxable","14":"shipping-taxable","15":"purchasable","16":"product-type-simple"},"yoast_head":"<!-- This site is optimized with the Yoast SEO plugin v25.4 - https:\/\/yoast.com\/wordpress\/plugins\/seo\/ -->\n<title>TRUUSK F\u00f6nsterspegel Med Metallram - 70 x 2 x 50 cm - Guld - Elegant Design - Perfekt f\u00f6r Hemmet - Dekorativt till\u00e4gg - TRUUSK - Hem, Tr\u00e4dg\u00e5rd &amp; Fritid<\/title>\n<meta name=\"robots\" content=\"index, follow, max-snippet:-1, max-image-preview:large, max-video-preview:-1\" \/>\n<link rel=\"canonical\" href=\"https:\/\/truusk.store\/sv\/produkt\/truusk-fonsterspegel-med-metallram-70-x-2-x-50-cm-guld-elegant-design-perfekt-for-hemmet-dekorativt-tillagg\/\" \/>\n<meta property=\"og:locale\" content=\"sv_SE\" \/>\n<meta property=\"og:type\" content=\"article\" \/>\n<meta property=\"og:title\" content=\"TRUUSK F\u00f6nsterspegel Med Metallram - 70 x 2 x 50 cm - Guld - Elegant Design - Perfekt f\u00f6r Hemmet - Dekorativt till\u00e4gg - TRUUSK - Hem, Tr\u00e4dg\u00e5rd &amp; Fritid\" \/>\n<meta property=\"og:description\" content=\"Vill du f\u00f6rsk\u00f6na ditt hem? D\u00e5 \u00e4r v\u00e5r sovrumsspegel precis r\u00e4tt f\u00f6r dig. Det \u00e4r ocks\u00e5 en idealisk present till...\" \/>\n<meta property=\"og:url\" content=\"https:\/\/truusk.store\/sv\/produkt\/truusk-fonsterspegel-med-metallram-70-x-2-x-50-cm-guld-elegant-design-perfekt-for-hemmet-dekorativt-tillagg\/\" \/>\n<meta property=\"og:site_name\" content=\"TRUUSK - Hem, Tr\u00e4dg\u00e5rd &amp; Fritid\" \/>\n<meta property=\"article:modified_time\" content=\"2026-03-12T08:15:26+00:00\" \/>\n<meta property=\"og:image\" content=\"https:\/\/i0.wp.com\/truusk.se\/wp-content\/uploads\/2024\/02\/fonsterspegel-med-metallram-70-x-2-x-50-cm-guld.webp?fit=800%2C800&ssl=1\" \/>\n\t<meta property=\"og:image:width\" content=\"800\" \/>\n\t<meta property=\"og:image:height\" content=\"800\" \/>\n\t<meta property=\"og:image:type\" content=\"image\/webp\" \/>\n<meta name=\"twitter:card\" content=\"summary_large_image\" \/>\n<meta name=\"twitter:label1\" content=\"Ber\u00e4knad l\u00e4stid\" \/>\n\t<meta name=\"twitter:data1\" content=\"1 minut\" \/>\n<!-- \/ Yoast SEO plugin. -->","yoast_head_json":{"title":"TRUUSK F\u00f6nsterspegel Med Metallram - 70 x 2 x 50 cm - Guld - Elegant Design - Perfekt f\u00f6r Hemmet - Dekorativt till\u00e4gg - TRUUSK - Hem, Tr\u00e4dg\u00e5rd &amp; Fritid","robots":{"index":"index","follow":"follow","max-snippet":"max-snippet:-1","max-image-preview":"max-image-preview:large","max-video-preview":"max-video-preview:-1"},"canonical":"https:\/\/truusk.store\/sv\/produkt\/truusk-fonsterspegel-med-metallram-70-x-2-x-50-cm-guld-elegant-design-perfekt-for-hemmet-dekorativt-tillagg\/","og_locale":"sv_SE","og_type":"article","og_title":"TRUUSK F\u00f6nsterspegel Med Metallram - 70 x 2 x 50 cm - Guld - Elegant Design - Perfekt f\u00f6r Hemmet - Dekorativt till\u00e4gg - TRUUSK - Hem, Tr\u00e4dg\u00e5rd &amp; Fritid","og_description":"Vill du f\u00f6rsk\u00f6na ditt hem? D\u00e5 \u00e4r v\u00e5r sovrumsspegel precis r\u00e4tt f\u00f6r dig. Det \u00e4r ocks\u00e5 en idealisk present till...","og_url":"https:\/\/truusk.store\/sv\/produkt\/truusk-fonsterspegel-med-metallram-70-x-2-x-50-cm-guld-elegant-design-perfekt-for-hemmet-dekorativt-tillagg\/","og_site_name":"TRUUSK - Hem, Tr\u00e4dg\u00e5rd &amp; Fritid","article_modified_time":"2026-03-12T08:15:26+00:00","og_image":[{"width":800,"height":800,"url":"https:\/\/i0.wp.com\/truusk.se\/wp-content\/uploads\/2024\/02\/fonsterspegel-med-metallram-70-x-2-x-50-cm-guld.webp?fit=800%2C800&ssl=1","type":"image\/webp"}],"twitter_card":"summary_large_image","twitter_misc":{"Ber\u00e4knad l\u00e4stid":"1 minut"},"schema":{"@context":"https:\/\/schema.org","@graph":[{"@type":"WebPage","@id":"https:\/\/truusk.store\/sv\/produkt\/truusk-fonsterspegel-med-metallram-70-x-2-x-50-cm-guld-elegant-design-perfekt-for-hemmet-dekorativt-tillagg\/","url":"https:\/\/truusk.store\/sv\/produkt\/truusk-fonsterspegel-med-metallram-70-x-2-x-50-cm-guld-elegant-design-perfekt-for-hemmet-dekorativt-tillagg\/","name":"TRUUSK F\u00f6nsterspegel Med Metallram - 70 x 2 x 50 cm - Guld - Elegant Design - Perfekt f\u00f6r Hemmet - Dekorativt till\u00e4gg - TRUUSK - Hem, Tr\u00e4dg\u00e5rd &amp; Fritid","isPartOf":{"@id":"https:\/\/truusk.store\/sv\/#website"},"primaryImageOfPage":{"@id":"https:\/\/truusk.store\/sv\/produkt\/truusk-fonsterspegel-med-metallram-70-x-2-x-50-cm-guld-elegant-design-perfekt-for-hemmet-dekorativt-tillagg\/#primaryimage"},"image":{"@id":"https:\/\/truusk.store\/sv\/produkt\/truusk-fonsterspegel-med-metallram-70-x-2-x-50-cm-guld-elegant-design-perfekt-for-hemmet-dekorativt-tillagg\/#primaryimage"},"thumbnailUrl":"https:\/\/i0.wp.com\/truusk.store\/wp-content\/uploads\/2024\/02\/fonsterspegel-med-metallram-70-x-2-x-50-cm-guld.webp?fit=800%2C800&ssl=1","datePublished":"2024-02-14T01:14:46+00:00","dateModified":"2026-03-12T08:15:26+00:00","breadcrumb":{"@id":"https:\/\/truusk.store\/sv\/produkt\/truusk-fonsterspegel-med-metallram-70-x-2-x-50-cm-guld-elegant-design-perfekt-for-hemmet-dekorativt-tillagg\/#breadcrumb"},"inLanguage":"sv-SE","potentialAction":[{"@type":"ReadAction","target":["https:\/\/truusk.store\/sv\/produkt\/truusk-fonsterspegel-med-metallram-70-x-2-x-50-cm-guld-elegant-design-perfekt-for-hemmet-dekorativt-tillagg\/"]}]},{"@type":"ImageObject","inLanguage":"sv-SE","@id":"https:\/\/truusk.store\/sv\/produkt\/truusk-fonsterspegel-med-metallram-70-x-2-x-50-cm-guld-elegant-design-perfekt-for-hemmet-dekorativt-tillagg\/#primaryimage","url":"https:\/\/i0.wp.com\/truusk.store\/wp-content\/uploads\/2024\/02\/fonsterspegel-med-metallram-70-x-2-x-50-cm-guld.webp?fit=800%2C800&ssl=1","contentUrl":"https:\/\/i0.wp.com\/truusk.store\/wp-content\/uploads\/2024\/02\/fonsterspegel-med-metallram-70-x-2-x-50-cm-guld.webp?fit=800%2C800&ssl=1","width":800,"height":800,"caption":"F\u00f6nsterspegel Med Metallram, 70 X 2 X 50 Cm, Guld 1"},{"@type":"BreadcrumbList","@id":"https:\/\/truusk.store\/sv\/produkt\/truusk-fonsterspegel-med-metallram-70-x-2-x-50-cm-guld-elegant-design-perfekt-for-hemmet-dekorativt-tillagg\/#breadcrumb","itemListElement":[{"@type":"ListItem","position":1,"name":"Home","item":"https:\/\/truusk.store\/sv\/"},{"@type":"ListItem","position":2,"name":"Shop","item":"https:\/\/truusk.store\/shop\/"},{"@type":"ListItem","position":3,"name":"TRUUSK F\u00f6nsterspegel Med Metallram &#8211; 70 x 2 x 50 cm &#8211; Guld &#8211; Elegant Design &#8211; Perfekt f\u00f6r Hemmet &#8211; Dekorativt till\u00e4gg"}]},{"@type":"WebSite","@id":"https:\/\/truusk.store\/sv\/#website","url":"https:\/\/truusk.store\/sv\/","name":"TRUUSK - Hem, Tr\u00e4dg\u00e5rd & Fritid","description":"","publisher":{"@id":"https:\/\/truusk.store\/sv\/#organization"},"potentialAction":[{"@type":"SearchAction","target":{"@type":"EntryPoint","urlTemplate":"https:\/\/truusk.store\/sv\/?s={search_term_string}"},"query-input":{"@type":"PropertyValueSpecification","valueRequired":true,"valueName":"search_term_string"}}],"inLanguage":"sv-SE"},{"@type":"Organization","@id":"https:\/\/truusk.store\/sv\/#organization","name":"TRUUSK - Hem, Tr\u00e4dg\u00e5rd & Fritid","url":"https:\/\/truusk.store\/sv\/","logo":{"@type":"ImageObject","inLanguage":"sv-SE","@id":"https:\/\/truusk.store\/sv\/#\/schema\/logo\/image\/","url":"https:\/\/i0.wp.com\/truusk.store\/wp-content\/uploads\/2026\/03\/cropped-TRUUSK.png?fit=2032%2C917&ssl=1","contentUrl":"https:\/\/i0.wp.com\/truusk.store\/wp-content\/uploads\/2026\/03\/cropped-TRUUSK.png?fit=2032%2C917&ssl=1","width":2032,"height":917,"caption":"TRUUSK - Hem, Tr\u00e4dg\u00e5rd & Fritid"},"image":{"@id":"https:\/\/truusk.store\/sv\/#\/schema\/logo\/image\/"}}]}},"jetpack_sharing_enabled":true,"_links":{"self":[{"href":"https:\/\/truusk.store\/sv\/wp-json\/wp\/v2\/product\/39690","targetHints":{"allow":["GET"]}}],"collection":[{"href":"https:\/\/truusk.store\/sv\/wp-json\/wp\/v2\/product"}],"about":[{"href":"https:\/\/truusk.store\/sv\/wp-json\/wp\/v2\/types\/product"}],"wp:featuredmedia":[{"embeddable":true,"href":"https:\/\/truusk.store\/sv\/wp-json\/wp\/v2\/media\/39691"}],"wp:attachment":[{"href":"https:\/\/truusk.store\/sv\/wp-json\/wp\/v2\/media?parent=39690"}],"wp:term":[{"taxonomy":"product_brand","embeddable":true,"href":"https:\/\/truusk.store\/sv\/wp-json\/wp\/v2\/product_brand?post=39690"},{"taxonomy":"product_cat","embeddable":true,"href":"https:\/\/truusk.store\/sv\/wp-json\/wp\/v2\/product_cat?post=39690"},{"taxonomy":"product_tag","embeddable":true,"href":"https:\/\/truusk.store\/sv\/wp-json\/wp\/v2\/product_tag?post=39690"}],"curies":[{"name":"wp","href":"https:\/\/api.w.org\/{rel}","templated":true}]}}