{"id":39707,"date":"2024-02-14T02:15:23","date_gmt":"2024-02-14T01:15:23","guid":{"rendered":"https:\/\/truusk.store\/product\/avslappningsstol-solstol-justerbar-bas-dyna-tra-svart-665-x-94-x-100-cm\/"},"modified":"2026-03-12T09:15:26","modified_gmt":"2026-03-12T08:15:26","slug":"truusk-avslappningsstol-solstol-justerbar-bas-dyna-tra-och-svart-665-x-94-x-100-cm","status":"publish","type":"product","link":"https:\/\/truusk.store\/sv\/produkt\/truusk-avslappningsstol-solstol-justerbar-bas-dyna-tra-och-svart-665-x-94-x-100-cm\/","title":{"rendered":"TRUUSK Avslappningsstol &#8211; Solstol &#8211; Justerbar Bas &#8211; Dyna &#8211; Tr\u00e4 och Svart &#8211; 66,5 x 94 x 100 cm"},"content":{"rendered":"<p>Koppla av bekv\u00e4mt p\u00e5 v\u00e5r eleganta frib\u00e4rande stol. Den eleganta solstolen imponerar med sin tidl\u00f6sa kombination av ljust tr\u00e4 och svart bomullstyg. Hur du f\u00e4rdigst\u00e4ller ditt hem. Det stora s\u00e4tet och ryggst\u00f6det \u00e4r bekv\u00e4mt vadderade, och det naturliga bomulls\u00f6verdraget ligger mjukt mot din hud. F\u00f6r \u00e4nnu mer avslappning kan du justera benst\u00f6den till 5 niv\u00e5er. S\u00e5 du kan s\u00e4tta upp f\u00f6tterna och njuta av stunden med en god drink, en god bok eller till och med en film. Det elegant b\u00f6jda tr\u00e4et \u00e4r behagligt l\u00e4tt och robust. Det svarta locket kontrasterar vackert med det sl\u00e5ende tr\u00e4et. F\u00f6rstklassig i design, komfort och pris, med din frib\u00e4rande stol kan du koppla av med gott samvete.<\/p>\n<h3>Beskrivning:<\/h3>\n<ul>\n<li>Avslappningsstol i stilren design, kan anv\u00e4ndas p\u00e5 en m\u00e4ngd olika s\u00e4tt<\/li>\n<li>Stomme av starkt bj\u00f6rktr\u00e4 f\u00f6r h\u00f6g b\u00e4rf\u00f6rm\u00e5ga<\/li>\n<li>Med avtagbar, bekv\u00e4mt vadderad kudde<\/li>\n<li>Benst\u00f6d justerbara i 5 niv\u00e5er f\u00f6r b\u00e4sta avslappning<\/li>\n<li>Enkel konstruktion<\/li>\n<\/ul>\n<h3>Teknisk data:<\/h3>\n<ul>\n<li>Material: bj\u00f6rktr\u00e4, bomullstyg<\/li>\n<li>Svart f\u00e4rg<\/li>\n<li>M\u00e5tt: B66,5 x D94 x H100cm<\/li>\n<li>Sittyta: B55,5 x D51,5cm<\/li>\n<li>Ryggh\u00f6jd: 71 cm<\/li>\n<li>Max lastkapacitet: 120kg<\/li>\n<li>Nettovikt: ca 8,5kg<\/li>\n<\/ul>\n<h3>Leveransens omfattning:<\/h3>\n<ul>\n<li>1 x vilstol inklusive dyna<\/li>\n<li>1 x Monteringsanvisning<\/li>\n<\/ul>\n","protected":false},"excerpt":{"rendered":"<p>Koppla av bekv\u00e4mt p\u00e5 v\u00e5r eleganta frib\u00e4rande stol. Den eleganta solstolen imponerar med sin tidl\u00f6sa kombination av ljust tr\u00e4 och&#8230;<\/p>\n","protected":false},"featured_media":39708,"template":"","meta":[],"product_brand":[],"product_cat":[485,515,519],"product_tag":[],"class_list":{"0":"post-39707","1":"product","2":"type-product","3":"status-publish","4":"has-post-thumbnail","6":"product_cat-hus-bo","7":"product_cat-stolar","8":"product_cat-stoppade-stolar","10":"first","11":"instock","12":"sale","13":"taxable","14":"shipping-taxable","15":"purchasable","16":"product-type-simple"},"yoast_head":"<!-- This site is optimized with the Yoast SEO plugin v25.4 - https:\/\/yoast.com\/wordpress\/plugins\/seo\/ -->\n<title>TRUUSK Avslappningsstol - Solstol - Justerbar Bas - Dyna - Tr\u00e4 och Svart - 66,5 x 94 x 100 cm - TRUUSK - Hem, Tr\u00e4dg\u00e5rd &amp; Fritid<\/title>\n<meta name=\"robots\" content=\"index, follow, max-snippet:-1, max-image-preview:large, max-video-preview:-1\" \/>\n<link rel=\"canonical\" href=\"https:\/\/truusk.store\/sv\/produkt\/truusk-avslappningsstol-solstol-justerbar-bas-dyna-tra-och-svart-665-x-94-x-100-cm\/\" \/>\n<meta property=\"og:locale\" content=\"sv_SE\" \/>\n<meta property=\"og:type\" content=\"article\" \/>\n<meta property=\"og:title\" content=\"TRUUSK Avslappningsstol - Solstol - Justerbar Bas - Dyna - Tr\u00e4 och Svart - 66,5 x 94 x 100 cm - TRUUSK - Hem, Tr\u00e4dg\u00e5rd &amp; Fritid\" \/>\n<meta property=\"og:description\" content=\"Koppla av bekv\u00e4mt p\u00e5 v\u00e5r eleganta frib\u00e4rande stol. Den eleganta solstolen imponerar med sin tidl\u00f6sa kombination av ljust tr\u00e4 och...\" \/>\n<meta property=\"og:url\" content=\"https:\/\/truusk.store\/sv\/produkt\/truusk-avslappningsstol-solstol-justerbar-bas-dyna-tra-och-svart-665-x-94-x-100-cm\/\" \/>\n<meta property=\"og:site_name\" content=\"TRUUSK - Hem, Tr\u00e4dg\u00e5rd &amp; Fritid\" \/>\n<meta property=\"article:modified_time\" content=\"2026-03-12T08:15:26+00:00\" \/>\n<meta property=\"og:image\" content=\"https:\/\/i0.wp.com\/truusk.se\/wp-content\/uploads\/2024\/02\/avslappningsstol-solstol-justerbar-bas-dyna-tra-svart-665-x-94-x-100-cm.webp?fit=800%2C800&ssl=1\" \/>\n\t<meta property=\"og:image:width\" content=\"800\" \/>\n\t<meta property=\"og:image:height\" content=\"800\" \/>\n\t<meta property=\"og:image:type\" content=\"image\/webp\" \/>\n<meta name=\"twitter:card\" content=\"summary_large_image\" \/>\n<meta name=\"twitter:label1\" content=\"Ber\u00e4knad l\u00e4stid\" \/>\n\t<meta name=\"twitter:data1\" content=\"1 minut\" \/>\n<!-- \/ Yoast SEO plugin. -->","yoast_head_json":{"title":"TRUUSK Avslappningsstol - Solstol - Justerbar Bas - Dyna - Tr\u00e4 och Svart - 66,5 x 94 x 100 cm - TRUUSK - Hem, Tr\u00e4dg\u00e5rd &amp; Fritid","robots":{"index":"index","follow":"follow","max-snippet":"max-snippet:-1","max-image-preview":"max-image-preview:large","max-video-preview":"max-video-preview:-1"},"canonical":"https:\/\/truusk.store\/sv\/produkt\/truusk-avslappningsstol-solstol-justerbar-bas-dyna-tra-och-svart-665-x-94-x-100-cm\/","og_locale":"sv_SE","og_type":"article","og_title":"TRUUSK Avslappningsstol - Solstol - Justerbar Bas - Dyna - Tr\u00e4 och Svart - 66,5 x 94 x 100 cm - TRUUSK - Hem, Tr\u00e4dg\u00e5rd &amp; Fritid","og_description":"Koppla av bekv\u00e4mt p\u00e5 v\u00e5r eleganta frib\u00e4rande stol. Den eleganta solstolen imponerar med sin tidl\u00f6sa kombination av ljust tr\u00e4 och...","og_url":"https:\/\/truusk.store\/sv\/produkt\/truusk-avslappningsstol-solstol-justerbar-bas-dyna-tra-och-svart-665-x-94-x-100-cm\/","og_site_name":"TRUUSK - Hem, Tr\u00e4dg\u00e5rd &amp; Fritid","article_modified_time":"2026-03-12T08:15:26+00:00","og_image":[{"width":800,"height":800,"url":"https:\/\/i0.wp.com\/truusk.se\/wp-content\/uploads\/2024\/02\/avslappningsstol-solstol-justerbar-bas-dyna-tra-svart-665-x-94-x-100-cm.webp?fit=800%2C800&ssl=1","type":"image\/webp"}],"twitter_card":"summary_large_image","twitter_misc":{"Ber\u00e4knad l\u00e4stid":"1 minut"},"schema":{"@context":"https:\/\/schema.org","@graph":[{"@type":"WebPage","@id":"https:\/\/truusk.store\/sv\/produkt\/truusk-avslappningsstol-solstol-justerbar-bas-dyna-tra-och-svart-665-x-94-x-100-cm\/","url":"https:\/\/truusk.store\/sv\/produkt\/truusk-avslappningsstol-solstol-justerbar-bas-dyna-tra-och-svart-665-x-94-x-100-cm\/","name":"TRUUSK Avslappningsstol - Solstol - Justerbar Bas - Dyna - Tr\u00e4 och Svart - 66,5 x 94 x 100 cm - TRUUSK - Hem, Tr\u00e4dg\u00e5rd &amp; Fritid","isPartOf":{"@id":"https:\/\/truusk.store\/sv\/#website"},"primaryImageOfPage":{"@id":"https:\/\/truusk.store\/sv\/produkt\/truusk-avslappningsstol-solstol-justerbar-bas-dyna-tra-och-svart-665-x-94-x-100-cm\/#primaryimage"},"image":{"@id":"https:\/\/truusk.store\/sv\/produkt\/truusk-avslappningsstol-solstol-justerbar-bas-dyna-tra-och-svart-665-x-94-x-100-cm\/#primaryimage"},"thumbnailUrl":"https:\/\/i0.wp.com\/truusk.store\/wp-content\/uploads\/2024\/02\/avslappningsstol-solstol-justerbar-bas-dyna-tra-svart-665-x-94-x-100-cm.webp?fit=800%2C800&ssl=1","datePublished":"2024-02-14T01:15:23+00:00","dateModified":"2026-03-12T08:15:26+00:00","breadcrumb":{"@id":"https:\/\/truusk.store\/sv\/produkt\/truusk-avslappningsstol-solstol-justerbar-bas-dyna-tra-och-svart-665-x-94-x-100-cm\/#breadcrumb"},"inLanguage":"sv-SE","potentialAction":[{"@type":"ReadAction","target":["https:\/\/truusk.store\/sv\/produkt\/truusk-avslappningsstol-solstol-justerbar-bas-dyna-tra-och-svart-665-x-94-x-100-cm\/"]}]},{"@type":"ImageObject","inLanguage":"sv-SE","@id":"https:\/\/truusk.store\/sv\/produkt\/truusk-avslappningsstol-solstol-justerbar-bas-dyna-tra-och-svart-665-x-94-x-100-cm\/#primaryimage","url":"https:\/\/i0.wp.com\/truusk.store\/wp-content\/uploads\/2024\/02\/avslappningsstol-solstol-justerbar-bas-dyna-tra-svart-665-x-94-x-100-cm.webp?fit=800%2C800&ssl=1","contentUrl":"https:\/\/i0.wp.com\/truusk.store\/wp-content\/uploads\/2024\/02\/avslappningsstol-solstol-justerbar-bas-dyna-tra-svart-665-x-94-x-100-cm.webp?fit=800%2C800&ssl=1","width":800,"height":800,"caption":"Avslappningsstol, Solstol, Justerbar Bas, Dyna, Tr\u00e4 + Svart, 66,5 X 94 X 100 Cm 1"},{"@type":"BreadcrumbList","@id":"https:\/\/truusk.store\/sv\/produkt\/truusk-avslappningsstol-solstol-justerbar-bas-dyna-tra-och-svart-665-x-94-x-100-cm\/#breadcrumb","itemListElement":[{"@type":"ListItem","position":1,"name":"Home","item":"https:\/\/truusk.store\/sv\/"},{"@type":"ListItem","position":2,"name":"Shop","item":"https:\/\/truusk.store\/shop\/"},{"@type":"ListItem","position":3,"name":"TRUUSK Avslappningsstol &#8211; Solstol &#8211; Justerbar Bas &#8211; Dyna &#8211; Tr\u00e4 och Svart &#8211; 66,5 x 94 x 100 cm"}]},{"@type":"WebSite","@id":"https:\/\/truusk.store\/sv\/#website","url":"https:\/\/truusk.store\/sv\/","name":"TRUUSK - Hem, Tr\u00e4dg\u00e5rd & Fritid","description":"","publisher":{"@id":"https:\/\/truusk.store\/sv\/#organization"},"potentialAction":[{"@type":"SearchAction","target":{"@type":"EntryPoint","urlTemplate":"https:\/\/truusk.store\/sv\/?s={search_term_string}"},"query-input":{"@type":"PropertyValueSpecification","valueRequired":true,"valueName":"search_term_string"}}],"inLanguage":"sv-SE"},{"@type":"Organization","@id":"https:\/\/truusk.store\/sv\/#organization","name":"TRUUSK - Hem, Tr\u00e4dg\u00e5rd & Fritid","url":"https:\/\/truusk.store\/sv\/","logo":{"@type":"ImageObject","inLanguage":"sv-SE","@id":"https:\/\/truusk.store\/sv\/#\/schema\/logo\/image\/","url":"https:\/\/i0.wp.com\/truusk.store\/wp-content\/uploads\/2026\/03\/cropped-TRUUSK.png?fit=2032%2C917&ssl=1","contentUrl":"https:\/\/i0.wp.com\/truusk.store\/wp-content\/uploads\/2026\/03\/cropped-TRUUSK.png?fit=2032%2C917&ssl=1","width":2032,"height":917,"caption":"TRUUSK - Hem, Tr\u00e4dg\u00e5rd & Fritid"},"image":{"@id":"https:\/\/truusk.store\/sv\/#\/schema\/logo\/image\/"}}]}},"jetpack_sharing_enabled":true,"_links":{"self":[{"href":"https:\/\/truusk.store\/sv\/wp-json\/wp\/v2\/product\/39707","targetHints":{"allow":["GET"]}}],"collection":[{"href":"https:\/\/truusk.store\/sv\/wp-json\/wp\/v2\/product"}],"about":[{"href":"https:\/\/truusk.store\/sv\/wp-json\/wp\/v2\/types\/product"}],"wp:featuredmedia":[{"embeddable":true,"href":"https:\/\/truusk.store\/sv\/wp-json\/wp\/v2\/media\/39708"}],"wp:attachment":[{"href":"https:\/\/truusk.store\/sv\/wp-json\/wp\/v2\/media?parent=39707"}],"wp:term":[{"taxonomy":"product_brand","embeddable":true,"href":"https:\/\/truusk.store\/sv\/wp-json\/wp\/v2\/product_brand?post=39707"},{"taxonomy":"product_cat","embeddable":true,"href":"https:\/\/truusk.store\/sv\/wp-json\/wp\/v2\/product_cat?post=39707"},{"taxonomy":"product_tag","embeddable":true,"href":"https:\/\/truusk.store\/sv\/wp-json\/wp\/v2\/product_tag?post=39707"}],"curies":[{"name":"wp","href":"https:\/\/api.w.org\/{rel}","templated":true}]}}