{"id":39746,"date":"2024-02-14T02:16:47","date_gmt":"2024-02-14T01:16:47","guid":{"rendered":"https:\/\/truusk.store\/product\/fatolj-med-nackstod-och-armstod-overdrag-i-linnelook-traram-gra-natur\/"},"modified":"2026-03-12T09:15:28","modified_gmt":"2026-03-12T08:15:28","slug":"truusk-fatolj-med-nackstod-och-armstod-linnelook-overdrag-traram-gra-natur","status":"publish","type":"product","link":"https:\/\/truusk.store\/sv\/produkt\/truusk-fatolj-med-nackstod-och-armstod-linnelook-overdrag-traram-gra-natur\/","title":{"rendered":"TRUUSK F\u00e5t\u00f6lj med Nackst\u00f6d och Armst\u00f6d &#8211; Linnelook \u00d6verdrag &#8211; Tr\u00e4ram &#8211; Gr\u00e5 + Natur"},"content":{"rendered":"<p>Accentstolen har en ovandel i linnelook och en tr\u00e4ram. Den enkla men eleganta designen \u00e4r alltid p\u00e5 modet. Denna m\u00e5ngsidiga stol \u00e4r l\u00e4mplig f\u00f6r vardagsrum, sovrum, kontor och kan \u00e4ven enkelt flyttas och transporteras tack vare den l\u00e4tta och kompakta designen. Denna fritidsstol kommer att g\u00f6ra ditt liv mycket bekv\u00e4mare!<\/p>\n<h3>Beskrivning:<\/h3>\n<ul>\n<li>L\u00e4mplig f\u00f6r vardagsrum, sovrum, sovsal, kontor, v\u00e4ntrum, balkong<\/li>\n<li>L\u00e4tt och kompakt design f\u00f6r enkel transport<\/li>\n<li>Fotkuddarna f\u00f6rhindrar repor p\u00e5 golvet.<\/li>\n<li>Bra stoppning, nackst\u00f6d och armst\u00f6d garanterar en utm\u00e4rkt sittupplevelse<\/li>\n<li>Andningsbart \u00f6verdrag i linnelook f\u00f6r god ventilation<\/li>\n<li>En robust tr\u00e4ram s\u00e4kerst\u00e4ller h\u00f6g stabilitet och l\u00e5ng livsl\u00e4ngd<\/li>\n<li>Enkel konstruktion<\/li>\n<\/ul>\n<h3>Teknisk data:<\/h3>\n<ul>\n<li>F\u00e4rg gr\u00e5<\/li>\n<li>Material: linne (100% polyester), eukalyptustr\u00e4, skum<\/li>\n<li>\u00d6vergripande m\u00e5tt: 66,5W x 80D x 99H cm<\/li>\n<li>Sitsstorlek: 55W x 53D cm<\/li>\n<li>Sitth\u00f6jd: 39 cm<\/li>\n<li>Ryggst\u00f6dsstorlek: 55W x 71H cm<\/li>\n<li>Max lastkapacitet: 120 kg<\/li>\n<\/ul>\n<h3>Leveransens omfattning:<\/h3>\n<ul>\n<li>1 x Liggstol<\/li>\n<li>1 x Instruktioner<\/li>\n<\/ul>\n","protected":false},"excerpt":{"rendered":"<p>Accentstolen har en ovandel i linnelook och en tr\u00e4ram. Den enkla men eleganta designen \u00e4r alltid p\u00e5 modet. Denna m\u00e5ngsidiga&#8230;<\/p>\n","protected":false},"featured_media":39747,"template":"","meta":[],"product_brand":[],"product_cat":[521,485,526],"product_tag":[],"class_list":{"0":"post-39746","1":"product","2":"type-product","3":"status-publish","4":"has-post-thumbnail","6":"product_cat-fatolj","7":"product_cat-hus-bo","8":"product_cat-tv-fatolj","10":"first","11":"instock","12":"sale","13":"taxable","14":"shipping-taxable","15":"purchasable","16":"product-type-simple"},"yoast_head":"<!-- This site is optimized with the Yoast SEO plugin v25.4 - https:\/\/yoast.com\/wordpress\/plugins\/seo\/ -->\n<title>TRUUSK F\u00e5t\u00f6lj med Nackst\u00f6d och Armst\u00f6d - Linnelook \u00d6verdrag - Tr\u00e4ram - Gr\u00e5 + Natur - TRUUSK - Hem, Tr\u00e4dg\u00e5rd &amp; Fritid<\/title>\n<meta name=\"robots\" content=\"index, follow, max-snippet:-1, max-image-preview:large, max-video-preview:-1\" \/>\n<link rel=\"canonical\" href=\"https:\/\/truusk.store\/sv\/produkt\/truusk-fatolj-med-nackstod-och-armstod-linnelook-overdrag-traram-gra-natur\/\" \/>\n<meta property=\"og:locale\" content=\"sv_SE\" \/>\n<meta property=\"og:type\" content=\"article\" \/>\n<meta property=\"og:title\" content=\"TRUUSK F\u00e5t\u00f6lj med Nackst\u00f6d och Armst\u00f6d - Linnelook \u00d6verdrag - Tr\u00e4ram - Gr\u00e5 + Natur - TRUUSK - Hem, Tr\u00e4dg\u00e5rd &amp; Fritid\" \/>\n<meta property=\"og:description\" content=\"Accentstolen har en ovandel i linnelook och en tr\u00e4ram. Den enkla men eleganta designen \u00e4r alltid p\u00e5 modet. Denna m\u00e5ngsidiga...\" \/>\n<meta property=\"og:url\" content=\"https:\/\/truusk.store\/sv\/produkt\/truusk-fatolj-med-nackstod-och-armstod-linnelook-overdrag-traram-gra-natur\/\" \/>\n<meta property=\"og:site_name\" content=\"TRUUSK - Hem, Tr\u00e4dg\u00e5rd &amp; Fritid\" \/>\n<meta property=\"article:modified_time\" content=\"2026-03-12T08:15:28+00:00\" \/>\n<meta property=\"og:image\" content=\"https:\/\/i0.wp.com\/truusk.se\/wp-content\/uploads\/2024\/02\/fatolj-med-nackstod-och-armstod-overdrag-i-linnelook-traram-gra-natur.webp?fit=800%2C800&ssl=1\" \/>\n\t<meta property=\"og:image:width\" content=\"800\" \/>\n\t<meta property=\"og:image:height\" content=\"800\" \/>\n\t<meta property=\"og:image:type\" content=\"image\/webp\" \/>\n<meta name=\"twitter:card\" content=\"summary_large_image\" \/>\n<meta name=\"twitter:label1\" content=\"Ber\u00e4knad l\u00e4stid\" \/>\n\t<meta name=\"twitter:data1\" content=\"1 minut\" \/>\n<!-- \/ Yoast SEO plugin. -->","yoast_head_json":{"title":"TRUUSK F\u00e5t\u00f6lj med Nackst\u00f6d och Armst\u00f6d - Linnelook \u00d6verdrag - Tr\u00e4ram - Gr\u00e5 + Natur - TRUUSK - Hem, Tr\u00e4dg\u00e5rd &amp; Fritid","robots":{"index":"index","follow":"follow","max-snippet":"max-snippet:-1","max-image-preview":"max-image-preview:large","max-video-preview":"max-video-preview:-1"},"canonical":"https:\/\/truusk.store\/sv\/produkt\/truusk-fatolj-med-nackstod-och-armstod-linnelook-overdrag-traram-gra-natur\/","og_locale":"sv_SE","og_type":"article","og_title":"TRUUSK F\u00e5t\u00f6lj med Nackst\u00f6d och Armst\u00f6d - Linnelook \u00d6verdrag - Tr\u00e4ram - Gr\u00e5 + Natur - TRUUSK - Hem, Tr\u00e4dg\u00e5rd &amp; Fritid","og_description":"Accentstolen har en ovandel i linnelook och en tr\u00e4ram. Den enkla men eleganta designen \u00e4r alltid p\u00e5 modet. Denna m\u00e5ngsidiga...","og_url":"https:\/\/truusk.store\/sv\/produkt\/truusk-fatolj-med-nackstod-och-armstod-linnelook-overdrag-traram-gra-natur\/","og_site_name":"TRUUSK - Hem, Tr\u00e4dg\u00e5rd &amp; Fritid","article_modified_time":"2026-03-12T08:15:28+00:00","og_image":[{"width":800,"height":800,"url":"https:\/\/i0.wp.com\/truusk.se\/wp-content\/uploads\/2024\/02\/fatolj-med-nackstod-och-armstod-overdrag-i-linnelook-traram-gra-natur.webp?fit=800%2C800&ssl=1","type":"image\/webp"}],"twitter_card":"summary_large_image","twitter_misc":{"Ber\u00e4knad l\u00e4stid":"1 minut"},"schema":{"@context":"https:\/\/schema.org","@graph":[{"@type":"WebPage","@id":"https:\/\/truusk.store\/sv\/produkt\/truusk-fatolj-med-nackstod-och-armstod-linnelook-overdrag-traram-gra-natur\/","url":"https:\/\/truusk.store\/sv\/produkt\/truusk-fatolj-med-nackstod-och-armstod-linnelook-overdrag-traram-gra-natur\/","name":"TRUUSK F\u00e5t\u00f6lj med Nackst\u00f6d och Armst\u00f6d - Linnelook \u00d6verdrag - Tr\u00e4ram - Gr\u00e5 + Natur - TRUUSK - Hem, Tr\u00e4dg\u00e5rd &amp; Fritid","isPartOf":{"@id":"https:\/\/truusk.store\/sv\/#website"},"primaryImageOfPage":{"@id":"https:\/\/truusk.store\/sv\/produkt\/truusk-fatolj-med-nackstod-och-armstod-linnelook-overdrag-traram-gra-natur\/#primaryimage"},"image":{"@id":"https:\/\/truusk.store\/sv\/produkt\/truusk-fatolj-med-nackstod-och-armstod-linnelook-overdrag-traram-gra-natur\/#primaryimage"},"thumbnailUrl":"https:\/\/i0.wp.com\/truusk.store\/wp-content\/uploads\/2024\/02\/fatolj-med-nackstod-och-armstod-overdrag-i-linnelook-traram-gra-natur.webp?fit=800%2C800&ssl=1","datePublished":"2024-02-14T01:16:47+00:00","dateModified":"2026-03-12T08:15:28+00:00","breadcrumb":{"@id":"https:\/\/truusk.store\/sv\/produkt\/truusk-fatolj-med-nackstod-och-armstod-linnelook-overdrag-traram-gra-natur\/#breadcrumb"},"inLanguage":"sv-SE","potentialAction":[{"@type":"ReadAction","target":["https:\/\/truusk.store\/sv\/produkt\/truusk-fatolj-med-nackstod-och-armstod-linnelook-overdrag-traram-gra-natur\/"]}]},{"@type":"ImageObject","inLanguage":"sv-SE","@id":"https:\/\/truusk.store\/sv\/produkt\/truusk-fatolj-med-nackstod-och-armstod-linnelook-overdrag-traram-gra-natur\/#primaryimage","url":"https:\/\/i0.wp.com\/truusk.store\/wp-content\/uploads\/2024\/02\/fatolj-med-nackstod-och-armstod-overdrag-i-linnelook-traram-gra-natur.webp?fit=800%2C800&ssl=1","contentUrl":"https:\/\/i0.wp.com\/truusk.store\/wp-content\/uploads\/2024\/02\/fatolj-med-nackstod-och-armstod-overdrag-i-linnelook-traram-gra-natur.webp?fit=800%2C800&ssl=1","width":800,"height":800,"caption":"F\u00e5t\u00f6lj Med Nackst\u00f6d Och Armst\u00f6d, \u00f6verdrag I Linnelook, Tr\u00e4ram, Gr\u00e5 + Natur 1"},{"@type":"BreadcrumbList","@id":"https:\/\/truusk.store\/sv\/produkt\/truusk-fatolj-med-nackstod-och-armstod-linnelook-overdrag-traram-gra-natur\/#breadcrumb","itemListElement":[{"@type":"ListItem","position":1,"name":"Home","item":"https:\/\/truusk.store\/sv\/"},{"@type":"ListItem","position":2,"name":"Shop","item":"https:\/\/truusk.store\/shop\/"},{"@type":"ListItem","position":3,"name":"TRUUSK F\u00e5t\u00f6lj med Nackst\u00f6d och Armst\u00f6d &#8211; Linnelook \u00d6verdrag &#8211; Tr\u00e4ram &#8211; Gr\u00e5 + Natur"}]},{"@type":"WebSite","@id":"https:\/\/truusk.store\/sv\/#website","url":"https:\/\/truusk.store\/sv\/","name":"TRUUSK - Hem, Tr\u00e4dg\u00e5rd & Fritid","description":"","publisher":{"@id":"https:\/\/truusk.store\/sv\/#organization"},"potentialAction":[{"@type":"SearchAction","target":{"@type":"EntryPoint","urlTemplate":"https:\/\/truusk.store\/sv\/?s={search_term_string}"},"query-input":{"@type":"PropertyValueSpecification","valueRequired":true,"valueName":"search_term_string"}}],"inLanguage":"sv-SE"},{"@type":"Organization","@id":"https:\/\/truusk.store\/sv\/#organization","name":"TRUUSK - Hem, Tr\u00e4dg\u00e5rd & Fritid","url":"https:\/\/truusk.store\/sv\/","logo":{"@type":"ImageObject","inLanguage":"sv-SE","@id":"https:\/\/truusk.store\/sv\/#\/schema\/logo\/image\/","url":"https:\/\/i0.wp.com\/truusk.store\/wp-content\/uploads\/2026\/03\/cropped-TRUUSK.png?fit=2032%2C917&ssl=1","contentUrl":"https:\/\/i0.wp.com\/truusk.store\/wp-content\/uploads\/2026\/03\/cropped-TRUUSK.png?fit=2032%2C917&ssl=1","width":2032,"height":917,"caption":"TRUUSK - Hem, Tr\u00e4dg\u00e5rd & Fritid"},"image":{"@id":"https:\/\/truusk.store\/sv\/#\/schema\/logo\/image\/"}}]}},"jetpack_sharing_enabled":true,"_links":{"self":[{"href":"https:\/\/truusk.store\/sv\/wp-json\/wp\/v2\/product\/39746","targetHints":{"allow":["GET"]}}],"collection":[{"href":"https:\/\/truusk.store\/sv\/wp-json\/wp\/v2\/product"}],"about":[{"href":"https:\/\/truusk.store\/sv\/wp-json\/wp\/v2\/types\/product"}],"wp:featuredmedia":[{"embeddable":true,"href":"https:\/\/truusk.store\/sv\/wp-json\/wp\/v2\/media\/39747"}],"wp:attachment":[{"href":"https:\/\/truusk.store\/sv\/wp-json\/wp\/v2\/media?parent=39746"}],"wp:term":[{"taxonomy":"product_brand","embeddable":true,"href":"https:\/\/truusk.store\/sv\/wp-json\/wp\/v2\/product_brand?post=39746"},{"taxonomy":"product_cat","embeddable":true,"href":"https:\/\/truusk.store\/sv\/wp-json\/wp\/v2\/product_cat?post=39746"},{"taxonomy":"product_tag","embeddable":true,"href":"https:\/\/truusk.store\/sv\/wp-json\/wp\/v2\/product_tag?post=39746"}],"curies":[{"name":"wp","href":"https:\/\/api.w.org\/{rel}","templated":true}]}}