{"id":39756,"date":"2024-02-14T02:17:09","date_gmt":"2024-02-14T01:17:09","guid":{"rendered":"https:\/\/truusk.store\/product\/fatolj-med-fotpall-fatoljset-linnelook-massivt-tra-gratt-natur\/"},"modified":"2026-03-12T09:15:31","modified_gmt":"2026-03-12T08:15:31","slug":"truusk-fotpall-och-fatolj-i-linnelook-massivt-tra-gratt-natur","status":"publish","type":"product","link":"https:\/\/truusk.store\/sv\/produkt\/truusk-fotpall-och-fatolj-i-linnelook-massivt-tra-gratt-natur\/","title":{"rendered":"TRUUSK Fotpall och F\u00e5t\u00f6lj i Linnelook &#8211; Massivt Tr\u00e4 &#8211; Gr\u00e5tt + Natur"},"content":{"rendered":"<p>Detta f\u00e5t\u00f6ljset best\u00e5r av en stoppad f\u00e5t\u00f6lj och en fotpall. B\u00e5de f\u00e5t\u00f6ljen och pallen har en ovandel i linnelook och en tr\u00e4ram. Den enkla men eleganta designen \u00e4r alltid p\u00e5 modet. Detta m\u00e5ngsidiga f\u00e5t\u00f6ljset \u00e4r l\u00e4mpligt f\u00f6r vardagsrum, sovrum, kontor och kan \u00e4ven enkelt flyttas och transporteras tack vare den l\u00e4tta och kompakta designen. Denna f\u00e5t\u00f6lj med fotpall kommer att g\u00f6ra ditt liv mycket trevligare!<\/p>\n<h3>Beskrivning:<\/h3>\n<ul>\n<li>Tv\u00e5delat set best\u00e5ende av en f\u00e5t\u00f6lj och en fotpall<\/li>\n<li>L\u00e4mplig f\u00f6r vardagsrum, sovrum, sovsal, kontor, balkong<\/li>\n<li>L\u00e4tt och kompakt design f\u00f6r enkel transport<\/li>\n<li>Fotkuddarna f\u00f6rhindrar repor p\u00e5 golvet.<\/li>\n<li>Bra stoppning, nackst\u00f6d och armst\u00f6d garanterar en utm\u00e4rkt sittupplevelse<\/li>\n<li>Andningsbart \u00f6verdrag i linnelook f\u00f6r god ventilation<\/li>\n<li>En robust tr\u00e4ram s\u00e4kerst\u00e4ller h\u00f6g stabilitet och l\u00e5ng livsl\u00e4ngd<\/li>\n<li>Enkel konstruktion<\/li>\n<\/ul>\n<h3>Teknisk data:<\/h3>\n<ul>\n<li>F\u00e4rg: Gr\u00e5+Naturlig<\/li>\n<li>Material: linne (100 % polyester), flerskiktsskiva, svamp<\/li>\n<li>Totala m\u00e5tt: 66,5W x 80D x 99H cm (fritidsstol), 51W x 45D x 40H cm (fotpall)<\/li>\n<li>Sitsstorlek: 55L x 53W cm<\/li>\n<li>Sitth\u00f6jd: 39 cm<\/li>\n<li>Ryggst\u00f6dsstorlek: 55W x 71H cm<\/li>\n<li>Kuddstorlek: 55L x 24W cm<\/li>\n<li>Max lastkapacitet: 120 kg (fritidsstol), 30 kg (fotpall)<\/li>\n<\/ul>\n<h3>Leveransens omfattning:<\/h3>\n<ul>\n<li>1 x Liggstol<\/li>\n<li>1 x fotpall<\/li>\n<li>1 x Instruktioner<\/li>\n<\/ul>\n","protected":false},"excerpt":{"rendered":"<p>Detta f\u00e5t\u00f6ljset best\u00e5r av en stoppad f\u00e5t\u00f6lj och en fotpall. B\u00e5de f\u00e5t\u00f6ljen och pallen har en ovandel i linnelook och&#8230;<\/p>\n","protected":false},"featured_media":39757,"template":"","meta":[],"product_brand":[],"product_cat":[521,485,524],"product_tag":[],"class_list":{"0":"post-39756","1":"product","2":"type-product","3":"status-publish","4":"has-post-thumbnail","6":"product_cat-fatolj","7":"product_cat-hus-bo","8":"product_cat-relaxstol-med-pall","10":"first","11":"instock","12":"sale","13":"taxable","14":"shipping-taxable","15":"purchasable","16":"product-type-simple"},"yoast_head":"<!-- This site is optimized with the Yoast SEO plugin v25.4 - https:\/\/yoast.com\/wordpress\/plugins\/seo\/ -->\n<title>TRUUSK Fotpall och F\u00e5t\u00f6lj i Linnelook - Massivt Tr\u00e4 - Gr\u00e5tt + Natur - TRUUSK - Hem, Tr\u00e4dg\u00e5rd &amp; Fritid<\/title>\n<meta name=\"robots\" content=\"index, follow, max-snippet:-1, max-image-preview:large, max-video-preview:-1\" \/>\n<link rel=\"canonical\" href=\"https:\/\/truusk.store\/sv\/produkt\/truusk-fotpall-och-fatolj-i-linnelook-massivt-tra-gratt-natur\/\" \/>\n<meta property=\"og:locale\" content=\"sv_SE\" \/>\n<meta property=\"og:type\" content=\"article\" \/>\n<meta property=\"og:title\" content=\"TRUUSK Fotpall och F\u00e5t\u00f6lj i Linnelook - Massivt Tr\u00e4 - Gr\u00e5tt + Natur - TRUUSK - Hem, Tr\u00e4dg\u00e5rd &amp; Fritid\" \/>\n<meta property=\"og:description\" content=\"Detta f\u00e5t\u00f6ljset best\u00e5r av en stoppad f\u00e5t\u00f6lj och en fotpall. B\u00e5de f\u00e5t\u00f6ljen och pallen har en ovandel i linnelook och...\" \/>\n<meta property=\"og:url\" content=\"https:\/\/truusk.store\/sv\/produkt\/truusk-fotpall-och-fatolj-i-linnelook-massivt-tra-gratt-natur\/\" \/>\n<meta property=\"og:site_name\" content=\"TRUUSK - Hem, Tr\u00e4dg\u00e5rd &amp; Fritid\" \/>\n<meta property=\"article:modified_time\" content=\"2026-03-12T08:15:31+00:00\" \/>\n<meta property=\"og:image\" content=\"https:\/\/i0.wp.com\/truusk.se\/wp-content\/uploads\/2024\/02\/fatolj-med-fotpall-fatoljset-linnelook-massivt-tra-gratt-natur.webp?fit=800%2C800&ssl=1\" \/>\n\t<meta property=\"og:image:width\" content=\"800\" \/>\n\t<meta property=\"og:image:height\" content=\"800\" \/>\n\t<meta property=\"og:image:type\" content=\"image\/webp\" \/>\n<meta name=\"twitter:card\" content=\"summary_large_image\" \/>\n<meta name=\"twitter:label1\" content=\"Ber\u00e4knad l\u00e4stid\" \/>\n\t<meta name=\"twitter:data1\" content=\"1 minut\" \/>\n<!-- \/ Yoast SEO plugin. -->","yoast_head_json":{"title":"TRUUSK Fotpall och F\u00e5t\u00f6lj i Linnelook - Massivt Tr\u00e4 - Gr\u00e5tt + Natur - TRUUSK - Hem, Tr\u00e4dg\u00e5rd &amp; Fritid","robots":{"index":"index","follow":"follow","max-snippet":"max-snippet:-1","max-image-preview":"max-image-preview:large","max-video-preview":"max-video-preview:-1"},"canonical":"https:\/\/truusk.store\/sv\/produkt\/truusk-fotpall-och-fatolj-i-linnelook-massivt-tra-gratt-natur\/","og_locale":"sv_SE","og_type":"article","og_title":"TRUUSK Fotpall och F\u00e5t\u00f6lj i Linnelook - Massivt Tr\u00e4 - Gr\u00e5tt + Natur - TRUUSK - Hem, Tr\u00e4dg\u00e5rd &amp; Fritid","og_description":"Detta f\u00e5t\u00f6ljset best\u00e5r av en stoppad f\u00e5t\u00f6lj och en fotpall. B\u00e5de f\u00e5t\u00f6ljen och pallen har en ovandel i linnelook och...","og_url":"https:\/\/truusk.store\/sv\/produkt\/truusk-fotpall-och-fatolj-i-linnelook-massivt-tra-gratt-natur\/","og_site_name":"TRUUSK - Hem, Tr\u00e4dg\u00e5rd &amp; Fritid","article_modified_time":"2026-03-12T08:15:31+00:00","og_image":[{"width":800,"height":800,"url":"https:\/\/i0.wp.com\/truusk.se\/wp-content\/uploads\/2024\/02\/fatolj-med-fotpall-fatoljset-linnelook-massivt-tra-gratt-natur.webp?fit=800%2C800&ssl=1","type":"image\/webp"}],"twitter_card":"summary_large_image","twitter_misc":{"Ber\u00e4knad l\u00e4stid":"1 minut"},"schema":{"@context":"https:\/\/schema.org","@graph":[{"@type":"WebPage","@id":"https:\/\/truusk.store\/sv\/produkt\/truusk-fotpall-och-fatolj-i-linnelook-massivt-tra-gratt-natur\/","url":"https:\/\/truusk.store\/sv\/produkt\/truusk-fotpall-och-fatolj-i-linnelook-massivt-tra-gratt-natur\/","name":"TRUUSK Fotpall och F\u00e5t\u00f6lj i Linnelook - Massivt Tr\u00e4 - Gr\u00e5tt + Natur - TRUUSK - Hem, Tr\u00e4dg\u00e5rd &amp; Fritid","isPartOf":{"@id":"https:\/\/truusk.store\/sv\/#website"},"primaryImageOfPage":{"@id":"https:\/\/truusk.store\/sv\/produkt\/truusk-fotpall-och-fatolj-i-linnelook-massivt-tra-gratt-natur\/#primaryimage"},"image":{"@id":"https:\/\/truusk.store\/sv\/produkt\/truusk-fotpall-och-fatolj-i-linnelook-massivt-tra-gratt-natur\/#primaryimage"},"thumbnailUrl":"https:\/\/i0.wp.com\/truusk.store\/wp-content\/uploads\/2024\/02\/fatolj-med-fotpall-fatoljset-linnelook-massivt-tra-gratt-natur.webp?fit=800%2C800&ssl=1","datePublished":"2024-02-14T01:17:09+00:00","dateModified":"2026-03-12T08:15:31+00:00","breadcrumb":{"@id":"https:\/\/truusk.store\/sv\/produkt\/truusk-fotpall-och-fatolj-i-linnelook-massivt-tra-gratt-natur\/#breadcrumb"},"inLanguage":"sv-SE","potentialAction":[{"@type":"ReadAction","target":["https:\/\/truusk.store\/sv\/produkt\/truusk-fotpall-och-fatolj-i-linnelook-massivt-tra-gratt-natur\/"]}]},{"@type":"ImageObject","inLanguage":"sv-SE","@id":"https:\/\/truusk.store\/sv\/produkt\/truusk-fotpall-och-fatolj-i-linnelook-massivt-tra-gratt-natur\/#primaryimage","url":"https:\/\/i0.wp.com\/truusk.store\/wp-content\/uploads\/2024\/02\/fatolj-med-fotpall-fatoljset-linnelook-massivt-tra-gratt-natur.webp?fit=800%2C800&ssl=1","contentUrl":"https:\/\/i0.wp.com\/truusk.store\/wp-content\/uploads\/2024\/02\/fatolj-med-fotpall-fatoljset-linnelook-massivt-tra-gratt-natur.webp?fit=800%2C800&ssl=1","width":800,"height":800,"caption":"F\u00e5t\u00f6lj Med Fotpall, F\u00e5t\u00f6ljset, Linnelook, Massivt Tr\u00e4, Gr\u00e5tt + Natur 1"},{"@type":"BreadcrumbList","@id":"https:\/\/truusk.store\/sv\/produkt\/truusk-fotpall-och-fatolj-i-linnelook-massivt-tra-gratt-natur\/#breadcrumb","itemListElement":[{"@type":"ListItem","position":1,"name":"Home","item":"https:\/\/truusk.store\/sv\/"},{"@type":"ListItem","position":2,"name":"Shop","item":"https:\/\/truusk.store\/shop\/"},{"@type":"ListItem","position":3,"name":"TRUUSK Fotpall och F\u00e5t\u00f6lj i Linnelook &#8211; Massivt Tr\u00e4 &#8211; Gr\u00e5tt + Natur"}]},{"@type":"WebSite","@id":"https:\/\/truusk.store\/sv\/#website","url":"https:\/\/truusk.store\/sv\/","name":"TRUUSK - Hem, Tr\u00e4dg\u00e5rd & Fritid","description":"","publisher":{"@id":"https:\/\/truusk.store\/sv\/#organization"},"potentialAction":[{"@type":"SearchAction","target":{"@type":"EntryPoint","urlTemplate":"https:\/\/truusk.store\/sv\/?s={search_term_string}"},"query-input":{"@type":"PropertyValueSpecification","valueRequired":true,"valueName":"search_term_string"}}],"inLanguage":"sv-SE"},{"@type":"Organization","@id":"https:\/\/truusk.store\/sv\/#organization","name":"TRUUSK - Hem, Tr\u00e4dg\u00e5rd & Fritid","url":"https:\/\/truusk.store\/sv\/","logo":{"@type":"ImageObject","inLanguage":"sv-SE","@id":"https:\/\/truusk.store\/sv\/#\/schema\/logo\/image\/","url":"https:\/\/i0.wp.com\/truusk.store\/wp-content\/uploads\/2026\/03\/cropped-TRUUSK.png?fit=2032%2C917&ssl=1","contentUrl":"https:\/\/i0.wp.com\/truusk.store\/wp-content\/uploads\/2026\/03\/cropped-TRUUSK.png?fit=2032%2C917&ssl=1","width":2032,"height":917,"caption":"TRUUSK - Hem, Tr\u00e4dg\u00e5rd & Fritid"},"image":{"@id":"https:\/\/truusk.store\/sv\/#\/schema\/logo\/image\/"}}]}},"jetpack_sharing_enabled":true,"_links":{"self":[{"href":"https:\/\/truusk.store\/sv\/wp-json\/wp\/v2\/product\/39756","targetHints":{"allow":["GET"]}}],"collection":[{"href":"https:\/\/truusk.store\/sv\/wp-json\/wp\/v2\/product"}],"about":[{"href":"https:\/\/truusk.store\/sv\/wp-json\/wp\/v2\/types\/product"}],"wp:featuredmedia":[{"embeddable":true,"href":"https:\/\/truusk.store\/sv\/wp-json\/wp\/v2\/media\/39757"}],"wp:attachment":[{"href":"https:\/\/truusk.store\/sv\/wp-json\/wp\/v2\/media?parent=39756"}],"wp:term":[{"taxonomy":"product_brand","embeddable":true,"href":"https:\/\/truusk.store\/sv\/wp-json\/wp\/v2\/product_brand?post=39756"},{"taxonomy":"product_cat","embeddable":true,"href":"https:\/\/truusk.store\/sv\/wp-json\/wp\/v2\/product_cat?post=39756"},{"taxonomy":"product_tag","embeddable":true,"href":"https:\/\/truusk.store\/sv\/wp-json\/wp\/v2\/product_tag?post=39756"}],"curies":[{"name":"wp","href":"https:\/\/api.w.org\/{rel}","templated":true}]}}