{"id":39788,"date":"2024-02-14T02:18:17","date_gmt":"2024-02-14T01:18:17","guid":{"rendered":"https:\/\/truusk.store\/product\/kontorsstol-hoj-och-sankbar-vridbar-funktion-585-cm-x-62-cm-x-91-cm-brun\/"},"modified":"2026-03-12T09:15:31","modified_gmt":"2026-03-12T08:15:31","slug":"truusk-kontorsstol-hoj-och-sankbar-vridbar-funktion-585-cm-x-62-cm-x-91-cm-brun","status":"publish","type":"product","link":"https:\/\/truusk.store\/sv\/produkt\/truusk-kontorsstol-hoj-och-sankbar-vridbar-funktion-585-cm-x-62-cm-x-91-cm-brun\/","title":{"rendered":"TRUUSK Kontorsstol &#8211; H\u00f6j- och s\u00e4nkbar &#8211; Vridbar funktion &#8211; 58,5 cm x 62 cm x 91 cm &#8211; Brun"},"content":{"rendered":"<p>Om du jobbar hemifr\u00e5n eller tillbringar mycket tid p\u00e5 din arbetsplats beh\u00f6ver du en stol som h\u00e5ller n\u00e4r du pluggar inf\u00f6r ett stort slutprov eller slutf\u00f6r ett stort arbetsprojekt. Den h\u00e4r kontorsstolen kan inte bara h\u00e4nga med, utan den g\u00e5r ut\u00f6ver det vanliga med sin avkopplande tjocka stoppning och lutning. Luta dig tillbaka och l\u00e5t den h\u00e4r kontorsstolen ta bort sp\u00e4nningen fr\u00e5n din rygg och ryggrad. Komfort och funktionalitet \u00e4r viktigt f\u00f6r en kontorsstol och att veta hur man g\u00f6r det.<\/p>\n<h3>Beskrivning:<\/h3>\n<ul>\n<li>Modern stil med sl\u00e4t yta passar de flesta inredningsstilar<\/li>\n<li>Ta en paus och stretcha med hj\u00e4lp av tiltfunktionen<\/li>\n<li>Justerbar h\u00f6jd fr\u00e5n 46cm till 54cm f\u00f6r att passa din sittstil<\/li>\n<li>Vadderad sits med en ovandel i konstl\u00e4der \u00e4r lyxig och l\u00e4ttsk\u00f6tt<\/li>\n<li>Sv\u00e4ngbara hjul och s\u00e4te s\u00e4kerst\u00e4ller enkel och snabb r\u00f6rlighet<\/li>\n<li>Montering kr\u00e4vs<\/li>\n<\/ul>\n<h3>Teknisk data:<\/h3>\n<ul>\n<li>F\u00e4rg brun<\/li>\n<li>Material: konstl\u00e4der, skum, nylon<\/li>\n<li>\u00d6vergripande m\u00e5tt: 58,5L x 62W x 83-91H cm<\/li>\n<li>Sits produktspecifikationer: 47W x 45D x 46-54H cm<\/li>\n<li>Ryggst\u00f6dsstorlek: 51W x 6D x 37H cm<\/li>\n<li>Armst\u00f6dsh\u00f6jd (till sittplats): 21 cm<\/li>\n<li>Total viktkapacitet: 120 kg<\/li>\n<\/ul>\n<h3>Leveransens omfattning:<\/h3>\n<ul>\n<li>1 x Kontorsstol<\/li>\n<li>1 x Instruktioner<\/li>\n<\/ul>\n","protected":false},"excerpt":{"rendered":"<p>Om du jobbar hemifr\u00e5n eller tillbringar mycket tid p\u00e5 din arbetsplats beh\u00f6ver du en stol som h\u00e5ller n\u00e4r du pluggar&#8230;<\/p>\n","protected":false},"featured_media":39789,"template":"","meta":[],"product_brand":[],"product_cat":[485,516,515],"product_tag":[],"class_list":{"0":"post-39788","1":"product","2":"type-product","3":"status-publish","4":"has-post-thumbnail","6":"product_cat-hus-bo","7":"product_cat-kontorsstolar","8":"product_cat-stolar","10":"first","11":"instock","12":"sale","13":"taxable","14":"shipping-taxable","15":"purchasable","16":"product-type-simple"},"yoast_head":"<!-- This site is optimized with the Yoast SEO plugin v25.4 - https:\/\/yoast.com\/wordpress\/plugins\/seo\/ -->\n<title>TRUUSK Kontorsstol - H\u00f6j- och s\u00e4nkbar - Vridbar funktion - 58,5 cm x 62 cm x 91 cm - Brun - TRUUSK - Hem, Tr\u00e4dg\u00e5rd &amp; Fritid<\/title>\n<meta name=\"robots\" content=\"index, follow, max-snippet:-1, max-image-preview:large, max-video-preview:-1\" \/>\n<link rel=\"canonical\" href=\"https:\/\/truusk.store\/sv\/produkt\/truusk-kontorsstol-hoj-och-sankbar-vridbar-funktion-585-cm-x-62-cm-x-91-cm-brun\/\" \/>\n<meta property=\"og:locale\" content=\"sv_SE\" \/>\n<meta property=\"og:type\" content=\"article\" \/>\n<meta property=\"og:title\" content=\"TRUUSK Kontorsstol - H\u00f6j- och s\u00e4nkbar - Vridbar funktion - 58,5 cm x 62 cm x 91 cm - Brun - TRUUSK - Hem, Tr\u00e4dg\u00e5rd &amp; Fritid\" \/>\n<meta property=\"og:description\" content=\"Om du jobbar hemifr\u00e5n eller tillbringar mycket tid p\u00e5 din arbetsplats beh\u00f6ver du en stol som h\u00e5ller n\u00e4r du pluggar...\" \/>\n<meta property=\"og:url\" content=\"https:\/\/truusk.store\/sv\/produkt\/truusk-kontorsstol-hoj-och-sankbar-vridbar-funktion-585-cm-x-62-cm-x-91-cm-brun\/\" \/>\n<meta property=\"og:site_name\" content=\"TRUUSK - Hem, Tr\u00e4dg\u00e5rd &amp; Fritid\" \/>\n<meta property=\"article:modified_time\" content=\"2026-03-12T08:15:31+00:00\" \/>\n<meta property=\"og:image\" content=\"https:\/\/i0.wp.com\/truusk.se\/wp-content\/uploads\/2024\/02\/kontorsstol-hoj-och-sankbar-vridbar-funktion-585-cm-x-62-cm-x-91-cm-brun.webp?fit=800%2C800&ssl=1\" \/>\n\t<meta property=\"og:image:width\" content=\"800\" \/>\n\t<meta property=\"og:image:height\" content=\"800\" \/>\n\t<meta property=\"og:image:type\" content=\"image\/webp\" \/>\n<meta name=\"twitter:card\" content=\"summary_large_image\" \/>\n<meta name=\"twitter:label1\" content=\"Ber\u00e4knad l\u00e4stid\" \/>\n\t<meta name=\"twitter:data1\" content=\"1 minut\" \/>\n<!-- \/ Yoast SEO plugin. -->","yoast_head_json":{"title":"TRUUSK Kontorsstol - H\u00f6j- och s\u00e4nkbar - Vridbar funktion - 58,5 cm x 62 cm x 91 cm - Brun - TRUUSK - Hem, Tr\u00e4dg\u00e5rd &amp; Fritid","robots":{"index":"index","follow":"follow","max-snippet":"max-snippet:-1","max-image-preview":"max-image-preview:large","max-video-preview":"max-video-preview:-1"},"canonical":"https:\/\/truusk.store\/sv\/produkt\/truusk-kontorsstol-hoj-och-sankbar-vridbar-funktion-585-cm-x-62-cm-x-91-cm-brun\/","og_locale":"sv_SE","og_type":"article","og_title":"TRUUSK Kontorsstol - H\u00f6j- och s\u00e4nkbar - Vridbar funktion - 58,5 cm x 62 cm x 91 cm - Brun - TRUUSK - Hem, Tr\u00e4dg\u00e5rd &amp; Fritid","og_description":"Om du jobbar hemifr\u00e5n eller tillbringar mycket tid p\u00e5 din arbetsplats beh\u00f6ver du en stol som h\u00e5ller n\u00e4r du pluggar...","og_url":"https:\/\/truusk.store\/sv\/produkt\/truusk-kontorsstol-hoj-och-sankbar-vridbar-funktion-585-cm-x-62-cm-x-91-cm-brun\/","og_site_name":"TRUUSK - Hem, Tr\u00e4dg\u00e5rd &amp; Fritid","article_modified_time":"2026-03-12T08:15:31+00:00","og_image":[{"width":800,"height":800,"url":"https:\/\/i0.wp.com\/truusk.se\/wp-content\/uploads\/2024\/02\/kontorsstol-hoj-och-sankbar-vridbar-funktion-585-cm-x-62-cm-x-91-cm-brun.webp?fit=800%2C800&ssl=1","type":"image\/webp"}],"twitter_card":"summary_large_image","twitter_misc":{"Ber\u00e4knad l\u00e4stid":"1 minut"},"schema":{"@context":"https:\/\/schema.org","@graph":[{"@type":"WebPage","@id":"https:\/\/truusk.store\/sv\/produkt\/truusk-kontorsstol-hoj-och-sankbar-vridbar-funktion-585-cm-x-62-cm-x-91-cm-brun\/","url":"https:\/\/truusk.store\/sv\/produkt\/truusk-kontorsstol-hoj-och-sankbar-vridbar-funktion-585-cm-x-62-cm-x-91-cm-brun\/","name":"TRUUSK Kontorsstol - H\u00f6j- och s\u00e4nkbar - Vridbar funktion - 58,5 cm x 62 cm x 91 cm - Brun - TRUUSK - Hem, Tr\u00e4dg\u00e5rd &amp; Fritid","isPartOf":{"@id":"https:\/\/truusk.store\/sv\/#website"},"primaryImageOfPage":{"@id":"https:\/\/truusk.store\/sv\/produkt\/truusk-kontorsstol-hoj-och-sankbar-vridbar-funktion-585-cm-x-62-cm-x-91-cm-brun\/#primaryimage"},"image":{"@id":"https:\/\/truusk.store\/sv\/produkt\/truusk-kontorsstol-hoj-och-sankbar-vridbar-funktion-585-cm-x-62-cm-x-91-cm-brun\/#primaryimage"},"thumbnailUrl":"https:\/\/i0.wp.com\/truusk.store\/wp-content\/uploads\/2024\/02\/kontorsstol-hoj-och-sankbar-vridbar-funktion-585-cm-x-62-cm-x-91-cm-brun.webp?fit=800%2C800&ssl=1","datePublished":"2024-02-14T01:18:17+00:00","dateModified":"2026-03-12T08:15:31+00:00","breadcrumb":{"@id":"https:\/\/truusk.store\/sv\/produkt\/truusk-kontorsstol-hoj-och-sankbar-vridbar-funktion-585-cm-x-62-cm-x-91-cm-brun\/#breadcrumb"},"inLanguage":"sv-SE","potentialAction":[{"@type":"ReadAction","target":["https:\/\/truusk.store\/sv\/produkt\/truusk-kontorsstol-hoj-och-sankbar-vridbar-funktion-585-cm-x-62-cm-x-91-cm-brun\/"]}]},{"@type":"ImageObject","inLanguage":"sv-SE","@id":"https:\/\/truusk.store\/sv\/produkt\/truusk-kontorsstol-hoj-och-sankbar-vridbar-funktion-585-cm-x-62-cm-x-91-cm-brun\/#primaryimage","url":"https:\/\/i0.wp.com\/truusk.store\/wp-content\/uploads\/2024\/02\/kontorsstol-hoj-och-sankbar-vridbar-funktion-585-cm-x-62-cm-x-91-cm-brun.webp?fit=800%2C800&ssl=1","contentUrl":"https:\/\/i0.wp.com\/truusk.store\/wp-content\/uploads\/2024\/02\/kontorsstol-hoj-och-sankbar-vridbar-funktion-585-cm-x-62-cm-x-91-cm-brun.webp?fit=800%2C800&ssl=1","width":800,"height":800,"caption":"Kontorsstol, H\u00f6j- Och S\u00e4nkbar, Vridbar Funktion, 58,5 Cm X 62 Cm X 91 Cm, Brun 1"},{"@type":"BreadcrumbList","@id":"https:\/\/truusk.store\/sv\/produkt\/truusk-kontorsstol-hoj-och-sankbar-vridbar-funktion-585-cm-x-62-cm-x-91-cm-brun\/#breadcrumb","itemListElement":[{"@type":"ListItem","position":1,"name":"Home","item":"https:\/\/truusk.store\/sv\/"},{"@type":"ListItem","position":2,"name":"Shop","item":"https:\/\/truusk.store\/shop\/"},{"@type":"ListItem","position":3,"name":"TRUUSK Kontorsstol &#8211; H\u00f6j- och s\u00e4nkbar &#8211; Vridbar funktion &#8211; 58,5 cm x 62 cm x 91 cm &#8211; Brun"}]},{"@type":"WebSite","@id":"https:\/\/truusk.store\/sv\/#website","url":"https:\/\/truusk.store\/sv\/","name":"TRUUSK - Hem, Tr\u00e4dg\u00e5rd & Fritid","description":"","publisher":{"@id":"https:\/\/truusk.store\/sv\/#organization"},"potentialAction":[{"@type":"SearchAction","target":{"@type":"EntryPoint","urlTemplate":"https:\/\/truusk.store\/sv\/?s={search_term_string}"},"query-input":{"@type":"PropertyValueSpecification","valueRequired":true,"valueName":"search_term_string"}}],"inLanguage":"sv-SE"},{"@type":"Organization","@id":"https:\/\/truusk.store\/sv\/#organization","name":"TRUUSK - Hem, Tr\u00e4dg\u00e5rd & Fritid","url":"https:\/\/truusk.store\/sv\/","logo":{"@type":"ImageObject","inLanguage":"sv-SE","@id":"https:\/\/truusk.store\/sv\/#\/schema\/logo\/image\/","url":"https:\/\/i0.wp.com\/truusk.store\/wp-content\/uploads\/2026\/03\/cropped-TRUUSK.png?fit=2032%2C917&ssl=1","contentUrl":"https:\/\/i0.wp.com\/truusk.store\/wp-content\/uploads\/2026\/03\/cropped-TRUUSK.png?fit=2032%2C917&ssl=1","width":2032,"height":917,"caption":"TRUUSK - Hem, Tr\u00e4dg\u00e5rd & Fritid"},"image":{"@id":"https:\/\/truusk.store\/sv\/#\/schema\/logo\/image\/"}}]}},"jetpack_sharing_enabled":true,"_links":{"self":[{"href":"https:\/\/truusk.store\/sv\/wp-json\/wp\/v2\/product\/39788","targetHints":{"allow":["GET"]}}],"collection":[{"href":"https:\/\/truusk.store\/sv\/wp-json\/wp\/v2\/product"}],"about":[{"href":"https:\/\/truusk.store\/sv\/wp-json\/wp\/v2\/types\/product"}],"wp:featuredmedia":[{"embeddable":true,"href":"https:\/\/truusk.store\/sv\/wp-json\/wp\/v2\/media\/39789"}],"wp:attachment":[{"href":"https:\/\/truusk.store\/sv\/wp-json\/wp\/v2\/media?parent=39788"}],"wp:term":[{"taxonomy":"product_brand","embeddable":true,"href":"https:\/\/truusk.store\/sv\/wp-json\/wp\/v2\/product_brand?post=39788"},{"taxonomy":"product_cat","embeddable":true,"href":"https:\/\/truusk.store\/sv\/wp-json\/wp\/v2\/product_cat?post=39788"},{"taxonomy":"product_tag","embeddable":true,"href":"https:\/\/truusk.store\/sv\/wp-json\/wp\/v2\/product_tag?post=39788"}],"curies":[{"name":"wp","href":"https:\/\/api.w.org\/{rel}","templated":true}]}}