{"id":39866,"date":"2024-02-14T02:24:10","date_gmt":"2024-02-14T01:24:10","guid":{"rendered":"https:\/\/truusk.store\/product\/gungstol-med-sherpa-fleece-63-cm-x-95-cm-x-97-cm-natur-kram\/"},"modified":"2026-03-12T09:15:33","modified_gmt":"2026-03-12T08:15:33","slug":"truusk-gungstol-med-sherpa-fleece-natur-kram-mjuk-och-bekvam-perfekt-for-avkoppling-63-cm-x-95-cm-x-97-cm","status":"publish","type":"product","link":"https:\/\/truusk.store\/sv\/produkt\/truusk-gungstol-med-sherpa-fleece-natur-kram-mjuk-och-bekvam-perfekt-for-avkoppling-63-cm-x-95-cm-x-97-cm\/","title":{"rendered":"TRUUSK Gungstol Med Sherpa Fleece &#8211; Natur + Kr\u00e4m &#8211; Mjuk och Bekv\u00e4m &#8211; Perfekt f\u00f6r Avkoppling &#8211; 63 cm x 95 cm x 97 cm"},"content":{"rendered":"<p>Efter en l\u00e5ng dag p\u00e5 jobbet, vill du ha en mysig stund ensam p\u00e5 natten n\u00e4r det bl\u00e5ser? Gunga dig sj\u00e4lv till ett tillst\u00e5nd av lugn och harmoni med gungstolen. Den stora sitsen har en avslappnad form och \u00e4r fylld med tjockt skum f\u00f6r komfort. Armst\u00f6den och ryggst\u00f6det st\u00f6djer din kropp och f\u00f6rhindrar tr\u00f6tthet. Denna gungstol \u00e4r ditt b\u00e4sta val. Rocka dig in i en underbart vacker tid.<\/p>\n<h3>Beskrivning:<\/h3>\n<ul>\n<li>Vit Sherpa-fleecestoppning ger ditt hem modern charm<\/li>\n<li>Sv\u00e4ngd tr\u00e4botten f\u00f6r att gunga fram och tillbaka<\/li>\n<li>Sherpa fleece med tjock stoppning s\u00e4kerst\u00e4ller en utm\u00e4rkt sittupplevelse<\/li>\n<li>F\u00f6r en bekv\u00e4m tupplur eller f\u00f6r att koppla av med en bok eller surfplatta<\/li>\n<li>Fotkuddar skyddar ditt golv fr\u00e5n repor<\/li>\n<li>Gummif\u00f6tter och st\u00e5lram s\u00e4kerst\u00e4ller p\u00e5litlig stabilitet under anv\u00e4ndning,<\/li>\n<li>Enkel montering kr\u00e4vs<\/li>\n<\/ul>\n<h3>Teknisk data:<\/h3>\n<ul>\n<li>F\u00e4rg: kr\u00e4mvit<\/li>\n<li>Material: Sherpa-fleece (100% polyesterfiber), gummitr\u00e4, st\u00e5l, skum<\/li>\n<li>\u00d6vergripande m\u00e5tt: 63L x 95W x 97H cm<\/li>\n<li>Sitsstorlek: 43W x 43D cm<\/li>\n<li>Sitth\u00f6jd: 44 cm<\/li>\n<li>Sitstjocklek: 11 cm<\/li>\n<li>Ryggst\u00f6dsstorlek: 49W x 66H cm<\/li>\n<li>Ryggst\u00f6dets tjocklek: 9 cm<\/li>\n<li>Armst\u00f6dsstorlek: 5,5W x 50D cm<\/li>\n<li>Max lastkapacitet: 150 kg<\/li>\n<\/ul>\n<h3>Leveransens omfattning:<\/h3>\n<ul>\n<li>1 x gungstol<\/li>\n<li>1 x Instruktioner<\/li>\n<\/ul>\n","protected":false},"excerpt":{"rendered":"<p>Efter en l\u00e5ng dag p\u00e5 jobbet, vill du ha en mysig stund ensam p\u00e5 natten n\u00e4r det bl\u00e5ser? Gunga dig&#8230;<\/p>\n","protected":false},"featured_media":39867,"template":"","meta":[],"product_brand":[],"product_cat":[520,485,515],"product_tag":[],"class_list":{"0":"post-39866","1":"product","2":"type-product","3":"status-publish","4":"has-post-thumbnail","6":"product_cat-gungstolar","7":"product_cat-hus-bo","8":"product_cat-stolar","10":"first","11":"instock","12":"sale","13":"taxable","14":"shipping-taxable","15":"purchasable","16":"product-type-simple"},"yoast_head":"<!-- This site is optimized with the Yoast SEO plugin v25.4 - https:\/\/yoast.com\/wordpress\/plugins\/seo\/ -->\n<title>TRUUSK Gungstol Med Sherpa Fleece - Natur + Kr\u00e4m - Mjuk och Bekv\u00e4m - Perfekt f\u00f6r Avkoppling - 63 cm x 95 cm x 97 cm - TRUUSK - Hem, Tr\u00e4dg\u00e5rd &amp; Fritid<\/title>\n<meta name=\"robots\" content=\"index, follow, max-snippet:-1, max-image-preview:large, max-video-preview:-1\" \/>\n<link rel=\"canonical\" href=\"https:\/\/truusk.store\/sv\/produkt\/truusk-gungstol-med-sherpa-fleece-natur-kram-mjuk-och-bekvam-perfekt-for-avkoppling-63-cm-x-95-cm-x-97-cm\/\" \/>\n<meta property=\"og:locale\" content=\"sv_SE\" \/>\n<meta property=\"og:type\" content=\"article\" \/>\n<meta property=\"og:title\" content=\"TRUUSK Gungstol Med Sherpa Fleece - Natur + Kr\u00e4m - Mjuk och Bekv\u00e4m - Perfekt f\u00f6r Avkoppling - 63 cm x 95 cm x 97 cm - TRUUSK - Hem, Tr\u00e4dg\u00e5rd &amp; Fritid\" \/>\n<meta property=\"og:description\" content=\"Efter en l\u00e5ng dag p\u00e5 jobbet, vill du ha en mysig stund ensam p\u00e5 natten n\u00e4r det bl\u00e5ser? Gunga dig...\" \/>\n<meta property=\"og:url\" content=\"https:\/\/truusk.store\/sv\/produkt\/truusk-gungstol-med-sherpa-fleece-natur-kram-mjuk-och-bekvam-perfekt-for-avkoppling-63-cm-x-95-cm-x-97-cm\/\" \/>\n<meta property=\"og:site_name\" content=\"TRUUSK - Hem, Tr\u00e4dg\u00e5rd &amp; Fritid\" \/>\n<meta property=\"article:modified_time\" content=\"2026-03-12T08:15:33+00:00\" \/>\n<meta property=\"og:image\" content=\"https:\/\/i0.wp.com\/truusk.se\/wp-content\/uploads\/2024\/02\/gungstol-med-sherpa-fleece-63-cm-x-95-cm-x-97-cm-natur-kram.webp?fit=800%2C800&ssl=1\" \/>\n\t<meta property=\"og:image:width\" content=\"800\" \/>\n\t<meta property=\"og:image:height\" content=\"800\" \/>\n\t<meta property=\"og:image:type\" content=\"image\/webp\" \/>\n<meta name=\"twitter:card\" content=\"summary_large_image\" \/>\n<meta name=\"twitter:label1\" content=\"Ber\u00e4knad l\u00e4stid\" \/>\n\t<meta name=\"twitter:data1\" content=\"1 minut\" \/>\n<!-- \/ Yoast SEO plugin. -->","yoast_head_json":{"title":"TRUUSK Gungstol Med Sherpa Fleece - Natur + Kr\u00e4m - Mjuk och Bekv\u00e4m - Perfekt f\u00f6r Avkoppling - 63 cm x 95 cm x 97 cm - TRUUSK - Hem, Tr\u00e4dg\u00e5rd &amp; Fritid","robots":{"index":"index","follow":"follow","max-snippet":"max-snippet:-1","max-image-preview":"max-image-preview:large","max-video-preview":"max-video-preview:-1"},"canonical":"https:\/\/truusk.store\/sv\/produkt\/truusk-gungstol-med-sherpa-fleece-natur-kram-mjuk-och-bekvam-perfekt-for-avkoppling-63-cm-x-95-cm-x-97-cm\/","og_locale":"sv_SE","og_type":"article","og_title":"TRUUSK Gungstol Med Sherpa Fleece - Natur + Kr\u00e4m - Mjuk och Bekv\u00e4m - Perfekt f\u00f6r Avkoppling - 63 cm x 95 cm x 97 cm - TRUUSK - Hem, Tr\u00e4dg\u00e5rd &amp; Fritid","og_description":"Efter en l\u00e5ng dag p\u00e5 jobbet, vill du ha en mysig stund ensam p\u00e5 natten n\u00e4r det bl\u00e5ser? Gunga dig...","og_url":"https:\/\/truusk.store\/sv\/produkt\/truusk-gungstol-med-sherpa-fleece-natur-kram-mjuk-och-bekvam-perfekt-for-avkoppling-63-cm-x-95-cm-x-97-cm\/","og_site_name":"TRUUSK - Hem, Tr\u00e4dg\u00e5rd &amp; Fritid","article_modified_time":"2026-03-12T08:15:33+00:00","og_image":[{"width":800,"height":800,"url":"https:\/\/i0.wp.com\/truusk.se\/wp-content\/uploads\/2024\/02\/gungstol-med-sherpa-fleece-63-cm-x-95-cm-x-97-cm-natur-kram.webp?fit=800%2C800&ssl=1","type":"image\/webp"}],"twitter_card":"summary_large_image","twitter_misc":{"Ber\u00e4knad l\u00e4stid":"1 minut"},"schema":{"@context":"https:\/\/schema.org","@graph":[{"@type":"WebPage","@id":"https:\/\/truusk.store\/sv\/produkt\/truusk-gungstol-med-sherpa-fleece-natur-kram-mjuk-och-bekvam-perfekt-for-avkoppling-63-cm-x-95-cm-x-97-cm\/","url":"https:\/\/truusk.store\/sv\/produkt\/truusk-gungstol-med-sherpa-fleece-natur-kram-mjuk-och-bekvam-perfekt-for-avkoppling-63-cm-x-95-cm-x-97-cm\/","name":"TRUUSK Gungstol Med Sherpa Fleece - Natur + Kr\u00e4m - Mjuk och Bekv\u00e4m - Perfekt f\u00f6r Avkoppling - 63 cm x 95 cm x 97 cm - TRUUSK - Hem, Tr\u00e4dg\u00e5rd &amp; Fritid","isPartOf":{"@id":"https:\/\/truusk.store\/sv\/#website"},"primaryImageOfPage":{"@id":"https:\/\/truusk.store\/sv\/produkt\/truusk-gungstol-med-sherpa-fleece-natur-kram-mjuk-och-bekvam-perfekt-for-avkoppling-63-cm-x-95-cm-x-97-cm\/#primaryimage"},"image":{"@id":"https:\/\/truusk.store\/sv\/produkt\/truusk-gungstol-med-sherpa-fleece-natur-kram-mjuk-och-bekvam-perfekt-for-avkoppling-63-cm-x-95-cm-x-97-cm\/#primaryimage"},"thumbnailUrl":"https:\/\/i0.wp.com\/truusk.store\/wp-content\/uploads\/2024\/02\/gungstol-med-sherpa-fleece-63-cm-x-95-cm-x-97-cm-natur-kram.webp?fit=800%2C800&ssl=1","datePublished":"2024-02-14T01:24:10+00:00","dateModified":"2026-03-12T08:15:33+00:00","breadcrumb":{"@id":"https:\/\/truusk.store\/sv\/produkt\/truusk-gungstol-med-sherpa-fleece-natur-kram-mjuk-och-bekvam-perfekt-for-avkoppling-63-cm-x-95-cm-x-97-cm\/#breadcrumb"},"inLanguage":"sv-SE","potentialAction":[{"@type":"ReadAction","target":["https:\/\/truusk.store\/sv\/produkt\/truusk-gungstol-med-sherpa-fleece-natur-kram-mjuk-och-bekvam-perfekt-for-avkoppling-63-cm-x-95-cm-x-97-cm\/"]}]},{"@type":"ImageObject","inLanguage":"sv-SE","@id":"https:\/\/truusk.store\/sv\/produkt\/truusk-gungstol-med-sherpa-fleece-natur-kram-mjuk-och-bekvam-perfekt-for-avkoppling-63-cm-x-95-cm-x-97-cm\/#primaryimage","url":"https:\/\/i0.wp.com\/truusk.store\/wp-content\/uploads\/2024\/02\/gungstol-med-sherpa-fleece-63-cm-x-95-cm-x-97-cm-natur-kram.webp?fit=800%2C800&ssl=1","contentUrl":"https:\/\/i0.wp.com\/truusk.store\/wp-content\/uploads\/2024\/02\/gungstol-med-sherpa-fleece-63-cm-x-95-cm-x-97-cm-natur-kram.webp?fit=800%2C800&ssl=1","width":800,"height":800,"caption":"Gungstol Med Sherpa Fleece 63 Cm X 95 Cm X 97 Cm Natur + Kr\u00e4m 1"},{"@type":"BreadcrumbList","@id":"https:\/\/truusk.store\/sv\/produkt\/truusk-gungstol-med-sherpa-fleece-natur-kram-mjuk-och-bekvam-perfekt-for-avkoppling-63-cm-x-95-cm-x-97-cm\/#breadcrumb","itemListElement":[{"@type":"ListItem","position":1,"name":"Home","item":"https:\/\/truusk.store\/sv\/"},{"@type":"ListItem","position":2,"name":"Shop","item":"https:\/\/truusk.store\/shop\/"},{"@type":"ListItem","position":3,"name":"TRUUSK Gungstol Med Sherpa Fleece &#8211; Natur + Kr\u00e4m &#8211; Mjuk och Bekv\u00e4m &#8211; Perfekt f\u00f6r Avkoppling &#8211; 63 cm x 95 cm x 97 cm"}]},{"@type":"WebSite","@id":"https:\/\/truusk.store\/sv\/#website","url":"https:\/\/truusk.store\/sv\/","name":"TRUUSK - Hem, Tr\u00e4dg\u00e5rd & Fritid","description":"","publisher":{"@id":"https:\/\/truusk.store\/sv\/#organization"},"potentialAction":[{"@type":"SearchAction","target":{"@type":"EntryPoint","urlTemplate":"https:\/\/truusk.store\/sv\/?s={search_term_string}"},"query-input":{"@type":"PropertyValueSpecification","valueRequired":true,"valueName":"search_term_string"}}],"inLanguage":"sv-SE"},{"@type":"Organization","@id":"https:\/\/truusk.store\/sv\/#organization","name":"TRUUSK - Hem, Tr\u00e4dg\u00e5rd & Fritid","url":"https:\/\/truusk.store\/sv\/","logo":{"@type":"ImageObject","inLanguage":"sv-SE","@id":"https:\/\/truusk.store\/sv\/#\/schema\/logo\/image\/","url":"https:\/\/i0.wp.com\/truusk.store\/wp-content\/uploads\/2026\/03\/cropped-TRUUSK.png?fit=2032%2C917&ssl=1","contentUrl":"https:\/\/i0.wp.com\/truusk.store\/wp-content\/uploads\/2026\/03\/cropped-TRUUSK.png?fit=2032%2C917&ssl=1","width":2032,"height":917,"caption":"TRUUSK - Hem, Tr\u00e4dg\u00e5rd & Fritid"},"image":{"@id":"https:\/\/truusk.store\/sv\/#\/schema\/logo\/image\/"}}]}},"jetpack_sharing_enabled":true,"_links":{"self":[{"href":"https:\/\/truusk.store\/sv\/wp-json\/wp\/v2\/product\/39866","targetHints":{"allow":["GET"]}}],"collection":[{"href":"https:\/\/truusk.store\/sv\/wp-json\/wp\/v2\/product"}],"about":[{"href":"https:\/\/truusk.store\/sv\/wp-json\/wp\/v2\/types\/product"}],"wp:featuredmedia":[{"embeddable":true,"href":"https:\/\/truusk.store\/sv\/wp-json\/wp\/v2\/media\/39867"}],"wp:attachment":[{"href":"https:\/\/truusk.store\/sv\/wp-json\/wp\/v2\/media?parent=39866"}],"wp:term":[{"taxonomy":"product_brand","embeddable":true,"href":"https:\/\/truusk.store\/sv\/wp-json\/wp\/v2\/product_brand?post=39866"},{"taxonomy":"product_cat","embeddable":true,"href":"https:\/\/truusk.store\/sv\/wp-json\/wp\/v2\/product_cat?post=39866"},{"taxonomy":"product_tag","embeddable":true,"href":"https:\/\/truusk.store\/sv\/wp-json\/wp\/v2\/product_tag?post=39866"}],"curies":[{"name":"wp","href":"https:\/\/api.w.org\/{rel}","templated":true}]}}