{"id":39877,"date":"2024-02-14T02:24:31","date_gmt":"2024-02-14T01:24:31","guid":{"rendered":"https:\/\/truusk.store\/product\/foderstation-2-foderskalar-2-liter-vardera-rostfritt-stal-med-lada-for-medelstora-hundar-gra-60-x-30-x-24cm\/"},"modified":"2026-03-12T09:15:33","modified_gmt":"2026-03-12T08:15:33","slug":"truusk-foderstation-2-foderskalar-2-liter-vardera-rostfritt-stal-med-lada-for-medelstora-hundar-gra-60-x-30-x-24cm","status":"publish","type":"product","link":"https:\/\/truusk.store\/sv\/produkt\/truusk-foderstation-2-foderskalar-2-liter-vardera-rostfritt-stal-med-lada-for-medelstora-hundar-gra-60-x-30-x-24cm\/","title":{"rendered":"TRUUSK Foderstation &#8211; 2 Fodersk\u00e5lar &#8211; 2 Liter Vardera &#8211; Rostfritt St\u00e5l &#8211; Med L\u00e5da &#8211; F\u00f6r Medelstora Hundar &#8211; Gr\u00e5 &#8211; 60 X 30 X 24cm"},"content":{"rendered":"<p>Denna moderna matningsstation g\u00f6r att din hund kan inta en bekv\u00e4m och skonsam \u00e4tst\u00e4llning s\u00e5 att den inte beh\u00f6ver b\u00f6ja sig ner och belasta halsen on\u00f6digt. Tv\u00e5 sk\u00e5lar av rostfritt st\u00e5l \u00e4r integrerade i foderstationens h\u00f6lje, som kan tas bort och reng\u00f6ras. Den praktiska l\u00e5dan ger gott om plats f\u00f6r matburkar, sopor och mycket mer. m. I en subtil gr\u00e5 f\u00e4rg passar denna matningsstation perfekt in i alla interi\u00f6rer.<\/p>\n<h3>Beskrivning:<\/h3>\n<ul>\n<li>Dold l\u00e5da f\u00f6r f\u00f6rvaring av leksaker och mat<\/li>\n<li>Tv\u00e5 avtagbara sk\u00e5lar i rostfritt st\u00e5l ing\u00e5r<\/li>\n<li>Avlastar trycket p\u00e5 hundens nacke, ryggar och leder<\/li>\n<li>Matsk\u00e5lar med en kapacitet p\u00e5 2 liter vardera, gjorda av rostfritt st\u00e5l, \u00e4r l\u00e4tta att reng\u00f6ra<\/li>\n<li>Robust, modernt designad h\u00f6lje s\u00e4kerst\u00e4ller h\u00f6g stabilitet och harmoniserar med din interi\u00f6r<\/li>\n<li>L\u00e4mplig f\u00f6r medelstora hundar (axelh\u00f6jd: 40-50 cm)<\/li>\n<li>Enkel montering kr\u00e4vs<\/li>\n<\/ul>\n<h3>Teknisk data:<\/h3>\n<ul>\n<li>F\u00e4rg gr\u00e5<\/li>\n<li>Material: rostfritt st\u00e5l, MDF<\/li>\n<li>\u00d6vergripande m\u00e5tt: 60W x 30D x 24H cm<\/li>\n<li>M\u00e5tt per sk\u00e5l: 7H x 24 cm<\/li>\n<li>Kapacitet per sk\u00e5l: 2000 ml<\/li>\n<li>Inv\u00e4ndiga l\u00e5dm\u00e5tt: 47,5W x 23,5D x 13H cm. Volym: 14 L<\/li>\n<li>Lastkapacitet (topp\/l\u00e5da): 15 kg<\/li>\n<\/ul>\n<h3>Leveransens omfattning:<\/h3>\n<ul>\n<li>1 x Matningsstation<\/li>\n<li>2 x sk\u00e5l i rostfritt st\u00e5l<\/li>\n<li>1 x manuell<\/li>\n<\/ul>\n","protected":false},"excerpt":{"rendered":"<p>Denna moderna matningsstation g\u00f6r att din hund kan inta en bekv\u00e4m och skonsam \u00e4tst\u00e4llning s\u00e5 att den inte beh\u00f6ver b\u00f6ja&#8230;<\/p>\n","protected":false},"featured_media":39878,"template":"","meta":[],"product_brand":[],"product_cat":[574,573,580],"product_tag":[],"class_list":{"0":"post-39877","1":"product","2":"type-product","3":"status-publish","4":"has-post-thumbnail","6":"product_cat-hundtillbehor","7":"product_cat-husdjursmaterial","8":"product_cat-matskalar","10":"first","11":"instock","12":"sale","13":"taxable","14":"shipping-taxable","15":"purchasable","16":"product-type-simple"},"yoast_head":"<!-- This site is optimized with the Yoast SEO plugin v25.4 - https:\/\/yoast.com\/wordpress\/plugins\/seo\/ -->\n<title>TRUUSK Foderstation - 2 Fodersk\u00e5lar - 2 Liter Vardera - Rostfritt St\u00e5l - Med L\u00e5da - F\u00f6r Medelstora Hundar - Gr\u00e5 - 60 X 30 X 24cm - TRUUSK - Hem, Tr\u00e4dg\u00e5rd &amp; Fritid<\/title>\n<meta name=\"robots\" content=\"index, follow, max-snippet:-1, max-image-preview:large, max-video-preview:-1\" \/>\n<link rel=\"canonical\" href=\"https:\/\/truusk.store\/sv\/produkt\/truusk-foderstation-2-foderskalar-2-liter-vardera-rostfritt-stal-med-lada-for-medelstora-hundar-gra-60-x-30-x-24cm\/\" \/>\n<meta property=\"og:locale\" content=\"sv_SE\" \/>\n<meta property=\"og:type\" content=\"article\" \/>\n<meta property=\"og:title\" content=\"TRUUSK Foderstation - 2 Fodersk\u00e5lar - 2 Liter Vardera - Rostfritt St\u00e5l - Med L\u00e5da - F\u00f6r Medelstora Hundar - Gr\u00e5 - 60 X 30 X 24cm - TRUUSK - Hem, Tr\u00e4dg\u00e5rd &amp; Fritid\" \/>\n<meta property=\"og:description\" content=\"Denna moderna matningsstation g\u00f6r att din hund kan inta en bekv\u00e4m och skonsam \u00e4tst\u00e4llning s\u00e5 att den inte beh\u00f6ver b\u00f6ja...\" \/>\n<meta property=\"og:url\" content=\"https:\/\/truusk.store\/sv\/produkt\/truusk-foderstation-2-foderskalar-2-liter-vardera-rostfritt-stal-med-lada-for-medelstora-hundar-gra-60-x-30-x-24cm\/\" \/>\n<meta property=\"og:site_name\" content=\"TRUUSK - Hem, Tr\u00e4dg\u00e5rd &amp; Fritid\" \/>\n<meta property=\"article:modified_time\" content=\"2026-03-12T08:15:33+00:00\" \/>\n<meta property=\"og:image\" content=\"https:\/\/i0.wp.com\/truusk.se\/wp-content\/uploads\/2024\/02\/foderstation-2-foderskalar-2-liter-vardera-rostfritt-stal-med-lada-for-medelstora-hundar-gra-60-x-30-x-24cm.webp?fit=800%2C800&ssl=1\" \/>\n\t<meta property=\"og:image:width\" content=\"800\" \/>\n\t<meta property=\"og:image:height\" content=\"800\" \/>\n\t<meta property=\"og:image:type\" content=\"image\/webp\" \/>\n<meta name=\"twitter:card\" content=\"summary_large_image\" \/>\n<meta name=\"twitter:label1\" content=\"Ber\u00e4knad l\u00e4stid\" \/>\n\t<meta name=\"twitter:data1\" content=\"1 minut\" \/>\n<!-- \/ Yoast SEO plugin. -->","yoast_head_json":{"title":"TRUUSK Foderstation - 2 Fodersk\u00e5lar - 2 Liter Vardera - Rostfritt St\u00e5l - Med L\u00e5da - F\u00f6r Medelstora Hundar - Gr\u00e5 - 60 X 30 X 24cm - TRUUSK - Hem, Tr\u00e4dg\u00e5rd &amp; Fritid","robots":{"index":"index","follow":"follow","max-snippet":"max-snippet:-1","max-image-preview":"max-image-preview:large","max-video-preview":"max-video-preview:-1"},"canonical":"https:\/\/truusk.store\/sv\/produkt\/truusk-foderstation-2-foderskalar-2-liter-vardera-rostfritt-stal-med-lada-for-medelstora-hundar-gra-60-x-30-x-24cm\/","og_locale":"sv_SE","og_type":"article","og_title":"TRUUSK Foderstation - 2 Fodersk\u00e5lar - 2 Liter Vardera - Rostfritt St\u00e5l - Med L\u00e5da - F\u00f6r Medelstora Hundar - Gr\u00e5 - 60 X 30 X 24cm - TRUUSK - Hem, Tr\u00e4dg\u00e5rd &amp; Fritid","og_description":"Denna moderna matningsstation g\u00f6r att din hund kan inta en bekv\u00e4m och skonsam \u00e4tst\u00e4llning s\u00e5 att den inte beh\u00f6ver b\u00f6ja...","og_url":"https:\/\/truusk.store\/sv\/produkt\/truusk-foderstation-2-foderskalar-2-liter-vardera-rostfritt-stal-med-lada-for-medelstora-hundar-gra-60-x-30-x-24cm\/","og_site_name":"TRUUSK - Hem, Tr\u00e4dg\u00e5rd &amp; Fritid","article_modified_time":"2026-03-12T08:15:33+00:00","og_image":[{"width":800,"height":800,"url":"https:\/\/i0.wp.com\/truusk.se\/wp-content\/uploads\/2024\/02\/foderstation-2-foderskalar-2-liter-vardera-rostfritt-stal-med-lada-for-medelstora-hundar-gra-60-x-30-x-24cm.webp?fit=800%2C800&ssl=1","type":"image\/webp"}],"twitter_card":"summary_large_image","twitter_misc":{"Ber\u00e4knad l\u00e4stid":"1 minut"},"schema":{"@context":"https:\/\/schema.org","@graph":[{"@type":"WebPage","@id":"https:\/\/truusk.store\/sv\/produkt\/truusk-foderstation-2-foderskalar-2-liter-vardera-rostfritt-stal-med-lada-for-medelstora-hundar-gra-60-x-30-x-24cm\/","url":"https:\/\/truusk.store\/sv\/produkt\/truusk-foderstation-2-foderskalar-2-liter-vardera-rostfritt-stal-med-lada-for-medelstora-hundar-gra-60-x-30-x-24cm\/","name":"TRUUSK Foderstation - 2 Fodersk\u00e5lar - 2 Liter Vardera - Rostfritt St\u00e5l - Med L\u00e5da - F\u00f6r Medelstora Hundar - Gr\u00e5 - 60 X 30 X 24cm - TRUUSK - Hem, Tr\u00e4dg\u00e5rd &amp; Fritid","isPartOf":{"@id":"https:\/\/truusk.store\/sv\/#website"},"primaryImageOfPage":{"@id":"https:\/\/truusk.store\/sv\/produkt\/truusk-foderstation-2-foderskalar-2-liter-vardera-rostfritt-stal-med-lada-for-medelstora-hundar-gra-60-x-30-x-24cm\/#primaryimage"},"image":{"@id":"https:\/\/truusk.store\/sv\/produkt\/truusk-foderstation-2-foderskalar-2-liter-vardera-rostfritt-stal-med-lada-for-medelstora-hundar-gra-60-x-30-x-24cm\/#primaryimage"},"thumbnailUrl":"https:\/\/i0.wp.com\/truusk.store\/wp-content\/uploads\/2024\/02\/foderstation-2-foderskalar-2-liter-vardera-rostfritt-stal-med-lada-for-medelstora-hundar-gra-60-x-30-x-24cm.webp?fit=800%2C800&ssl=1","datePublished":"2024-02-14T01:24:31+00:00","dateModified":"2026-03-12T08:15:33+00:00","breadcrumb":{"@id":"https:\/\/truusk.store\/sv\/produkt\/truusk-foderstation-2-foderskalar-2-liter-vardera-rostfritt-stal-med-lada-for-medelstora-hundar-gra-60-x-30-x-24cm\/#breadcrumb"},"inLanguage":"sv-SE","potentialAction":[{"@type":"ReadAction","target":["https:\/\/truusk.store\/sv\/produkt\/truusk-foderstation-2-foderskalar-2-liter-vardera-rostfritt-stal-med-lada-for-medelstora-hundar-gra-60-x-30-x-24cm\/"]}]},{"@type":"ImageObject","inLanguage":"sv-SE","@id":"https:\/\/truusk.store\/sv\/produkt\/truusk-foderstation-2-foderskalar-2-liter-vardera-rostfritt-stal-med-lada-for-medelstora-hundar-gra-60-x-30-x-24cm\/#primaryimage","url":"https:\/\/i0.wp.com\/truusk.store\/wp-content\/uploads\/2024\/02\/foderstation-2-foderskalar-2-liter-vardera-rostfritt-stal-med-lada-for-medelstora-hundar-gra-60-x-30-x-24cm.webp?fit=800%2C800&ssl=1","contentUrl":"https:\/\/i0.wp.com\/truusk.store\/wp-content\/uploads\/2024\/02\/foderstation-2-foderskalar-2-liter-vardera-rostfritt-stal-med-lada-for-medelstora-hundar-gra-60-x-30-x-24cm.webp?fit=800%2C800&ssl=1","width":800,"height":800,"caption":"Foderstation, 2 Fodersk\u00e5lar, 2 Liter Vardera, Rostfritt St\u00e5l, Med L\u00e5da, F\u00f6r Medelstora Hundar, Gr\u00e5, 60 X 30 X 24cm 1"},{"@type":"BreadcrumbList","@id":"https:\/\/truusk.store\/sv\/produkt\/truusk-foderstation-2-foderskalar-2-liter-vardera-rostfritt-stal-med-lada-for-medelstora-hundar-gra-60-x-30-x-24cm\/#breadcrumb","itemListElement":[{"@type":"ListItem","position":1,"name":"Home","item":"https:\/\/truusk.store\/sv\/"},{"@type":"ListItem","position":2,"name":"Shop","item":"https:\/\/truusk.store\/shop\/"},{"@type":"ListItem","position":3,"name":"TRUUSK Foderstation &#8211; 2 Fodersk\u00e5lar &#8211; 2 Liter Vardera &#8211; Rostfritt St\u00e5l &#8211; Med L\u00e5da &#8211; F\u00f6r Medelstora Hundar &#8211; Gr\u00e5 &#8211; 60 X 30 X 24cm"}]},{"@type":"WebSite","@id":"https:\/\/truusk.store\/sv\/#website","url":"https:\/\/truusk.store\/sv\/","name":"TRUUSK - Hem, Tr\u00e4dg\u00e5rd & Fritid","description":"","publisher":{"@id":"https:\/\/truusk.store\/sv\/#organization"},"potentialAction":[{"@type":"SearchAction","target":{"@type":"EntryPoint","urlTemplate":"https:\/\/truusk.store\/sv\/?s={search_term_string}"},"query-input":{"@type":"PropertyValueSpecification","valueRequired":true,"valueName":"search_term_string"}}],"inLanguage":"sv-SE"},{"@type":"Organization","@id":"https:\/\/truusk.store\/sv\/#organization","name":"TRUUSK - Hem, Tr\u00e4dg\u00e5rd & Fritid","url":"https:\/\/truusk.store\/sv\/","logo":{"@type":"ImageObject","inLanguage":"sv-SE","@id":"https:\/\/truusk.store\/sv\/#\/schema\/logo\/image\/","url":"https:\/\/i0.wp.com\/truusk.store\/wp-content\/uploads\/2026\/03\/cropped-TRUUSK.png?fit=2032%2C917&ssl=1","contentUrl":"https:\/\/i0.wp.com\/truusk.store\/wp-content\/uploads\/2026\/03\/cropped-TRUUSK.png?fit=2032%2C917&ssl=1","width":2032,"height":917,"caption":"TRUUSK - Hem, Tr\u00e4dg\u00e5rd & Fritid"},"image":{"@id":"https:\/\/truusk.store\/sv\/#\/schema\/logo\/image\/"}}]}},"jetpack_sharing_enabled":true,"_links":{"self":[{"href":"https:\/\/truusk.store\/sv\/wp-json\/wp\/v2\/product\/39877","targetHints":{"allow":["GET"]}}],"collection":[{"href":"https:\/\/truusk.store\/sv\/wp-json\/wp\/v2\/product"}],"about":[{"href":"https:\/\/truusk.store\/sv\/wp-json\/wp\/v2\/types\/product"}],"wp:featuredmedia":[{"embeddable":true,"href":"https:\/\/truusk.store\/sv\/wp-json\/wp\/v2\/media\/39878"}],"wp:attachment":[{"href":"https:\/\/truusk.store\/sv\/wp-json\/wp\/v2\/media?parent=39877"}],"wp:term":[{"taxonomy":"product_brand","embeddable":true,"href":"https:\/\/truusk.store\/sv\/wp-json\/wp\/v2\/product_brand?post=39877"},{"taxonomy":"product_cat","embeddable":true,"href":"https:\/\/truusk.store\/sv\/wp-json\/wp\/v2\/product_cat?post=39877"},{"taxonomy":"product_tag","embeddable":true,"href":"https:\/\/truusk.store\/sv\/wp-json\/wp\/v2\/product_tag?post=39877"}],"curies":[{"name":"wp","href":"https:\/\/api.w.org\/{rel}","templated":true}]}}