{"id":39901,"date":"2024-02-14T02:25:21","date_gmt":"2024-02-14T01:25:21","guid":{"rendered":"https:\/\/truusk.store\/product\/zebra-design-skrapstolpe-1-katttunnel-3-skrapstolpar-485-cm-x-35-cm-x-93-cm-svart-vit\/"},"modified":"2026-03-12T09:15:34","modified_gmt":"2026-03-12T08:15:34","slug":"truusk-zebra-design-kattklatterstolpe-1-katttunnel-3-kattklatterstolpar-485-cm-x-35-cm-x-93-cm-svart-vit","status":"publish","type":"product","link":"https:\/\/truusk.store\/sv\/produkt\/truusk-zebra-design-kattklatterstolpe-1-katttunnel-3-kattklatterstolpar-485-cm-x-35-cm-x-93-cm-svart-vit\/","title":{"rendered":"TRUUSK Zebra Design Kattkl\u00e4tterstolpe &#8211; 1 Katttunnel &#8211; 3 Kattkl\u00e4tterstolpar &#8211; 48,5 cm x 35 cm x 93 cm &#8211; Svart + Vit"},"content":{"rendered":"<p>Denna skrapstolpe inneh\u00e5ller skrapstolpar, en tunnel och en bollleksak f\u00f6r att frig\u00f6ra energi, slappna av eller stilla lusten att repa. Den s\u00f6ta zebradesignen g\u00f6r den till ett bra komplement till ditt hem. Skrapstolpens robusta sp\u00e5nskiva ger stabilitet och tunneln \u00e4r t\u00e4ckt med mjukt tyg f\u00f6r komfort. Juteskrapstolparna g\u00f6r att katter kan beh\u00e5lla sk\u00e4rpan och h\u00e4lsan hos sina klor.<\/p>\n<h3>Beskrivning:<\/h3>\n<ul>\n<li>Den s\u00f6ta zebradesignen g\u00f6r den till ett bra komplement till ditt hem<\/li>\n<li>Jute-repstolparna tillfredsst\u00e4ller dina katters \u00f6nskan att repa och skyddar dina m\u00f6bler fr\u00e5n repor<\/li>\n<li>Katttunneln erbjuder en tillflyktsort f\u00f6r avskildhet<\/li>\n<li>Tillverkad av konstruerat tr\u00e4 f\u00f6r en robust skrapstolpe<\/li>\n<li>H\u00e4ngande bollleksak f\u00f6r underh\u00e5llning<\/li>\n<li>L\u00e4mplig f\u00f6r katter under 5 kg<\/li>\n<li>Montering kr\u00e4vs<\/li>\n<\/ul>\n<h3>Teknisk data:<\/h3>\n<ul>\n<li>F\u00e4rg: Svart+Vit<\/li>\n<li>Material: sp\u00e5nskiva, jute, plysch (100% polyester)<\/li>\n<li>\u00d6vergripande m\u00e5tt: 48,5L x 35W x 93H cm<\/li>\n<li>Basstorlek: 48,5L x 35W cm<\/li>\n<li>Katttunnelstorlek: 25 x 39,5L cm<\/li>\n<li>\u00d6ppningsstorlek: 17L x 17W cm<\/li>\n<li>Kulstorlek: 5 cm<\/li>\n<li>St\u00e5ngens m\u00e5tt: 6,9 cm<\/li>\n<\/ul>\n<h3>Leveransens omfattning:<\/h3>\n<ul>\n<li>1 x skrapstolpe<\/li>\n<li>1 x manuell<\/li>\n<\/ul>\n","protected":false},"excerpt":{"rendered":"<p>Denna skrapstolpe inneh\u00e5ller skrapstolpar, en tunnel och en bollleksak f\u00f6r att frig\u00f6ra energi, slappna av eller stilla lusten att repa&#8230;.<\/p>\n","protected":false},"featured_media":39902,"template":"","meta":[],"product_brand":[],"product_cat":[573,588,589],"product_tag":[],"class_list":{"0":"post-39901","1":"product","2":"type-product","3":"status-publish","4":"has-post-thumbnail","6":"product_cat-husdjursmaterial","7":"product_cat-katttillbehor","8":"product_cat-skrapande-inlagg","10":"first","11":"instock","12":"sale","13":"taxable","14":"shipping-taxable","15":"purchasable","16":"product-type-simple"},"yoast_head":"<!-- This site is optimized with the Yoast SEO plugin v25.4 - https:\/\/yoast.com\/wordpress\/plugins\/seo\/ -->\n<title>TRUUSK Zebra Design Kattkl\u00e4tterstolpe - 1 Katttunnel - 3 Kattkl\u00e4tterstolpar - 48,5 cm x 35 cm x 93 cm - Svart + Vit - TRUUSK - Hem, Tr\u00e4dg\u00e5rd &amp; Fritid<\/title>\n<meta name=\"robots\" content=\"index, follow, max-snippet:-1, max-image-preview:large, max-video-preview:-1\" \/>\n<link rel=\"canonical\" href=\"https:\/\/truusk.store\/sv\/produkt\/truusk-zebra-design-kattklatterstolpe-1-katttunnel-3-kattklatterstolpar-485-cm-x-35-cm-x-93-cm-svart-vit\/\" \/>\n<meta property=\"og:locale\" content=\"sv_SE\" \/>\n<meta property=\"og:type\" content=\"article\" \/>\n<meta property=\"og:title\" content=\"TRUUSK Zebra Design Kattkl\u00e4tterstolpe - 1 Katttunnel - 3 Kattkl\u00e4tterstolpar - 48,5 cm x 35 cm x 93 cm - Svart + Vit - TRUUSK - Hem, Tr\u00e4dg\u00e5rd &amp; Fritid\" \/>\n<meta property=\"og:description\" content=\"Denna skrapstolpe inneh\u00e5ller skrapstolpar, en tunnel och en bollleksak f\u00f6r att frig\u00f6ra energi, slappna av eller stilla lusten att repa....\" \/>\n<meta property=\"og:url\" content=\"https:\/\/truusk.store\/sv\/produkt\/truusk-zebra-design-kattklatterstolpe-1-katttunnel-3-kattklatterstolpar-485-cm-x-35-cm-x-93-cm-svart-vit\/\" \/>\n<meta property=\"og:site_name\" content=\"TRUUSK - Hem, Tr\u00e4dg\u00e5rd &amp; Fritid\" \/>\n<meta property=\"article:modified_time\" content=\"2026-03-12T08:15:34+00:00\" \/>\n<meta property=\"og:image\" content=\"https:\/\/i0.wp.com\/truusk.se\/wp-content\/uploads\/2024\/02\/zebra-design-skrapstolpe-1-katttunnel-3-skrapstolpar-485-cm-x-35-cm-x-93-cm-svart-vit.webp?fit=800%2C800&ssl=1\" \/>\n\t<meta property=\"og:image:width\" content=\"800\" \/>\n\t<meta property=\"og:image:height\" content=\"800\" \/>\n\t<meta property=\"og:image:type\" content=\"image\/webp\" \/>\n<meta name=\"twitter:card\" content=\"summary_large_image\" \/>\n<meta name=\"twitter:label1\" content=\"Ber\u00e4knad l\u00e4stid\" \/>\n\t<meta name=\"twitter:data1\" content=\"1 minut\" \/>\n<!-- \/ Yoast SEO plugin. -->","yoast_head_json":{"title":"TRUUSK Zebra Design Kattkl\u00e4tterstolpe - 1 Katttunnel - 3 Kattkl\u00e4tterstolpar - 48,5 cm x 35 cm x 93 cm - Svart + Vit - TRUUSK - Hem, Tr\u00e4dg\u00e5rd &amp; Fritid","robots":{"index":"index","follow":"follow","max-snippet":"max-snippet:-1","max-image-preview":"max-image-preview:large","max-video-preview":"max-video-preview:-1"},"canonical":"https:\/\/truusk.store\/sv\/produkt\/truusk-zebra-design-kattklatterstolpe-1-katttunnel-3-kattklatterstolpar-485-cm-x-35-cm-x-93-cm-svart-vit\/","og_locale":"sv_SE","og_type":"article","og_title":"TRUUSK Zebra Design Kattkl\u00e4tterstolpe - 1 Katttunnel - 3 Kattkl\u00e4tterstolpar - 48,5 cm x 35 cm x 93 cm - Svart + Vit - TRUUSK - Hem, Tr\u00e4dg\u00e5rd &amp; Fritid","og_description":"Denna skrapstolpe inneh\u00e5ller skrapstolpar, en tunnel och en bollleksak f\u00f6r att frig\u00f6ra energi, slappna av eller stilla lusten att repa....","og_url":"https:\/\/truusk.store\/sv\/produkt\/truusk-zebra-design-kattklatterstolpe-1-katttunnel-3-kattklatterstolpar-485-cm-x-35-cm-x-93-cm-svart-vit\/","og_site_name":"TRUUSK - Hem, Tr\u00e4dg\u00e5rd &amp; Fritid","article_modified_time":"2026-03-12T08:15:34+00:00","og_image":[{"width":800,"height":800,"url":"https:\/\/i0.wp.com\/truusk.se\/wp-content\/uploads\/2024\/02\/zebra-design-skrapstolpe-1-katttunnel-3-skrapstolpar-485-cm-x-35-cm-x-93-cm-svart-vit.webp?fit=800%2C800&ssl=1","type":"image\/webp"}],"twitter_card":"summary_large_image","twitter_misc":{"Ber\u00e4knad l\u00e4stid":"1 minut"},"schema":{"@context":"https:\/\/schema.org","@graph":[{"@type":"WebPage","@id":"https:\/\/truusk.store\/sv\/produkt\/truusk-zebra-design-kattklatterstolpe-1-katttunnel-3-kattklatterstolpar-485-cm-x-35-cm-x-93-cm-svart-vit\/","url":"https:\/\/truusk.store\/sv\/produkt\/truusk-zebra-design-kattklatterstolpe-1-katttunnel-3-kattklatterstolpar-485-cm-x-35-cm-x-93-cm-svart-vit\/","name":"TRUUSK Zebra Design Kattkl\u00e4tterstolpe - 1 Katttunnel - 3 Kattkl\u00e4tterstolpar - 48,5 cm x 35 cm x 93 cm - Svart + Vit - TRUUSK - Hem, Tr\u00e4dg\u00e5rd &amp; Fritid","isPartOf":{"@id":"https:\/\/truusk.store\/sv\/#website"},"primaryImageOfPage":{"@id":"https:\/\/truusk.store\/sv\/produkt\/truusk-zebra-design-kattklatterstolpe-1-katttunnel-3-kattklatterstolpar-485-cm-x-35-cm-x-93-cm-svart-vit\/#primaryimage"},"image":{"@id":"https:\/\/truusk.store\/sv\/produkt\/truusk-zebra-design-kattklatterstolpe-1-katttunnel-3-kattklatterstolpar-485-cm-x-35-cm-x-93-cm-svart-vit\/#primaryimage"},"thumbnailUrl":"https:\/\/i0.wp.com\/truusk.store\/wp-content\/uploads\/2024\/02\/zebra-design-skrapstolpe-1-katttunnel-3-skrapstolpar-485-cm-x-35-cm-x-93-cm-svart-vit.webp?fit=800%2C800&ssl=1","datePublished":"2024-02-14T01:25:21+00:00","dateModified":"2026-03-12T08:15:34+00:00","breadcrumb":{"@id":"https:\/\/truusk.store\/sv\/produkt\/truusk-zebra-design-kattklatterstolpe-1-katttunnel-3-kattklatterstolpar-485-cm-x-35-cm-x-93-cm-svart-vit\/#breadcrumb"},"inLanguage":"sv-SE","potentialAction":[{"@type":"ReadAction","target":["https:\/\/truusk.store\/sv\/produkt\/truusk-zebra-design-kattklatterstolpe-1-katttunnel-3-kattklatterstolpar-485-cm-x-35-cm-x-93-cm-svart-vit\/"]}]},{"@type":"ImageObject","inLanguage":"sv-SE","@id":"https:\/\/truusk.store\/sv\/produkt\/truusk-zebra-design-kattklatterstolpe-1-katttunnel-3-kattklatterstolpar-485-cm-x-35-cm-x-93-cm-svart-vit\/#primaryimage","url":"https:\/\/i0.wp.com\/truusk.store\/wp-content\/uploads\/2024\/02\/zebra-design-skrapstolpe-1-katttunnel-3-skrapstolpar-485-cm-x-35-cm-x-93-cm-svart-vit.webp?fit=800%2C800&ssl=1","contentUrl":"https:\/\/i0.wp.com\/truusk.store\/wp-content\/uploads\/2024\/02\/zebra-design-skrapstolpe-1-katttunnel-3-skrapstolpar-485-cm-x-35-cm-x-93-cm-svart-vit.webp?fit=800%2C800&ssl=1","width":800,"height":800,"caption":"Zebra Design Skrapstolpe, 1 Katttunnel, 3 Skrapstolpar 48,5 Cm X 35 Cm X 93 Cm, Svart + Vit 1"},{"@type":"BreadcrumbList","@id":"https:\/\/truusk.store\/sv\/produkt\/truusk-zebra-design-kattklatterstolpe-1-katttunnel-3-kattklatterstolpar-485-cm-x-35-cm-x-93-cm-svart-vit\/#breadcrumb","itemListElement":[{"@type":"ListItem","position":1,"name":"Home","item":"https:\/\/truusk.store\/sv\/"},{"@type":"ListItem","position":2,"name":"Shop","item":"https:\/\/truusk.store\/shop\/"},{"@type":"ListItem","position":3,"name":"TRUUSK Zebra Design Kattkl\u00e4tterstolpe &#8211; 1 Katttunnel &#8211; 3 Kattkl\u00e4tterstolpar &#8211; 48,5 cm x 35 cm x 93 cm &#8211; Svart + Vit"}]},{"@type":"WebSite","@id":"https:\/\/truusk.store\/sv\/#website","url":"https:\/\/truusk.store\/sv\/","name":"TRUUSK - Hem, Tr\u00e4dg\u00e5rd & Fritid","description":"","publisher":{"@id":"https:\/\/truusk.store\/sv\/#organization"},"potentialAction":[{"@type":"SearchAction","target":{"@type":"EntryPoint","urlTemplate":"https:\/\/truusk.store\/sv\/?s={search_term_string}"},"query-input":{"@type":"PropertyValueSpecification","valueRequired":true,"valueName":"search_term_string"}}],"inLanguage":"sv-SE"},{"@type":"Organization","@id":"https:\/\/truusk.store\/sv\/#organization","name":"TRUUSK - Hem, Tr\u00e4dg\u00e5rd & Fritid","url":"https:\/\/truusk.store\/sv\/","logo":{"@type":"ImageObject","inLanguage":"sv-SE","@id":"https:\/\/truusk.store\/sv\/#\/schema\/logo\/image\/","url":"https:\/\/i0.wp.com\/truusk.store\/wp-content\/uploads\/2026\/03\/cropped-TRUUSK.png?fit=2032%2C917&ssl=1","contentUrl":"https:\/\/i0.wp.com\/truusk.store\/wp-content\/uploads\/2026\/03\/cropped-TRUUSK.png?fit=2032%2C917&ssl=1","width":2032,"height":917,"caption":"TRUUSK - Hem, Tr\u00e4dg\u00e5rd & Fritid"},"image":{"@id":"https:\/\/truusk.store\/sv\/#\/schema\/logo\/image\/"}}]}},"jetpack_sharing_enabled":true,"_links":{"self":[{"href":"https:\/\/truusk.store\/sv\/wp-json\/wp\/v2\/product\/39901","targetHints":{"allow":["GET"]}}],"collection":[{"href":"https:\/\/truusk.store\/sv\/wp-json\/wp\/v2\/product"}],"about":[{"href":"https:\/\/truusk.store\/sv\/wp-json\/wp\/v2\/types\/product"}],"wp:featuredmedia":[{"embeddable":true,"href":"https:\/\/truusk.store\/sv\/wp-json\/wp\/v2\/media\/39902"}],"wp:attachment":[{"href":"https:\/\/truusk.store\/sv\/wp-json\/wp\/v2\/media?parent=39901"}],"wp:term":[{"taxonomy":"product_brand","embeddable":true,"href":"https:\/\/truusk.store\/sv\/wp-json\/wp\/v2\/product_brand?post=39901"},{"taxonomy":"product_cat","embeddable":true,"href":"https:\/\/truusk.store\/sv\/wp-json\/wp\/v2\/product_cat?post=39901"},{"taxonomy":"product_tag","embeddable":true,"href":"https:\/\/truusk.store\/sv\/wp-json\/wp\/v2\/product_tag?post=39901"}],"curies":[{"name":"wp","href":"https:\/\/api.w.org\/{rel}","templated":true}]}}