{"id":39913,"date":"2024-02-14T02:25:44","date_gmt":"2024-02-14T01:25:44","guid":{"rendered":"https:\/\/truusk.store\/product\/hundmatningsstation-2-skalar-i-rostfritt-stal-skapsfack-44l-kapacitet-magnetdorrar-vit-60x30x355-cm\/"},"modified":"2026-03-12T09:15:34","modified_gmt":"2026-03-12T08:15:34","slug":"truusk-hundmatningsstation-2-rostfria-stalskalar-44l-kapacitet-vit-magnetdorrar-60x30x355-cm","status":"publish","type":"product","link":"https:\/\/truusk.store\/sv\/produkt\/truusk-hundmatningsstation-2-rostfria-stalskalar-44l-kapacitet-vit-magnetdorrar-60x30x355-cm\/","title":{"rendered":"TRUUSK Hundmatningsstation &#8211; 2 Rostfria St\u00e5lsk\u00e5lar &#8211; 44L Kapacitet &#8211; Vit &#8211; Magnetd\u00f6rrar &#8211; 60x30x35,5 cm"},"content":{"rendered":"<p>Hundmatningsstationen \u00e4r den perfekta l\u00f6sningen f\u00f6r att servera din fyrbenta v\u00e4ns mat stilfullt och snyggt. Med ett stort f\u00f6rvaringsfack ger den tillr\u00e4ckligt med utrymme f\u00f6r mat, hundleksaker och mycket mer. De magnetiska luckorna garanterar s\u00e4kerheten och de stora, diskmaskinss\u00e4kra sk\u00e5larna i rostfritt st\u00e5l \u00e4r hygieniska och l\u00e4tta att reng\u00f6ra. Den upph\u00f6jda designen lindrar belastningen p\u00e5 din hunds nacke och hals och s\u00e4kerst\u00e4ller en bekv\u00e4m matningsst\u00e4llning.<\/p>\n<h3>Beskrivning:<\/h3>\n<ul>\n<li>Det stora sk\u00e5psfacket erbjuder gott om f\u00f6rvaringsutrymme<\/li>\n<li>S\u00e4kra magnetd\u00f6rrar som st\u00e4nger av sig sj\u00e4lva<\/li>\n<li>Stora sk\u00e5lar i rostfritt st\u00e5l som t\u00e5l diskmaskin<\/li>\n<li>Upph\u00f6jd design f\u00f6r att skydda ditt husdjurs kropp<\/li>\n<li>D\u00f6lj r\u00f6ran med Tren<\/li>\n<li>L\u00e4mplig f\u00f6r stora hundar med en axelh\u00f6jd p\u00e5 55cm till 65cm<\/li>\n<li>Montering kr\u00e4vs<\/li>\n<\/ul>\n<h3>Teknisk data:<\/h3>\n<ul>\n<li>F\u00e4rg vit<\/li>\n<li>Material: MDF, rostfritt st\u00e5l<\/li>\n<li>\u00d6vergripande m\u00e5tt: 60L x 30W x 35,5H cm<\/li>\n<li>Bordsskivans m\u00e5tt: 60 L x 30 W, h\u00e5l: 22 cm<\/li>\n<li>M\u00e5tt sk\u00e5l: 24 x 7H cm<\/li>\n<li>Kapacitet per sk\u00e5l: 2 L<\/li>\n<li>M\u00e5tt per d\u00f6rr: 28W x 27D cm<\/li>\n<li>Innerm\u00e5tt: Storlek: 57L x 28W x 28H cm, kapacitet: 44 liter, golvfrig\u00e5ng: 6,2 cm<\/li>\n<li>Lastkapacitet: 15 kg (topp och interi\u00f6r)<\/li>\n<\/ul>\n<h3>Leveransens omfattning:<\/h3>\n<ul>\n<li>1 x Hundmatningsstation<\/li>\n<li>2 x sk\u00e5l i rostfritt st\u00e5l<\/li>\n<li>1 x manuell<\/li>\n<\/ul>\n","protected":false},"excerpt":{"rendered":"<p>Hundmatningsstationen \u00e4r den perfekta l\u00f6sningen f\u00f6r att servera din fyrbenta v\u00e4ns mat stilfullt och snyggt. Med ett stort f\u00f6rvaringsfack ger&#8230;<\/p>\n","protected":false},"featured_media":39914,"template":"","meta":[],"product_brand":[],"product_cat":[574,573,580],"product_tag":[],"class_list":{"0":"post-39913","1":"product","2":"type-product","3":"status-publish","4":"has-post-thumbnail","6":"product_cat-hundtillbehor","7":"product_cat-husdjursmaterial","8":"product_cat-matskalar","10":"first","11":"instock","12":"sale","13":"taxable","14":"shipping-taxable","15":"purchasable","16":"product-type-simple"},"yoast_head":"<!-- This site is optimized with the Yoast SEO plugin v25.4 - https:\/\/yoast.com\/wordpress\/plugins\/seo\/ -->\n<title>TRUUSK Hundmatningsstation - 2 Rostfria St\u00e5lsk\u00e5lar - 44L Kapacitet - Vit - Magnetd\u00f6rrar - 60x30x35,5 cm - TRUUSK - Hem, Tr\u00e4dg\u00e5rd &amp; Fritid<\/title>\n<meta name=\"robots\" content=\"index, follow, max-snippet:-1, max-image-preview:large, max-video-preview:-1\" \/>\n<link rel=\"canonical\" href=\"https:\/\/truusk.store\/sv\/produkt\/truusk-hundmatningsstation-2-rostfria-stalskalar-44l-kapacitet-vit-magnetdorrar-60x30x355-cm\/\" \/>\n<meta property=\"og:locale\" content=\"sv_SE\" \/>\n<meta property=\"og:type\" content=\"article\" \/>\n<meta property=\"og:title\" content=\"TRUUSK Hundmatningsstation - 2 Rostfria St\u00e5lsk\u00e5lar - 44L Kapacitet - Vit - Magnetd\u00f6rrar - 60x30x35,5 cm - TRUUSK - Hem, Tr\u00e4dg\u00e5rd &amp; Fritid\" \/>\n<meta property=\"og:description\" content=\"Hundmatningsstationen \u00e4r den perfekta l\u00f6sningen f\u00f6r att servera din fyrbenta v\u00e4ns mat stilfullt och snyggt. Med ett stort f\u00f6rvaringsfack ger...\" \/>\n<meta property=\"og:url\" content=\"https:\/\/truusk.store\/sv\/produkt\/truusk-hundmatningsstation-2-rostfria-stalskalar-44l-kapacitet-vit-magnetdorrar-60x30x355-cm\/\" \/>\n<meta property=\"og:site_name\" content=\"TRUUSK - Hem, Tr\u00e4dg\u00e5rd &amp; Fritid\" \/>\n<meta property=\"article:modified_time\" content=\"2026-03-12T08:15:34+00:00\" \/>\n<meta property=\"og:image\" content=\"https:\/\/i0.wp.com\/truusk.se\/wp-content\/uploads\/2024\/02\/hundmatningsstation-2-skalar-i-rostfritt-stal-skapsfack-44l-kapacitet-magnetdorrar-vit-60x30x355-cm.webp?fit=800%2C800&ssl=1\" \/>\n\t<meta property=\"og:image:width\" content=\"800\" \/>\n\t<meta property=\"og:image:height\" content=\"800\" \/>\n\t<meta property=\"og:image:type\" content=\"image\/webp\" \/>\n<meta name=\"twitter:card\" content=\"summary_large_image\" \/>\n<meta name=\"twitter:label1\" content=\"Ber\u00e4knad l\u00e4stid\" \/>\n\t<meta name=\"twitter:data1\" content=\"1 minut\" \/>\n<!-- \/ Yoast SEO plugin. -->","yoast_head_json":{"title":"TRUUSK Hundmatningsstation - 2 Rostfria St\u00e5lsk\u00e5lar - 44L Kapacitet - Vit - Magnetd\u00f6rrar - 60x30x35,5 cm - TRUUSK - Hem, Tr\u00e4dg\u00e5rd &amp; Fritid","robots":{"index":"index","follow":"follow","max-snippet":"max-snippet:-1","max-image-preview":"max-image-preview:large","max-video-preview":"max-video-preview:-1"},"canonical":"https:\/\/truusk.store\/sv\/produkt\/truusk-hundmatningsstation-2-rostfria-stalskalar-44l-kapacitet-vit-magnetdorrar-60x30x355-cm\/","og_locale":"sv_SE","og_type":"article","og_title":"TRUUSK Hundmatningsstation - 2 Rostfria St\u00e5lsk\u00e5lar - 44L Kapacitet - Vit - Magnetd\u00f6rrar - 60x30x35,5 cm - TRUUSK - Hem, Tr\u00e4dg\u00e5rd &amp; Fritid","og_description":"Hundmatningsstationen \u00e4r den perfekta l\u00f6sningen f\u00f6r att servera din fyrbenta v\u00e4ns mat stilfullt och snyggt. Med ett stort f\u00f6rvaringsfack ger...","og_url":"https:\/\/truusk.store\/sv\/produkt\/truusk-hundmatningsstation-2-rostfria-stalskalar-44l-kapacitet-vit-magnetdorrar-60x30x355-cm\/","og_site_name":"TRUUSK - Hem, Tr\u00e4dg\u00e5rd &amp; Fritid","article_modified_time":"2026-03-12T08:15:34+00:00","og_image":[{"width":800,"height":800,"url":"https:\/\/i0.wp.com\/truusk.se\/wp-content\/uploads\/2024\/02\/hundmatningsstation-2-skalar-i-rostfritt-stal-skapsfack-44l-kapacitet-magnetdorrar-vit-60x30x355-cm.webp?fit=800%2C800&ssl=1","type":"image\/webp"}],"twitter_card":"summary_large_image","twitter_misc":{"Ber\u00e4knad l\u00e4stid":"1 minut"},"schema":{"@context":"https:\/\/schema.org","@graph":[{"@type":"WebPage","@id":"https:\/\/truusk.store\/sv\/produkt\/truusk-hundmatningsstation-2-rostfria-stalskalar-44l-kapacitet-vit-magnetdorrar-60x30x355-cm\/","url":"https:\/\/truusk.store\/sv\/produkt\/truusk-hundmatningsstation-2-rostfria-stalskalar-44l-kapacitet-vit-magnetdorrar-60x30x355-cm\/","name":"TRUUSK Hundmatningsstation - 2 Rostfria St\u00e5lsk\u00e5lar - 44L Kapacitet - Vit - Magnetd\u00f6rrar - 60x30x35,5 cm - TRUUSK - Hem, Tr\u00e4dg\u00e5rd &amp; Fritid","isPartOf":{"@id":"https:\/\/truusk.store\/sv\/#website"},"primaryImageOfPage":{"@id":"https:\/\/truusk.store\/sv\/produkt\/truusk-hundmatningsstation-2-rostfria-stalskalar-44l-kapacitet-vit-magnetdorrar-60x30x355-cm\/#primaryimage"},"image":{"@id":"https:\/\/truusk.store\/sv\/produkt\/truusk-hundmatningsstation-2-rostfria-stalskalar-44l-kapacitet-vit-magnetdorrar-60x30x355-cm\/#primaryimage"},"thumbnailUrl":"https:\/\/i0.wp.com\/truusk.store\/wp-content\/uploads\/2024\/02\/hundmatningsstation-2-skalar-i-rostfritt-stal-skapsfack-44l-kapacitet-magnetdorrar-vit-60x30x355-cm.webp?fit=800%2C800&ssl=1","datePublished":"2024-02-14T01:25:44+00:00","dateModified":"2026-03-12T08:15:34+00:00","breadcrumb":{"@id":"https:\/\/truusk.store\/sv\/produkt\/truusk-hundmatningsstation-2-rostfria-stalskalar-44l-kapacitet-vit-magnetdorrar-60x30x355-cm\/#breadcrumb"},"inLanguage":"sv-SE","potentialAction":[{"@type":"ReadAction","target":["https:\/\/truusk.store\/sv\/produkt\/truusk-hundmatningsstation-2-rostfria-stalskalar-44l-kapacitet-vit-magnetdorrar-60x30x355-cm\/"]}]},{"@type":"ImageObject","inLanguage":"sv-SE","@id":"https:\/\/truusk.store\/sv\/produkt\/truusk-hundmatningsstation-2-rostfria-stalskalar-44l-kapacitet-vit-magnetdorrar-60x30x355-cm\/#primaryimage","url":"https:\/\/i0.wp.com\/truusk.store\/wp-content\/uploads\/2024\/02\/hundmatningsstation-2-skalar-i-rostfritt-stal-skapsfack-44l-kapacitet-magnetdorrar-vit-60x30x355-cm.webp?fit=800%2C800&ssl=1","contentUrl":"https:\/\/i0.wp.com\/truusk.store\/wp-content\/uploads\/2024\/02\/hundmatningsstation-2-skalar-i-rostfritt-stal-skapsfack-44l-kapacitet-magnetdorrar-vit-60x30x355-cm.webp?fit=800%2C800&ssl=1","width":800,"height":800,"caption":"Hundmatningsstation, 2 Sk\u00e5lar I Rostfritt St\u00e5l, Sk\u00e5psfack 44L Kapacitet, Magnetd\u00f6rrar, Vit, 60x30x35,5 Cm 1"},{"@type":"BreadcrumbList","@id":"https:\/\/truusk.store\/sv\/produkt\/truusk-hundmatningsstation-2-rostfria-stalskalar-44l-kapacitet-vit-magnetdorrar-60x30x355-cm\/#breadcrumb","itemListElement":[{"@type":"ListItem","position":1,"name":"Home","item":"https:\/\/truusk.store\/sv\/"},{"@type":"ListItem","position":2,"name":"Shop","item":"https:\/\/truusk.store\/shop\/"},{"@type":"ListItem","position":3,"name":"TRUUSK Hundmatningsstation &#8211; 2 Rostfria St\u00e5lsk\u00e5lar &#8211; 44L Kapacitet &#8211; Vit &#8211; Magnetd\u00f6rrar &#8211; 60x30x35,5 cm"}]},{"@type":"WebSite","@id":"https:\/\/truusk.store\/sv\/#website","url":"https:\/\/truusk.store\/sv\/","name":"TRUUSK - Hem, Tr\u00e4dg\u00e5rd & Fritid","description":"","publisher":{"@id":"https:\/\/truusk.store\/sv\/#organization"},"potentialAction":[{"@type":"SearchAction","target":{"@type":"EntryPoint","urlTemplate":"https:\/\/truusk.store\/sv\/?s={search_term_string}"},"query-input":{"@type":"PropertyValueSpecification","valueRequired":true,"valueName":"search_term_string"}}],"inLanguage":"sv-SE"},{"@type":"Organization","@id":"https:\/\/truusk.store\/sv\/#organization","name":"TRUUSK - Hem, Tr\u00e4dg\u00e5rd & Fritid","url":"https:\/\/truusk.store\/sv\/","logo":{"@type":"ImageObject","inLanguage":"sv-SE","@id":"https:\/\/truusk.store\/sv\/#\/schema\/logo\/image\/","url":"https:\/\/i0.wp.com\/truusk.store\/wp-content\/uploads\/2026\/03\/cropped-TRUUSK.png?fit=2032%2C917&ssl=1","contentUrl":"https:\/\/i0.wp.com\/truusk.store\/wp-content\/uploads\/2026\/03\/cropped-TRUUSK.png?fit=2032%2C917&ssl=1","width":2032,"height":917,"caption":"TRUUSK - Hem, Tr\u00e4dg\u00e5rd & Fritid"},"image":{"@id":"https:\/\/truusk.store\/sv\/#\/schema\/logo\/image\/"}}]}},"jetpack_sharing_enabled":true,"_links":{"self":[{"href":"https:\/\/truusk.store\/sv\/wp-json\/wp\/v2\/product\/39913","targetHints":{"allow":["GET"]}}],"collection":[{"href":"https:\/\/truusk.store\/sv\/wp-json\/wp\/v2\/product"}],"about":[{"href":"https:\/\/truusk.store\/sv\/wp-json\/wp\/v2\/types\/product"}],"wp:featuredmedia":[{"embeddable":true,"href":"https:\/\/truusk.store\/sv\/wp-json\/wp\/v2\/media\/39914"}],"wp:attachment":[{"href":"https:\/\/truusk.store\/sv\/wp-json\/wp\/v2\/media?parent=39913"}],"wp:term":[{"taxonomy":"product_brand","embeddable":true,"href":"https:\/\/truusk.store\/sv\/wp-json\/wp\/v2\/product_brand?post=39913"},{"taxonomy":"product_cat","embeddable":true,"href":"https:\/\/truusk.store\/sv\/wp-json\/wp\/v2\/product_cat?post=39913"},{"taxonomy":"product_tag","embeddable":true,"href":"https:\/\/truusk.store\/sv\/wp-json\/wp\/v2\/product_tag?post=39913"}],"curies":[{"name":"wp","href":"https:\/\/api.w.org\/{rel}","templated":true}]}}