{"id":39924,"date":"2024-02-14T02:26:11","date_gmt":"2024-02-14T01:26:11","guid":{"rendered":"https:\/\/truusk.store\/product\/skraptunna-med-3-nivaer-inklusive-skrapyta-av-sisalrep-skraptunna-for-katter-38-cm-x-38-cm-x-70-cm-gra\/"},"modified":"2026-03-12T09:15:35","modified_gmt":"2026-03-12T08:15:35","slug":"truusk-skraptunna-for-katter-3-nivaer-inklusive-skrapyta-av-sisalrep-38-cm-x-38-cm-x-70-cm-gra","status":"publish","type":"product","link":"https:\/\/truusk.store\/sv\/produkt\/truusk-skraptunna-for-katter-3-nivaer-inklusive-skrapyta-av-sisalrep-38-cm-x-38-cm-x-70-cm-gra\/","title":{"rendered":"TRUUSK Skraptunna f\u00f6r Katter &#8211; 3 Niv\u00e5er &#8211; Inklusive Skrapyta av Sisalrep &#8211; 38 cm x 38 cm x 70 cm &#8211; Gr\u00e5"},"content":{"rendered":"<p>Denna sisalt\u00e4ckta skrapa kommer s\u00e4kerligen att bli din katts favoritst\u00e4lle. Det erbjuder en fantastisk plats att leka, sova och g\u00f6mma sig. Tre kattgrottor erbjuder tre g\u00e5nger s\u00e5 mycket utrymme att r\u00f6ra sig och g\u00f6mma sig. Det \u00f6vre materialet \u00e4r tillverkat av mjuk och mysig plysch s\u00e5 att katterna \u00e4r bekv\u00e4ma n\u00e4r de sover. Ett s\u00e4tt att liva upp din katts dagar och h\u00e5lla dem lugna p\u00e5 natten.<\/p>\n<h3>Beskrivning:<\/h3>\n<ul>\n<li>T\u00e4ckt med mjuk plysch f\u00f6r mysig komfort<\/li>\n<li>Ett anslutningsh\u00e5l mellan de tv\u00e5 \u00f6vre niv\u00e5erna<\/li>\n<li>Sisal skrapmatta f\u00f6r att h\u00e5lla klorna i form<\/li>\n<li>Den robusta tr\u00e4strukturen \u00e4r s\u00e4ker f\u00f6r din katt<\/li>\n<li>Skraptunna f\u00f6r katter som v\u00e4ger mindre \u00e4n 5 kg<\/li>\n<li>Ingen montering kr\u00e4vs<\/li>\n<\/ul>\n<h3>Teknisk data:<\/h3>\n<ul>\n<li>F\u00e4rg gr\u00e5<\/li>\n<li>Material: sp\u00e5nskiva, plysch (100% polyester), sisal<\/li>\n<li>Totala m\u00e5tt: 38 x 70H cm<\/li>\n<li>D\u00f6rrh\u00e5lsstorlek: 17 cm<\/li>\n<li>Inre h\u00e5lstorlek: 17,5 cm<\/li>\n<li>L\u00e4mplig f\u00f6r katter: under 5 kg<\/li>\n<\/ul>\n<h3>Leveransens omfattning:<\/h3>\n<ul>\n<li>1 x skrappipa<\/li>\n<li>1 x manuell<\/li>\n<\/ul>\n","protected":false},"excerpt":{"rendered":"<p>Denna sisalt\u00e4ckta skrapa kommer s\u00e4kerligen att bli din katts favoritst\u00e4lle. Det erbjuder en fantastisk plats att leka, sova och g\u00f6mma&#8230;<\/p>\n","protected":false},"featured_media":39925,"template":"","meta":[],"product_brand":[],"product_cat":[573,588,589],"product_tag":[],"class_list":{"0":"post-39924","1":"product","2":"type-product","3":"status-publish","4":"has-post-thumbnail","6":"product_cat-husdjursmaterial","7":"product_cat-katttillbehor","8":"product_cat-skrapande-inlagg","10":"first","11":"instock","12":"sale","13":"taxable","14":"shipping-taxable","15":"purchasable","16":"product-type-simple"},"yoast_head":"<!-- This site is optimized with the Yoast SEO plugin v25.4 - https:\/\/yoast.com\/wordpress\/plugins\/seo\/ -->\n<title>TRUUSK Skraptunna f\u00f6r Katter - 3 Niv\u00e5er - Inklusive Skrapyta av Sisalrep - 38 cm x 38 cm x 70 cm - Gr\u00e5 - TRUUSK - Hem, Tr\u00e4dg\u00e5rd &amp; Fritid<\/title>\n<meta name=\"robots\" content=\"index, follow, max-snippet:-1, max-image-preview:large, max-video-preview:-1\" \/>\n<link rel=\"canonical\" href=\"https:\/\/truusk.store\/sv\/produkt\/truusk-skraptunna-for-katter-3-nivaer-inklusive-skrapyta-av-sisalrep-38-cm-x-38-cm-x-70-cm-gra\/\" \/>\n<meta property=\"og:locale\" content=\"sv_SE\" \/>\n<meta property=\"og:type\" content=\"article\" \/>\n<meta property=\"og:title\" content=\"TRUUSK Skraptunna f\u00f6r Katter - 3 Niv\u00e5er - Inklusive Skrapyta av Sisalrep - 38 cm x 38 cm x 70 cm - Gr\u00e5 - TRUUSK - Hem, Tr\u00e4dg\u00e5rd &amp; Fritid\" \/>\n<meta property=\"og:description\" content=\"Denna sisalt\u00e4ckta skrapa kommer s\u00e4kerligen att bli din katts favoritst\u00e4lle. Det erbjuder en fantastisk plats att leka, sova och g\u00f6mma...\" \/>\n<meta property=\"og:url\" content=\"https:\/\/truusk.store\/sv\/produkt\/truusk-skraptunna-for-katter-3-nivaer-inklusive-skrapyta-av-sisalrep-38-cm-x-38-cm-x-70-cm-gra\/\" \/>\n<meta property=\"og:site_name\" content=\"TRUUSK - Hem, Tr\u00e4dg\u00e5rd &amp; Fritid\" \/>\n<meta property=\"article:modified_time\" content=\"2026-03-12T08:15:35+00:00\" \/>\n<meta property=\"og:image\" content=\"https:\/\/i0.wp.com\/truusk.se\/wp-content\/uploads\/2024\/02\/skraptunna-med-3-nivaer-inklusive-skrapyta-av-sisalrep-skraptunna-for-katter-38-cm-x-38-cm-x-70-cm-gra.webp?fit=800%2C800&ssl=1\" \/>\n\t<meta property=\"og:image:width\" content=\"800\" \/>\n\t<meta property=\"og:image:height\" content=\"800\" \/>\n\t<meta property=\"og:image:type\" content=\"image\/webp\" \/>\n<meta name=\"twitter:card\" content=\"summary_large_image\" \/>\n<meta name=\"twitter:label1\" content=\"Ber\u00e4knad l\u00e4stid\" \/>\n\t<meta name=\"twitter:data1\" content=\"1 minut\" \/>\n<!-- \/ Yoast SEO plugin. -->","yoast_head_json":{"title":"TRUUSK Skraptunna f\u00f6r Katter - 3 Niv\u00e5er - Inklusive Skrapyta av Sisalrep - 38 cm x 38 cm x 70 cm - Gr\u00e5 - TRUUSK - Hem, Tr\u00e4dg\u00e5rd &amp; Fritid","robots":{"index":"index","follow":"follow","max-snippet":"max-snippet:-1","max-image-preview":"max-image-preview:large","max-video-preview":"max-video-preview:-1"},"canonical":"https:\/\/truusk.store\/sv\/produkt\/truusk-skraptunna-for-katter-3-nivaer-inklusive-skrapyta-av-sisalrep-38-cm-x-38-cm-x-70-cm-gra\/","og_locale":"sv_SE","og_type":"article","og_title":"TRUUSK Skraptunna f\u00f6r Katter - 3 Niv\u00e5er - Inklusive Skrapyta av Sisalrep - 38 cm x 38 cm x 70 cm - Gr\u00e5 - TRUUSK - Hem, Tr\u00e4dg\u00e5rd &amp; Fritid","og_description":"Denna sisalt\u00e4ckta skrapa kommer s\u00e4kerligen att bli din katts favoritst\u00e4lle. Det erbjuder en fantastisk plats att leka, sova och g\u00f6mma...","og_url":"https:\/\/truusk.store\/sv\/produkt\/truusk-skraptunna-for-katter-3-nivaer-inklusive-skrapyta-av-sisalrep-38-cm-x-38-cm-x-70-cm-gra\/","og_site_name":"TRUUSK - Hem, Tr\u00e4dg\u00e5rd &amp; Fritid","article_modified_time":"2026-03-12T08:15:35+00:00","og_image":[{"width":800,"height":800,"url":"https:\/\/i0.wp.com\/truusk.se\/wp-content\/uploads\/2024\/02\/skraptunna-med-3-nivaer-inklusive-skrapyta-av-sisalrep-skraptunna-for-katter-38-cm-x-38-cm-x-70-cm-gra.webp?fit=800%2C800&ssl=1","type":"image\/webp"}],"twitter_card":"summary_large_image","twitter_misc":{"Ber\u00e4knad l\u00e4stid":"1 minut"},"schema":{"@context":"https:\/\/schema.org","@graph":[{"@type":"WebPage","@id":"https:\/\/truusk.store\/sv\/produkt\/truusk-skraptunna-for-katter-3-nivaer-inklusive-skrapyta-av-sisalrep-38-cm-x-38-cm-x-70-cm-gra\/","url":"https:\/\/truusk.store\/sv\/produkt\/truusk-skraptunna-for-katter-3-nivaer-inklusive-skrapyta-av-sisalrep-38-cm-x-38-cm-x-70-cm-gra\/","name":"TRUUSK Skraptunna f\u00f6r Katter - 3 Niv\u00e5er - Inklusive Skrapyta av Sisalrep - 38 cm x 38 cm x 70 cm - Gr\u00e5 - TRUUSK - Hem, Tr\u00e4dg\u00e5rd &amp; Fritid","isPartOf":{"@id":"https:\/\/truusk.store\/sv\/#website"},"primaryImageOfPage":{"@id":"https:\/\/truusk.store\/sv\/produkt\/truusk-skraptunna-for-katter-3-nivaer-inklusive-skrapyta-av-sisalrep-38-cm-x-38-cm-x-70-cm-gra\/#primaryimage"},"image":{"@id":"https:\/\/truusk.store\/sv\/produkt\/truusk-skraptunna-for-katter-3-nivaer-inklusive-skrapyta-av-sisalrep-38-cm-x-38-cm-x-70-cm-gra\/#primaryimage"},"thumbnailUrl":"https:\/\/i0.wp.com\/truusk.store\/wp-content\/uploads\/2024\/02\/skraptunna-med-3-nivaer-inklusive-skrapyta-av-sisalrep-skraptunna-for-katter-38-cm-x-38-cm-x-70-cm-gra.webp?fit=800%2C800&ssl=1","datePublished":"2024-02-14T01:26:11+00:00","dateModified":"2026-03-12T08:15:35+00:00","breadcrumb":{"@id":"https:\/\/truusk.store\/sv\/produkt\/truusk-skraptunna-for-katter-3-nivaer-inklusive-skrapyta-av-sisalrep-38-cm-x-38-cm-x-70-cm-gra\/#breadcrumb"},"inLanguage":"sv-SE","potentialAction":[{"@type":"ReadAction","target":["https:\/\/truusk.store\/sv\/produkt\/truusk-skraptunna-for-katter-3-nivaer-inklusive-skrapyta-av-sisalrep-38-cm-x-38-cm-x-70-cm-gra\/"]}]},{"@type":"ImageObject","inLanguage":"sv-SE","@id":"https:\/\/truusk.store\/sv\/produkt\/truusk-skraptunna-for-katter-3-nivaer-inklusive-skrapyta-av-sisalrep-38-cm-x-38-cm-x-70-cm-gra\/#primaryimage","url":"https:\/\/i0.wp.com\/truusk.store\/wp-content\/uploads\/2024\/02\/skraptunna-med-3-nivaer-inklusive-skrapyta-av-sisalrep-skraptunna-for-katter-38-cm-x-38-cm-x-70-cm-gra.webp?fit=800%2C800&ssl=1","contentUrl":"https:\/\/i0.wp.com\/truusk.store\/wp-content\/uploads\/2024\/02\/skraptunna-med-3-nivaer-inklusive-skrapyta-av-sisalrep-skraptunna-for-katter-38-cm-x-38-cm-x-70-cm-gra.webp?fit=800%2C800&ssl=1","width":800,"height":800,"caption":"Skraptunna Med 3 Niv\u00e5er, Inklusive Skrapyta Av Sisalrep, Skraptunna F\u00f6r Katter, 38 Cm X 38 Cm X 70 Cm, Gr\u00e5 1"},{"@type":"BreadcrumbList","@id":"https:\/\/truusk.store\/sv\/produkt\/truusk-skraptunna-for-katter-3-nivaer-inklusive-skrapyta-av-sisalrep-38-cm-x-38-cm-x-70-cm-gra\/#breadcrumb","itemListElement":[{"@type":"ListItem","position":1,"name":"Home","item":"https:\/\/truusk.store\/sv\/"},{"@type":"ListItem","position":2,"name":"Shop","item":"https:\/\/truusk.store\/shop\/"},{"@type":"ListItem","position":3,"name":"TRUUSK Skraptunna f\u00f6r Katter &#8211; 3 Niv\u00e5er &#8211; Inklusive Skrapyta av Sisalrep &#8211; 38 cm x 38 cm x 70 cm &#8211; Gr\u00e5"}]},{"@type":"WebSite","@id":"https:\/\/truusk.store\/sv\/#website","url":"https:\/\/truusk.store\/sv\/","name":"TRUUSK - Hem, Tr\u00e4dg\u00e5rd & Fritid","description":"","publisher":{"@id":"https:\/\/truusk.store\/sv\/#organization"},"potentialAction":[{"@type":"SearchAction","target":{"@type":"EntryPoint","urlTemplate":"https:\/\/truusk.store\/sv\/?s={search_term_string}"},"query-input":{"@type":"PropertyValueSpecification","valueRequired":true,"valueName":"search_term_string"}}],"inLanguage":"sv-SE"},{"@type":"Organization","@id":"https:\/\/truusk.store\/sv\/#organization","name":"TRUUSK - Hem, Tr\u00e4dg\u00e5rd & Fritid","url":"https:\/\/truusk.store\/sv\/","logo":{"@type":"ImageObject","inLanguage":"sv-SE","@id":"https:\/\/truusk.store\/sv\/#\/schema\/logo\/image\/","url":"https:\/\/i0.wp.com\/truusk.store\/wp-content\/uploads\/2026\/03\/cropped-TRUUSK.png?fit=2032%2C917&ssl=1","contentUrl":"https:\/\/i0.wp.com\/truusk.store\/wp-content\/uploads\/2026\/03\/cropped-TRUUSK.png?fit=2032%2C917&ssl=1","width":2032,"height":917,"caption":"TRUUSK - Hem, Tr\u00e4dg\u00e5rd & Fritid"},"image":{"@id":"https:\/\/truusk.store\/sv\/#\/schema\/logo\/image\/"}}]}},"jetpack_sharing_enabled":true,"_links":{"self":[{"href":"https:\/\/truusk.store\/sv\/wp-json\/wp\/v2\/product\/39924","targetHints":{"allow":["GET"]}}],"collection":[{"href":"https:\/\/truusk.store\/sv\/wp-json\/wp\/v2\/product"}],"about":[{"href":"https:\/\/truusk.store\/sv\/wp-json\/wp\/v2\/types\/product"}],"wp:featuredmedia":[{"embeddable":true,"href":"https:\/\/truusk.store\/sv\/wp-json\/wp\/v2\/media\/39925"}],"wp:attachment":[{"href":"https:\/\/truusk.store\/sv\/wp-json\/wp\/v2\/media?parent=39924"}],"wp:term":[{"taxonomy":"product_brand","embeddable":true,"href":"https:\/\/truusk.store\/sv\/wp-json\/wp\/v2\/product_brand?post=39924"},{"taxonomy":"product_cat","embeddable":true,"href":"https:\/\/truusk.store\/sv\/wp-json\/wp\/v2\/product_cat?post=39924"},{"taxonomy":"product_tag","embeddable":true,"href":"https:\/\/truusk.store\/sv\/wp-json\/wp\/v2\/product_tag?post=39924"}],"curies":[{"name":"wp","href":"https:\/\/api.w.org\/{rel}","templated":true}]}}