{"id":39934,"date":"2024-02-14T02:26:32","date_gmt":"2024-02-14T01:26:32","guid":{"rendered":"https:\/\/truusk.store\/product\/foderstation-2-foderskalar-2-liter-vardera-rostfritt-stal-med-lada-for-stora-hundar-vit-gra-60-x-30-x-36-cm\/"},"modified":"2026-03-12T09:15:39","modified_gmt":"2026-03-12T08:15:39","slug":"truusk-foderstation-2-foderskalar-rostfritt-stal-med-lada-for-stora-hundar-vit-gra-60-x-30-x-36-cm","status":"publish","type":"product","link":"https:\/\/truusk.store\/sv\/produkt\/truusk-foderstation-2-foderskalar-rostfritt-stal-med-lada-for-stora-hundar-vit-gra-60-x-30-x-36-cm\/","title":{"rendered":"TRUUSK Foderstation &#8211; 2 Fodersk\u00e5lar &#8211; Rostfritt St\u00e5l &#8211; Med L\u00e5da &#8211; F\u00f6r Stora Hundar &#8211; Vit + Gr\u00e5 &#8211; 60 x 30 x 36 cm"},"content":{"rendered":"<p>Ju mer lagringsutrymme du har, desto roligare kan du erbjuda din fyrbenta v\u00e4n. Tugga leksaker, godsaker, rep och mer f\u00e5r plats i denna stora l\u00e5da, s\u00e5 att du kan minimera garderobs- och hyllutrymmet och ist\u00e4llet f\u00f6rvara f\u00f6rem\u00e5l under mat- och vattensk\u00e5lar. En upph\u00f6jd sk\u00e5lh\u00e5llare f\u00f6r stora hundar s\u00e4kerst\u00e4ller den perfekta lutningsvinkeln.<\/p>\n<h3>Beskrivning:<\/h3>\n<ul>\n<li>Stor l\u00e5da av hundsk\u00e5len f\u00f6r platsbesparande f\u00f6rvaring under mat- och vattensk\u00e5larna<\/li>\n<li>Matsk\u00e5lar i rostfritt st\u00e5l, l\u00e4tta att reng\u00f6ra och t\u00e5l maskindisk<\/li>\n<li>Metallskenor av hundsk\u00e5len set med ett praktiskt handtag f\u00f6r enkel \u00f6ppning och st\u00e4ngning<\/li>\n<li>Hundtassar med stativ f\u00f6r att inte belasta djurets hals<\/li>\n<li>Elegant och enkel modern design f\u00f6r charmiga hundm\u00f6bler<\/li>\n<li>Montering kr\u00e4vs<\/li>\n<\/ul>\n<h3>Teknisk data:<\/h3>\n<ul>\n<li>F\u00e4rg brun<\/li>\n<li>Material: rostfritt st\u00e5l, MDF<\/li>\n<li>\u00d6vergripande m\u00e5tt: 60L x 30W x 36H cm<\/li>\n<li>Sk\u00e5lens storlek: 24 x 7H cm<\/li>\n<li>Sk\u00e5lens kapacitet: 2 L<\/li>\n<li>L\u00e5dstorlek: 50L x 21,5W x 20H cm<\/li>\n<li>L\u00e5dkapacitet: 21 L<\/li>\n<li>Max belastning: 15 kg. (\u00f6versta l\u00e5dan)<\/li>\n<li>Obs: Designad f\u00f6r stora hundar med en axelh\u00f6jd p\u00e5 50-60 cm<\/li>\n<\/ul>\n<h3>Leveransens omfattning:<\/h3>\n<ul>\n<li>1 x Matningsstation<\/li>\n<li>2 x sk\u00e5l i rostfritt st\u00e5l<\/li>\n<li>1 x manuell<\/li>\n<\/ul>\n","protected":false},"excerpt":{"rendered":"<p>Ju mer lagringsutrymme du har, desto roligare kan du erbjuda din fyrbenta v\u00e4n. Tugga leksaker, godsaker, rep och mer f\u00e5r&#8230;<\/p>\n","protected":false},"featured_media":39935,"template":"","meta":[],"product_brand":[],"product_cat":[574,573,580],"product_tag":[],"class_list":{"0":"post-39934","1":"product","2":"type-product","3":"status-publish","4":"has-post-thumbnail","6":"product_cat-hundtillbehor","7":"product_cat-husdjursmaterial","8":"product_cat-matskalar","10":"first","11":"instock","12":"sale","13":"taxable","14":"shipping-taxable","15":"purchasable","16":"product-type-simple"},"yoast_head":"<!-- This site is optimized with the Yoast SEO plugin v25.4 - https:\/\/yoast.com\/wordpress\/plugins\/seo\/ -->\n<title>TRUUSK Foderstation - 2 Fodersk\u00e5lar - Rostfritt St\u00e5l - Med L\u00e5da - F\u00f6r Stora Hundar - Vit + Gr\u00e5 - 60 x 30 x 36 cm - TRUUSK - Hem, Tr\u00e4dg\u00e5rd &amp; Fritid<\/title>\n<meta name=\"robots\" content=\"index, follow, max-snippet:-1, max-image-preview:large, max-video-preview:-1\" \/>\n<link rel=\"canonical\" href=\"https:\/\/truusk.store\/sv\/produkt\/truusk-foderstation-2-foderskalar-rostfritt-stal-med-lada-for-stora-hundar-vit-gra-60-x-30-x-36-cm\/\" \/>\n<meta property=\"og:locale\" content=\"sv_SE\" \/>\n<meta property=\"og:type\" content=\"article\" \/>\n<meta property=\"og:title\" content=\"TRUUSK Foderstation - 2 Fodersk\u00e5lar - Rostfritt St\u00e5l - Med L\u00e5da - F\u00f6r Stora Hundar - Vit + Gr\u00e5 - 60 x 30 x 36 cm - TRUUSK - Hem, Tr\u00e4dg\u00e5rd &amp; Fritid\" \/>\n<meta property=\"og:description\" content=\"Ju mer lagringsutrymme du har, desto roligare kan du erbjuda din fyrbenta v\u00e4n. Tugga leksaker, godsaker, rep och mer f\u00e5r...\" \/>\n<meta property=\"og:url\" content=\"https:\/\/truusk.store\/sv\/produkt\/truusk-foderstation-2-foderskalar-rostfritt-stal-med-lada-for-stora-hundar-vit-gra-60-x-30-x-36-cm\/\" \/>\n<meta property=\"og:site_name\" content=\"TRUUSK - Hem, Tr\u00e4dg\u00e5rd &amp; Fritid\" \/>\n<meta property=\"article:modified_time\" content=\"2026-03-12T08:15:39+00:00\" \/>\n<meta property=\"og:image\" content=\"https:\/\/i0.wp.com\/truusk.se\/wp-content\/uploads\/2024\/02\/foderstation-2-foderskalar-2-liter-vardera-rostfritt-stal-med-lada-for-stora-hundar-vit-gra-60-x-30-x-36-cm.webp?fit=800%2C800&ssl=1\" \/>\n\t<meta property=\"og:image:width\" content=\"800\" \/>\n\t<meta property=\"og:image:height\" content=\"800\" \/>\n\t<meta property=\"og:image:type\" content=\"image\/webp\" \/>\n<meta name=\"twitter:card\" content=\"summary_large_image\" \/>\n<meta name=\"twitter:label1\" content=\"Ber\u00e4knad l\u00e4stid\" \/>\n\t<meta name=\"twitter:data1\" content=\"1 minut\" \/>\n<!-- \/ Yoast SEO plugin. -->","yoast_head_json":{"title":"TRUUSK Foderstation - 2 Fodersk\u00e5lar - Rostfritt St\u00e5l - Med L\u00e5da - F\u00f6r Stora Hundar - Vit + Gr\u00e5 - 60 x 30 x 36 cm - TRUUSK - Hem, Tr\u00e4dg\u00e5rd &amp; Fritid","robots":{"index":"index","follow":"follow","max-snippet":"max-snippet:-1","max-image-preview":"max-image-preview:large","max-video-preview":"max-video-preview:-1"},"canonical":"https:\/\/truusk.store\/sv\/produkt\/truusk-foderstation-2-foderskalar-rostfritt-stal-med-lada-for-stora-hundar-vit-gra-60-x-30-x-36-cm\/","og_locale":"sv_SE","og_type":"article","og_title":"TRUUSK Foderstation - 2 Fodersk\u00e5lar - Rostfritt St\u00e5l - Med L\u00e5da - F\u00f6r Stora Hundar - Vit + Gr\u00e5 - 60 x 30 x 36 cm - TRUUSK - Hem, Tr\u00e4dg\u00e5rd &amp; Fritid","og_description":"Ju mer lagringsutrymme du har, desto roligare kan du erbjuda din fyrbenta v\u00e4n. Tugga leksaker, godsaker, rep och mer f\u00e5r...","og_url":"https:\/\/truusk.store\/sv\/produkt\/truusk-foderstation-2-foderskalar-rostfritt-stal-med-lada-for-stora-hundar-vit-gra-60-x-30-x-36-cm\/","og_site_name":"TRUUSK - Hem, Tr\u00e4dg\u00e5rd &amp; Fritid","article_modified_time":"2026-03-12T08:15:39+00:00","og_image":[{"width":800,"height":800,"url":"https:\/\/i0.wp.com\/truusk.se\/wp-content\/uploads\/2024\/02\/foderstation-2-foderskalar-2-liter-vardera-rostfritt-stal-med-lada-for-stora-hundar-vit-gra-60-x-30-x-36-cm.webp?fit=800%2C800&ssl=1","type":"image\/webp"}],"twitter_card":"summary_large_image","twitter_misc":{"Ber\u00e4knad l\u00e4stid":"1 minut"},"schema":{"@context":"https:\/\/schema.org","@graph":[{"@type":"WebPage","@id":"https:\/\/truusk.store\/sv\/produkt\/truusk-foderstation-2-foderskalar-rostfritt-stal-med-lada-for-stora-hundar-vit-gra-60-x-30-x-36-cm\/","url":"https:\/\/truusk.store\/sv\/produkt\/truusk-foderstation-2-foderskalar-rostfritt-stal-med-lada-for-stora-hundar-vit-gra-60-x-30-x-36-cm\/","name":"TRUUSK Foderstation - 2 Fodersk\u00e5lar - Rostfritt St\u00e5l - Med L\u00e5da - F\u00f6r Stora Hundar - Vit + Gr\u00e5 - 60 x 30 x 36 cm - TRUUSK - Hem, Tr\u00e4dg\u00e5rd &amp; Fritid","isPartOf":{"@id":"https:\/\/truusk.store\/sv\/#website"},"primaryImageOfPage":{"@id":"https:\/\/truusk.store\/sv\/produkt\/truusk-foderstation-2-foderskalar-rostfritt-stal-med-lada-for-stora-hundar-vit-gra-60-x-30-x-36-cm\/#primaryimage"},"image":{"@id":"https:\/\/truusk.store\/sv\/produkt\/truusk-foderstation-2-foderskalar-rostfritt-stal-med-lada-for-stora-hundar-vit-gra-60-x-30-x-36-cm\/#primaryimage"},"thumbnailUrl":"https:\/\/i0.wp.com\/truusk.store\/wp-content\/uploads\/2024\/02\/foderstation-2-foderskalar-2-liter-vardera-rostfritt-stal-med-lada-for-stora-hundar-vit-gra-60-x-30-x-36-cm.webp?fit=800%2C800&ssl=1","datePublished":"2024-02-14T01:26:32+00:00","dateModified":"2026-03-12T08:15:39+00:00","breadcrumb":{"@id":"https:\/\/truusk.store\/sv\/produkt\/truusk-foderstation-2-foderskalar-rostfritt-stal-med-lada-for-stora-hundar-vit-gra-60-x-30-x-36-cm\/#breadcrumb"},"inLanguage":"sv-SE","potentialAction":[{"@type":"ReadAction","target":["https:\/\/truusk.store\/sv\/produkt\/truusk-foderstation-2-foderskalar-rostfritt-stal-med-lada-for-stora-hundar-vit-gra-60-x-30-x-36-cm\/"]}]},{"@type":"ImageObject","inLanguage":"sv-SE","@id":"https:\/\/truusk.store\/sv\/produkt\/truusk-foderstation-2-foderskalar-rostfritt-stal-med-lada-for-stora-hundar-vit-gra-60-x-30-x-36-cm\/#primaryimage","url":"https:\/\/i0.wp.com\/truusk.store\/wp-content\/uploads\/2024\/02\/foderstation-2-foderskalar-2-liter-vardera-rostfritt-stal-med-lada-for-stora-hundar-vit-gra-60-x-30-x-36-cm.webp?fit=800%2C800&ssl=1","contentUrl":"https:\/\/i0.wp.com\/truusk.store\/wp-content\/uploads\/2024\/02\/foderstation-2-foderskalar-2-liter-vardera-rostfritt-stal-med-lada-for-stora-hundar-vit-gra-60-x-30-x-36-cm.webp?fit=800%2C800&ssl=1","width":800,"height":800,"caption":"Foderstation, 2 Fodersk\u00e5lar, 2 Liter Vardera, Rostfritt St\u00e5l, Med L\u00e5da, F\u00f6r Stora Hundar, Vit + Gr\u00e5, 60 X 30 X 36 Cm 1"},{"@type":"BreadcrumbList","@id":"https:\/\/truusk.store\/sv\/produkt\/truusk-foderstation-2-foderskalar-rostfritt-stal-med-lada-for-stora-hundar-vit-gra-60-x-30-x-36-cm\/#breadcrumb","itemListElement":[{"@type":"ListItem","position":1,"name":"Home","item":"https:\/\/truusk.store\/sv\/"},{"@type":"ListItem","position":2,"name":"Shop","item":"https:\/\/truusk.store\/shop\/"},{"@type":"ListItem","position":3,"name":"TRUUSK Foderstation &#8211; 2 Fodersk\u00e5lar &#8211; Rostfritt St\u00e5l &#8211; Med L\u00e5da &#8211; F\u00f6r Stora Hundar &#8211; Vit + Gr\u00e5 &#8211; 60 x 30 x 36 cm"}]},{"@type":"WebSite","@id":"https:\/\/truusk.store\/sv\/#website","url":"https:\/\/truusk.store\/sv\/","name":"TRUUSK - Hem, Tr\u00e4dg\u00e5rd & Fritid","description":"","publisher":{"@id":"https:\/\/truusk.store\/sv\/#organization"},"potentialAction":[{"@type":"SearchAction","target":{"@type":"EntryPoint","urlTemplate":"https:\/\/truusk.store\/sv\/?s={search_term_string}"},"query-input":{"@type":"PropertyValueSpecification","valueRequired":true,"valueName":"search_term_string"}}],"inLanguage":"sv-SE"},{"@type":"Organization","@id":"https:\/\/truusk.store\/sv\/#organization","name":"TRUUSK - Hem, Tr\u00e4dg\u00e5rd & Fritid","url":"https:\/\/truusk.store\/sv\/","logo":{"@type":"ImageObject","inLanguage":"sv-SE","@id":"https:\/\/truusk.store\/sv\/#\/schema\/logo\/image\/","url":"https:\/\/i0.wp.com\/truusk.store\/wp-content\/uploads\/2026\/03\/cropped-TRUUSK.png?fit=2032%2C917&ssl=1","contentUrl":"https:\/\/i0.wp.com\/truusk.store\/wp-content\/uploads\/2026\/03\/cropped-TRUUSK.png?fit=2032%2C917&ssl=1","width":2032,"height":917,"caption":"TRUUSK - Hem, Tr\u00e4dg\u00e5rd & Fritid"},"image":{"@id":"https:\/\/truusk.store\/sv\/#\/schema\/logo\/image\/"}}]}},"jetpack_sharing_enabled":true,"_links":{"self":[{"href":"https:\/\/truusk.store\/sv\/wp-json\/wp\/v2\/product\/39934","targetHints":{"allow":["GET"]}}],"collection":[{"href":"https:\/\/truusk.store\/sv\/wp-json\/wp\/v2\/product"}],"about":[{"href":"https:\/\/truusk.store\/sv\/wp-json\/wp\/v2\/types\/product"}],"wp:featuredmedia":[{"embeddable":true,"href":"https:\/\/truusk.store\/sv\/wp-json\/wp\/v2\/media\/39935"}],"wp:attachment":[{"href":"https:\/\/truusk.store\/sv\/wp-json\/wp\/v2\/media?parent=39934"}],"wp:term":[{"taxonomy":"product_brand","embeddable":true,"href":"https:\/\/truusk.store\/sv\/wp-json\/wp\/v2\/product_brand?post=39934"},{"taxonomy":"product_cat","embeddable":true,"href":"https:\/\/truusk.store\/sv\/wp-json\/wp\/v2\/product_cat?post=39934"},{"taxonomy":"product_tag","embeddable":true,"href":"https:\/\/truusk.store\/sv\/wp-json\/wp\/v2\/product_tag?post=39934"}],"curies":[{"name":"wp","href":"https:\/\/api.w.org\/{rel}","templated":true}]}}