{"id":39963,"date":"2024-02-14T02:27:26","date_gmt":"2024-02-14T01:27:26","guid":{"rendered":"https:\/\/truusk.store\/product\/3d-vaggdekoration-med-cirklar-121cm-x-4cm-x-53cm-metallblatt-svart\/"},"modified":"2026-03-12T09:15:39","modified_gmt":"2026-03-12T08:15:39","slug":"truusk-3d-vaggdekoration-med-cirklar-metallblatt-svart-121cm-x-4cm-x-53cm","status":"publish","type":"product","link":"https:\/\/truusk.store\/sv\/produkt\/truusk-3d-vaggdekoration-med-cirklar-metallblatt-svart-121cm-x-4cm-x-53cm\/","title":{"rendered":"TRUUSK 3D V\u00e4ggdekoration Med Cirklar &#8211; Metallbl\u00e5tt + Svart &#8211; 121cm X 4cm X 53cm"},"content":{"rendered":"<p>Vill du f\u00f6rsk\u00f6na ditt hem? D\u00e5 \u00e4r v\u00e5r v\u00e4ggdekoration i metall precis grejen f\u00f6r dig. Det \u00e4r ocks\u00e5 en idealisk present till inflyttningsfester, br\u00f6llop, \u00e5rsdagar, etc. Tryckt f\u00f6r hand, med exklusiv design, ger den en k\u00e4nsla av attraktivitet och individualitet. Den levereras med krokar och en h\u00e4ngande verktygssats och \u00e4r redo att anv\u00e4ndas och passar bra med resten av ditt hem. K\u00f6p v\u00e5r v\u00e4ggm\u00e5lning till ditt vardagsrum och f\u00f6rsk\u00f6na v\u00e4ggarna i ditt hem.<\/p>\n<h3>Beskrivning:<\/h3>\n<ul>\n<li>Typ: bl\u00e5, guld och svarta cirklar med v\u00e5gig yta<\/li>\n<li>Handm\u00e5lad design f\u00f6r uts\u00f6kt utseende och gl\u00e4nsande<\/li>\n<li>F\u00e4rdig att h\u00e4nga, med krokar och h\u00e4ngare<\/li>\n<li>L\u00e4mplig f\u00f6r badrum, vardagsrum, sovrum, matsal, hall<\/li>\n<li>Kan vara en utm\u00e4rkt present till v\u00e4nner, \u00e4lskare, f\u00f6r\u00e4ldrar<\/li>\n<\/ul>\n<h3>Teknisk data:<\/h3>\n<ul>\n<li>F\u00e4rg: Guld+Bl\u00e5+Svart<\/li>\n<li>Material: metall<\/li>\n<li>Totala m\u00e5tt: 121L x 53H cm<\/li>\n<li>Djup: 40 mm<\/li>\n<\/ul>\n<h3>Leveransens omfattning:<\/h3>\n<ul>\n<li>1 x metall v\u00e4ggdekoration<\/li>\n<li>1 x h\u00e4ngande tillbeh\u00f6r<\/li>\n<\/ul>\n","protected":false},"excerpt":{"rendered":"<p>Vill du f\u00f6rsk\u00f6na ditt hem? D\u00e5 \u00e4r v\u00e5r v\u00e4ggdekoration i metall precis grejen f\u00f6r dig. Det \u00e4r ocks\u00e5 en idealisk&#8230;<\/p>\n","protected":false},"featured_media":39964,"template":"","meta":[],"product_brand":[],"product_cat":[671,672,683],"product_tag":[],"class_list":{"0":"post-39963","1":"product","2":"type-product","3":"status-publish","4":"has-post-thumbnail","6":"product_cat-jarnaffar","7":"product_cat-runt-huset","8":"product_cat-vaggdekoration","10":"first","11":"instock","12":"sale","13":"taxable","14":"shipping-taxable","15":"purchasable","16":"product-type-simple"},"yoast_head":"<!-- This site is optimized with the Yoast SEO plugin v25.4 - https:\/\/yoast.com\/wordpress\/plugins\/seo\/ -->\n<title>TRUUSK 3D V\u00e4ggdekoration Med Cirklar - Metallbl\u00e5tt + Svart - 121cm X 4cm X 53cm - TRUUSK - Hem, Tr\u00e4dg\u00e5rd &amp; Fritid<\/title>\n<meta name=\"robots\" content=\"index, follow, max-snippet:-1, max-image-preview:large, max-video-preview:-1\" \/>\n<link rel=\"canonical\" href=\"https:\/\/truusk.store\/sv\/produkt\/truusk-3d-vaggdekoration-med-cirklar-metallblatt-svart-121cm-x-4cm-x-53cm\/\" \/>\n<meta property=\"og:locale\" content=\"sv_SE\" \/>\n<meta property=\"og:type\" content=\"article\" \/>\n<meta property=\"og:title\" content=\"TRUUSK 3D V\u00e4ggdekoration Med Cirklar - Metallbl\u00e5tt + Svart - 121cm X 4cm X 53cm - TRUUSK - Hem, Tr\u00e4dg\u00e5rd &amp; Fritid\" \/>\n<meta property=\"og:description\" content=\"Vill du f\u00f6rsk\u00f6na ditt hem? D\u00e5 \u00e4r v\u00e5r v\u00e4ggdekoration i metall precis grejen f\u00f6r dig. Det \u00e4r ocks\u00e5 en idealisk...\" \/>\n<meta property=\"og:url\" content=\"https:\/\/truusk.store\/sv\/produkt\/truusk-3d-vaggdekoration-med-cirklar-metallblatt-svart-121cm-x-4cm-x-53cm\/\" \/>\n<meta property=\"og:site_name\" content=\"TRUUSK - Hem, Tr\u00e4dg\u00e5rd &amp; Fritid\" \/>\n<meta property=\"article:modified_time\" content=\"2026-03-12T08:15:39+00:00\" \/>\n<meta property=\"og:image\" content=\"https:\/\/i0.wp.com\/truusk.se\/wp-content\/uploads\/2024\/02\/3d-vaggdekoration-med-cirklar-121cm-x-4cm-x-53cm-metallblatt-svart.webp?fit=800%2C800&ssl=1\" \/>\n\t<meta property=\"og:image:width\" content=\"800\" \/>\n\t<meta property=\"og:image:height\" content=\"800\" \/>\n\t<meta property=\"og:image:type\" content=\"image\/webp\" \/>\n<meta name=\"twitter:card\" content=\"summary_large_image\" \/>\n<meta name=\"twitter:label1\" content=\"Ber\u00e4knad l\u00e4stid\" \/>\n\t<meta name=\"twitter:data1\" content=\"1 minut\" \/>\n<!-- \/ Yoast SEO plugin. -->","yoast_head_json":{"title":"TRUUSK 3D V\u00e4ggdekoration Med Cirklar - Metallbl\u00e5tt + Svart - 121cm X 4cm X 53cm - TRUUSK - Hem, Tr\u00e4dg\u00e5rd &amp; Fritid","robots":{"index":"index","follow":"follow","max-snippet":"max-snippet:-1","max-image-preview":"max-image-preview:large","max-video-preview":"max-video-preview:-1"},"canonical":"https:\/\/truusk.store\/sv\/produkt\/truusk-3d-vaggdekoration-med-cirklar-metallblatt-svart-121cm-x-4cm-x-53cm\/","og_locale":"sv_SE","og_type":"article","og_title":"TRUUSK 3D V\u00e4ggdekoration Med Cirklar - Metallbl\u00e5tt + Svart - 121cm X 4cm X 53cm - TRUUSK - Hem, Tr\u00e4dg\u00e5rd &amp; Fritid","og_description":"Vill du f\u00f6rsk\u00f6na ditt hem? D\u00e5 \u00e4r v\u00e5r v\u00e4ggdekoration i metall precis grejen f\u00f6r dig. Det \u00e4r ocks\u00e5 en idealisk...","og_url":"https:\/\/truusk.store\/sv\/produkt\/truusk-3d-vaggdekoration-med-cirklar-metallblatt-svart-121cm-x-4cm-x-53cm\/","og_site_name":"TRUUSK - Hem, Tr\u00e4dg\u00e5rd &amp; Fritid","article_modified_time":"2026-03-12T08:15:39+00:00","og_image":[{"width":800,"height":800,"url":"https:\/\/i0.wp.com\/truusk.se\/wp-content\/uploads\/2024\/02\/3d-vaggdekoration-med-cirklar-121cm-x-4cm-x-53cm-metallblatt-svart.webp?fit=800%2C800&ssl=1","type":"image\/webp"}],"twitter_card":"summary_large_image","twitter_misc":{"Ber\u00e4knad l\u00e4stid":"1 minut"},"schema":{"@context":"https:\/\/schema.org","@graph":[{"@type":"WebPage","@id":"https:\/\/truusk.store\/sv\/produkt\/truusk-3d-vaggdekoration-med-cirklar-metallblatt-svart-121cm-x-4cm-x-53cm\/","url":"https:\/\/truusk.store\/sv\/produkt\/truusk-3d-vaggdekoration-med-cirklar-metallblatt-svart-121cm-x-4cm-x-53cm\/","name":"TRUUSK 3D V\u00e4ggdekoration Med Cirklar - Metallbl\u00e5tt + Svart - 121cm X 4cm X 53cm - TRUUSK - Hem, Tr\u00e4dg\u00e5rd &amp; Fritid","isPartOf":{"@id":"https:\/\/truusk.store\/sv\/#website"},"primaryImageOfPage":{"@id":"https:\/\/truusk.store\/sv\/produkt\/truusk-3d-vaggdekoration-med-cirklar-metallblatt-svart-121cm-x-4cm-x-53cm\/#primaryimage"},"image":{"@id":"https:\/\/truusk.store\/sv\/produkt\/truusk-3d-vaggdekoration-med-cirklar-metallblatt-svart-121cm-x-4cm-x-53cm\/#primaryimage"},"thumbnailUrl":"https:\/\/i0.wp.com\/truusk.store\/wp-content\/uploads\/2024\/02\/3d-vaggdekoration-med-cirklar-121cm-x-4cm-x-53cm-metallblatt-svart.webp?fit=800%2C800&ssl=1","datePublished":"2024-02-14T01:27:26+00:00","dateModified":"2026-03-12T08:15:39+00:00","breadcrumb":{"@id":"https:\/\/truusk.store\/sv\/produkt\/truusk-3d-vaggdekoration-med-cirklar-metallblatt-svart-121cm-x-4cm-x-53cm\/#breadcrumb"},"inLanguage":"sv-SE","potentialAction":[{"@type":"ReadAction","target":["https:\/\/truusk.store\/sv\/produkt\/truusk-3d-vaggdekoration-med-cirklar-metallblatt-svart-121cm-x-4cm-x-53cm\/"]}]},{"@type":"ImageObject","inLanguage":"sv-SE","@id":"https:\/\/truusk.store\/sv\/produkt\/truusk-3d-vaggdekoration-med-cirklar-metallblatt-svart-121cm-x-4cm-x-53cm\/#primaryimage","url":"https:\/\/i0.wp.com\/truusk.store\/wp-content\/uploads\/2024\/02\/3d-vaggdekoration-med-cirklar-121cm-x-4cm-x-53cm-metallblatt-svart.webp?fit=800%2C800&ssl=1","contentUrl":"https:\/\/i0.wp.com\/truusk.store\/wp-content\/uploads\/2024\/02\/3d-vaggdekoration-med-cirklar-121cm-x-4cm-x-53cm-metallblatt-svart.webp?fit=800%2C800&ssl=1","width":800,"height":800,"caption":"3D V\u00e4ggdekoration Med Cirklar 121cm X 4cm X 53cm Metallbl\u00e5tt + Svart 1"},{"@type":"BreadcrumbList","@id":"https:\/\/truusk.store\/sv\/produkt\/truusk-3d-vaggdekoration-med-cirklar-metallblatt-svart-121cm-x-4cm-x-53cm\/#breadcrumb","itemListElement":[{"@type":"ListItem","position":1,"name":"Home","item":"https:\/\/truusk.store\/sv\/"},{"@type":"ListItem","position":2,"name":"Shop","item":"https:\/\/truusk.store\/shop\/"},{"@type":"ListItem","position":3,"name":"TRUUSK 3D V\u00e4ggdekoration Med Cirklar &#8211; Metallbl\u00e5tt + Svart &#8211; 121cm X 4cm X 53cm"}]},{"@type":"WebSite","@id":"https:\/\/truusk.store\/sv\/#website","url":"https:\/\/truusk.store\/sv\/","name":"TRUUSK - Hem, Tr\u00e4dg\u00e5rd & Fritid","description":"","publisher":{"@id":"https:\/\/truusk.store\/sv\/#organization"},"potentialAction":[{"@type":"SearchAction","target":{"@type":"EntryPoint","urlTemplate":"https:\/\/truusk.store\/sv\/?s={search_term_string}"},"query-input":{"@type":"PropertyValueSpecification","valueRequired":true,"valueName":"search_term_string"}}],"inLanguage":"sv-SE"},{"@type":"Organization","@id":"https:\/\/truusk.store\/sv\/#organization","name":"TRUUSK - Hem, Tr\u00e4dg\u00e5rd & Fritid","url":"https:\/\/truusk.store\/sv\/","logo":{"@type":"ImageObject","inLanguage":"sv-SE","@id":"https:\/\/truusk.store\/sv\/#\/schema\/logo\/image\/","url":"https:\/\/i0.wp.com\/truusk.store\/wp-content\/uploads\/2026\/03\/cropped-TRUUSK.png?fit=2032%2C917&ssl=1","contentUrl":"https:\/\/i0.wp.com\/truusk.store\/wp-content\/uploads\/2026\/03\/cropped-TRUUSK.png?fit=2032%2C917&ssl=1","width":2032,"height":917,"caption":"TRUUSK - Hem, Tr\u00e4dg\u00e5rd & Fritid"},"image":{"@id":"https:\/\/truusk.store\/sv\/#\/schema\/logo\/image\/"}}]}},"jetpack_sharing_enabled":true,"_links":{"self":[{"href":"https:\/\/truusk.store\/sv\/wp-json\/wp\/v2\/product\/39963","targetHints":{"allow":["GET"]}}],"collection":[{"href":"https:\/\/truusk.store\/sv\/wp-json\/wp\/v2\/product"}],"about":[{"href":"https:\/\/truusk.store\/sv\/wp-json\/wp\/v2\/types\/product"}],"wp:featuredmedia":[{"embeddable":true,"href":"https:\/\/truusk.store\/sv\/wp-json\/wp\/v2\/media\/39964"}],"wp:attachment":[{"href":"https:\/\/truusk.store\/sv\/wp-json\/wp\/v2\/media?parent=39963"}],"wp:term":[{"taxonomy":"product_brand","embeddable":true,"href":"https:\/\/truusk.store\/sv\/wp-json\/wp\/v2\/product_brand?post=39963"},{"taxonomy":"product_cat","embeddable":true,"href":"https:\/\/truusk.store\/sv\/wp-json\/wp\/v2\/product_cat?post=39963"},{"taxonomy":"product_tag","embeddable":true,"href":"https:\/\/truusk.store\/sv\/wp-json\/wp\/v2\/product_tag?post=39963"}],"curies":[{"name":"wp","href":"https:\/\/api.w.org\/{rel}","templated":true}]}}