{"id":39975,"date":"2024-02-14T02:27:48","date_gmt":"2024-02-14T01:27:48","guid":{"rendered":"https:\/\/truusk.store\/product\/vaggspegelset-modern-design-4-runda-speglar-guldplaterad-metallram-107x56x4cm\/"},"modified":"2026-03-12T09:15:40","modified_gmt":"2026-03-12T08:15:40","slug":"truusk-vaggspegelset-modern-design-4-runda-speglar-guldplaterad-metallram-107x56x4cm","status":"publish","type":"product","link":"https:\/\/truusk.store\/sv\/produkt\/truusk-vaggspegelset-modern-design-4-runda-speglar-guldplaterad-metallram-107x56x4cm\/","title":{"rendered":"TRUUSK V\u00e4ggspegelset &#8211; Modern Design &#8211; 4 Runda Speglar &#8211; Guldpl\u00e4terad Metallram &#8211; 107x56x4cm"},"content":{"rendered":"<p>Vill du s\u00e4tta en stilfull touch till ditt hem? D\u00e5 \u00e4r detta dekorativa spegelset precis grejen! Varje spegel \u00e4r omgiven av en vacker, f\u00f6rgylld ram. Det finns krokar p\u00e5 baksidan f\u00f6r upph\u00e4ngning och en praktisk v\u00e4ggmonteringssats ing\u00e5r. Spegeldekoren \u00e4r d\u00e4rf\u00f6r redo f\u00f6r omedelbar anv\u00e4ndning och sm\u00e4lter harmoniskt in i din interi\u00f6r f\u00f6r att f\u00e5 den att framst\u00e5 som \u00e4nnu mer elegant och ljus.<\/p>\n<h3>Beskrivning:<\/h3>\n<ul>\n<li>Typ: Rund spegel med guldpl\u00e4terad ramdekor<\/li>\n<li>Inte bara som v\u00e4ggdekoration, utan ocks\u00e5 f\u00f6r mer ljus, vilket f\u00e5r ditt rum att framst\u00e5 som st\u00f6rre<\/li>\n<li>Handm\u00e5lad, gl\u00e4nsande look f\u00f6r en karakt\u00e4rsfull look<\/li>\n<li>F\u00e4rdig att h\u00e4nga tack vare krokar och monteringssats<\/li>\n<li>L\u00e4mplig f\u00f6r badrum, vardagsrum, sovrum, matsal, hall<\/li>\n<li>Kan vara en utm\u00e4rkt present till v\u00e4nner, \u00e4lskare och f\u00f6r\u00e4ldrar<\/li>\n<\/ul>\n<h3>Teknisk data:<\/h3>\n<ul>\n<li>F\u00e4rg guld<\/li>\n<li>Material: metall<\/li>\n<li>\u00d6vergripande m\u00e5tt: 107W x 56H cm<\/li>\n<li>Djup: 4 cm<\/li>\n<\/ul>\n<h3>Leveransens omfattning:<\/h3>\n<ul>\n<li>1 x V\u00e4ggspegelset<\/li>\n<li>1 x monteringssats<\/li>\n<\/ul>\n","protected":false},"excerpt":{"rendered":"<p>Vill du s\u00e4tta en stilfull touch till ditt hem? D\u00e5 \u00e4r detta dekorativa spegelset precis grejen! Varje spegel \u00e4r omgiven&#8230;<\/p>\n","protected":false},"featured_media":39976,"template":"","meta":[],"product_brand":[],"product_cat":[671,672,683],"product_tag":[],"class_list":{"0":"post-39975","1":"product","2":"type-product","3":"status-publish","4":"has-post-thumbnail","6":"product_cat-jarnaffar","7":"product_cat-runt-huset","8":"product_cat-vaggdekoration","10":"first","11":"instock","12":"sale","13":"taxable","14":"shipping-taxable","15":"purchasable","16":"product-type-simple"},"yoast_head":"<!-- This site is optimized with the Yoast SEO plugin v25.4 - https:\/\/yoast.com\/wordpress\/plugins\/seo\/ -->\n<title>TRUUSK V\u00e4ggspegelset - Modern Design - 4 Runda Speglar - Guldpl\u00e4terad Metallram - 107x56x4cm - TRUUSK - Hem, Tr\u00e4dg\u00e5rd &amp; Fritid<\/title>\n<meta name=\"robots\" content=\"index, follow, max-snippet:-1, max-image-preview:large, max-video-preview:-1\" \/>\n<link rel=\"canonical\" href=\"https:\/\/truusk.store\/sv\/produkt\/truusk-vaggspegelset-modern-design-4-runda-speglar-guldplaterad-metallram-107x56x4cm\/\" \/>\n<meta property=\"og:locale\" content=\"sv_SE\" \/>\n<meta property=\"og:type\" content=\"article\" \/>\n<meta property=\"og:title\" content=\"TRUUSK V\u00e4ggspegelset - Modern Design - 4 Runda Speglar - Guldpl\u00e4terad Metallram - 107x56x4cm - TRUUSK - Hem, Tr\u00e4dg\u00e5rd &amp; Fritid\" \/>\n<meta property=\"og:description\" content=\"Vill du s\u00e4tta en stilfull touch till ditt hem? D\u00e5 \u00e4r detta dekorativa spegelset precis grejen! Varje spegel \u00e4r omgiven...\" \/>\n<meta property=\"og:url\" content=\"https:\/\/truusk.store\/sv\/produkt\/truusk-vaggspegelset-modern-design-4-runda-speglar-guldplaterad-metallram-107x56x4cm\/\" \/>\n<meta property=\"og:site_name\" content=\"TRUUSK - Hem, Tr\u00e4dg\u00e5rd &amp; Fritid\" \/>\n<meta property=\"article:modified_time\" content=\"2026-03-12T08:15:40+00:00\" \/>\n<meta property=\"og:image\" content=\"https:\/\/i0.wp.com\/truusk.se\/wp-content\/uploads\/2024\/02\/vaggspegelset-modern-design-4-runda-speglar-guldplaterad-metallram-107x56x4cm.webp?fit=800%2C800&ssl=1\" \/>\n\t<meta property=\"og:image:width\" content=\"800\" \/>\n\t<meta property=\"og:image:height\" content=\"800\" \/>\n\t<meta property=\"og:image:type\" content=\"image\/webp\" \/>\n<meta name=\"twitter:card\" content=\"summary_large_image\" \/>\n<meta name=\"twitter:label1\" content=\"Ber\u00e4knad l\u00e4stid\" \/>\n\t<meta name=\"twitter:data1\" content=\"1 minut\" \/>\n<!-- \/ Yoast SEO plugin. -->","yoast_head_json":{"title":"TRUUSK V\u00e4ggspegelset - Modern Design - 4 Runda Speglar - Guldpl\u00e4terad Metallram - 107x56x4cm - TRUUSK - Hem, Tr\u00e4dg\u00e5rd &amp; Fritid","robots":{"index":"index","follow":"follow","max-snippet":"max-snippet:-1","max-image-preview":"max-image-preview:large","max-video-preview":"max-video-preview:-1"},"canonical":"https:\/\/truusk.store\/sv\/produkt\/truusk-vaggspegelset-modern-design-4-runda-speglar-guldplaterad-metallram-107x56x4cm\/","og_locale":"sv_SE","og_type":"article","og_title":"TRUUSK V\u00e4ggspegelset - Modern Design - 4 Runda Speglar - Guldpl\u00e4terad Metallram - 107x56x4cm - TRUUSK - Hem, Tr\u00e4dg\u00e5rd &amp; Fritid","og_description":"Vill du s\u00e4tta en stilfull touch till ditt hem? D\u00e5 \u00e4r detta dekorativa spegelset precis grejen! Varje spegel \u00e4r omgiven...","og_url":"https:\/\/truusk.store\/sv\/produkt\/truusk-vaggspegelset-modern-design-4-runda-speglar-guldplaterad-metallram-107x56x4cm\/","og_site_name":"TRUUSK - Hem, Tr\u00e4dg\u00e5rd &amp; Fritid","article_modified_time":"2026-03-12T08:15:40+00:00","og_image":[{"width":800,"height":800,"url":"https:\/\/i0.wp.com\/truusk.se\/wp-content\/uploads\/2024\/02\/vaggspegelset-modern-design-4-runda-speglar-guldplaterad-metallram-107x56x4cm.webp?fit=800%2C800&ssl=1","type":"image\/webp"}],"twitter_card":"summary_large_image","twitter_misc":{"Ber\u00e4knad l\u00e4stid":"1 minut"},"schema":{"@context":"https:\/\/schema.org","@graph":[{"@type":"WebPage","@id":"https:\/\/truusk.store\/sv\/produkt\/truusk-vaggspegelset-modern-design-4-runda-speglar-guldplaterad-metallram-107x56x4cm\/","url":"https:\/\/truusk.store\/sv\/produkt\/truusk-vaggspegelset-modern-design-4-runda-speglar-guldplaterad-metallram-107x56x4cm\/","name":"TRUUSK V\u00e4ggspegelset - Modern Design - 4 Runda Speglar - Guldpl\u00e4terad Metallram - 107x56x4cm - TRUUSK - Hem, Tr\u00e4dg\u00e5rd &amp; Fritid","isPartOf":{"@id":"https:\/\/truusk.store\/sv\/#website"},"primaryImageOfPage":{"@id":"https:\/\/truusk.store\/sv\/produkt\/truusk-vaggspegelset-modern-design-4-runda-speglar-guldplaterad-metallram-107x56x4cm\/#primaryimage"},"image":{"@id":"https:\/\/truusk.store\/sv\/produkt\/truusk-vaggspegelset-modern-design-4-runda-speglar-guldplaterad-metallram-107x56x4cm\/#primaryimage"},"thumbnailUrl":"https:\/\/i0.wp.com\/truusk.store\/wp-content\/uploads\/2024\/02\/vaggspegelset-modern-design-4-runda-speglar-guldplaterad-metallram-107x56x4cm.webp?fit=800%2C800&ssl=1","datePublished":"2024-02-14T01:27:48+00:00","dateModified":"2026-03-12T08:15:40+00:00","breadcrumb":{"@id":"https:\/\/truusk.store\/sv\/produkt\/truusk-vaggspegelset-modern-design-4-runda-speglar-guldplaterad-metallram-107x56x4cm\/#breadcrumb"},"inLanguage":"sv-SE","potentialAction":[{"@type":"ReadAction","target":["https:\/\/truusk.store\/sv\/produkt\/truusk-vaggspegelset-modern-design-4-runda-speglar-guldplaterad-metallram-107x56x4cm\/"]}]},{"@type":"ImageObject","inLanguage":"sv-SE","@id":"https:\/\/truusk.store\/sv\/produkt\/truusk-vaggspegelset-modern-design-4-runda-speglar-guldplaterad-metallram-107x56x4cm\/#primaryimage","url":"https:\/\/i0.wp.com\/truusk.store\/wp-content\/uploads\/2024\/02\/vaggspegelset-modern-design-4-runda-speglar-guldplaterad-metallram-107x56x4cm.webp?fit=800%2C800&ssl=1","contentUrl":"https:\/\/i0.wp.com\/truusk.store\/wp-content\/uploads\/2024\/02\/vaggspegelset-modern-design-4-runda-speglar-guldplaterad-metallram-107x56x4cm.webp?fit=800%2C800&ssl=1","width":800,"height":800,"caption":"V\u00e4ggspegelset Modern Design 4 Runda Speglar Guldpl\u00e4terad Metallram 107x56x4cm 1"},{"@type":"BreadcrumbList","@id":"https:\/\/truusk.store\/sv\/produkt\/truusk-vaggspegelset-modern-design-4-runda-speglar-guldplaterad-metallram-107x56x4cm\/#breadcrumb","itemListElement":[{"@type":"ListItem","position":1,"name":"Home","item":"https:\/\/truusk.store\/sv\/"},{"@type":"ListItem","position":2,"name":"Shop","item":"https:\/\/truusk.store\/shop\/"},{"@type":"ListItem","position":3,"name":"TRUUSK V\u00e4ggspegelset &#8211; Modern Design &#8211; 4 Runda Speglar &#8211; Guldpl\u00e4terad Metallram &#8211; 107x56x4cm"}]},{"@type":"WebSite","@id":"https:\/\/truusk.store\/sv\/#website","url":"https:\/\/truusk.store\/sv\/","name":"TRUUSK - Hem, Tr\u00e4dg\u00e5rd & Fritid","description":"","publisher":{"@id":"https:\/\/truusk.store\/sv\/#organization"},"potentialAction":[{"@type":"SearchAction","target":{"@type":"EntryPoint","urlTemplate":"https:\/\/truusk.store\/sv\/?s={search_term_string}"},"query-input":{"@type":"PropertyValueSpecification","valueRequired":true,"valueName":"search_term_string"}}],"inLanguage":"sv-SE"},{"@type":"Organization","@id":"https:\/\/truusk.store\/sv\/#organization","name":"TRUUSK - Hem, Tr\u00e4dg\u00e5rd & Fritid","url":"https:\/\/truusk.store\/sv\/","logo":{"@type":"ImageObject","inLanguage":"sv-SE","@id":"https:\/\/truusk.store\/sv\/#\/schema\/logo\/image\/","url":"https:\/\/i0.wp.com\/truusk.store\/wp-content\/uploads\/2026\/03\/cropped-TRUUSK.png?fit=2032%2C917&ssl=1","contentUrl":"https:\/\/i0.wp.com\/truusk.store\/wp-content\/uploads\/2026\/03\/cropped-TRUUSK.png?fit=2032%2C917&ssl=1","width":2032,"height":917,"caption":"TRUUSK - Hem, Tr\u00e4dg\u00e5rd & Fritid"},"image":{"@id":"https:\/\/truusk.store\/sv\/#\/schema\/logo\/image\/"}}]}},"jetpack_sharing_enabled":true,"_links":{"self":[{"href":"https:\/\/truusk.store\/sv\/wp-json\/wp\/v2\/product\/39975","targetHints":{"allow":["GET"]}}],"collection":[{"href":"https:\/\/truusk.store\/sv\/wp-json\/wp\/v2\/product"}],"about":[{"href":"https:\/\/truusk.store\/sv\/wp-json\/wp\/v2\/types\/product"}],"wp:featuredmedia":[{"embeddable":true,"href":"https:\/\/truusk.store\/sv\/wp-json\/wp\/v2\/media\/39976"}],"wp:attachment":[{"href":"https:\/\/truusk.store\/sv\/wp-json\/wp\/v2\/media?parent=39975"}],"wp:term":[{"taxonomy":"product_brand","embeddable":true,"href":"https:\/\/truusk.store\/sv\/wp-json\/wp\/v2\/product_brand?post=39975"},{"taxonomy":"product_cat","embeddable":true,"href":"https:\/\/truusk.store\/sv\/wp-json\/wp\/v2\/product_cat?post=39975"},{"taxonomy":"product_tag","embeddable":true,"href":"https:\/\/truusk.store\/sv\/wp-json\/wp\/v2\/product_tag?post=39975"}],"curies":[{"name":"wp","href":"https:\/\/api.w.org\/{rel}","templated":true}]}}