{"id":39986,"date":"2024-02-14T02:28:15","date_gmt":"2024-02-14T01:28:15","guid":{"rendered":"https:\/\/truusk.store\/product\/katttrappa-med-skrapbrada-3-steg-spelboll-robust-stal-sisal-kramvit-svart-51-x-54-x-53cm\/"},"modified":"2026-03-12T09:15:40","modified_gmt":"2026-03-12T08:15:40","slug":"truusk-katttrappa-med-skrapbrada-3-steg-spelboll-robust-design-stal-sisal-material-kramvit-svart-51-x-54-x-53cm","status":"publish","type":"product","link":"https:\/\/truusk.store\/sv\/produkt\/truusk-katttrappa-med-skrapbrada-3-steg-spelboll-robust-design-stal-sisal-material-kramvit-svart-51-x-54-x-53cm\/","title":{"rendered":"TRUUSK Katttrappa &#8211; Med Skrapbr\u00e4da &#8211; 3 Steg &#8211; Spelboll &#8211; Robust Design &#8211; St\u00e5l + Sisal Material &#8211; Kr\u00e4mvit + Svart &#8211; 51 X 54 X 53cm"},"content":{"rendered":"<p>Visste du att att hoppa upp och ner fr\u00e5n s\u00e4ngen eller soffan kan orsaka led- och kn\u00e4v\u00e4rk? F\u00f6rsiktighet rekommenderas s\u00e4rskilt med \u00e4ldre katter och katter med begr\u00e4nsad r\u00f6rlighet. Det \u00e4r d\u00e4rf\u00f6r vi utvecklade denna praktiska och hj\u00e4lpsamma husdjurstrappa, som ocks\u00e5 fungerar som ett bra skrapatillf\u00e4lle och en bekv\u00e4m viloplats. Det hj\u00e4lper inte bara din katt att komma upp och ner p\u00e5 ett s\u00e4kert s\u00e4tt, utan det ger honom ocks\u00e5 mer utrymme att leka och vila.<\/p>\n<h3>Beskrivning:<\/h3>\n<ul>\n<li>3-stegs katttrappor fungerar som ett s\u00e4kert kl\u00e4tterhj\u00e4lpmedel f\u00f6r \u00e4ldre och r\u00f6relsehindrade djur<\/li>\n<li>G\u00f6r vardagen enklare f\u00f6r din katt, oavsett om den \u00e4r gammal, kort eller skadad<\/li>\n<li>F\u00f6rfinad design med ytor f\u00f6r vila och repor<\/li>\n<li>H\u00e4ngande spelboll f\u00f6r mer variation<\/li>\n<li>En sisalskrapbr\u00e4da f\u00f6r att slipa kattens klor och skydda dina m\u00f6bler eller golv<\/li>\n<li>Rekommenderas f\u00f6r katter upp till 6 kg<\/li>\n<li>Montering kr\u00e4vs<\/li>\n<\/ul>\n<h3>Teknisk data:<\/h3>\n<ul>\n<li>F\u00e4rg: kr\u00e4mvit+svart<\/li>\n<li>Material: st\u00e5l, sp\u00e5nskiva, 100% polyester, sisal<\/li>\n<li>\u00d6vergripande m\u00e5tt: 51L x 54W x 53H cm<\/li>\n<li>Storlek p\u00e5 varje steg: 42L x 18W cm (f\u00f6rsta\/andra steget), 51L x 18W cm (tredje steget)<\/li>\n<li>H\u00f6jd p\u00e5 varje steg (fr\u00e5n golvet): 19 cm, 36 cm, 53 cm<\/li>\n<li>Kuldiameter: 4 cm, repl\u00e4ngd: 6 cm<\/li>\n<li>Lastkapacitet: 12 kg<\/li>\n<\/ul>\n<h3>Leveransens omfattning:<\/h3>\n<ul>\n<li>1 x Djurtrappa<\/li>\n<li>1 x manuell<\/li>\n<\/ul>\n","protected":false},"excerpt":{"rendered":"<p>Visste du att att hoppa upp och ner fr\u00e5n s\u00e4ngen eller soffan kan orsaka led- och kn\u00e4v\u00e4rk? F\u00f6rsiktighet rekommenderas s\u00e4rskilt&#8230;<\/p>\n","protected":false},"featured_media":39987,"template":"","meta":[],"product_brand":[],"product_cat":[573,588,592],"product_tag":[],"class_list":{"0":"post-39986","1":"product","2":"type-product","3":"status-publish","4":"has-post-thumbnail","6":"product_cat-husdjursmaterial","7":"product_cat-katttillbehor","8":"product_cat-katttrappa","10":"first","11":"instock","12":"sale","13":"taxable","14":"shipping-taxable","15":"purchasable","16":"product-type-simple"},"yoast_head":"<!-- This site is optimized with the Yoast SEO plugin v25.4 - https:\/\/yoast.com\/wordpress\/plugins\/seo\/ -->\n<title>TRUUSK Katttrappa - Med Skrapbr\u00e4da - 3 Steg - Spelboll - Robust Design - St\u00e5l + Sisal Material - Kr\u00e4mvit + Svart - 51 X 54 X 53cm - TRUUSK - Hem, Tr\u00e4dg\u00e5rd &amp; Fritid<\/title>\n<meta name=\"robots\" content=\"index, follow, max-snippet:-1, max-image-preview:large, max-video-preview:-1\" \/>\n<link rel=\"canonical\" href=\"https:\/\/truusk.store\/sv\/produkt\/truusk-katttrappa-med-skrapbrada-3-steg-spelboll-robust-design-stal-sisal-material-kramvit-svart-51-x-54-x-53cm\/\" \/>\n<meta property=\"og:locale\" content=\"sv_SE\" \/>\n<meta property=\"og:type\" content=\"article\" \/>\n<meta property=\"og:title\" content=\"TRUUSK Katttrappa - Med Skrapbr\u00e4da - 3 Steg - Spelboll - Robust Design - St\u00e5l + Sisal Material - Kr\u00e4mvit + Svart - 51 X 54 X 53cm - TRUUSK - Hem, Tr\u00e4dg\u00e5rd &amp; Fritid\" \/>\n<meta property=\"og:description\" content=\"Visste du att att hoppa upp och ner fr\u00e5n s\u00e4ngen eller soffan kan orsaka led- och kn\u00e4v\u00e4rk? F\u00f6rsiktighet rekommenderas s\u00e4rskilt...\" \/>\n<meta property=\"og:url\" content=\"https:\/\/truusk.store\/sv\/produkt\/truusk-katttrappa-med-skrapbrada-3-steg-spelboll-robust-design-stal-sisal-material-kramvit-svart-51-x-54-x-53cm\/\" \/>\n<meta property=\"og:site_name\" content=\"TRUUSK - Hem, Tr\u00e4dg\u00e5rd &amp; Fritid\" \/>\n<meta property=\"article:modified_time\" content=\"2026-03-12T08:15:40+00:00\" \/>\n<meta property=\"og:image\" content=\"https:\/\/i0.wp.com\/truusk.se\/wp-content\/uploads\/2024\/02\/katttrappa-med-skrapbrada-3-steg-spelboll-robust-stal-sisal-kramvit-svart-51-x-54-x-53cm.webp?fit=800%2C800&ssl=1\" \/>\n\t<meta property=\"og:image:width\" content=\"800\" \/>\n\t<meta property=\"og:image:height\" content=\"800\" \/>\n\t<meta property=\"og:image:type\" content=\"image\/webp\" \/>\n<meta name=\"twitter:card\" content=\"summary_large_image\" \/>\n<meta name=\"twitter:label1\" content=\"Ber\u00e4knad l\u00e4stid\" \/>\n\t<meta name=\"twitter:data1\" content=\"1 minut\" \/>\n<!-- \/ Yoast SEO plugin. -->","yoast_head_json":{"title":"TRUUSK Katttrappa - Med Skrapbr\u00e4da - 3 Steg - Spelboll - Robust Design - St\u00e5l + Sisal Material - Kr\u00e4mvit + Svart - 51 X 54 X 53cm - TRUUSK - Hem, Tr\u00e4dg\u00e5rd &amp; Fritid","robots":{"index":"index","follow":"follow","max-snippet":"max-snippet:-1","max-image-preview":"max-image-preview:large","max-video-preview":"max-video-preview:-1"},"canonical":"https:\/\/truusk.store\/sv\/produkt\/truusk-katttrappa-med-skrapbrada-3-steg-spelboll-robust-design-stal-sisal-material-kramvit-svart-51-x-54-x-53cm\/","og_locale":"sv_SE","og_type":"article","og_title":"TRUUSK Katttrappa - Med Skrapbr\u00e4da - 3 Steg - Spelboll - Robust Design - St\u00e5l + Sisal Material - Kr\u00e4mvit + Svart - 51 X 54 X 53cm - TRUUSK - Hem, Tr\u00e4dg\u00e5rd &amp; Fritid","og_description":"Visste du att att hoppa upp och ner fr\u00e5n s\u00e4ngen eller soffan kan orsaka led- och kn\u00e4v\u00e4rk? F\u00f6rsiktighet rekommenderas s\u00e4rskilt...","og_url":"https:\/\/truusk.store\/sv\/produkt\/truusk-katttrappa-med-skrapbrada-3-steg-spelboll-robust-design-stal-sisal-material-kramvit-svart-51-x-54-x-53cm\/","og_site_name":"TRUUSK - Hem, Tr\u00e4dg\u00e5rd &amp; Fritid","article_modified_time":"2026-03-12T08:15:40+00:00","og_image":[{"width":800,"height":800,"url":"https:\/\/i0.wp.com\/truusk.se\/wp-content\/uploads\/2024\/02\/katttrappa-med-skrapbrada-3-steg-spelboll-robust-stal-sisal-kramvit-svart-51-x-54-x-53cm.webp?fit=800%2C800&ssl=1","type":"image\/webp"}],"twitter_card":"summary_large_image","twitter_misc":{"Ber\u00e4knad l\u00e4stid":"1 minut"},"schema":{"@context":"https:\/\/schema.org","@graph":[{"@type":"WebPage","@id":"https:\/\/truusk.store\/sv\/produkt\/truusk-katttrappa-med-skrapbrada-3-steg-spelboll-robust-design-stal-sisal-material-kramvit-svart-51-x-54-x-53cm\/","url":"https:\/\/truusk.store\/sv\/produkt\/truusk-katttrappa-med-skrapbrada-3-steg-spelboll-robust-design-stal-sisal-material-kramvit-svart-51-x-54-x-53cm\/","name":"TRUUSK Katttrappa - Med Skrapbr\u00e4da - 3 Steg - Spelboll - Robust Design - St\u00e5l + Sisal Material - Kr\u00e4mvit + Svart - 51 X 54 X 53cm - TRUUSK - Hem, Tr\u00e4dg\u00e5rd &amp; Fritid","isPartOf":{"@id":"https:\/\/truusk.store\/sv\/#website"},"primaryImageOfPage":{"@id":"https:\/\/truusk.store\/sv\/produkt\/truusk-katttrappa-med-skrapbrada-3-steg-spelboll-robust-design-stal-sisal-material-kramvit-svart-51-x-54-x-53cm\/#primaryimage"},"image":{"@id":"https:\/\/truusk.store\/sv\/produkt\/truusk-katttrappa-med-skrapbrada-3-steg-spelboll-robust-design-stal-sisal-material-kramvit-svart-51-x-54-x-53cm\/#primaryimage"},"thumbnailUrl":"https:\/\/i0.wp.com\/truusk.store\/wp-content\/uploads\/2024\/02\/katttrappa-med-skrapbrada-3-steg-spelboll-robust-stal-sisal-kramvit-svart-51-x-54-x-53cm.webp?fit=800%2C800&ssl=1","datePublished":"2024-02-14T01:28:15+00:00","dateModified":"2026-03-12T08:15:40+00:00","breadcrumb":{"@id":"https:\/\/truusk.store\/sv\/produkt\/truusk-katttrappa-med-skrapbrada-3-steg-spelboll-robust-design-stal-sisal-material-kramvit-svart-51-x-54-x-53cm\/#breadcrumb"},"inLanguage":"sv-SE","potentialAction":[{"@type":"ReadAction","target":["https:\/\/truusk.store\/sv\/produkt\/truusk-katttrappa-med-skrapbrada-3-steg-spelboll-robust-design-stal-sisal-material-kramvit-svart-51-x-54-x-53cm\/"]}]},{"@type":"ImageObject","inLanguage":"sv-SE","@id":"https:\/\/truusk.store\/sv\/produkt\/truusk-katttrappa-med-skrapbrada-3-steg-spelboll-robust-design-stal-sisal-material-kramvit-svart-51-x-54-x-53cm\/#primaryimage","url":"https:\/\/i0.wp.com\/truusk.store\/wp-content\/uploads\/2024\/02\/katttrappa-med-skrapbrada-3-steg-spelboll-robust-stal-sisal-kramvit-svart-51-x-54-x-53cm.webp?fit=800%2C800&ssl=1","contentUrl":"https:\/\/i0.wp.com\/truusk.store\/wp-content\/uploads\/2024\/02\/katttrappa-med-skrapbrada-3-steg-spelboll-robust-stal-sisal-kramvit-svart-51-x-54-x-53cm.webp?fit=800%2C800&ssl=1","width":800,"height":800,"caption":"Katttrappa, Med Skrapbr\u00e4da, 3 Steg, Spelboll, Robust, St\u00e5l + Sisal, Kr\u00e4mvit + Svart, 51 X 54 X 53cm 1"},{"@type":"BreadcrumbList","@id":"https:\/\/truusk.store\/sv\/produkt\/truusk-katttrappa-med-skrapbrada-3-steg-spelboll-robust-design-stal-sisal-material-kramvit-svart-51-x-54-x-53cm\/#breadcrumb","itemListElement":[{"@type":"ListItem","position":1,"name":"Home","item":"https:\/\/truusk.store\/sv\/"},{"@type":"ListItem","position":2,"name":"Shop","item":"https:\/\/truusk.store\/shop\/"},{"@type":"ListItem","position":3,"name":"TRUUSK Katttrappa &#8211; Med Skrapbr\u00e4da &#8211; 3 Steg &#8211; Spelboll &#8211; Robust Design &#8211; St\u00e5l + Sisal Material &#8211; Kr\u00e4mvit + Svart &#8211; 51 X 54 X 53cm"}]},{"@type":"WebSite","@id":"https:\/\/truusk.store\/sv\/#website","url":"https:\/\/truusk.store\/sv\/","name":"TRUUSK - Hem, Tr\u00e4dg\u00e5rd & Fritid","description":"","publisher":{"@id":"https:\/\/truusk.store\/sv\/#organization"},"potentialAction":[{"@type":"SearchAction","target":{"@type":"EntryPoint","urlTemplate":"https:\/\/truusk.store\/sv\/?s={search_term_string}"},"query-input":{"@type":"PropertyValueSpecification","valueRequired":true,"valueName":"search_term_string"}}],"inLanguage":"sv-SE"},{"@type":"Organization","@id":"https:\/\/truusk.store\/sv\/#organization","name":"TRUUSK - Hem, Tr\u00e4dg\u00e5rd & Fritid","url":"https:\/\/truusk.store\/sv\/","logo":{"@type":"ImageObject","inLanguage":"sv-SE","@id":"https:\/\/truusk.store\/sv\/#\/schema\/logo\/image\/","url":"https:\/\/i0.wp.com\/truusk.store\/wp-content\/uploads\/2026\/03\/cropped-TRUUSK.png?fit=2032%2C917&ssl=1","contentUrl":"https:\/\/i0.wp.com\/truusk.store\/wp-content\/uploads\/2026\/03\/cropped-TRUUSK.png?fit=2032%2C917&ssl=1","width":2032,"height":917,"caption":"TRUUSK - Hem, Tr\u00e4dg\u00e5rd & Fritid"},"image":{"@id":"https:\/\/truusk.store\/sv\/#\/schema\/logo\/image\/"}}]}},"jetpack_sharing_enabled":true,"_links":{"self":[{"href":"https:\/\/truusk.store\/sv\/wp-json\/wp\/v2\/product\/39986","targetHints":{"allow":["GET"]}}],"collection":[{"href":"https:\/\/truusk.store\/sv\/wp-json\/wp\/v2\/product"}],"about":[{"href":"https:\/\/truusk.store\/sv\/wp-json\/wp\/v2\/types\/product"}],"wp:featuredmedia":[{"embeddable":true,"href":"https:\/\/truusk.store\/sv\/wp-json\/wp\/v2\/media\/39987"}],"wp:attachment":[{"href":"https:\/\/truusk.store\/sv\/wp-json\/wp\/v2\/media?parent=39986"}],"wp:term":[{"taxonomy":"product_brand","embeddable":true,"href":"https:\/\/truusk.store\/sv\/wp-json\/wp\/v2\/product_brand?post=39986"},{"taxonomy":"product_cat","embeddable":true,"href":"https:\/\/truusk.store\/sv\/wp-json\/wp\/v2\/product_cat?post=39986"},{"taxonomy":"product_tag","embeddable":true,"href":"https:\/\/truusk.store\/sv\/wp-json\/wp\/v2\/product_tag?post=39986"}],"curies":[{"name":"wp","href":"https:\/\/api.w.org\/{rel}","templated":true}]}}