{"id":39997,"date":"2024-02-14T02:28:36","date_gmt":"2024-02-14T01:28:36","guid":{"rendered":"https:\/\/truusk.store\/product\/skrapstolpe-inklusive-kattgrotta-kattsang-kattupphangningsmatta-och-leksaker-60-cm-x-40-cm-x-113-cm-ljusgra\/"},"modified":"2026-03-12T09:16:05","modified_gmt":"2026-03-12T08:16:05","slug":"truusk-scratcher-med-kattgrotta-och-leksaker-ljusgra-60-cm-x-40-cm-x-113-cm","status":"publish","type":"product","link":"https:\/\/truusk.store\/sv\/produkt\/truusk-scratcher-med-kattgrotta-och-leksaker-ljusgra-60-cm-x-40-cm-x-113-cm\/","title":{"rendered":"TRUUSK Scratcher med Kattgrotta och Leksaker &#8211; Ljusgr\u00e5 &#8211; 60 cm x 40 cm x 113 cm"},"content":{"rendered":"<p>Att klia och sova \u00e4r tv\u00e5 av katternas favoritsyssels\u00e4ttningar. Det h\u00e4r moderna katttr\u00e4det har tre bekv\u00e4ma st\u00e4llen att ligga p\u00e5, en plattform f\u00f6r att hoppa, tre stolpar och en ramp f\u00f6r att repa och tv\u00e5 lekbollar f\u00f6r att spela. Tack vare den robusta konstruktionen kommer din fyrbenta v\u00e4n att kunna dra nytta av denna skrapstolpe i m\u00e5nga \u00e5r fram\u00f6ver. H\u00e5ll dina m\u00f6bler vackra och din katt glad med en kattskrapstolpe, kl\u00e4ttertorn och katts\u00e4ng allt i ett.<\/p>\n<h3>Beskrivning:<\/h3>\n<ul>\n<li>Inkluderar en l\u00e4genhet, en s\u00e4ng och en h\u00e4ngmatta som ger mysiga platser f\u00f6r dina katter<\/li>\n<li>Flerniv\u00e5designen tillfredsst\u00e4ller ditt husdjurs \u00f6nskan att kl\u00e4ttra l\u00e5ngt \u00f6ver marken<\/li>\n<li>Skrapstolpe och ramp f\u00f6r katter att klia sina klor<\/li>\n<li>H\u00e4ngkulorna \u00e4r avsedda f\u00f6r underh\u00e5llning<\/li>\n<li>Det sl\u00e4ta tyget \u00e4r mysigt och mjukt<\/li>\n<li>Tillverkad av sp\u00e5nskiva f\u00f6r stabilitet<\/li>\n<li>L\u00e4mplig f\u00f6r katter under 5 kg<\/li>\n<li>Montering kr\u00e4vs<\/li>\n<\/ul>\n<h3>Teknisk data:<\/h3>\n<ul>\n<li>F\u00e4rg: ljusgr\u00e5<\/li>\n<li>Material: sp\u00e5nskiva, plysch (100% polyester), sisal<\/li>\n<li>\u00d6vergripande m\u00e5tt: 60L x 40W x 113H cm<\/li>\n<li>Basstorlek: 60L x 40W cm<\/li>\n<li>Storlek p\u00e5 kattl\u00e5dan: 40L x 30W x 27H cm<\/li>\n<li>Plattformens storlek: 30 cm<\/li>\n<li>Ramstorlek: 38L x 17W cm<\/li>\n<li>H\u00e4ngmattans storlek: 30 x 5H cm<\/li>\n<li>S\u00e4ngstorlek: 31,5 x 7H cm<\/li>\n<li>Skrapstolps storlek: 6,7 cm<\/li>\n<li>Rekommenderad djurvikt: mindre \u00e4n 5 kg<\/li>\n<li>Viktkapacitet: 15 kg (totalt), 10 kg (s\u00e4ng\/abborre), 8 kg (h\u00e4ngmatta)<\/li>\n<\/ul>\n<h3>Leveransens omfattning:<\/h3>\n<ul>\n<li>1 x skrapstolpe<\/li>\n<li>1 x manuell<\/li>\n<\/ul>\n","protected":false},"excerpt":{"rendered":"<p>Att klia och sova \u00e4r tv\u00e5 av katternas favoritsyssels\u00e4ttningar. Det h\u00e4r moderna katttr\u00e4det har tre bekv\u00e4ma st\u00e4llen att ligga p\u00e5,&#8230;<\/p>\n","protected":false},"featured_media":39998,"template":"","meta":[],"product_brand":[],"product_cat":[573,588,589],"product_tag":[],"class_list":{"0":"post-39997","1":"product","2":"type-product","3":"status-publish","4":"has-post-thumbnail","6":"product_cat-husdjursmaterial","7":"product_cat-katttillbehor","8":"product_cat-skrapande-inlagg","10":"first","11":"instock","12":"sale","13":"taxable","14":"shipping-taxable","15":"purchasable","16":"product-type-simple"},"yoast_head":"<!-- This site is optimized with the Yoast SEO plugin v25.4 - https:\/\/yoast.com\/wordpress\/plugins\/seo\/ -->\n<title>TRUUSK Scratcher med Kattgrotta och Leksaker - Ljusgr\u00e5 - 60 cm x 40 cm x 113 cm - TRUUSK - Hem, Tr\u00e4dg\u00e5rd &amp; Fritid<\/title>\n<meta name=\"robots\" content=\"index, follow, max-snippet:-1, max-image-preview:large, max-video-preview:-1\" \/>\n<link rel=\"canonical\" href=\"https:\/\/truusk.store\/sv\/produkt\/truusk-scratcher-med-kattgrotta-och-leksaker-ljusgra-60-cm-x-40-cm-x-113-cm\/\" \/>\n<meta property=\"og:locale\" content=\"sv_SE\" \/>\n<meta property=\"og:type\" content=\"article\" \/>\n<meta property=\"og:title\" content=\"TRUUSK Scratcher med Kattgrotta och Leksaker - Ljusgr\u00e5 - 60 cm x 40 cm x 113 cm - TRUUSK - Hem, Tr\u00e4dg\u00e5rd &amp; Fritid\" \/>\n<meta property=\"og:description\" content=\"Att klia och sova \u00e4r tv\u00e5 av katternas favoritsyssels\u00e4ttningar. Det h\u00e4r moderna katttr\u00e4det har tre bekv\u00e4ma st\u00e4llen att ligga p\u00e5,...\" \/>\n<meta property=\"og:url\" content=\"https:\/\/truusk.store\/sv\/produkt\/truusk-scratcher-med-kattgrotta-och-leksaker-ljusgra-60-cm-x-40-cm-x-113-cm\/\" \/>\n<meta property=\"og:site_name\" content=\"TRUUSK - Hem, Tr\u00e4dg\u00e5rd &amp; Fritid\" \/>\n<meta property=\"article:modified_time\" content=\"2026-03-12T08:16:05+00:00\" \/>\n<meta property=\"og:image\" content=\"https:\/\/i0.wp.com\/truusk.se\/wp-content\/uploads\/2024\/02\/skrapstolpe-inklusive-kattgrotta-kattsang-kattupphangningsmatta-och-leksaker-60-cm-x-40-cm-x-113-cm-ljusgra.webp?fit=800%2C800&ssl=1\" \/>\n\t<meta property=\"og:image:width\" content=\"800\" \/>\n\t<meta property=\"og:image:height\" content=\"800\" \/>\n\t<meta property=\"og:image:type\" content=\"image\/webp\" \/>\n<meta name=\"twitter:card\" content=\"summary_large_image\" \/>\n<meta name=\"twitter:label1\" content=\"Ber\u00e4knad l\u00e4stid\" \/>\n\t<meta name=\"twitter:data1\" content=\"1 minut\" \/>\n<!-- \/ Yoast SEO plugin. -->","yoast_head_json":{"title":"TRUUSK Scratcher med Kattgrotta och Leksaker - Ljusgr\u00e5 - 60 cm x 40 cm x 113 cm - TRUUSK - Hem, Tr\u00e4dg\u00e5rd &amp; Fritid","robots":{"index":"index","follow":"follow","max-snippet":"max-snippet:-1","max-image-preview":"max-image-preview:large","max-video-preview":"max-video-preview:-1"},"canonical":"https:\/\/truusk.store\/sv\/produkt\/truusk-scratcher-med-kattgrotta-och-leksaker-ljusgra-60-cm-x-40-cm-x-113-cm\/","og_locale":"sv_SE","og_type":"article","og_title":"TRUUSK Scratcher med Kattgrotta och Leksaker - Ljusgr\u00e5 - 60 cm x 40 cm x 113 cm - TRUUSK - Hem, Tr\u00e4dg\u00e5rd &amp; Fritid","og_description":"Att klia och sova \u00e4r tv\u00e5 av katternas favoritsyssels\u00e4ttningar. Det h\u00e4r moderna katttr\u00e4det har tre bekv\u00e4ma st\u00e4llen att ligga p\u00e5,...","og_url":"https:\/\/truusk.store\/sv\/produkt\/truusk-scratcher-med-kattgrotta-och-leksaker-ljusgra-60-cm-x-40-cm-x-113-cm\/","og_site_name":"TRUUSK - Hem, Tr\u00e4dg\u00e5rd &amp; Fritid","article_modified_time":"2026-03-12T08:16:05+00:00","og_image":[{"width":800,"height":800,"url":"https:\/\/i0.wp.com\/truusk.se\/wp-content\/uploads\/2024\/02\/skrapstolpe-inklusive-kattgrotta-kattsang-kattupphangningsmatta-och-leksaker-60-cm-x-40-cm-x-113-cm-ljusgra.webp?fit=800%2C800&ssl=1","type":"image\/webp"}],"twitter_card":"summary_large_image","twitter_misc":{"Ber\u00e4knad l\u00e4stid":"1 minut"},"schema":{"@context":"https:\/\/schema.org","@graph":[{"@type":"WebPage","@id":"https:\/\/truusk.store\/sv\/produkt\/truusk-scratcher-med-kattgrotta-och-leksaker-ljusgra-60-cm-x-40-cm-x-113-cm\/","url":"https:\/\/truusk.store\/sv\/produkt\/truusk-scratcher-med-kattgrotta-och-leksaker-ljusgra-60-cm-x-40-cm-x-113-cm\/","name":"TRUUSK Scratcher med Kattgrotta och Leksaker - Ljusgr\u00e5 - 60 cm x 40 cm x 113 cm - TRUUSK - Hem, Tr\u00e4dg\u00e5rd &amp; Fritid","isPartOf":{"@id":"https:\/\/truusk.store\/sv\/#website"},"primaryImageOfPage":{"@id":"https:\/\/truusk.store\/sv\/produkt\/truusk-scratcher-med-kattgrotta-och-leksaker-ljusgra-60-cm-x-40-cm-x-113-cm\/#primaryimage"},"image":{"@id":"https:\/\/truusk.store\/sv\/produkt\/truusk-scratcher-med-kattgrotta-och-leksaker-ljusgra-60-cm-x-40-cm-x-113-cm\/#primaryimage"},"thumbnailUrl":"https:\/\/i0.wp.com\/truusk.store\/wp-content\/uploads\/2024\/02\/skrapstolpe-inklusive-kattgrotta-kattsang-kattupphangningsmatta-och-leksaker-60-cm-x-40-cm-x-113-cm-ljusgra.webp?fit=800%2C800&ssl=1","datePublished":"2024-02-14T01:28:36+00:00","dateModified":"2026-03-12T08:16:05+00:00","breadcrumb":{"@id":"https:\/\/truusk.store\/sv\/produkt\/truusk-scratcher-med-kattgrotta-och-leksaker-ljusgra-60-cm-x-40-cm-x-113-cm\/#breadcrumb"},"inLanguage":"sv-SE","potentialAction":[{"@type":"ReadAction","target":["https:\/\/truusk.store\/sv\/produkt\/truusk-scratcher-med-kattgrotta-och-leksaker-ljusgra-60-cm-x-40-cm-x-113-cm\/"]}]},{"@type":"ImageObject","inLanguage":"sv-SE","@id":"https:\/\/truusk.store\/sv\/produkt\/truusk-scratcher-med-kattgrotta-och-leksaker-ljusgra-60-cm-x-40-cm-x-113-cm\/#primaryimage","url":"https:\/\/i0.wp.com\/truusk.store\/wp-content\/uploads\/2024\/02\/skrapstolpe-inklusive-kattgrotta-kattsang-kattupphangningsmatta-och-leksaker-60-cm-x-40-cm-x-113-cm-ljusgra.webp?fit=800%2C800&ssl=1","contentUrl":"https:\/\/i0.wp.com\/truusk.store\/wp-content\/uploads\/2024\/02\/skrapstolpe-inklusive-kattgrotta-kattsang-kattupphangningsmatta-och-leksaker-60-cm-x-40-cm-x-113-cm-ljusgra.webp?fit=800%2C800&ssl=1","width":800,"height":800,"caption":"Skrapstolpe Inklusive Kattgrotta, Katts\u00e4ng, Kattupph\u00e4ngningsmatta Och Leksaker 60 Cm X 40 Cm X 113 Cm, Ljusgr\u00e5 1"},{"@type":"BreadcrumbList","@id":"https:\/\/truusk.store\/sv\/produkt\/truusk-scratcher-med-kattgrotta-och-leksaker-ljusgra-60-cm-x-40-cm-x-113-cm\/#breadcrumb","itemListElement":[{"@type":"ListItem","position":1,"name":"Home","item":"https:\/\/truusk.store\/sv\/"},{"@type":"ListItem","position":2,"name":"Shop","item":"https:\/\/truusk.store\/shop\/"},{"@type":"ListItem","position":3,"name":"TRUUSK Scratcher med Kattgrotta och Leksaker &#8211; Ljusgr\u00e5 &#8211; 60 cm x 40 cm x 113 cm"}]},{"@type":"WebSite","@id":"https:\/\/truusk.store\/sv\/#website","url":"https:\/\/truusk.store\/sv\/","name":"TRUUSK - Hem, Tr\u00e4dg\u00e5rd & Fritid","description":"","publisher":{"@id":"https:\/\/truusk.store\/sv\/#organization"},"potentialAction":[{"@type":"SearchAction","target":{"@type":"EntryPoint","urlTemplate":"https:\/\/truusk.store\/sv\/?s={search_term_string}"},"query-input":{"@type":"PropertyValueSpecification","valueRequired":true,"valueName":"search_term_string"}}],"inLanguage":"sv-SE"},{"@type":"Organization","@id":"https:\/\/truusk.store\/sv\/#organization","name":"TRUUSK - Hem, Tr\u00e4dg\u00e5rd & Fritid","url":"https:\/\/truusk.store\/sv\/","logo":{"@type":"ImageObject","inLanguage":"sv-SE","@id":"https:\/\/truusk.store\/sv\/#\/schema\/logo\/image\/","url":"https:\/\/i0.wp.com\/truusk.store\/wp-content\/uploads\/2026\/03\/cropped-TRUUSK.png?fit=2032%2C917&ssl=1","contentUrl":"https:\/\/i0.wp.com\/truusk.store\/wp-content\/uploads\/2026\/03\/cropped-TRUUSK.png?fit=2032%2C917&ssl=1","width":2032,"height":917,"caption":"TRUUSK - Hem, Tr\u00e4dg\u00e5rd & Fritid"},"image":{"@id":"https:\/\/truusk.store\/sv\/#\/schema\/logo\/image\/"}}]}},"jetpack_sharing_enabled":true,"_links":{"self":[{"href":"https:\/\/truusk.store\/sv\/wp-json\/wp\/v2\/product\/39997","targetHints":{"allow":["GET"]}}],"collection":[{"href":"https:\/\/truusk.store\/sv\/wp-json\/wp\/v2\/product"}],"about":[{"href":"https:\/\/truusk.store\/sv\/wp-json\/wp\/v2\/types\/product"}],"wp:featuredmedia":[{"embeddable":true,"href":"https:\/\/truusk.store\/sv\/wp-json\/wp\/v2\/media\/39998"}],"wp:attachment":[{"href":"https:\/\/truusk.store\/sv\/wp-json\/wp\/v2\/media?parent=39997"}],"wp:term":[{"taxonomy":"product_brand","embeddable":true,"href":"https:\/\/truusk.store\/sv\/wp-json\/wp\/v2\/product_brand?post=39997"},{"taxonomy":"product_cat","embeddable":true,"href":"https:\/\/truusk.store\/sv\/wp-json\/wp\/v2\/product_cat?post=39997"},{"taxonomy":"product_tag","embeddable":true,"href":"https:\/\/truusk.store\/sv\/wp-json\/wp\/v2\/product_tag?post=39997"}],"curies":[{"name":"wp","href":"https:\/\/api.w.org\/{rel}","templated":true}]}}