{"id":40007,"date":"2024-02-14T02:29:01","date_gmt":"2024-02-14T01:29:01","guid":{"rendered":"https:\/\/truusk.store\/product\/skrapstolpe-djurtrappa-4-steg-lekboll-scurry-hoj-och-sankbar-svart-gra-60-x-40-x-66-cm\/"},"modified":"2026-03-12T09:16:05","modified_gmt":"2026-03-12T08:16:05","slug":"truusk-skrapstolpe-for-katter-djurtrappa-med-4-steg-lekboll-hoj-och-sankbar-svart-gra-60-x-40-x-66-cm","status":"publish","type":"product","link":"https:\/\/truusk.store\/sv\/produkt\/truusk-skrapstolpe-for-katter-djurtrappa-med-4-steg-lekboll-hoj-och-sankbar-svart-gra-60-x-40-x-66-cm\/","title":{"rendered":"TRUUSK Skrapstolpe f\u00f6r Katter &#8211; Djurtrappa med 4 Steg &#8211; Lekboll &#8211; H\u00f6j- och S\u00e4nkbar &#8211; Svart + Gr\u00e5 &#8211; 60 x 40 x 66 cm"},"content":{"rendered":"<p>Visste du att att hoppa upp och ner fr\u00e5n s\u00e4ngen eller soffan kan orsaka led- och kn\u00e4v\u00e4rk? F\u00f6rsiktighet rekommenderas s\u00e4rskilt med \u00e4ldre katter och katter med begr\u00e4nsad r\u00f6rlighet. Det \u00e4r d\u00e4rf\u00f6r vi utvecklade denna praktiska och hj\u00e4lpsamma husdjurstrappa som fungerar som en bra skrapstolpe och en fristad. Det hj\u00e4lper inte bara din katt att komma upp och ner p\u00e5 ett s\u00e4kert s\u00e4tt, utan det ger honom ocks\u00e5 mer utrymme att leka och vila.<\/p>\n<h3>Beskrivning:<\/h3>\n<ul>\n<li>3- eller 4-stegs katttrappor \u00e4r justerbara i h\u00f6jdled och fungerar som ett s\u00e4kert kl\u00e4tterhj\u00e4lpmedel f\u00f6r \u00e4ldre och r\u00f6relsebegr\u00e4nsade djur<\/li>\n<li>G\u00f6r vardagen enklare f\u00f6r din katt, oavsett om den \u00e4r gammal, kort eller skadad<\/li>\n<li>F\u00f6rfinad design med lekm\u00f6jligheter och en plats att dra sig tillbaka p\u00e5<\/li>\n<li>H\u00e4ngande spelboll f\u00f6r mer variation<\/li>\n<li>Rekommenderas f\u00f6r katter upp till 5 kg<\/li>\n<li>Montering kr\u00e4vs<\/li>\n<\/ul>\n<h3>Teknisk data:<\/h3>\n<ul>\n<li>F\u00e4rg: Svart+Gr\u00e5<\/li>\n<li>Material: sp\u00e5nskiva, plysch, filttyg<\/li>\n<li>Totala m\u00e5tt: 60L x 40W x 66H cm<\/li>\n<li>M\u00e5tt p\u00e5 varje niv\u00e5: 40L x 15W cm (f\u00f6rsta\/fj\u00e4rde niv\u00e5n), 40L x 30W cm (andra\/tredje niv\u00e5n)<\/li>\n<li>H\u00f6jd p\u00e5 varje steg (fr\u00e5n marken): 18 cm, 33 cm, 50 cm, 66 cm<\/li>\n<li>Innerm\u00e5tt p\u00e5 katthuset: 38L x 27W x 30H cm<\/li>\n<li>M\u00e5tt p\u00e5 entr\u00e9\u00f6ppningen: 16 cm<\/li>\n<li>Kulans diameter: 4 cm<\/li>\n<li>Skrapstolpens diameter: 2,5 cm (katthus), 6,7 cm (\u00f6vriga)<\/li>\n<\/ul>\n<h3>Leveransens omfattning:<\/h3>\n<ul>\n<li>1 x Djurtrappa<\/li>\n<li>1 x manuell<\/li>\n<\/ul>\n","protected":false},"excerpt":{"rendered":"<p>Visste du att att hoppa upp och ner fr\u00e5n s\u00e4ngen eller soffan kan orsaka led- och kn\u00e4v\u00e4rk? F\u00f6rsiktighet rekommenderas s\u00e4rskilt&#8230;<\/p>\n","protected":false},"featured_media":40008,"template":"","meta":[],"product_brand":[],"product_cat":[573,588,592],"product_tag":[],"class_list":{"0":"post-40007","1":"product","2":"type-product","3":"status-publish","4":"has-post-thumbnail","6":"product_cat-husdjursmaterial","7":"product_cat-katttillbehor","8":"product_cat-katttrappa","10":"first","11":"instock","12":"sale","13":"taxable","14":"shipping-taxable","15":"purchasable","16":"product-type-simple"},"yoast_head":"<!-- This site is optimized with the Yoast SEO plugin v25.4 - https:\/\/yoast.com\/wordpress\/plugins\/seo\/ -->\n<title>TRUUSK Skrapstolpe f\u00f6r Katter - Djurtrappa med 4 Steg - Lekboll - H\u00f6j- och S\u00e4nkbar - Svart + Gr\u00e5 - 60 x 40 x 66 cm - TRUUSK - Hem, Tr\u00e4dg\u00e5rd &amp; Fritid<\/title>\n<meta name=\"robots\" content=\"index, follow, max-snippet:-1, max-image-preview:large, max-video-preview:-1\" \/>\n<link rel=\"canonical\" href=\"https:\/\/truusk.store\/sv\/produkt\/truusk-skrapstolpe-for-katter-djurtrappa-med-4-steg-lekboll-hoj-och-sankbar-svart-gra-60-x-40-x-66-cm\/\" \/>\n<meta property=\"og:locale\" content=\"sv_SE\" \/>\n<meta property=\"og:type\" content=\"article\" \/>\n<meta property=\"og:title\" content=\"TRUUSK Skrapstolpe f\u00f6r Katter - Djurtrappa med 4 Steg - Lekboll - H\u00f6j- och S\u00e4nkbar - Svart + Gr\u00e5 - 60 x 40 x 66 cm - TRUUSK - Hem, Tr\u00e4dg\u00e5rd &amp; Fritid\" \/>\n<meta property=\"og:description\" content=\"Visste du att att hoppa upp och ner fr\u00e5n s\u00e4ngen eller soffan kan orsaka led- och kn\u00e4v\u00e4rk? F\u00f6rsiktighet rekommenderas s\u00e4rskilt...\" \/>\n<meta property=\"og:url\" content=\"https:\/\/truusk.store\/sv\/produkt\/truusk-skrapstolpe-for-katter-djurtrappa-med-4-steg-lekboll-hoj-och-sankbar-svart-gra-60-x-40-x-66-cm\/\" \/>\n<meta property=\"og:site_name\" content=\"TRUUSK - Hem, Tr\u00e4dg\u00e5rd &amp; Fritid\" \/>\n<meta property=\"article:modified_time\" content=\"2026-03-12T08:16:05+00:00\" \/>\n<meta property=\"og:image\" content=\"https:\/\/i0.wp.com\/truusk.se\/wp-content\/uploads\/2024\/02\/skrapstolpe-djurtrappa-4-steg-lekboll-scurry-hoj-och-sankbar-svart-gra-60-x-40-x-66-cm.webp?fit=800%2C800&ssl=1\" \/>\n\t<meta property=\"og:image:width\" content=\"800\" \/>\n\t<meta property=\"og:image:height\" content=\"800\" \/>\n\t<meta property=\"og:image:type\" content=\"image\/webp\" \/>\n<meta name=\"twitter:card\" content=\"summary_large_image\" \/>\n<meta name=\"twitter:label1\" content=\"Ber\u00e4knad l\u00e4stid\" \/>\n\t<meta name=\"twitter:data1\" content=\"1 minut\" \/>\n<!-- \/ Yoast SEO plugin. -->","yoast_head_json":{"title":"TRUUSK Skrapstolpe f\u00f6r Katter - Djurtrappa med 4 Steg - Lekboll - H\u00f6j- och S\u00e4nkbar - Svart + Gr\u00e5 - 60 x 40 x 66 cm - TRUUSK - Hem, Tr\u00e4dg\u00e5rd &amp; Fritid","robots":{"index":"index","follow":"follow","max-snippet":"max-snippet:-1","max-image-preview":"max-image-preview:large","max-video-preview":"max-video-preview:-1"},"canonical":"https:\/\/truusk.store\/sv\/produkt\/truusk-skrapstolpe-for-katter-djurtrappa-med-4-steg-lekboll-hoj-och-sankbar-svart-gra-60-x-40-x-66-cm\/","og_locale":"sv_SE","og_type":"article","og_title":"TRUUSK Skrapstolpe f\u00f6r Katter - Djurtrappa med 4 Steg - Lekboll - H\u00f6j- och S\u00e4nkbar - Svart + Gr\u00e5 - 60 x 40 x 66 cm - TRUUSK - Hem, Tr\u00e4dg\u00e5rd &amp; Fritid","og_description":"Visste du att att hoppa upp och ner fr\u00e5n s\u00e4ngen eller soffan kan orsaka led- och kn\u00e4v\u00e4rk? F\u00f6rsiktighet rekommenderas s\u00e4rskilt...","og_url":"https:\/\/truusk.store\/sv\/produkt\/truusk-skrapstolpe-for-katter-djurtrappa-med-4-steg-lekboll-hoj-och-sankbar-svart-gra-60-x-40-x-66-cm\/","og_site_name":"TRUUSK - Hem, Tr\u00e4dg\u00e5rd &amp; Fritid","article_modified_time":"2026-03-12T08:16:05+00:00","og_image":[{"width":800,"height":800,"url":"https:\/\/i0.wp.com\/truusk.se\/wp-content\/uploads\/2024\/02\/skrapstolpe-djurtrappa-4-steg-lekboll-scurry-hoj-och-sankbar-svart-gra-60-x-40-x-66-cm.webp?fit=800%2C800&ssl=1","type":"image\/webp"}],"twitter_card":"summary_large_image","twitter_misc":{"Ber\u00e4knad l\u00e4stid":"1 minut"},"schema":{"@context":"https:\/\/schema.org","@graph":[{"@type":"WebPage","@id":"https:\/\/truusk.store\/sv\/produkt\/truusk-skrapstolpe-for-katter-djurtrappa-med-4-steg-lekboll-hoj-och-sankbar-svart-gra-60-x-40-x-66-cm\/","url":"https:\/\/truusk.store\/sv\/produkt\/truusk-skrapstolpe-for-katter-djurtrappa-med-4-steg-lekboll-hoj-och-sankbar-svart-gra-60-x-40-x-66-cm\/","name":"TRUUSK Skrapstolpe f\u00f6r Katter - Djurtrappa med 4 Steg - Lekboll - H\u00f6j- och S\u00e4nkbar - Svart + Gr\u00e5 - 60 x 40 x 66 cm - TRUUSK - Hem, Tr\u00e4dg\u00e5rd &amp; Fritid","isPartOf":{"@id":"https:\/\/truusk.store\/sv\/#website"},"primaryImageOfPage":{"@id":"https:\/\/truusk.store\/sv\/produkt\/truusk-skrapstolpe-for-katter-djurtrappa-med-4-steg-lekboll-hoj-och-sankbar-svart-gra-60-x-40-x-66-cm\/#primaryimage"},"image":{"@id":"https:\/\/truusk.store\/sv\/produkt\/truusk-skrapstolpe-for-katter-djurtrappa-med-4-steg-lekboll-hoj-och-sankbar-svart-gra-60-x-40-x-66-cm\/#primaryimage"},"thumbnailUrl":"https:\/\/i0.wp.com\/truusk.store\/wp-content\/uploads\/2024\/02\/skrapstolpe-djurtrappa-4-steg-lekboll-scurry-hoj-och-sankbar-svart-gra-60-x-40-x-66-cm.webp?fit=800%2C800&ssl=1","datePublished":"2024-02-14T01:29:01+00:00","dateModified":"2026-03-12T08:16:05+00:00","breadcrumb":{"@id":"https:\/\/truusk.store\/sv\/produkt\/truusk-skrapstolpe-for-katter-djurtrappa-med-4-steg-lekboll-hoj-och-sankbar-svart-gra-60-x-40-x-66-cm\/#breadcrumb"},"inLanguage":"sv-SE","potentialAction":[{"@type":"ReadAction","target":["https:\/\/truusk.store\/sv\/produkt\/truusk-skrapstolpe-for-katter-djurtrappa-med-4-steg-lekboll-hoj-och-sankbar-svart-gra-60-x-40-x-66-cm\/"]}]},{"@type":"ImageObject","inLanguage":"sv-SE","@id":"https:\/\/truusk.store\/sv\/produkt\/truusk-skrapstolpe-for-katter-djurtrappa-med-4-steg-lekboll-hoj-och-sankbar-svart-gra-60-x-40-x-66-cm\/#primaryimage","url":"https:\/\/i0.wp.com\/truusk.store\/wp-content\/uploads\/2024\/02\/skrapstolpe-djurtrappa-4-steg-lekboll-scurry-hoj-och-sankbar-svart-gra-60-x-40-x-66-cm.webp?fit=800%2C800&ssl=1","contentUrl":"https:\/\/i0.wp.com\/truusk.store\/wp-content\/uploads\/2024\/02\/skrapstolpe-djurtrappa-4-steg-lekboll-scurry-hoj-och-sankbar-svart-gra-60-x-40-x-66-cm.webp?fit=800%2C800&ssl=1","width":800,"height":800,"caption":"Skrapstolpe, Djurtrappa, 4 Steg, Lekboll, Scurry, H\u00f6j- Och S\u00e4nkbar, Svart + Gr\u00e5, 60 X 40 X 66 Cm 1"},{"@type":"BreadcrumbList","@id":"https:\/\/truusk.store\/sv\/produkt\/truusk-skrapstolpe-for-katter-djurtrappa-med-4-steg-lekboll-hoj-och-sankbar-svart-gra-60-x-40-x-66-cm\/#breadcrumb","itemListElement":[{"@type":"ListItem","position":1,"name":"Home","item":"https:\/\/truusk.store\/sv\/"},{"@type":"ListItem","position":2,"name":"Shop","item":"https:\/\/truusk.store\/shop\/"},{"@type":"ListItem","position":3,"name":"TRUUSK Skrapstolpe f\u00f6r Katter &#8211; Djurtrappa med 4 Steg &#8211; Lekboll &#8211; H\u00f6j- och S\u00e4nkbar &#8211; Svart + Gr\u00e5 &#8211; 60 x 40 x 66 cm"}]},{"@type":"WebSite","@id":"https:\/\/truusk.store\/sv\/#website","url":"https:\/\/truusk.store\/sv\/","name":"TRUUSK - Hem, Tr\u00e4dg\u00e5rd & Fritid","description":"","publisher":{"@id":"https:\/\/truusk.store\/sv\/#organization"},"potentialAction":[{"@type":"SearchAction","target":{"@type":"EntryPoint","urlTemplate":"https:\/\/truusk.store\/sv\/?s={search_term_string}"},"query-input":{"@type":"PropertyValueSpecification","valueRequired":true,"valueName":"search_term_string"}}],"inLanguage":"sv-SE"},{"@type":"Organization","@id":"https:\/\/truusk.store\/sv\/#organization","name":"TRUUSK - Hem, Tr\u00e4dg\u00e5rd & Fritid","url":"https:\/\/truusk.store\/sv\/","logo":{"@type":"ImageObject","inLanguage":"sv-SE","@id":"https:\/\/truusk.store\/sv\/#\/schema\/logo\/image\/","url":"https:\/\/i0.wp.com\/truusk.store\/wp-content\/uploads\/2026\/03\/cropped-TRUUSK.png?fit=2032%2C917&ssl=1","contentUrl":"https:\/\/i0.wp.com\/truusk.store\/wp-content\/uploads\/2026\/03\/cropped-TRUUSK.png?fit=2032%2C917&ssl=1","width":2032,"height":917,"caption":"TRUUSK - Hem, Tr\u00e4dg\u00e5rd & Fritid"},"image":{"@id":"https:\/\/truusk.store\/sv\/#\/schema\/logo\/image\/"}}]}},"jetpack_sharing_enabled":true,"_links":{"self":[{"href":"https:\/\/truusk.store\/sv\/wp-json\/wp\/v2\/product\/40007","targetHints":{"allow":["GET"]}}],"collection":[{"href":"https:\/\/truusk.store\/sv\/wp-json\/wp\/v2\/product"}],"about":[{"href":"https:\/\/truusk.store\/sv\/wp-json\/wp\/v2\/types\/product"}],"wp:featuredmedia":[{"embeddable":true,"href":"https:\/\/truusk.store\/sv\/wp-json\/wp\/v2\/media\/40008"}],"wp:attachment":[{"href":"https:\/\/truusk.store\/sv\/wp-json\/wp\/v2\/media?parent=40007"}],"wp:term":[{"taxonomy":"product_brand","embeddable":true,"href":"https:\/\/truusk.store\/sv\/wp-json\/wp\/v2\/product_brand?post=40007"},{"taxonomy":"product_cat","embeddable":true,"href":"https:\/\/truusk.store\/sv\/wp-json\/wp\/v2\/product_cat?post=40007"},{"taxonomy":"product_tag","embeddable":true,"href":"https:\/\/truusk.store\/sv\/wp-json\/wp\/v2\/product_tag?post=40007"}],"curies":[{"name":"wp","href":"https:\/\/api.w.org\/{rel}","templated":true}]}}