{"id":40019,"date":"2024-02-14T02:29:25","date_gmt":"2024-02-14T01:29:25","guid":{"rendered":"https:\/\/truusk.store\/product\/skrapstolpe-en-plattform-hangande-lekboll-sisal-morkgra-kramvit-48-x-48-x-92cm\/"},"modified":"2026-03-12T09:16:05","modified_gmt":"2026-03-12T08:16:05","slug":"truusk-kattleksak-med-sisal-morkgra-och-kramvit-plattform-hangande-lekboll-48-x-48-x-92cm","status":"publish","type":"product","link":"https:\/\/truusk.store\/sv\/produkt\/truusk-kattleksak-med-sisal-morkgra-och-kramvit-plattform-hangande-lekboll-48-x-48-x-92cm\/","title":{"rendered":"TRUUSK Kattleksak med Sisal &#8211; M\u00f6rkgr\u00e5 och Kr\u00e4mvit &#8211; Plattform &#8211; H\u00e4ngande Lekboll &#8211; 48 x 48 x 92cm"},"content":{"rendered":"<p>P\u00e5 det h\u00e4r fantastiska skrapinl\u00e4gget kan ditt husdjur sl\u00e4ppa ut \u00e5nga till fullo, lata sig och leva ut sina skrapinstinkter obehindrat. Den tjocka, robusta skrapstolpen och sisalskrapbr\u00e4dan distraherar skickligt ditt husdjur fr\u00e5n dina m\u00f6bler och erbjuder dem ett mycket bekv\u00e4mare alternativ f\u00f6r att repa dem. Den \u00f6vre plattformen fungerar inte bara som en bekv\u00e4m plats att ligga p\u00e5, utan erbjuder ocks\u00e5 en praktisk tillflyktsort f\u00f6r ditt djur. I slut\u00e4ndan ger en spelboll mer n\u00f6je och variation.<\/p>\n<h3>Beskrivning:<\/h3>\n<ul>\n<li>Sisal-klipstolpen tillfredsst\u00e4ller din katts kliande instinkt<\/li>\n<li>Tillverkad av robust sp\u00e5nskiva f\u00f6r ett stabilt stativ<\/li>\n<li>H\u00e4ngande spelboll f\u00f6r mer variation<\/li>\n<li>13,5 cm tjock stolpe<\/li>\n<li>Klassiskt f\u00e4rgschema med blomformad kattb\u00e4dd f\u00f6r att komplettera din heminredning<\/li>\n<li>Flera niv\u00e5er ger fantastiska kl\u00e4ttringsm\u00f6jligheter<\/li>\n<li>L\u00e4mplig f\u00f6r katter upp till 5 kg<\/li>\n<li>Montering kr\u00e4vs<\/li>\n<\/ul>\n<h3>Teknisk data:<\/h3>\n<ul>\n<li>F\u00e4rg: M\u00f6rkgr\u00e5 + kr\u00e4mvit<\/li>\n<li>Material: sp\u00e5nskiva, lammsimitation, sisal<\/li>\n<li>\u00d6vergripande m\u00e5tt: 48L x 48W x 92H cm<\/li>\n<li>Basstorlek: 48L x 48W cm<\/li>\n<li>M\u00e5tt \u00f6vre plattform: 38L x 38W cm<\/li>\n<li>M\u00e5tt p\u00e5 skrapmatta: 42L x 16W cm<\/li>\n<li>Skrapstolpens diameter: 13,5 cm<\/li>\n<li>Rekommenderad kattvikt: max 5 kg<\/li>\n<\/ul>\n<h3>Leveransens omfattning:<\/h3>\n<ul>\n<li>1 x skrapstolpe<\/li>\n<li>1 x manuell<\/li>\n<\/ul>\n","protected":false},"excerpt":{"rendered":"<p>P\u00e5 det h\u00e4r fantastiska skrapinl\u00e4gget kan ditt husdjur sl\u00e4ppa ut \u00e5nga till fullo, lata sig och leva ut sina skrapinstinkter&#8230;<\/p>\n","protected":false},"featured_media":40020,"template":"","meta":[],"product_brand":[],"product_cat":[573,588,589],"product_tag":[],"class_list":{"0":"post-40019","1":"product","2":"type-product","3":"status-publish","4":"has-post-thumbnail","6":"product_cat-husdjursmaterial","7":"product_cat-katttillbehor","8":"product_cat-skrapande-inlagg","10":"first","11":"instock","12":"sale","13":"taxable","14":"shipping-taxable","15":"purchasable","16":"product-type-simple"},"yoast_head":"<!-- This site is optimized with the Yoast SEO plugin v25.4 - https:\/\/yoast.com\/wordpress\/plugins\/seo\/ -->\n<title>TRUUSK Kattleksak med Sisal - M\u00f6rkgr\u00e5 och Kr\u00e4mvit - Plattform - H\u00e4ngande Lekboll - 48 x 48 x 92cm - TRUUSK - Hem, Tr\u00e4dg\u00e5rd &amp; Fritid<\/title>\n<meta name=\"robots\" content=\"index, follow, max-snippet:-1, max-image-preview:large, max-video-preview:-1\" \/>\n<link rel=\"canonical\" href=\"https:\/\/truusk.store\/sv\/produkt\/truusk-kattleksak-med-sisal-morkgra-och-kramvit-plattform-hangande-lekboll-48-x-48-x-92cm\/\" \/>\n<meta property=\"og:locale\" content=\"sv_SE\" \/>\n<meta property=\"og:type\" content=\"article\" \/>\n<meta property=\"og:title\" content=\"TRUUSK Kattleksak med Sisal - M\u00f6rkgr\u00e5 och Kr\u00e4mvit - Plattform - H\u00e4ngande Lekboll - 48 x 48 x 92cm - TRUUSK - Hem, Tr\u00e4dg\u00e5rd &amp; Fritid\" \/>\n<meta property=\"og:description\" content=\"P\u00e5 det h\u00e4r fantastiska skrapinl\u00e4gget kan ditt husdjur sl\u00e4ppa ut \u00e5nga till fullo, lata sig och leva ut sina skrapinstinkter...\" \/>\n<meta property=\"og:url\" content=\"https:\/\/truusk.store\/sv\/produkt\/truusk-kattleksak-med-sisal-morkgra-och-kramvit-plattform-hangande-lekboll-48-x-48-x-92cm\/\" \/>\n<meta property=\"og:site_name\" content=\"TRUUSK - Hem, Tr\u00e4dg\u00e5rd &amp; Fritid\" \/>\n<meta property=\"article:modified_time\" content=\"2026-03-12T08:16:05+00:00\" \/>\n<meta property=\"og:image\" content=\"https:\/\/i0.wp.com\/truusk.se\/wp-content\/uploads\/2024\/02\/skrapstolpe-en-plattform-hangande-lekboll-sisal-morkgra-kramvit-48-x-48-x-92cm.webp?fit=800%2C800&ssl=1\" \/>\n\t<meta property=\"og:image:width\" content=\"800\" \/>\n\t<meta property=\"og:image:height\" content=\"800\" \/>\n\t<meta property=\"og:image:type\" content=\"image\/webp\" \/>\n<meta name=\"twitter:card\" content=\"summary_large_image\" \/>\n<meta name=\"twitter:label1\" content=\"Ber\u00e4knad l\u00e4stid\" \/>\n\t<meta name=\"twitter:data1\" content=\"1 minut\" \/>\n<!-- \/ Yoast SEO plugin. -->","yoast_head_json":{"title":"TRUUSK Kattleksak med Sisal - M\u00f6rkgr\u00e5 och Kr\u00e4mvit - Plattform - H\u00e4ngande Lekboll - 48 x 48 x 92cm - TRUUSK - Hem, Tr\u00e4dg\u00e5rd &amp; Fritid","robots":{"index":"index","follow":"follow","max-snippet":"max-snippet:-1","max-image-preview":"max-image-preview:large","max-video-preview":"max-video-preview:-1"},"canonical":"https:\/\/truusk.store\/sv\/produkt\/truusk-kattleksak-med-sisal-morkgra-och-kramvit-plattform-hangande-lekboll-48-x-48-x-92cm\/","og_locale":"sv_SE","og_type":"article","og_title":"TRUUSK Kattleksak med Sisal - M\u00f6rkgr\u00e5 och Kr\u00e4mvit - Plattform - H\u00e4ngande Lekboll - 48 x 48 x 92cm - TRUUSK - Hem, Tr\u00e4dg\u00e5rd &amp; Fritid","og_description":"P\u00e5 det h\u00e4r fantastiska skrapinl\u00e4gget kan ditt husdjur sl\u00e4ppa ut \u00e5nga till fullo, lata sig och leva ut sina skrapinstinkter...","og_url":"https:\/\/truusk.store\/sv\/produkt\/truusk-kattleksak-med-sisal-morkgra-och-kramvit-plattform-hangande-lekboll-48-x-48-x-92cm\/","og_site_name":"TRUUSK - Hem, Tr\u00e4dg\u00e5rd &amp; Fritid","article_modified_time":"2026-03-12T08:16:05+00:00","og_image":[{"width":800,"height":800,"url":"https:\/\/i0.wp.com\/truusk.se\/wp-content\/uploads\/2024\/02\/skrapstolpe-en-plattform-hangande-lekboll-sisal-morkgra-kramvit-48-x-48-x-92cm.webp?fit=800%2C800&ssl=1","type":"image\/webp"}],"twitter_card":"summary_large_image","twitter_misc":{"Ber\u00e4knad l\u00e4stid":"1 minut"},"schema":{"@context":"https:\/\/schema.org","@graph":[{"@type":"WebPage","@id":"https:\/\/truusk.store\/sv\/produkt\/truusk-kattleksak-med-sisal-morkgra-och-kramvit-plattform-hangande-lekboll-48-x-48-x-92cm\/","url":"https:\/\/truusk.store\/sv\/produkt\/truusk-kattleksak-med-sisal-morkgra-och-kramvit-plattform-hangande-lekboll-48-x-48-x-92cm\/","name":"TRUUSK Kattleksak med Sisal - M\u00f6rkgr\u00e5 och Kr\u00e4mvit - Plattform - H\u00e4ngande Lekboll - 48 x 48 x 92cm - TRUUSK - Hem, Tr\u00e4dg\u00e5rd &amp; Fritid","isPartOf":{"@id":"https:\/\/truusk.store\/sv\/#website"},"primaryImageOfPage":{"@id":"https:\/\/truusk.store\/sv\/produkt\/truusk-kattleksak-med-sisal-morkgra-och-kramvit-plattform-hangande-lekboll-48-x-48-x-92cm\/#primaryimage"},"image":{"@id":"https:\/\/truusk.store\/sv\/produkt\/truusk-kattleksak-med-sisal-morkgra-och-kramvit-plattform-hangande-lekboll-48-x-48-x-92cm\/#primaryimage"},"thumbnailUrl":"https:\/\/i0.wp.com\/truusk.store\/wp-content\/uploads\/2024\/02\/skrapstolpe-en-plattform-hangande-lekboll-sisal-morkgra-kramvit-48-x-48-x-92cm.webp?fit=800%2C800&ssl=1","datePublished":"2024-02-14T01:29:25+00:00","dateModified":"2026-03-12T08:16:05+00:00","breadcrumb":{"@id":"https:\/\/truusk.store\/sv\/produkt\/truusk-kattleksak-med-sisal-morkgra-och-kramvit-plattform-hangande-lekboll-48-x-48-x-92cm\/#breadcrumb"},"inLanguage":"sv-SE","potentialAction":[{"@type":"ReadAction","target":["https:\/\/truusk.store\/sv\/produkt\/truusk-kattleksak-med-sisal-morkgra-och-kramvit-plattform-hangande-lekboll-48-x-48-x-92cm\/"]}]},{"@type":"ImageObject","inLanguage":"sv-SE","@id":"https:\/\/truusk.store\/sv\/produkt\/truusk-kattleksak-med-sisal-morkgra-och-kramvit-plattform-hangande-lekboll-48-x-48-x-92cm\/#primaryimage","url":"https:\/\/i0.wp.com\/truusk.store\/wp-content\/uploads\/2024\/02\/skrapstolpe-en-plattform-hangande-lekboll-sisal-morkgra-kramvit-48-x-48-x-92cm.webp?fit=800%2C800&ssl=1","contentUrl":"https:\/\/i0.wp.com\/truusk.store\/wp-content\/uploads\/2024\/02\/skrapstolpe-en-plattform-hangande-lekboll-sisal-morkgra-kramvit-48-x-48-x-92cm.webp?fit=800%2C800&ssl=1","width":800,"height":800,"caption":"Skrapstolpe, En Plattform, H\u00e4ngande Lekboll, Sisal, M\u00f6rkgr\u00e5 + Kr\u00e4mvit, 48 X 48 X 92cm 1"},{"@type":"BreadcrumbList","@id":"https:\/\/truusk.store\/sv\/produkt\/truusk-kattleksak-med-sisal-morkgra-och-kramvit-plattform-hangande-lekboll-48-x-48-x-92cm\/#breadcrumb","itemListElement":[{"@type":"ListItem","position":1,"name":"Home","item":"https:\/\/truusk.store\/sv\/"},{"@type":"ListItem","position":2,"name":"Shop","item":"https:\/\/truusk.store\/shop\/"},{"@type":"ListItem","position":3,"name":"TRUUSK Kattleksak med Sisal &#8211; M\u00f6rkgr\u00e5 och Kr\u00e4mvit &#8211; Plattform &#8211; H\u00e4ngande Lekboll &#8211; 48 x 48 x 92cm"}]},{"@type":"WebSite","@id":"https:\/\/truusk.store\/sv\/#website","url":"https:\/\/truusk.store\/sv\/","name":"TRUUSK - Hem, Tr\u00e4dg\u00e5rd & Fritid","description":"","publisher":{"@id":"https:\/\/truusk.store\/sv\/#organization"},"potentialAction":[{"@type":"SearchAction","target":{"@type":"EntryPoint","urlTemplate":"https:\/\/truusk.store\/sv\/?s={search_term_string}"},"query-input":{"@type":"PropertyValueSpecification","valueRequired":true,"valueName":"search_term_string"}}],"inLanguage":"sv-SE"},{"@type":"Organization","@id":"https:\/\/truusk.store\/sv\/#organization","name":"TRUUSK - Hem, Tr\u00e4dg\u00e5rd & Fritid","url":"https:\/\/truusk.store\/sv\/","logo":{"@type":"ImageObject","inLanguage":"sv-SE","@id":"https:\/\/truusk.store\/sv\/#\/schema\/logo\/image\/","url":"https:\/\/i0.wp.com\/truusk.store\/wp-content\/uploads\/2026\/03\/cropped-TRUUSK.png?fit=2032%2C917&ssl=1","contentUrl":"https:\/\/i0.wp.com\/truusk.store\/wp-content\/uploads\/2026\/03\/cropped-TRUUSK.png?fit=2032%2C917&ssl=1","width":2032,"height":917,"caption":"TRUUSK - Hem, Tr\u00e4dg\u00e5rd & Fritid"},"image":{"@id":"https:\/\/truusk.store\/sv\/#\/schema\/logo\/image\/"}}]}},"jetpack_sharing_enabled":true,"_links":{"self":[{"href":"https:\/\/truusk.store\/sv\/wp-json\/wp\/v2\/product\/40019","targetHints":{"allow":["GET"]}}],"collection":[{"href":"https:\/\/truusk.store\/sv\/wp-json\/wp\/v2\/product"}],"about":[{"href":"https:\/\/truusk.store\/sv\/wp-json\/wp\/v2\/types\/product"}],"wp:featuredmedia":[{"embeddable":true,"href":"https:\/\/truusk.store\/sv\/wp-json\/wp\/v2\/media\/40020"}],"wp:attachment":[{"href":"https:\/\/truusk.store\/sv\/wp-json\/wp\/v2\/media?parent=40019"}],"wp:term":[{"taxonomy":"product_brand","embeddable":true,"href":"https:\/\/truusk.store\/sv\/wp-json\/wp\/v2\/product_brand?post=40019"},{"taxonomy":"product_cat","embeddable":true,"href":"https:\/\/truusk.store\/sv\/wp-json\/wp\/v2\/product_cat?post=40019"},{"taxonomy":"product_tag","embeddable":true,"href":"https:\/\/truusk.store\/sv\/wp-json\/wp\/v2\/product_tag?post=40019"}],"curies":[{"name":"wp","href":"https:\/\/api.w.org\/{rel}","templated":true}]}}