{"id":40087,"date":"2024-02-14T02:31:41","date_gmt":"2024-02-14T01:31:41","guid":{"rendered":"https:\/\/truusk.store\/product\/skrapstolpe-med-kattbadd-och-skraptunna-for-katter-60cm-x-445cm-x-109cm-gra-natur-vit\/"},"modified":"2026-03-12T09:16:06","modified_gmt":"2026-03-12T08:16:06","slug":"truusk-skrapstolpe-med-kattbadd-och-skraptunna-60x445x109-cm-gra-natur-vit-for-katter-hallbar-och-stilren","status":"publish","type":"product","link":"https:\/\/truusk.store\/sv\/produkt\/truusk-skrapstolpe-med-kattbadd-och-skraptunna-60x445x109-cm-gra-natur-vit-for-katter-hallbar-och-stilren\/","title":{"rendered":"TRUUSK Skrapstolpe Med Kattb\u00e4dd och Skraptunna &#8211; 60&#215;44,5&#215;109 cm &#8211; Gr\u00e5\/Natur\/Vit &#8211; F\u00f6r Katter &#8211; H\u00e5llbar och Stilren"},"content":{"rendered":"<p>Tillfredsst\u00e4ll din katts naturliga instinkter med detta skrapinl\u00e4gg! Detta katttr\u00e4d inneh\u00e5ller skrapstolpar, en plattform, en kattb\u00e4dd och en skraptunna f\u00f6r olika aktiviteter. Tack vare sisalrepstolparna och kattl\u00e5dan skyddar denna aktivitetskrapstolpe dina m\u00f6bler fr\u00e5n repor. Ge dina lekfulla katter en s\u00e4ker plats att v\u00e4ssa klorna p\u00e5 i kattaktivitetscentret.<\/p>\n<h3>Beskrivning:<\/h3>\n<ul>\n<li>Sisalrepstolpar tillfredsst\u00e4ller din katts behov av att repa och skydda sina m\u00f6bler<\/li>\n<li>Tillverkad av tr\u00e4material f\u00f6r ett stabilt stativ<\/li>\n<li>Kl\u00e4dd med mjuk och sk\u00f6n plysch<\/li>\n<li>Kattl\u00e5da med tre niv\u00e5er och tre \u00f6ppningar<\/li>\n<li>Den flerskiktade designen tillfredsst\u00e4ller din katts \u00f6nskan att kl\u00e4ttra<\/li>\n<li>Neutrala f\u00e4rger passar bra in i alla heminredningar<\/li>\n<li>L\u00e4mplig f\u00f6r katter under 5 kg<\/li>\n<li>Montering kr\u00e4vs<\/li>\n<\/ul>\n<h3>Teknisk data:<\/h3>\n<ul>\n<li>F\u00e4rg: Vit+Gr\u00e5<\/li>\n<li>Material: sp\u00e5nskiva, plysch (100% polyester), sisal<\/li>\n<li>\u00d6vergripande m\u00e5tt: 60L x 44,5W x 109H cm<\/li>\n<li>Basm\u00e5tt: 60L x 44,5W cm<\/li>\n<li>M\u00e5tt p\u00e5 skrappipan: 39 x 80H cm. Innerm\u00e5tt: 37 x 21H cm (varje lager). \u00d6ppningar: 16,5 cm<\/li>\n<li>Plattformsstorlek: 38L x 25W cm<\/li>\n<li>S\u00e4ngm\u00e5tt: 40 x 11H cm. Insida: 28 x 9H cm<\/li>\n<li>Skrapstolpens storlek: 8,2 cm<\/li>\n<\/ul>\n<h3>Leveransens omfattning:<\/h3>\n<ul>\n<li>1 x skrapstolpe<\/li>\n<li>1 x Instruktioner<\/li>\n<\/ul>\n","protected":false},"excerpt":{"rendered":"<p>Tillfredsst\u00e4ll din katts naturliga instinkter med detta skrapinl\u00e4gg! Detta katttr\u00e4d inneh\u00e5ller skrapstolpar, en plattform, en kattb\u00e4dd och en skraptunna f\u00f6r&#8230;<\/p>\n","protected":false},"featured_media":40088,"template":"","meta":[],"product_brand":[],"product_cat":[573,588,589],"product_tag":[],"class_list":{"0":"post-40087","1":"product","2":"type-product","3":"status-publish","4":"has-post-thumbnail","6":"product_cat-husdjursmaterial","7":"product_cat-katttillbehor","8":"product_cat-skrapande-inlagg","10":"first","11":"instock","12":"sale","13":"taxable","14":"shipping-taxable","15":"purchasable","16":"product-type-simple"},"yoast_head":"<!-- This site is optimized with the Yoast SEO plugin v25.4 - https:\/\/yoast.com\/wordpress\/plugins\/seo\/ -->\n<title>TRUUSK Skrapstolpe Med Kattb\u00e4dd och Skraptunna - 60x44,5x109 cm - Gr\u00e5\/Natur\/Vit - F\u00f6r Katter - H\u00e5llbar och Stilren - TRUUSK - Hem, Tr\u00e4dg\u00e5rd &amp; Fritid<\/title>\n<meta name=\"robots\" content=\"index, follow, max-snippet:-1, max-image-preview:large, max-video-preview:-1\" \/>\n<link rel=\"canonical\" href=\"https:\/\/truusk.store\/sv\/produkt\/truusk-skrapstolpe-med-kattbadd-och-skraptunna-60x445x109-cm-gra-natur-vit-for-katter-hallbar-och-stilren\/\" \/>\n<meta property=\"og:locale\" content=\"sv_SE\" \/>\n<meta property=\"og:type\" content=\"article\" \/>\n<meta property=\"og:title\" content=\"TRUUSK Skrapstolpe Med Kattb\u00e4dd och Skraptunna - 60x44,5x109 cm - Gr\u00e5\/Natur\/Vit - F\u00f6r Katter - H\u00e5llbar och Stilren - TRUUSK - Hem, Tr\u00e4dg\u00e5rd &amp; Fritid\" \/>\n<meta property=\"og:description\" content=\"Tillfredsst\u00e4ll din katts naturliga instinkter med detta skrapinl\u00e4gg! Detta katttr\u00e4d inneh\u00e5ller skrapstolpar, en plattform, en kattb\u00e4dd och en skraptunna f\u00f6r...\" \/>\n<meta property=\"og:url\" content=\"https:\/\/truusk.store\/sv\/produkt\/truusk-skrapstolpe-med-kattbadd-och-skraptunna-60x445x109-cm-gra-natur-vit-for-katter-hallbar-och-stilren\/\" \/>\n<meta property=\"og:site_name\" content=\"TRUUSK - Hem, Tr\u00e4dg\u00e5rd &amp; Fritid\" \/>\n<meta property=\"article:modified_time\" content=\"2026-03-12T08:16:06+00:00\" \/>\n<meta property=\"og:image\" content=\"https:\/\/i0.wp.com\/truusk.se\/wp-content\/uploads\/2024\/02\/skrapstolpe-med-kattbadd-och-skraptunna-for-katter-60cm-x-445cm-x-109cm-gra-natur-vit.webp?fit=800%2C800&ssl=1\" \/>\n\t<meta property=\"og:image:width\" content=\"800\" \/>\n\t<meta property=\"og:image:height\" content=\"800\" \/>\n\t<meta property=\"og:image:type\" content=\"image\/webp\" \/>\n<meta name=\"twitter:card\" content=\"summary_large_image\" \/>\n<meta name=\"twitter:label1\" content=\"Ber\u00e4knad l\u00e4stid\" \/>\n\t<meta name=\"twitter:data1\" content=\"1 minut\" \/>\n<!-- \/ Yoast SEO plugin. -->","yoast_head_json":{"title":"TRUUSK Skrapstolpe Med Kattb\u00e4dd och Skraptunna - 60x44,5x109 cm - Gr\u00e5\/Natur\/Vit - F\u00f6r Katter - H\u00e5llbar och Stilren - TRUUSK - Hem, Tr\u00e4dg\u00e5rd &amp; Fritid","robots":{"index":"index","follow":"follow","max-snippet":"max-snippet:-1","max-image-preview":"max-image-preview:large","max-video-preview":"max-video-preview:-1"},"canonical":"https:\/\/truusk.store\/sv\/produkt\/truusk-skrapstolpe-med-kattbadd-och-skraptunna-60x445x109-cm-gra-natur-vit-for-katter-hallbar-och-stilren\/","og_locale":"sv_SE","og_type":"article","og_title":"TRUUSK Skrapstolpe Med Kattb\u00e4dd och Skraptunna - 60x44,5x109 cm - Gr\u00e5\/Natur\/Vit - F\u00f6r Katter - H\u00e5llbar och Stilren - TRUUSK - Hem, Tr\u00e4dg\u00e5rd &amp; Fritid","og_description":"Tillfredsst\u00e4ll din katts naturliga instinkter med detta skrapinl\u00e4gg! Detta katttr\u00e4d inneh\u00e5ller skrapstolpar, en plattform, en kattb\u00e4dd och en skraptunna f\u00f6r...","og_url":"https:\/\/truusk.store\/sv\/produkt\/truusk-skrapstolpe-med-kattbadd-och-skraptunna-60x445x109-cm-gra-natur-vit-for-katter-hallbar-och-stilren\/","og_site_name":"TRUUSK - Hem, Tr\u00e4dg\u00e5rd &amp; Fritid","article_modified_time":"2026-03-12T08:16:06+00:00","og_image":[{"width":800,"height":800,"url":"https:\/\/i0.wp.com\/truusk.se\/wp-content\/uploads\/2024\/02\/skrapstolpe-med-kattbadd-och-skraptunna-for-katter-60cm-x-445cm-x-109cm-gra-natur-vit.webp?fit=800%2C800&ssl=1","type":"image\/webp"}],"twitter_card":"summary_large_image","twitter_misc":{"Ber\u00e4knad l\u00e4stid":"1 minut"},"schema":{"@context":"https:\/\/schema.org","@graph":[{"@type":"WebPage","@id":"https:\/\/truusk.store\/sv\/produkt\/truusk-skrapstolpe-med-kattbadd-och-skraptunna-60x445x109-cm-gra-natur-vit-for-katter-hallbar-och-stilren\/","url":"https:\/\/truusk.store\/sv\/produkt\/truusk-skrapstolpe-med-kattbadd-och-skraptunna-60x445x109-cm-gra-natur-vit-for-katter-hallbar-och-stilren\/","name":"TRUUSK Skrapstolpe Med Kattb\u00e4dd och Skraptunna - 60x44,5x109 cm - Gr\u00e5\/Natur\/Vit - F\u00f6r Katter - H\u00e5llbar och Stilren - TRUUSK - Hem, Tr\u00e4dg\u00e5rd &amp; Fritid","isPartOf":{"@id":"https:\/\/truusk.store\/sv\/#website"},"primaryImageOfPage":{"@id":"https:\/\/truusk.store\/sv\/produkt\/truusk-skrapstolpe-med-kattbadd-och-skraptunna-60x445x109-cm-gra-natur-vit-for-katter-hallbar-och-stilren\/#primaryimage"},"image":{"@id":"https:\/\/truusk.store\/sv\/produkt\/truusk-skrapstolpe-med-kattbadd-och-skraptunna-60x445x109-cm-gra-natur-vit-for-katter-hallbar-och-stilren\/#primaryimage"},"thumbnailUrl":"https:\/\/i0.wp.com\/truusk.store\/wp-content\/uploads\/2024\/02\/skrapstolpe-med-kattbadd-och-skraptunna-for-katter-60cm-x-445cm-x-109cm-gra-natur-vit.webp?fit=800%2C800&ssl=1","datePublished":"2024-02-14T01:31:41+00:00","dateModified":"2026-03-12T08:16:06+00:00","breadcrumb":{"@id":"https:\/\/truusk.store\/sv\/produkt\/truusk-skrapstolpe-med-kattbadd-och-skraptunna-60x445x109-cm-gra-natur-vit-for-katter-hallbar-och-stilren\/#breadcrumb"},"inLanguage":"sv-SE","potentialAction":[{"@type":"ReadAction","target":["https:\/\/truusk.store\/sv\/produkt\/truusk-skrapstolpe-med-kattbadd-och-skraptunna-60x445x109-cm-gra-natur-vit-for-katter-hallbar-och-stilren\/"]}]},{"@type":"ImageObject","inLanguage":"sv-SE","@id":"https:\/\/truusk.store\/sv\/produkt\/truusk-skrapstolpe-med-kattbadd-och-skraptunna-60x445x109-cm-gra-natur-vit-for-katter-hallbar-och-stilren\/#primaryimage","url":"https:\/\/i0.wp.com\/truusk.store\/wp-content\/uploads\/2024\/02\/skrapstolpe-med-kattbadd-och-skraptunna-for-katter-60cm-x-445cm-x-109cm-gra-natur-vit.webp?fit=800%2C800&ssl=1","contentUrl":"https:\/\/i0.wp.com\/truusk.store\/wp-content\/uploads\/2024\/02\/skrapstolpe-med-kattbadd-och-skraptunna-for-katter-60cm-x-445cm-x-109cm-gra-natur-vit.webp?fit=800%2C800&ssl=1","width":800,"height":800,"caption":"Skrapstolpe Med Kattb\u00e4dd Och Skraptunna F\u00f6r Katter, 60cm X 44,5cm X 109cm, Gr\u00e5 + Natur + Vit 1"},{"@type":"BreadcrumbList","@id":"https:\/\/truusk.store\/sv\/produkt\/truusk-skrapstolpe-med-kattbadd-och-skraptunna-60x445x109-cm-gra-natur-vit-for-katter-hallbar-och-stilren\/#breadcrumb","itemListElement":[{"@type":"ListItem","position":1,"name":"Home","item":"https:\/\/truusk.store\/sv\/"},{"@type":"ListItem","position":2,"name":"Shop","item":"https:\/\/truusk.store\/shop\/"},{"@type":"ListItem","position":3,"name":"TRUUSK Skrapstolpe Med Kattb\u00e4dd och Skraptunna &#8211; 60&#215;44,5&#215;109 cm &#8211; Gr\u00e5\/Natur\/Vit &#8211; F\u00f6r Katter &#8211; H\u00e5llbar och Stilren"}]},{"@type":"WebSite","@id":"https:\/\/truusk.store\/sv\/#website","url":"https:\/\/truusk.store\/sv\/","name":"TRUUSK - Hem, Tr\u00e4dg\u00e5rd & Fritid","description":"","publisher":{"@id":"https:\/\/truusk.store\/sv\/#organization"},"potentialAction":[{"@type":"SearchAction","target":{"@type":"EntryPoint","urlTemplate":"https:\/\/truusk.store\/sv\/?s={search_term_string}"},"query-input":{"@type":"PropertyValueSpecification","valueRequired":true,"valueName":"search_term_string"}}],"inLanguage":"sv-SE"},{"@type":"Organization","@id":"https:\/\/truusk.store\/sv\/#organization","name":"TRUUSK - Hem, Tr\u00e4dg\u00e5rd & Fritid","url":"https:\/\/truusk.store\/sv\/","logo":{"@type":"ImageObject","inLanguage":"sv-SE","@id":"https:\/\/truusk.store\/sv\/#\/schema\/logo\/image\/","url":"https:\/\/i0.wp.com\/truusk.store\/wp-content\/uploads\/2026\/03\/cropped-TRUUSK.png?fit=2032%2C917&ssl=1","contentUrl":"https:\/\/i0.wp.com\/truusk.store\/wp-content\/uploads\/2026\/03\/cropped-TRUUSK.png?fit=2032%2C917&ssl=1","width":2032,"height":917,"caption":"TRUUSK - Hem, Tr\u00e4dg\u00e5rd & Fritid"},"image":{"@id":"https:\/\/truusk.store\/sv\/#\/schema\/logo\/image\/"}}]}},"jetpack_sharing_enabled":true,"_links":{"self":[{"href":"https:\/\/truusk.store\/sv\/wp-json\/wp\/v2\/product\/40087","targetHints":{"allow":["GET"]}}],"collection":[{"href":"https:\/\/truusk.store\/sv\/wp-json\/wp\/v2\/product"}],"about":[{"href":"https:\/\/truusk.store\/sv\/wp-json\/wp\/v2\/types\/product"}],"wp:featuredmedia":[{"embeddable":true,"href":"https:\/\/truusk.store\/sv\/wp-json\/wp\/v2\/media\/40088"}],"wp:attachment":[{"href":"https:\/\/truusk.store\/sv\/wp-json\/wp\/v2\/media?parent=40087"}],"wp:term":[{"taxonomy":"product_brand","embeddable":true,"href":"https:\/\/truusk.store\/sv\/wp-json\/wp\/v2\/product_brand?post=40087"},{"taxonomy":"product_cat","embeddable":true,"href":"https:\/\/truusk.store\/sv\/wp-json\/wp\/v2\/product_cat?post=40087"},{"taxonomy":"product_tag","embeddable":true,"href":"https:\/\/truusk.store\/sv\/wp-json\/wp\/v2\/product_tag?post=40087"}],"curies":[{"name":"wp","href":"https:\/\/api.w.org\/{rel}","templated":true}]}}