{"id":40097,"date":"2024-02-14T02:32:02","date_gmt":"2024-02-14T01:32:02","guid":{"rendered":"https:\/\/truusk.store\/product\/klattertrappor-klattervagg-katttrappa-4-st-set-med-skrapstolpe-hangmatta-beige-kramvit-40-x-28-x-73-cm\/"},"modified":"2026-03-12T09:16:06","modified_gmt":"2026-03-12T08:16:06","slug":"truusk-klattertrappor-och-klattervagg-for-katter-4-st-set-med-skrapstolpe-hangmatta-beige-kramvit-40-x-28-x-73-cm","status":"publish","type":"product","link":"https:\/\/truusk.store\/sv\/produkt\/truusk-klattertrappor-och-klattervagg-for-katter-4-st-set-med-skrapstolpe-hangmatta-beige-kramvit-40-x-28-x-73-cm\/","title":{"rendered":"TRUUSK Kl\u00e4ttertrappor och Kl\u00e4tterv\u00e4gg f\u00f6r Katter &#8211; 4 St. Set &#8211; Med Skrapstolpe &#8211; H\u00e4ngmatta &#8211; Beige + Kr\u00e4mvit &#8211; 40 x 28 x 73 cm"},"content":{"rendered":"<p>Det ligger i kattens natur att springa upp p\u00e5 v\u00e4ggarna d\u00e5 och d\u00e5. Gl\u00e4d din lilla med denna fantastiska upps\u00e4ttning kl\u00e4ttertrappor s\u00e5 att han kan leva ut sitt liv och g\u00f6ra v\u00e4ggen till sitt andra hem! Setet best\u00e5r av rej\u00e4la v\u00e4ggmonterade kl\u00e4ttertrappor och en skrapstolpe med sittplattform och mysig h\u00e4ngmatta. Oavsett om du kl\u00e4ttrar, hoppar, katter eller slappar &#8211; detta set l\u00e4mnar lite \u00f6vrigt att \u00f6nska och kommer att gl\u00e4dja din katt!<\/p>\n<h3>Beskrivning:<\/h3>\n<ul>\n<li>4-delat set inneh\u00e5ller kl\u00e4ttertrappor, en skrapstolpe och en h\u00e4ngmatta<\/li>\n<li>Raffinerad v\u00e4ggmontering utnyttjar det vertikala utrymmet optimalt<\/li>\n<li>Robust k\u00e4rna av flisved f\u00f6r h\u00f6g stabilitet<\/li>\n<li>Skrapstolpe f\u00f6r kloslipning &#8211; distraherar din katt fr\u00e5n din inredning<\/li>\n<li>Perfekt tillflyktsort p\u00e5 h\u00f6g h\u00f6jd f\u00f6r din katt<\/li>\n<li>Harmoniserar perfekt med n\u00e4stan alla interi\u00f6rer<\/li>\n<li>Montering kr\u00e4vs<\/li>\n<\/ul>\n<h3>Teknisk data:<\/h3>\n<ul>\n<li>F\u00e4rg: beige+kr\u00e4mvit<\/li>\n<li>Material: sp\u00e5nskiva, plysch, sisal<\/li>\n<li>Kl\u00e4ttersteg: 40L x 28W x 73H cm<\/li>\n<li>Skrapstolpe: 20 x 32W cm<\/li>\n<li>H\u00e4ngmatta: 30 x 5H cm<\/li>\n<li>L\u00e4mplig f\u00f6r katter upp till 5 kg<\/li>\n<li>Obs: Kl\u00e4tterstegen m\u00e5ste installeras med pluggar, med undantag f\u00f6r plankv\u00e4ggar d\u00e4r skruvar f\u00f6r tr\u00e4 kan skruvas direkt i v\u00e4ggen<\/li>\n<li>Valet av skruvar beror p\u00e5 typ av v\u00e4gg.<\/li>\n<\/ul>\n<h3>Leveransens omfattning:<\/h3>\n<ul>\n<li>1 x kl\u00e4ttringssteg<\/li>\n<li>1 x manuell<\/li>\n<\/ul>\n","protected":false},"excerpt":{"rendered":"<p>Det ligger i kattens natur att springa upp p\u00e5 v\u00e4ggarna d\u00e5 och d\u00e5. Gl\u00e4d din lilla med denna fantastiska upps\u00e4ttning&#8230;<\/p>\n","protected":false},"featured_media":40098,"template":"","meta":[],"product_brand":[],"product_cat":[573,588,589],"product_tag":[],"class_list":{"0":"post-40097","1":"product","2":"type-product","3":"status-publish","4":"has-post-thumbnail","6":"product_cat-husdjursmaterial","7":"product_cat-katttillbehor","8":"product_cat-skrapande-inlagg","10":"first","11":"instock","12":"sale","13":"taxable","14":"shipping-taxable","15":"purchasable","16":"product-type-simple"},"yoast_head":"<!-- This site is optimized with the Yoast SEO plugin v25.4 - https:\/\/yoast.com\/wordpress\/plugins\/seo\/ -->\n<title>TRUUSK Kl\u00e4ttertrappor och Kl\u00e4tterv\u00e4gg f\u00f6r Katter - 4 St. Set - Med Skrapstolpe - H\u00e4ngmatta - Beige + Kr\u00e4mvit - 40 x 28 x 73 cm - TRUUSK - Hem, Tr\u00e4dg\u00e5rd &amp; Fritid<\/title>\n<meta name=\"robots\" content=\"index, follow, max-snippet:-1, max-image-preview:large, max-video-preview:-1\" \/>\n<link rel=\"canonical\" href=\"https:\/\/truusk.store\/sv\/produkt\/truusk-klattertrappor-och-klattervagg-for-katter-4-st-set-med-skrapstolpe-hangmatta-beige-kramvit-40-x-28-x-73-cm\/\" \/>\n<meta property=\"og:locale\" content=\"sv_SE\" \/>\n<meta property=\"og:type\" content=\"article\" \/>\n<meta property=\"og:title\" content=\"TRUUSK Kl\u00e4ttertrappor och Kl\u00e4tterv\u00e4gg f\u00f6r Katter - 4 St. Set - Med Skrapstolpe - H\u00e4ngmatta - Beige + Kr\u00e4mvit - 40 x 28 x 73 cm - TRUUSK - Hem, Tr\u00e4dg\u00e5rd &amp; Fritid\" \/>\n<meta property=\"og:description\" content=\"Det ligger i kattens natur att springa upp p\u00e5 v\u00e4ggarna d\u00e5 och d\u00e5. Gl\u00e4d din lilla med denna fantastiska upps\u00e4ttning...\" \/>\n<meta property=\"og:url\" content=\"https:\/\/truusk.store\/sv\/produkt\/truusk-klattertrappor-och-klattervagg-for-katter-4-st-set-med-skrapstolpe-hangmatta-beige-kramvit-40-x-28-x-73-cm\/\" \/>\n<meta property=\"og:site_name\" content=\"TRUUSK - Hem, Tr\u00e4dg\u00e5rd &amp; Fritid\" \/>\n<meta property=\"article:modified_time\" content=\"2026-03-12T08:16:06+00:00\" \/>\n<meta property=\"og:image\" content=\"https:\/\/i0.wp.com\/truusk.se\/wp-content\/uploads\/2024\/02\/klattertrappor-klattervagg-katttrappa-4-st-set-med-skrapstolpe-hangmatta-beige-kramvit-40-x-28-x-73-cm.webp?fit=800%2C800&ssl=1\" \/>\n\t<meta property=\"og:image:width\" content=\"800\" \/>\n\t<meta property=\"og:image:height\" content=\"800\" \/>\n\t<meta property=\"og:image:type\" content=\"image\/webp\" \/>\n<meta name=\"twitter:card\" content=\"summary_large_image\" \/>\n<meta name=\"twitter:label1\" content=\"Ber\u00e4knad l\u00e4stid\" \/>\n\t<meta name=\"twitter:data1\" content=\"1 minut\" \/>\n<!-- \/ Yoast SEO plugin. -->","yoast_head_json":{"title":"TRUUSK Kl\u00e4ttertrappor och Kl\u00e4tterv\u00e4gg f\u00f6r Katter - 4 St. Set - Med Skrapstolpe - H\u00e4ngmatta - Beige + Kr\u00e4mvit - 40 x 28 x 73 cm - TRUUSK - Hem, Tr\u00e4dg\u00e5rd &amp; Fritid","robots":{"index":"index","follow":"follow","max-snippet":"max-snippet:-1","max-image-preview":"max-image-preview:large","max-video-preview":"max-video-preview:-1"},"canonical":"https:\/\/truusk.store\/sv\/produkt\/truusk-klattertrappor-och-klattervagg-for-katter-4-st-set-med-skrapstolpe-hangmatta-beige-kramvit-40-x-28-x-73-cm\/","og_locale":"sv_SE","og_type":"article","og_title":"TRUUSK Kl\u00e4ttertrappor och Kl\u00e4tterv\u00e4gg f\u00f6r Katter - 4 St. Set - Med Skrapstolpe - H\u00e4ngmatta - Beige + Kr\u00e4mvit - 40 x 28 x 73 cm - TRUUSK - Hem, Tr\u00e4dg\u00e5rd &amp; Fritid","og_description":"Det ligger i kattens natur att springa upp p\u00e5 v\u00e4ggarna d\u00e5 och d\u00e5. Gl\u00e4d din lilla med denna fantastiska upps\u00e4ttning...","og_url":"https:\/\/truusk.store\/sv\/produkt\/truusk-klattertrappor-och-klattervagg-for-katter-4-st-set-med-skrapstolpe-hangmatta-beige-kramvit-40-x-28-x-73-cm\/","og_site_name":"TRUUSK - Hem, Tr\u00e4dg\u00e5rd &amp; Fritid","article_modified_time":"2026-03-12T08:16:06+00:00","og_image":[{"width":800,"height":800,"url":"https:\/\/i0.wp.com\/truusk.se\/wp-content\/uploads\/2024\/02\/klattertrappor-klattervagg-katttrappa-4-st-set-med-skrapstolpe-hangmatta-beige-kramvit-40-x-28-x-73-cm.webp?fit=800%2C800&ssl=1","type":"image\/webp"}],"twitter_card":"summary_large_image","twitter_misc":{"Ber\u00e4knad l\u00e4stid":"1 minut"},"schema":{"@context":"https:\/\/schema.org","@graph":[{"@type":"WebPage","@id":"https:\/\/truusk.store\/sv\/produkt\/truusk-klattertrappor-och-klattervagg-for-katter-4-st-set-med-skrapstolpe-hangmatta-beige-kramvit-40-x-28-x-73-cm\/","url":"https:\/\/truusk.store\/sv\/produkt\/truusk-klattertrappor-och-klattervagg-for-katter-4-st-set-med-skrapstolpe-hangmatta-beige-kramvit-40-x-28-x-73-cm\/","name":"TRUUSK Kl\u00e4ttertrappor och Kl\u00e4tterv\u00e4gg f\u00f6r Katter - 4 St. Set - Med Skrapstolpe - H\u00e4ngmatta - Beige + Kr\u00e4mvit - 40 x 28 x 73 cm - TRUUSK - Hem, Tr\u00e4dg\u00e5rd &amp; Fritid","isPartOf":{"@id":"https:\/\/truusk.store\/sv\/#website"},"primaryImageOfPage":{"@id":"https:\/\/truusk.store\/sv\/produkt\/truusk-klattertrappor-och-klattervagg-for-katter-4-st-set-med-skrapstolpe-hangmatta-beige-kramvit-40-x-28-x-73-cm\/#primaryimage"},"image":{"@id":"https:\/\/truusk.store\/sv\/produkt\/truusk-klattertrappor-och-klattervagg-for-katter-4-st-set-med-skrapstolpe-hangmatta-beige-kramvit-40-x-28-x-73-cm\/#primaryimage"},"thumbnailUrl":"https:\/\/i0.wp.com\/truusk.store\/wp-content\/uploads\/2024\/02\/klattertrappor-klattervagg-katttrappa-4-st-set-med-skrapstolpe-hangmatta-beige-kramvit-40-x-28-x-73-cm.webp?fit=800%2C800&ssl=1","datePublished":"2024-02-14T01:32:02+00:00","dateModified":"2026-03-12T08:16:06+00:00","breadcrumb":{"@id":"https:\/\/truusk.store\/sv\/produkt\/truusk-klattertrappor-och-klattervagg-for-katter-4-st-set-med-skrapstolpe-hangmatta-beige-kramvit-40-x-28-x-73-cm\/#breadcrumb"},"inLanguage":"sv-SE","potentialAction":[{"@type":"ReadAction","target":["https:\/\/truusk.store\/sv\/produkt\/truusk-klattertrappor-och-klattervagg-for-katter-4-st-set-med-skrapstolpe-hangmatta-beige-kramvit-40-x-28-x-73-cm\/"]}]},{"@type":"ImageObject","inLanguage":"sv-SE","@id":"https:\/\/truusk.store\/sv\/produkt\/truusk-klattertrappor-och-klattervagg-for-katter-4-st-set-med-skrapstolpe-hangmatta-beige-kramvit-40-x-28-x-73-cm\/#primaryimage","url":"https:\/\/i0.wp.com\/truusk.store\/wp-content\/uploads\/2024\/02\/klattertrappor-klattervagg-katttrappa-4-st-set-med-skrapstolpe-hangmatta-beige-kramvit-40-x-28-x-73-cm.webp?fit=800%2C800&ssl=1","contentUrl":"https:\/\/i0.wp.com\/truusk.store\/wp-content\/uploads\/2024\/02\/klattertrappor-klattervagg-katttrappa-4-st-set-med-skrapstolpe-hangmatta-beige-kramvit-40-x-28-x-73-cm.webp?fit=800%2C800&ssl=1","width":800,"height":800,"caption":"Kl\u00e4ttertrappor, Kl\u00e4tterv\u00e4gg, Katttrappa, 4 St. Set, Med Skrapstolpe, H\u00e4ngmatta, Beige + Kr\u00e4mvit, 40 X 28 X 73 Cm 1"},{"@type":"BreadcrumbList","@id":"https:\/\/truusk.store\/sv\/produkt\/truusk-klattertrappor-och-klattervagg-for-katter-4-st-set-med-skrapstolpe-hangmatta-beige-kramvit-40-x-28-x-73-cm\/#breadcrumb","itemListElement":[{"@type":"ListItem","position":1,"name":"Home","item":"https:\/\/truusk.store\/sv\/"},{"@type":"ListItem","position":2,"name":"Shop","item":"https:\/\/truusk.store\/shop\/"},{"@type":"ListItem","position":3,"name":"TRUUSK Kl\u00e4ttertrappor och Kl\u00e4tterv\u00e4gg f\u00f6r Katter &#8211; 4 St. Set &#8211; Med Skrapstolpe &#8211; H\u00e4ngmatta &#8211; Beige + Kr\u00e4mvit &#8211; 40 x 28 x 73 cm"}]},{"@type":"WebSite","@id":"https:\/\/truusk.store\/sv\/#website","url":"https:\/\/truusk.store\/sv\/","name":"TRUUSK - Hem, Tr\u00e4dg\u00e5rd & Fritid","description":"","publisher":{"@id":"https:\/\/truusk.store\/sv\/#organization"},"potentialAction":[{"@type":"SearchAction","target":{"@type":"EntryPoint","urlTemplate":"https:\/\/truusk.store\/sv\/?s={search_term_string}"},"query-input":{"@type":"PropertyValueSpecification","valueRequired":true,"valueName":"search_term_string"}}],"inLanguage":"sv-SE"},{"@type":"Organization","@id":"https:\/\/truusk.store\/sv\/#organization","name":"TRUUSK - Hem, Tr\u00e4dg\u00e5rd & Fritid","url":"https:\/\/truusk.store\/sv\/","logo":{"@type":"ImageObject","inLanguage":"sv-SE","@id":"https:\/\/truusk.store\/sv\/#\/schema\/logo\/image\/","url":"https:\/\/i0.wp.com\/truusk.store\/wp-content\/uploads\/2026\/03\/cropped-TRUUSK.png?fit=2032%2C917&ssl=1","contentUrl":"https:\/\/i0.wp.com\/truusk.store\/wp-content\/uploads\/2026\/03\/cropped-TRUUSK.png?fit=2032%2C917&ssl=1","width":2032,"height":917,"caption":"TRUUSK - Hem, Tr\u00e4dg\u00e5rd & Fritid"},"image":{"@id":"https:\/\/truusk.store\/sv\/#\/schema\/logo\/image\/"}}]}},"jetpack_sharing_enabled":true,"_links":{"self":[{"href":"https:\/\/truusk.store\/sv\/wp-json\/wp\/v2\/product\/40097","targetHints":{"allow":["GET"]}}],"collection":[{"href":"https:\/\/truusk.store\/sv\/wp-json\/wp\/v2\/product"}],"about":[{"href":"https:\/\/truusk.store\/sv\/wp-json\/wp\/v2\/types\/product"}],"wp:featuredmedia":[{"embeddable":true,"href":"https:\/\/truusk.store\/sv\/wp-json\/wp\/v2\/media\/40098"}],"wp:attachment":[{"href":"https:\/\/truusk.store\/sv\/wp-json\/wp\/v2\/media?parent=40097"}],"wp:term":[{"taxonomy":"product_brand","embeddable":true,"href":"https:\/\/truusk.store\/sv\/wp-json\/wp\/v2\/product_brand?post=40097"},{"taxonomy":"product_cat","embeddable":true,"href":"https:\/\/truusk.store\/sv\/wp-json\/wp\/v2\/product_cat?post=40097"},{"taxonomy":"product_tag","embeddable":true,"href":"https:\/\/truusk.store\/sv\/wp-json\/wp\/v2\/product_tag?post=40097"}],"curies":[{"name":"wp","href":"https:\/\/api.w.org\/{rel}","templated":true}]}}