{"id":40149,"date":"2024-02-14T02:33:51","date_gmt":"2024-02-14T01:33:51","guid":{"rendered":"https:\/\/truusk.store\/product\/agilityset-for-hundar-hundtraning-4-lakan-for-nyborjare-med-barvaska-bla-orange-88-x-64-x-95cm\/"},"modified":"2026-03-12T09:16:06","modified_gmt":"2026-03-12T08:16:06","slug":"truusk-agilityset-for-hundar-hundtraning-med-4-lakan-for-nyborjare-med-barvaska-bla-orange-88-x-64-x-95cm","status":"publish","type":"product","link":"https:\/\/truusk.store\/sv\/produkt\/truusk-agilityset-for-hundar-hundtraning-med-4-lakan-for-nyborjare-med-barvaska-bla-orange-88-x-64-x-95cm\/","title":{"rendered":"TRUUSK Agilityset f\u00f6r Hundar &#8211; Hundtr\u00e4ning med 4 lakan &#8211; F\u00f6r Nyb\u00f6rjare &#8211; Med B\u00e4rv\u00e4ska &#8211; Bl\u00e5 + Orange &#8211; 88 x 64 x 95cm"},"content":{"rendered":"<p>Detta agilityset \u00e4r ett utm\u00e4rkt s\u00e4tt att berika din hunds vardag med mer variation och motion och att st\u00e4rka ditt band med honom p\u00e5 ett lekfullt s\u00e4tt. De 4 agilityb\u00e5garna l\u00e5ter dig l\u00e4gga upp en sp\u00e4nnande hinderbana. Efter tr\u00e4ning kan allt f\u00f6rvaras i den praktiska b\u00e4rv\u00e4skan och enkelt b\u00e4ras hem. Setet \u00e4r l\u00e4mpligt f\u00f6r l\u00e4tt tr\u00e4ning av \u00e4ldre, mycket unga eller l\u00e4tt begr\u00e4nsade hundar.<\/p>\n<h3>Beskrivning:<\/h3>\n<ul>\n<li>Tr\u00e4nar och tr\u00e4nar din valp<\/li>\n<li>Inkluderar b\u00e4rv\u00e4ska<\/li>\n<li>Livlig och ljus f\u00e4rg<\/li>\n<li>Levereras med pinnar<\/li>\n<li>Montering kr\u00e4vs<\/li>\n<\/ul>\n<h3>Teknisk data:<\/h3>\n<ul>\n<li>F\u00e4rg: Bl\u00e5+orange<\/li>\n<li>Material: PE, ABS<\/li>\n<li>Totala m\u00e5tt: 88L x 64W x 95H cm<\/li>\n<li>L\u00e4mplig f\u00f6r \u00e4ldre, mycket unga eller l\u00e4tt begr\u00e4nsade hundar<\/li>\n<\/ul>\n<h3>Leveransens omfattning:<\/h3>\n<ul>\n<li>1 x Dog Agility Set<\/li>\n<li>1 x manuell<\/li>\n<\/ul>\n","protected":false},"excerpt":{"rendered":"<p>Detta agilityset \u00e4r ett utm\u00e4rkt s\u00e4tt att berika din hunds vardag med mer variation och motion och att st\u00e4rka ditt&#8230;<\/p>\n","protected":false},"featured_media":40150,"template":"","meta":[],"product_brand":[],"product_cat":[578,574,573],"product_tag":[],"class_list":{"0":"post-40149","1":"product","2":"type-product","3":"status-publish","4":"has-post-thumbnail","6":"product_cat-agility-set","7":"product_cat-hundtillbehor","8":"product_cat-husdjursmaterial","10":"first","11":"instock","12":"sale","13":"taxable","14":"shipping-taxable","15":"purchasable","16":"product-type-simple"},"yoast_head":"<!-- This site is optimized with the Yoast SEO plugin v25.4 - https:\/\/yoast.com\/wordpress\/plugins\/seo\/ -->\n<title>TRUUSK Agilityset f\u00f6r Hundar - Hundtr\u00e4ning med 4 lakan - F\u00f6r Nyb\u00f6rjare - Med B\u00e4rv\u00e4ska - Bl\u00e5 + Orange - 88 x 64 x 95cm - TRUUSK - Hem, Tr\u00e4dg\u00e5rd &amp; Fritid<\/title>\n<meta name=\"robots\" content=\"index, follow, max-snippet:-1, max-image-preview:large, max-video-preview:-1\" \/>\n<link rel=\"canonical\" href=\"https:\/\/truusk.store\/sv\/produkt\/truusk-agilityset-for-hundar-hundtraning-med-4-lakan-for-nyborjare-med-barvaska-bla-orange-88-x-64-x-95cm\/\" \/>\n<meta property=\"og:locale\" content=\"sv_SE\" \/>\n<meta property=\"og:type\" content=\"article\" \/>\n<meta property=\"og:title\" content=\"TRUUSK Agilityset f\u00f6r Hundar - Hundtr\u00e4ning med 4 lakan - F\u00f6r Nyb\u00f6rjare - Med B\u00e4rv\u00e4ska - Bl\u00e5 + Orange - 88 x 64 x 95cm - TRUUSK - Hem, Tr\u00e4dg\u00e5rd &amp; Fritid\" \/>\n<meta property=\"og:description\" content=\"Detta agilityset \u00e4r ett utm\u00e4rkt s\u00e4tt att berika din hunds vardag med mer variation och motion och att st\u00e4rka ditt...\" \/>\n<meta property=\"og:url\" content=\"https:\/\/truusk.store\/sv\/produkt\/truusk-agilityset-for-hundar-hundtraning-med-4-lakan-for-nyborjare-med-barvaska-bla-orange-88-x-64-x-95cm\/\" \/>\n<meta property=\"og:site_name\" content=\"TRUUSK - Hem, Tr\u00e4dg\u00e5rd &amp; Fritid\" \/>\n<meta property=\"article:modified_time\" content=\"2026-03-12T08:16:06+00:00\" \/>\n<meta property=\"og:image\" content=\"https:\/\/i0.wp.com\/truusk.se\/wp-content\/uploads\/2024\/02\/agilityset-for-hundar-hundtraning-4-lakan-for-nyborjare-med-barvaska-bla-orange-88-x-64-x-95cm.webp?fit=800%2C800&ssl=1\" \/>\n\t<meta property=\"og:image:width\" content=\"800\" \/>\n\t<meta property=\"og:image:height\" content=\"800\" \/>\n\t<meta property=\"og:image:type\" content=\"image\/webp\" \/>\n<meta name=\"twitter:card\" content=\"summary_large_image\" \/>\n<meta name=\"twitter:label1\" content=\"Ber\u00e4knad l\u00e4stid\" \/>\n\t<meta name=\"twitter:data1\" content=\"1 minut\" \/>\n<!-- \/ Yoast SEO plugin. -->","yoast_head_json":{"title":"TRUUSK Agilityset f\u00f6r Hundar - Hundtr\u00e4ning med 4 lakan - F\u00f6r Nyb\u00f6rjare - Med B\u00e4rv\u00e4ska - Bl\u00e5 + Orange - 88 x 64 x 95cm - TRUUSK - Hem, Tr\u00e4dg\u00e5rd &amp; Fritid","robots":{"index":"index","follow":"follow","max-snippet":"max-snippet:-1","max-image-preview":"max-image-preview:large","max-video-preview":"max-video-preview:-1"},"canonical":"https:\/\/truusk.store\/sv\/produkt\/truusk-agilityset-for-hundar-hundtraning-med-4-lakan-for-nyborjare-med-barvaska-bla-orange-88-x-64-x-95cm\/","og_locale":"sv_SE","og_type":"article","og_title":"TRUUSK Agilityset f\u00f6r Hundar - Hundtr\u00e4ning med 4 lakan - F\u00f6r Nyb\u00f6rjare - Med B\u00e4rv\u00e4ska - Bl\u00e5 + Orange - 88 x 64 x 95cm - TRUUSK - Hem, Tr\u00e4dg\u00e5rd &amp; Fritid","og_description":"Detta agilityset \u00e4r ett utm\u00e4rkt s\u00e4tt att berika din hunds vardag med mer variation och motion och att st\u00e4rka ditt...","og_url":"https:\/\/truusk.store\/sv\/produkt\/truusk-agilityset-for-hundar-hundtraning-med-4-lakan-for-nyborjare-med-barvaska-bla-orange-88-x-64-x-95cm\/","og_site_name":"TRUUSK - Hem, Tr\u00e4dg\u00e5rd &amp; Fritid","article_modified_time":"2026-03-12T08:16:06+00:00","og_image":[{"width":800,"height":800,"url":"https:\/\/i0.wp.com\/truusk.se\/wp-content\/uploads\/2024\/02\/agilityset-for-hundar-hundtraning-4-lakan-for-nyborjare-med-barvaska-bla-orange-88-x-64-x-95cm.webp?fit=800%2C800&ssl=1","type":"image\/webp"}],"twitter_card":"summary_large_image","twitter_misc":{"Ber\u00e4knad l\u00e4stid":"1 minut"},"schema":{"@context":"https:\/\/schema.org","@graph":[{"@type":"WebPage","@id":"https:\/\/truusk.store\/sv\/produkt\/truusk-agilityset-for-hundar-hundtraning-med-4-lakan-for-nyborjare-med-barvaska-bla-orange-88-x-64-x-95cm\/","url":"https:\/\/truusk.store\/sv\/produkt\/truusk-agilityset-for-hundar-hundtraning-med-4-lakan-for-nyborjare-med-barvaska-bla-orange-88-x-64-x-95cm\/","name":"TRUUSK Agilityset f\u00f6r Hundar - Hundtr\u00e4ning med 4 lakan - F\u00f6r Nyb\u00f6rjare - Med B\u00e4rv\u00e4ska - Bl\u00e5 + Orange - 88 x 64 x 95cm - TRUUSK - Hem, Tr\u00e4dg\u00e5rd &amp; Fritid","isPartOf":{"@id":"https:\/\/truusk.store\/sv\/#website"},"primaryImageOfPage":{"@id":"https:\/\/truusk.store\/sv\/produkt\/truusk-agilityset-for-hundar-hundtraning-med-4-lakan-for-nyborjare-med-barvaska-bla-orange-88-x-64-x-95cm\/#primaryimage"},"image":{"@id":"https:\/\/truusk.store\/sv\/produkt\/truusk-agilityset-for-hundar-hundtraning-med-4-lakan-for-nyborjare-med-barvaska-bla-orange-88-x-64-x-95cm\/#primaryimage"},"thumbnailUrl":"https:\/\/i0.wp.com\/truusk.store\/wp-content\/uploads\/2024\/02\/agilityset-for-hundar-hundtraning-4-lakan-for-nyborjare-med-barvaska-bla-orange-88-x-64-x-95cm.webp?fit=800%2C800&ssl=1","datePublished":"2024-02-14T01:33:51+00:00","dateModified":"2026-03-12T08:16:06+00:00","breadcrumb":{"@id":"https:\/\/truusk.store\/sv\/produkt\/truusk-agilityset-for-hundar-hundtraning-med-4-lakan-for-nyborjare-med-barvaska-bla-orange-88-x-64-x-95cm\/#breadcrumb"},"inLanguage":"sv-SE","potentialAction":[{"@type":"ReadAction","target":["https:\/\/truusk.store\/sv\/produkt\/truusk-agilityset-for-hundar-hundtraning-med-4-lakan-for-nyborjare-med-barvaska-bla-orange-88-x-64-x-95cm\/"]}]},{"@type":"ImageObject","inLanguage":"sv-SE","@id":"https:\/\/truusk.store\/sv\/produkt\/truusk-agilityset-for-hundar-hundtraning-med-4-lakan-for-nyborjare-med-barvaska-bla-orange-88-x-64-x-95cm\/#primaryimage","url":"https:\/\/i0.wp.com\/truusk.store\/wp-content\/uploads\/2024\/02\/agilityset-for-hundar-hundtraning-4-lakan-for-nyborjare-med-barvaska-bla-orange-88-x-64-x-95cm.webp?fit=800%2C800&ssl=1","contentUrl":"https:\/\/i0.wp.com\/truusk.store\/wp-content\/uploads\/2024\/02\/agilityset-for-hundar-hundtraning-4-lakan-for-nyborjare-med-barvaska-bla-orange-88-x-64-x-95cm.webp?fit=800%2C800&ssl=1","width":800,"height":800,"caption":"Agilityset F\u00f6r Hundar, Hundtr\u00e4ning, 4 Lakan, F\u00f6r Nyb\u00f6rjare, Med B\u00e4rv\u00e4ska, Bl\u00e5 + Orange, 88 X 64 X 95cm 1"},{"@type":"BreadcrumbList","@id":"https:\/\/truusk.store\/sv\/produkt\/truusk-agilityset-for-hundar-hundtraning-med-4-lakan-for-nyborjare-med-barvaska-bla-orange-88-x-64-x-95cm\/#breadcrumb","itemListElement":[{"@type":"ListItem","position":1,"name":"Home","item":"https:\/\/truusk.store\/sv\/"},{"@type":"ListItem","position":2,"name":"Shop","item":"https:\/\/truusk.store\/shop\/"},{"@type":"ListItem","position":3,"name":"TRUUSK Agilityset f\u00f6r Hundar &#8211; Hundtr\u00e4ning med 4 lakan &#8211; F\u00f6r Nyb\u00f6rjare &#8211; Med B\u00e4rv\u00e4ska &#8211; Bl\u00e5 + Orange &#8211; 88 x 64 x 95cm"}]},{"@type":"WebSite","@id":"https:\/\/truusk.store\/sv\/#website","url":"https:\/\/truusk.store\/sv\/","name":"TRUUSK - Hem, Tr\u00e4dg\u00e5rd & Fritid","description":"","publisher":{"@id":"https:\/\/truusk.store\/sv\/#organization"},"potentialAction":[{"@type":"SearchAction","target":{"@type":"EntryPoint","urlTemplate":"https:\/\/truusk.store\/sv\/?s={search_term_string}"},"query-input":{"@type":"PropertyValueSpecification","valueRequired":true,"valueName":"search_term_string"}}],"inLanguage":"sv-SE"},{"@type":"Organization","@id":"https:\/\/truusk.store\/sv\/#organization","name":"TRUUSK - Hem, Tr\u00e4dg\u00e5rd & Fritid","url":"https:\/\/truusk.store\/sv\/","logo":{"@type":"ImageObject","inLanguage":"sv-SE","@id":"https:\/\/truusk.store\/sv\/#\/schema\/logo\/image\/","url":"https:\/\/i0.wp.com\/truusk.store\/wp-content\/uploads\/2026\/03\/cropped-TRUUSK.png?fit=2032%2C917&ssl=1","contentUrl":"https:\/\/i0.wp.com\/truusk.store\/wp-content\/uploads\/2026\/03\/cropped-TRUUSK.png?fit=2032%2C917&ssl=1","width":2032,"height":917,"caption":"TRUUSK - Hem, Tr\u00e4dg\u00e5rd & Fritid"},"image":{"@id":"https:\/\/truusk.store\/sv\/#\/schema\/logo\/image\/"}}]}},"jetpack_sharing_enabled":true,"_links":{"self":[{"href":"https:\/\/truusk.store\/sv\/wp-json\/wp\/v2\/product\/40149","targetHints":{"allow":["GET"]}}],"collection":[{"href":"https:\/\/truusk.store\/sv\/wp-json\/wp\/v2\/product"}],"about":[{"href":"https:\/\/truusk.store\/sv\/wp-json\/wp\/v2\/types\/product"}],"wp:featuredmedia":[{"embeddable":true,"href":"https:\/\/truusk.store\/sv\/wp-json\/wp\/v2\/media\/40150"}],"wp:attachment":[{"href":"https:\/\/truusk.store\/sv\/wp-json\/wp\/v2\/media?parent=40149"}],"wp:term":[{"taxonomy":"product_brand","embeddable":true,"href":"https:\/\/truusk.store\/sv\/wp-json\/wp\/v2\/product_brand?post=40149"},{"taxonomy":"product_cat","embeddable":true,"href":"https:\/\/truusk.store\/sv\/wp-json\/wp\/v2\/product_cat?post=40149"},{"taxonomy":"product_tag","embeddable":true,"href":"https:\/\/truusk.store\/sv\/wp-json\/wp\/v2\/product_tag?post=40149"}],"curies":[{"name":"wp","href":"https:\/\/api.w.org\/{rel}","templated":true}]}}