{"id":40181,"date":"2024-02-14T02:35:03","date_gmt":"2024-02-14T01:35:03","guid":{"rendered":"https:\/\/truusk.store\/product\/golvstol-gastmadrass-linnelook-andningsbart-yttermaterial-ljusgra\/"},"modified":"2026-03-12T09:16:07","modified_gmt":"2026-03-12T08:16:07","slug":"truusk-golvstol-och-gastmadrass-linnelook-andningsbart-material-ljusgra","status":"publish","type":"product","link":"https:\/\/truusk.store\/sv\/produkt\/truusk-golvstol-och-gastmadrass-linnelook-andningsbart-material-ljusgra\/","title":{"rendered":"TRUUSK Golvstol och G\u00e4stmadrass &#8211; Linnelook &#8211; Andningsbart material &#8211; Ljusgr\u00e5"},"content":{"rendered":"<p>Denna g\u00e4stmadrass \u00e4r m\u00e5ngsidig. Oavsett om det \u00e4r en g\u00e4stmadrass f\u00f6r bes\u00f6kare, en extra sittplats eller som flexibel sittplats. Den breda, arml\u00f6sa designen, tjocka stoppningen och ventilerande linnetyg s\u00e4kerst\u00e4ller optimal komfort. Det justerbara ryggst\u00f6det kan justeras upp till 180. Luta dig tillbaka och koppla av p\u00e5 denna g\u00e4stmadrass.<\/p>\n<h3>Beskrivning:<\/h3>\n<ul>\n<li>Ryggst\u00f6d justerbart i 5 niv\u00e5er, solstol och g\u00e4sts\u00e4ng i ett<\/li>\n<li>Du kan anv\u00e4nda den f\u00f6r att titta p\u00e5 film, l\u00e4sa eller meditera, \u00e4ven perfekt f\u00f6r \u00f6vernattande g\u00e4ster<\/li>\n<li>Tjock vaddering f\u00f6r bekv\u00e4m sjunkning<\/li>\n<li>\u00d6vre material i linne-look som andas \u00e4r motst\u00e5ndskraftigt och formstabilt<\/li>\n<li>Den robusta st\u00e5lramen s\u00e4kerst\u00e4ller p\u00e5litlig styrka vid anv\u00e4ndning<\/li>\n<li>Ingen montering kr\u00e4vs<\/li>\n<\/ul>\n<h3>Teknisk data:<\/h3>\n<ul>\n<li>F\u00e4rg gr\u00e5<\/li>\n<li>Material: st\u00e5l, skum, linneimitation (100% polyester)<\/li>\n<li>\u00d6vergripande m\u00e5tt: 72W x 71D x 60H cm (soffa), 210W x 71D x 7,5H cm (s\u00e4ng)<\/li>\n<li>Sitsstorlek: 72W x 43D x 15H cm<\/li>\n<li>Sitstjocklek: 7,5 cm<\/li>\n<li>Ryggst\u00f6dsstorlek: 72L x 41W x 15H cm<\/li>\n<li>Max belastning: 120 kg<\/li>\n<\/ul>\n<h3>Leveransens omfattning:<\/h3>\n<ul>\n<li>1 x Golvstol<\/li>\n<li>1 x manuell<\/li>\n<\/ul>\n","protected":false},"excerpt":{"rendered":"<p>Denna g\u00e4stmadrass \u00e4r m\u00e5ngsidig. Oavsett om det \u00e4r en g\u00e4stmadrass f\u00f6r bes\u00f6kare, en extra sittplats eller som flexibel sittplats. Den&#8230;<\/p>\n","protected":false},"featured_media":40182,"template":"","meta":[],"product_brand":[],"product_cat":[485,538,537],"product_tag":[],"class_list":{"0":"post-40181","1":"product","2":"type-product","3":"status-publish","4":"has-post-thumbnail","6":"product_cat-hus-bo","7":"product_cat-sittdyna","8":"product_cat-sittplatser-bankar","10":"first","11":"instock","12":"sale","13":"taxable","14":"shipping-taxable","15":"purchasable","16":"product-type-simple"},"yoast_head":"<!-- This site is optimized with the Yoast SEO plugin v25.4 - https:\/\/yoast.com\/wordpress\/plugins\/seo\/ -->\n<title>TRUUSK Golvstol och G\u00e4stmadrass - Linnelook - Andningsbart material - Ljusgr\u00e5 - TRUUSK - Hem, Tr\u00e4dg\u00e5rd &amp; Fritid<\/title>\n<meta name=\"robots\" content=\"index, follow, max-snippet:-1, max-image-preview:large, max-video-preview:-1\" \/>\n<link rel=\"canonical\" href=\"https:\/\/truusk.store\/sv\/produkt\/truusk-golvstol-och-gastmadrass-linnelook-andningsbart-material-ljusgra\/\" \/>\n<meta property=\"og:locale\" content=\"sv_SE\" \/>\n<meta property=\"og:type\" content=\"article\" \/>\n<meta property=\"og:title\" content=\"TRUUSK Golvstol och G\u00e4stmadrass - Linnelook - Andningsbart material - Ljusgr\u00e5 - TRUUSK - Hem, Tr\u00e4dg\u00e5rd &amp; Fritid\" \/>\n<meta property=\"og:description\" content=\"Denna g\u00e4stmadrass \u00e4r m\u00e5ngsidig. Oavsett om det \u00e4r en g\u00e4stmadrass f\u00f6r bes\u00f6kare, en extra sittplats eller som flexibel sittplats. Den...\" \/>\n<meta property=\"og:url\" content=\"https:\/\/truusk.store\/sv\/produkt\/truusk-golvstol-och-gastmadrass-linnelook-andningsbart-material-ljusgra\/\" \/>\n<meta property=\"og:site_name\" content=\"TRUUSK - Hem, Tr\u00e4dg\u00e5rd &amp; Fritid\" \/>\n<meta property=\"article:modified_time\" content=\"2026-03-12T08:16:07+00:00\" \/>\n<meta property=\"og:image\" content=\"https:\/\/i0.wp.com\/truusk.se\/wp-content\/uploads\/2024\/02\/golvstol-gastmadrass-linnelook-andningsbart-yttermaterial-ljusgra.webp?fit=800%2C800&ssl=1\" \/>\n\t<meta property=\"og:image:width\" content=\"800\" \/>\n\t<meta property=\"og:image:height\" content=\"800\" \/>\n\t<meta property=\"og:image:type\" content=\"image\/webp\" \/>\n<meta name=\"twitter:card\" content=\"summary_large_image\" \/>\n<meta name=\"twitter:label1\" content=\"Ber\u00e4knad l\u00e4stid\" \/>\n\t<meta name=\"twitter:data1\" content=\"1 minut\" \/>\n<!-- \/ Yoast SEO plugin. -->","yoast_head_json":{"title":"TRUUSK Golvstol och G\u00e4stmadrass - Linnelook - Andningsbart material - Ljusgr\u00e5 - TRUUSK - Hem, Tr\u00e4dg\u00e5rd &amp; Fritid","robots":{"index":"index","follow":"follow","max-snippet":"max-snippet:-1","max-image-preview":"max-image-preview:large","max-video-preview":"max-video-preview:-1"},"canonical":"https:\/\/truusk.store\/sv\/produkt\/truusk-golvstol-och-gastmadrass-linnelook-andningsbart-material-ljusgra\/","og_locale":"sv_SE","og_type":"article","og_title":"TRUUSK Golvstol och G\u00e4stmadrass - Linnelook - Andningsbart material - Ljusgr\u00e5 - TRUUSK - Hem, Tr\u00e4dg\u00e5rd &amp; Fritid","og_description":"Denna g\u00e4stmadrass \u00e4r m\u00e5ngsidig. Oavsett om det \u00e4r en g\u00e4stmadrass f\u00f6r bes\u00f6kare, en extra sittplats eller som flexibel sittplats. Den...","og_url":"https:\/\/truusk.store\/sv\/produkt\/truusk-golvstol-och-gastmadrass-linnelook-andningsbart-material-ljusgra\/","og_site_name":"TRUUSK - Hem, Tr\u00e4dg\u00e5rd &amp; Fritid","article_modified_time":"2026-03-12T08:16:07+00:00","og_image":[{"width":800,"height":800,"url":"https:\/\/i0.wp.com\/truusk.se\/wp-content\/uploads\/2024\/02\/golvstol-gastmadrass-linnelook-andningsbart-yttermaterial-ljusgra.webp?fit=800%2C800&ssl=1","type":"image\/webp"}],"twitter_card":"summary_large_image","twitter_misc":{"Ber\u00e4knad l\u00e4stid":"1 minut"},"schema":{"@context":"https:\/\/schema.org","@graph":[{"@type":"WebPage","@id":"https:\/\/truusk.store\/sv\/produkt\/truusk-golvstol-och-gastmadrass-linnelook-andningsbart-material-ljusgra\/","url":"https:\/\/truusk.store\/sv\/produkt\/truusk-golvstol-och-gastmadrass-linnelook-andningsbart-material-ljusgra\/","name":"TRUUSK Golvstol och G\u00e4stmadrass - Linnelook - Andningsbart material - Ljusgr\u00e5 - TRUUSK - Hem, Tr\u00e4dg\u00e5rd &amp; Fritid","isPartOf":{"@id":"https:\/\/truusk.store\/sv\/#website"},"primaryImageOfPage":{"@id":"https:\/\/truusk.store\/sv\/produkt\/truusk-golvstol-och-gastmadrass-linnelook-andningsbart-material-ljusgra\/#primaryimage"},"image":{"@id":"https:\/\/truusk.store\/sv\/produkt\/truusk-golvstol-och-gastmadrass-linnelook-andningsbart-material-ljusgra\/#primaryimage"},"thumbnailUrl":"https:\/\/i0.wp.com\/truusk.store\/wp-content\/uploads\/2024\/02\/golvstol-gastmadrass-linnelook-andningsbart-yttermaterial-ljusgra.webp?fit=800%2C800&ssl=1","datePublished":"2024-02-14T01:35:03+00:00","dateModified":"2026-03-12T08:16:07+00:00","breadcrumb":{"@id":"https:\/\/truusk.store\/sv\/produkt\/truusk-golvstol-och-gastmadrass-linnelook-andningsbart-material-ljusgra\/#breadcrumb"},"inLanguage":"sv-SE","potentialAction":[{"@type":"ReadAction","target":["https:\/\/truusk.store\/sv\/produkt\/truusk-golvstol-och-gastmadrass-linnelook-andningsbart-material-ljusgra\/"]}]},{"@type":"ImageObject","inLanguage":"sv-SE","@id":"https:\/\/truusk.store\/sv\/produkt\/truusk-golvstol-och-gastmadrass-linnelook-andningsbart-material-ljusgra\/#primaryimage","url":"https:\/\/i0.wp.com\/truusk.store\/wp-content\/uploads\/2024\/02\/golvstol-gastmadrass-linnelook-andningsbart-yttermaterial-ljusgra.webp?fit=800%2C800&ssl=1","contentUrl":"https:\/\/i0.wp.com\/truusk.store\/wp-content\/uploads\/2024\/02\/golvstol-gastmadrass-linnelook-andningsbart-yttermaterial-ljusgra.webp?fit=800%2C800&ssl=1","width":800,"height":800,"caption":"Golvstol, G\u00e4stmadrass, Linnelook, Andningsbart Yttermaterial, Ljusgr\u00e5 1"},{"@type":"BreadcrumbList","@id":"https:\/\/truusk.store\/sv\/produkt\/truusk-golvstol-och-gastmadrass-linnelook-andningsbart-material-ljusgra\/#breadcrumb","itemListElement":[{"@type":"ListItem","position":1,"name":"Home","item":"https:\/\/truusk.store\/sv\/"},{"@type":"ListItem","position":2,"name":"Shop","item":"https:\/\/truusk.store\/shop\/"},{"@type":"ListItem","position":3,"name":"TRUUSK Golvstol och G\u00e4stmadrass &#8211; Linnelook &#8211; Andningsbart material &#8211; Ljusgr\u00e5"}]},{"@type":"WebSite","@id":"https:\/\/truusk.store\/sv\/#website","url":"https:\/\/truusk.store\/sv\/","name":"TRUUSK - Hem, Tr\u00e4dg\u00e5rd & Fritid","description":"","publisher":{"@id":"https:\/\/truusk.store\/sv\/#organization"},"potentialAction":[{"@type":"SearchAction","target":{"@type":"EntryPoint","urlTemplate":"https:\/\/truusk.store\/sv\/?s={search_term_string}"},"query-input":{"@type":"PropertyValueSpecification","valueRequired":true,"valueName":"search_term_string"}}],"inLanguage":"sv-SE"},{"@type":"Organization","@id":"https:\/\/truusk.store\/sv\/#organization","name":"TRUUSK - Hem, Tr\u00e4dg\u00e5rd & Fritid","url":"https:\/\/truusk.store\/sv\/","logo":{"@type":"ImageObject","inLanguage":"sv-SE","@id":"https:\/\/truusk.store\/sv\/#\/schema\/logo\/image\/","url":"https:\/\/i0.wp.com\/truusk.store\/wp-content\/uploads\/2026\/03\/cropped-TRUUSK.png?fit=2032%2C917&ssl=1","contentUrl":"https:\/\/i0.wp.com\/truusk.store\/wp-content\/uploads\/2026\/03\/cropped-TRUUSK.png?fit=2032%2C917&ssl=1","width":2032,"height":917,"caption":"TRUUSK - Hem, Tr\u00e4dg\u00e5rd & Fritid"},"image":{"@id":"https:\/\/truusk.store\/sv\/#\/schema\/logo\/image\/"}}]}},"jetpack_sharing_enabled":true,"_links":{"self":[{"href":"https:\/\/truusk.store\/sv\/wp-json\/wp\/v2\/product\/40181","targetHints":{"allow":["GET"]}}],"collection":[{"href":"https:\/\/truusk.store\/sv\/wp-json\/wp\/v2\/product"}],"about":[{"href":"https:\/\/truusk.store\/sv\/wp-json\/wp\/v2\/types\/product"}],"wp:featuredmedia":[{"embeddable":true,"href":"https:\/\/truusk.store\/sv\/wp-json\/wp\/v2\/media\/40182"}],"wp:attachment":[{"href":"https:\/\/truusk.store\/sv\/wp-json\/wp\/v2\/media?parent=40181"}],"wp:term":[{"taxonomy":"product_brand","embeddable":true,"href":"https:\/\/truusk.store\/sv\/wp-json\/wp\/v2\/product_brand?post=40181"},{"taxonomy":"product_cat","embeddable":true,"href":"https:\/\/truusk.store\/sv\/wp-json\/wp\/v2\/product_cat?post=40181"},{"taxonomy":"product_tag","embeddable":true,"href":"https:\/\/truusk.store\/sv\/wp-json\/wp\/v2\/product_tag?post=40181"}],"curies":[{"name":"wp","href":"https:\/\/api.w.org\/{rel}","templated":true}]}}