{"id":40208,"date":"2024-02-14T02:36:00","date_gmt":"2024-02-14T01:36:00","guid":{"rendered":"https:\/\/truusk.store\/product\/transportlada-hopfallbar-3-ingangar-innerkudde-for-hundar-och-katter-upp-till-4-kg-40-cm-gra\/"},"modified":"2026-03-12T09:16:08","modified_gmt":"2026-03-12T08:16:08","slug":"truusk-transportlada-hopfallbar-3-ingangar-innerkudde-for-hundar-och-katter-upp-till-4-kg-40-cm-gra","status":"publish","type":"product","link":"https:\/\/truusk.store\/sv\/produkt\/truusk-transportlada-hopfallbar-3-ingangar-innerkudde-for-hundar-och-katter-upp-till-4-kg-40-cm-gra\/","title":{"rendered":"TRUUSK Transportl\u00e5da &#8211; Hopf\u00e4llbar &#8211; 3 Ing\u00e5ngar &#8211; Innerkudde &#8211; F\u00f6r Hundar Och Katter Upp Till 4 Kg\/40 Cm &#8211; Gr\u00e5"},"content":{"rendered":"<p>Denna resel\u00e5da f\u00f6r husdjur g\u00f6r resor till veterin\u00e4ren till en lek! Tygl\u00e5dan har tv\u00e5 handtag p\u00e5 ovansidan och tre d\u00f6rrar f\u00f6r enkel \u00e5tkomst &#8211; djuren kommer in i ett rymligt omr\u00e5de och kan koppla av p\u00e5 en mjuk kudde medan frisk luft str\u00f6mmar genom n\u00e4tf\u00f6nstret. Den avtagbara metallramen och den medf\u00f6ljande v\u00e4skan s\u00e4kerst\u00e4ller platsbesparande f\u00f6rvaring. Tygl\u00e5dan kan \u00e4ven anv\u00e4ndas som en bekv\u00e4m husdjurss\u00e4ng.<\/p>\n<h3>Beskrivning:<\/h3>\n<ul>\n<li>St\u00e5lramen kan tas bort om du vill vika ihop l\u00e5dan och f\u00f6rvara den f\u00f6r att spara utrymme<\/li>\n<li>Mjuk innerkudde f\u00f6r extra komfort, avtagbar och tv\u00e4ttbar<\/li>\n<li>Tre d\u00f6rrar f\u00f6r enkel \u00e5tkomst<\/li>\n<li>N\u00e4tf\u00f6nster f\u00f6r fri luftv\u00e4xling<\/li>\n<li>Levereras med en f\u00f6rvaringsv\u00e4ska<\/li>\n<li>Montering kr\u00e4vs<\/li>\n<\/ul>\n<h3>Teknisk data:<\/h3>\n<ul>\n<li>F\u00e4rg gr\u00e5<\/li>\n<li>Material: Oxford polyester, st\u00e5l<\/li>\n<li>\u00d6vergripande m\u00e5tt: 60L x 42W x 42H cm<\/li>\n<li>Vikstorlek: 80L x 11W x 11H cm<\/li>\n<li>M\u00e5tt: 44L x 27W cm (fram), 28L x 28W cm (v\u00e4nster), 44L x 27W cm (\u00f6verst)<\/li>\n<li>M\u00e5tt p\u00e5 innerkudde: 55L x 37W cm<\/li>\n<li>L\u00e4mplig f\u00f6r katter och miniatyrhundar med en kroppsl\u00e4ngd p\u00e5 upp till 40 cm och en vikt p\u00e5 upp till 4 kg<\/li>\n<\/ul>\n<h3>Leveransens omfattning:<\/h3>\n<ul>\n<li>1 x Resv\u00e4ska f\u00f6r husdjur<\/li>\n<li>1 x Anv\u00e4ndarmanual<\/li>\n<\/ul>\n","protected":false},"excerpt":{"rendered":"<p>Denna resel\u00e5da f\u00f6r husdjur g\u00f6r resor till veterin\u00e4ren till en lek! Tygl\u00e5dan har tv\u00e5 handtag p\u00e5 ovansidan och tre d\u00f6rrar&#8230;<\/p>\n","protected":false},"featured_media":40209,"template":"","meta":[],"product_brand":[],"product_cat":[585,574,573],"product_tag":[],"class_list":{"0":"post-40208","1":"product","2":"type-product","3":"status-publish","4":"has-post-thumbnail","6":"product_cat-hundpasar","7":"product_cat-hundtillbehor","8":"product_cat-husdjursmaterial","10":"first","11":"instock","12":"sale","13":"taxable","14":"shipping-taxable","15":"purchasable","16":"product-type-simple"},"yoast_head":"<!-- This site is optimized with the Yoast SEO plugin v25.4 - https:\/\/yoast.com\/wordpress\/plugins\/seo\/ -->\n<title>TRUUSK Transportl\u00e5da - Hopf\u00e4llbar - 3 Ing\u00e5ngar - Innerkudde - F\u00f6r Hundar Och Katter Upp Till 4 Kg\/40 Cm - Gr\u00e5 - TRUUSK - Hem, Tr\u00e4dg\u00e5rd &amp; Fritid<\/title>\n<meta name=\"robots\" content=\"index, follow, max-snippet:-1, max-image-preview:large, max-video-preview:-1\" \/>\n<link rel=\"canonical\" href=\"https:\/\/truusk.store\/sv\/produkt\/truusk-transportlada-hopfallbar-3-ingangar-innerkudde-for-hundar-och-katter-upp-till-4-kg-40-cm-gra\/\" \/>\n<meta property=\"og:locale\" content=\"sv_SE\" \/>\n<meta property=\"og:type\" content=\"article\" \/>\n<meta property=\"og:title\" content=\"TRUUSK Transportl\u00e5da - Hopf\u00e4llbar - 3 Ing\u00e5ngar - Innerkudde - F\u00f6r Hundar Och Katter Upp Till 4 Kg\/40 Cm - Gr\u00e5 - TRUUSK - Hem, Tr\u00e4dg\u00e5rd &amp; Fritid\" \/>\n<meta property=\"og:description\" content=\"Denna resel\u00e5da f\u00f6r husdjur g\u00f6r resor till veterin\u00e4ren till en lek! Tygl\u00e5dan har tv\u00e5 handtag p\u00e5 ovansidan och tre d\u00f6rrar...\" \/>\n<meta property=\"og:url\" content=\"https:\/\/truusk.store\/sv\/produkt\/truusk-transportlada-hopfallbar-3-ingangar-innerkudde-for-hundar-och-katter-upp-till-4-kg-40-cm-gra\/\" \/>\n<meta property=\"og:site_name\" content=\"TRUUSK - Hem, Tr\u00e4dg\u00e5rd &amp; Fritid\" \/>\n<meta property=\"article:modified_time\" content=\"2026-03-12T08:16:08+00:00\" \/>\n<meta property=\"og:image\" content=\"https:\/\/i0.wp.com\/truusk.se\/wp-content\/uploads\/2024\/02\/transportlada-hopfallbar-3-ingangar-innerkudde-for-hundar-och-katter-upp-till-4-kg-40-cm-gra.webp?fit=800%2C800&ssl=1\" \/>\n\t<meta property=\"og:image:width\" content=\"800\" \/>\n\t<meta property=\"og:image:height\" content=\"800\" \/>\n\t<meta property=\"og:image:type\" content=\"image\/webp\" \/>\n<meta name=\"twitter:card\" content=\"summary_large_image\" \/>\n<meta name=\"twitter:label1\" content=\"Ber\u00e4knad l\u00e4stid\" \/>\n\t<meta name=\"twitter:data1\" content=\"1 minut\" \/>\n<!-- \/ Yoast SEO plugin. -->","yoast_head_json":{"title":"TRUUSK Transportl\u00e5da - Hopf\u00e4llbar - 3 Ing\u00e5ngar - Innerkudde - F\u00f6r Hundar Och Katter Upp Till 4 Kg\/40 Cm - Gr\u00e5 - TRUUSK - Hem, Tr\u00e4dg\u00e5rd &amp; Fritid","robots":{"index":"index","follow":"follow","max-snippet":"max-snippet:-1","max-image-preview":"max-image-preview:large","max-video-preview":"max-video-preview:-1"},"canonical":"https:\/\/truusk.store\/sv\/produkt\/truusk-transportlada-hopfallbar-3-ingangar-innerkudde-for-hundar-och-katter-upp-till-4-kg-40-cm-gra\/","og_locale":"sv_SE","og_type":"article","og_title":"TRUUSK Transportl\u00e5da - Hopf\u00e4llbar - 3 Ing\u00e5ngar - Innerkudde - F\u00f6r Hundar Och Katter Upp Till 4 Kg\/40 Cm - Gr\u00e5 - TRUUSK - Hem, Tr\u00e4dg\u00e5rd &amp; Fritid","og_description":"Denna resel\u00e5da f\u00f6r husdjur g\u00f6r resor till veterin\u00e4ren till en lek! Tygl\u00e5dan har tv\u00e5 handtag p\u00e5 ovansidan och tre d\u00f6rrar...","og_url":"https:\/\/truusk.store\/sv\/produkt\/truusk-transportlada-hopfallbar-3-ingangar-innerkudde-for-hundar-och-katter-upp-till-4-kg-40-cm-gra\/","og_site_name":"TRUUSK - Hem, Tr\u00e4dg\u00e5rd &amp; Fritid","article_modified_time":"2026-03-12T08:16:08+00:00","og_image":[{"width":800,"height":800,"url":"https:\/\/i0.wp.com\/truusk.se\/wp-content\/uploads\/2024\/02\/transportlada-hopfallbar-3-ingangar-innerkudde-for-hundar-och-katter-upp-till-4-kg-40-cm-gra.webp?fit=800%2C800&ssl=1","type":"image\/webp"}],"twitter_card":"summary_large_image","twitter_misc":{"Ber\u00e4knad l\u00e4stid":"1 minut"},"schema":{"@context":"https:\/\/schema.org","@graph":[{"@type":"WebPage","@id":"https:\/\/truusk.store\/sv\/produkt\/truusk-transportlada-hopfallbar-3-ingangar-innerkudde-for-hundar-och-katter-upp-till-4-kg-40-cm-gra\/","url":"https:\/\/truusk.store\/sv\/produkt\/truusk-transportlada-hopfallbar-3-ingangar-innerkudde-for-hundar-och-katter-upp-till-4-kg-40-cm-gra\/","name":"TRUUSK Transportl\u00e5da - Hopf\u00e4llbar - 3 Ing\u00e5ngar - Innerkudde - F\u00f6r Hundar Och Katter Upp Till 4 Kg\/40 Cm - Gr\u00e5 - TRUUSK - Hem, Tr\u00e4dg\u00e5rd &amp; Fritid","isPartOf":{"@id":"https:\/\/truusk.store\/sv\/#website"},"primaryImageOfPage":{"@id":"https:\/\/truusk.store\/sv\/produkt\/truusk-transportlada-hopfallbar-3-ingangar-innerkudde-for-hundar-och-katter-upp-till-4-kg-40-cm-gra\/#primaryimage"},"image":{"@id":"https:\/\/truusk.store\/sv\/produkt\/truusk-transportlada-hopfallbar-3-ingangar-innerkudde-for-hundar-och-katter-upp-till-4-kg-40-cm-gra\/#primaryimage"},"thumbnailUrl":"https:\/\/i0.wp.com\/truusk.store\/wp-content\/uploads\/2024\/02\/transportlada-hopfallbar-3-ingangar-innerkudde-for-hundar-och-katter-upp-till-4-kg-40-cm-gra.webp?fit=800%2C800&ssl=1","datePublished":"2024-02-14T01:36:00+00:00","dateModified":"2026-03-12T08:16:08+00:00","breadcrumb":{"@id":"https:\/\/truusk.store\/sv\/produkt\/truusk-transportlada-hopfallbar-3-ingangar-innerkudde-for-hundar-och-katter-upp-till-4-kg-40-cm-gra\/#breadcrumb"},"inLanguage":"sv-SE","potentialAction":[{"@type":"ReadAction","target":["https:\/\/truusk.store\/sv\/produkt\/truusk-transportlada-hopfallbar-3-ingangar-innerkudde-for-hundar-och-katter-upp-till-4-kg-40-cm-gra\/"]}]},{"@type":"ImageObject","inLanguage":"sv-SE","@id":"https:\/\/truusk.store\/sv\/produkt\/truusk-transportlada-hopfallbar-3-ingangar-innerkudde-for-hundar-och-katter-upp-till-4-kg-40-cm-gra\/#primaryimage","url":"https:\/\/i0.wp.com\/truusk.store\/wp-content\/uploads\/2024\/02\/transportlada-hopfallbar-3-ingangar-innerkudde-for-hundar-och-katter-upp-till-4-kg-40-cm-gra.webp?fit=800%2C800&ssl=1","contentUrl":"https:\/\/i0.wp.com\/truusk.store\/wp-content\/uploads\/2024\/02\/transportlada-hopfallbar-3-ingangar-innerkudde-for-hundar-och-katter-upp-till-4-kg-40-cm-gra.webp?fit=800%2C800&ssl=1","width":800,"height":800,"caption":"Transportl\u00e5da, Hopf\u00e4llbar, 3 Ing\u00e5ngar, Innerkudde, F\u00f6r Hundar Och Katter Upp Till 4 Kg\/40 Cm, Gr\u00e5 1"},{"@type":"BreadcrumbList","@id":"https:\/\/truusk.store\/sv\/produkt\/truusk-transportlada-hopfallbar-3-ingangar-innerkudde-for-hundar-och-katter-upp-till-4-kg-40-cm-gra\/#breadcrumb","itemListElement":[{"@type":"ListItem","position":1,"name":"Home","item":"https:\/\/truusk.store\/sv\/"},{"@type":"ListItem","position":2,"name":"Shop","item":"https:\/\/truusk.store\/shop\/"},{"@type":"ListItem","position":3,"name":"TRUUSK Transportl\u00e5da &#8211; Hopf\u00e4llbar &#8211; 3 Ing\u00e5ngar &#8211; Innerkudde &#8211; F\u00f6r Hundar Och Katter Upp Till 4 Kg\/40 Cm &#8211; Gr\u00e5"}]},{"@type":"WebSite","@id":"https:\/\/truusk.store\/sv\/#website","url":"https:\/\/truusk.store\/sv\/","name":"TRUUSK - Hem, Tr\u00e4dg\u00e5rd & Fritid","description":"","publisher":{"@id":"https:\/\/truusk.store\/sv\/#organization"},"potentialAction":[{"@type":"SearchAction","target":{"@type":"EntryPoint","urlTemplate":"https:\/\/truusk.store\/sv\/?s={search_term_string}"},"query-input":{"@type":"PropertyValueSpecification","valueRequired":true,"valueName":"search_term_string"}}],"inLanguage":"sv-SE"},{"@type":"Organization","@id":"https:\/\/truusk.store\/sv\/#organization","name":"TRUUSK - Hem, Tr\u00e4dg\u00e5rd & Fritid","url":"https:\/\/truusk.store\/sv\/","logo":{"@type":"ImageObject","inLanguage":"sv-SE","@id":"https:\/\/truusk.store\/sv\/#\/schema\/logo\/image\/","url":"https:\/\/i0.wp.com\/truusk.store\/wp-content\/uploads\/2026\/03\/cropped-TRUUSK.png?fit=2032%2C917&ssl=1","contentUrl":"https:\/\/i0.wp.com\/truusk.store\/wp-content\/uploads\/2026\/03\/cropped-TRUUSK.png?fit=2032%2C917&ssl=1","width":2032,"height":917,"caption":"TRUUSK - Hem, Tr\u00e4dg\u00e5rd & Fritid"},"image":{"@id":"https:\/\/truusk.store\/sv\/#\/schema\/logo\/image\/"}}]}},"jetpack_sharing_enabled":true,"_links":{"self":[{"href":"https:\/\/truusk.store\/sv\/wp-json\/wp\/v2\/product\/40208","targetHints":{"allow":["GET"]}}],"collection":[{"href":"https:\/\/truusk.store\/sv\/wp-json\/wp\/v2\/product"}],"about":[{"href":"https:\/\/truusk.store\/sv\/wp-json\/wp\/v2\/types\/product"}],"wp:featuredmedia":[{"embeddable":true,"href":"https:\/\/truusk.store\/sv\/wp-json\/wp\/v2\/media\/40209"}],"wp:attachment":[{"href":"https:\/\/truusk.store\/sv\/wp-json\/wp\/v2\/media?parent=40208"}],"wp:term":[{"taxonomy":"product_brand","embeddable":true,"href":"https:\/\/truusk.store\/sv\/wp-json\/wp\/v2\/product_brand?post=40208"},{"taxonomy":"product_cat","embeddable":true,"href":"https:\/\/truusk.store\/sv\/wp-json\/wp\/v2\/product_cat?post=40208"},{"taxonomy":"product_tag","embeddable":true,"href":"https:\/\/truusk.store\/sv\/wp-json\/wp\/v2\/product_tag?post=40208"}],"curies":[{"name":"wp","href":"https:\/\/api.w.org\/{rel}","templated":true}]}}