{"id":40243,"date":"2024-02-14T02:37:03","date_gmt":"2024-02-14T01:37:03","guid":{"rendered":"https:\/\/truusk.store\/product\/hundvaska-hundtransportvaska-3-ingangar-hopfallbar-70-x-51-x-50-cm-brun-beige\/"},"modified":"2026-03-12T09:16:18","modified_gmt":"2026-03-12T08:16:18","slug":"truusk-hundvaska-med-3-ingangar-hopfallbar-matt-70-x-51-x-50-cm-brun-beige-for-hundar-upp-till-10-kg","status":"publish","type":"product","link":"https:\/\/truusk.store\/sv\/produkt\/truusk-hundvaska-med-3-ingangar-hopfallbar-matt-70-x-51-x-50-cm-brun-beige-for-hundar-upp-till-10-kg\/","title":{"rendered":"TRUUSK Hundv\u00e4ska med 3 Ing\u00e5ngar &#8211; Hopf\u00e4llbar &#8211; M\u00e5tt 70 x 51 x 50 cm &#8211; Brun &amp; Beige &#8211; F\u00f6r Hundar upp till 10 kg"},"content":{"rendered":"<p>Att resa med din fyrbenta v\u00e4n blir avslappnat och avkopplande med den fantastiska katttransportv\u00e4skan. Transportv\u00e4skan, l\u00e4mplig f\u00f6r katter och sm\u00e5 hundar, kan enkelt transporteras med hj\u00e4lp av tv\u00e5 b\u00e4rremmar. Tre dragkedjef\u00f6rsedda d\u00f6rrar ger enkel \u00e5tkomst, s\u00e5 att ditt husdjur kan komma in i boxen utan stress och sitta bekv\u00e4mt p\u00e5 den mjuka kudden i den rymliga interi\u00f6ren.<\/p>\n<h3>Beskrivning:<\/h3>\n<ul>\n<li>L\u00e4mplig f\u00f6r katter och minimala hundar<\/li>\n<li>L\u00e4tt hopf\u00e4llbar f\u00f6r att spara utrymme<\/li>\n<li>Mjuk kudde inuti \u00e4r avtagbar och tv\u00e4ttbar<\/li>\n<li>Tre dragkedjef\u00f6rsedda d\u00f6rrar p\u00e5 transportv\u00e4skan ger enkel \u00e5tkomst<\/li>\n<li>N\u00e4tf\u00f6nster p\u00e5 hundl\u00e5dan s\u00e4kerst\u00e4ller fri luftcirkulation<\/li>\n<li>Levereras med f\u00f6rvaringsv\u00e4ska<\/li>\n<li>Montering kr\u00e4vs<\/li>\n<\/ul>\n<h3>Teknisk data:<\/h3>\n<ul>\n<li>F\u00e4rg: Brun+svart<\/li>\n<li>Material: st\u00e5l, Oxford-tyg, mesh-tyg (100% polyester)<\/li>\n<li>\u00d6vergripande m\u00e5tt: 50,5L x 33,5W x 35H cm<\/li>\n<li>Vikstorlek: 50,5L x 33,5W x 8H cm<\/li>\n<li>M\u00e5tt: 34L x 22W cm (fram), 21L x 22W cm (v\u00e4nster), 36L x 19W cm (\u00f6verst)<\/li>\n<li>Solstolsdyna: 45L x 30W cm<\/li>\n<li>L\u00e4mplig f\u00f6r minimala hundar med en kroppsl\u00e4ngd p\u00e5 upp till 30 cm och en vikt p\u00e5 upp till 4 kg<\/li>\n<\/ul>\n<h3>Leveransens omfattning:<\/h3>\n<ul>\n<li>1 x B\u00e4rv\u00e4ska<\/li>\n<li>1 x manuell<\/li>\n<\/ul>\n","protected":false},"excerpt":{"rendered":"<p>Att resa med din fyrbenta v\u00e4n blir avslappnat och avkopplande med den fantastiska katttransportv\u00e4skan. Transportv\u00e4skan, l\u00e4mplig f\u00f6r katter och sm\u00e5&#8230;<\/p>\n","protected":false},"featured_media":40244,"template":"","meta":[],"product_brand":[],"product_cat":[585,574,573],"product_tag":[],"class_list":{"0":"post-40243","1":"product","2":"type-product","3":"status-publish","4":"has-post-thumbnail","6":"product_cat-hundpasar","7":"product_cat-hundtillbehor","8":"product_cat-husdjursmaterial","10":"first","11":"instock","12":"sale","13":"taxable","14":"shipping-taxable","15":"purchasable","16":"product-type-simple"},"yoast_head":"<!-- This site is optimized with the Yoast SEO plugin v25.4 - https:\/\/yoast.com\/wordpress\/plugins\/seo\/ -->\n<title>TRUUSK Hundv\u00e4ska med 3 Ing\u00e5ngar - Hopf\u00e4llbar - M\u00e5tt 70 x 51 x 50 cm - Brun &amp; Beige - F\u00f6r Hundar upp till 10 kg - TRUUSK - Hem, Tr\u00e4dg\u00e5rd &amp; Fritid<\/title>\n<meta name=\"robots\" content=\"index, follow, max-snippet:-1, max-image-preview:large, max-video-preview:-1\" \/>\n<link rel=\"canonical\" href=\"https:\/\/truusk.store\/sv\/produkt\/truusk-hundvaska-med-3-ingangar-hopfallbar-matt-70-x-51-x-50-cm-brun-beige-for-hundar-upp-till-10-kg\/\" \/>\n<meta property=\"og:locale\" content=\"sv_SE\" \/>\n<meta property=\"og:type\" content=\"article\" \/>\n<meta property=\"og:title\" content=\"TRUUSK Hundv\u00e4ska med 3 Ing\u00e5ngar - Hopf\u00e4llbar - M\u00e5tt 70 x 51 x 50 cm - Brun &amp; Beige - F\u00f6r Hundar upp till 10 kg - TRUUSK - Hem, Tr\u00e4dg\u00e5rd &amp; Fritid\" \/>\n<meta property=\"og:description\" content=\"Att resa med din fyrbenta v\u00e4n blir avslappnat och avkopplande med den fantastiska katttransportv\u00e4skan. Transportv\u00e4skan, l\u00e4mplig f\u00f6r katter och sm\u00e5...\" \/>\n<meta property=\"og:url\" content=\"https:\/\/truusk.store\/sv\/produkt\/truusk-hundvaska-med-3-ingangar-hopfallbar-matt-70-x-51-x-50-cm-brun-beige-for-hundar-upp-till-10-kg\/\" \/>\n<meta property=\"og:site_name\" content=\"TRUUSK - Hem, Tr\u00e4dg\u00e5rd &amp; Fritid\" \/>\n<meta property=\"article:modified_time\" content=\"2026-03-12T08:16:18+00:00\" \/>\n<meta property=\"og:image\" content=\"https:\/\/i0.wp.com\/truusk.se\/wp-content\/uploads\/2024\/02\/hundvaska-hundtransportvaska-3-ingangar-hopfallbar-70-x-51-x-50-cm-brun-beige.webp?fit=800%2C800&ssl=1\" \/>\n\t<meta property=\"og:image:width\" content=\"800\" \/>\n\t<meta property=\"og:image:height\" content=\"800\" \/>\n\t<meta property=\"og:image:type\" content=\"image\/webp\" \/>\n<meta name=\"twitter:card\" content=\"summary_large_image\" \/>\n<meta name=\"twitter:label1\" content=\"Ber\u00e4knad l\u00e4stid\" \/>\n\t<meta name=\"twitter:data1\" content=\"1 minut\" \/>\n<!-- \/ Yoast SEO plugin. -->","yoast_head_json":{"title":"TRUUSK Hundv\u00e4ska med 3 Ing\u00e5ngar - Hopf\u00e4llbar - M\u00e5tt 70 x 51 x 50 cm - Brun &amp; Beige - F\u00f6r Hundar upp till 10 kg - TRUUSK - Hem, Tr\u00e4dg\u00e5rd &amp; Fritid","robots":{"index":"index","follow":"follow","max-snippet":"max-snippet:-1","max-image-preview":"max-image-preview:large","max-video-preview":"max-video-preview:-1"},"canonical":"https:\/\/truusk.store\/sv\/produkt\/truusk-hundvaska-med-3-ingangar-hopfallbar-matt-70-x-51-x-50-cm-brun-beige-for-hundar-upp-till-10-kg\/","og_locale":"sv_SE","og_type":"article","og_title":"TRUUSK Hundv\u00e4ska med 3 Ing\u00e5ngar - Hopf\u00e4llbar - M\u00e5tt 70 x 51 x 50 cm - Brun &amp; Beige - F\u00f6r Hundar upp till 10 kg - TRUUSK - Hem, Tr\u00e4dg\u00e5rd &amp; Fritid","og_description":"Att resa med din fyrbenta v\u00e4n blir avslappnat och avkopplande med den fantastiska katttransportv\u00e4skan. Transportv\u00e4skan, l\u00e4mplig f\u00f6r katter och sm\u00e5...","og_url":"https:\/\/truusk.store\/sv\/produkt\/truusk-hundvaska-med-3-ingangar-hopfallbar-matt-70-x-51-x-50-cm-brun-beige-for-hundar-upp-till-10-kg\/","og_site_name":"TRUUSK - Hem, Tr\u00e4dg\u00e5rd &amp; Fritid","article_modified_time":"2026-03-12T08:16:18+00:00","og_image":[{"width":800,"height":800,"url":"https:\/\/i0.wp.com\/truusk.se\/wp-content\/uploads\/2024\/02\/hundvaska-hundtransportvaska-3-ingangar-hopfallbar-70-x-51-x-50-cm-brun-beige.webp?fit=800%2C800&ssl=1","type":"image\/webp"}],"twitter_card":"summary_large_image","twitter_misc":{"Ber\u00e4knad l\u00e4stid":"1 minut"},"schema":{"@context":"https:\/\/schema.org","@graph":[{"@type":"WebPage","@id":"https:\/\/truusk.store\/sv\/produkt\/truusk-hundvaska-med-3-ingangar-hopfallbar-matt-70-x-51-x-50-cm-brun-beige-for-hundar-upp-till-10-kg\/","url":"https:\/\/truusk.store\/sv\/produkt\/truusk-hundvaska-med-3-ingangar-hopfallbar-matt-70-x-51-x-50-cm-brun-beige-for-hundar-upp-till-10-kg\/","name":"TRUUSK Hundv\u00e4ska med 3 Ing\u00e5ngar - Hopf\u00e4llbar - M\u00e5tt 70 x 51 x 50 cm - Brun &amp; Beige - F\u00f6r Hundar upp till 10 kg - TRUUSK - Hem, Tr\u00e4dg\u00e5rd &amp; Fritid","isPartOf":{"@id":"https:\/\/truusk.store\/sv\/#website"},"primaryImageOfPage":{"@id":"https:\/\/truusk.store\/sv\/produkt\/truusk-hundvaska-med-3-ingangar-hopfallbar-matt-70-x-51-x-50-cm-brun-beige-for-hundar-upp-till-10-kg\/#primaryimage"},"image":{"@id":"https:\/\/truusk.store\/sv\/produkt\/truusk-hundvaska-med-3-ingangar-hopfallbar-matt-70-x-51-x-50-cm-brun-beige-for-hundar-upp-till-10-kg\/#primaryimage"},"thumbnailUrl":"https:\/\/i0.wp.com\/truusk.store\/wp-content\/uploads\/2024\/02\/hundvaska-hundtransportvaska-3-ingangar-hopfallbar-70-x-51-x-50-cm-brun-beige.webp?fit=800%2C800&ssl=1","datePublished":"2024-02-14T01:37:03+00:00","dateModified":"2026-03-12T08:16:18+00:00","breadcrumb":{"@id":"https:\/\/truusk.store\/sv\/produkt\/truusk-hundvaska-med-3-ingangar-hopfallbar-matt-70-x-51-x-50-cm-brun-beige-for-hundar-upp-till-10-kg\/#breadcrumb"},"inLanguage":"sv-SE","potentialAction":[{"@type":"ReadAction","target":["https:\/\/truusk.store\/sv\/produkt\/truusk-hundvaska-med-3-ingangar-hopfallbar-matt-70-x-51-x-50-cm-brun-beige-for-hundar-upp-till-10-kg\/"]}]},{"@type":"ImageObject","inLanguage":"sv-SE","@id":"https:\/\/truusk.store\/sv\/produkt\/truusk-hundvaska-med-3-ingangar-hopfallbar-matt-70-x-51-x-50-cm-brun-beige-for-hundar-upp-till-10-kg\/#primaryimage","url":"https:\/\/i0.wp.com\/truusk.store\/wp-content\/uploads\/2024\/02\/hundvaska-hundtransportvaska-3-ingangar-hopfallbar-70-x-51-x-50-cm-brun-beige.webp?fit=800%2C800&ssl=1","contentUrl":"https:\/\/i0.wp.com\/truusk.store\/wp-content\/uploads\/2024\/02\/hundvaska-hundtransportvaska-3-ingangar-hopfallbar-70-x-51-x-50-cm-brun-beige.webp?fit=800%2C800&ssl=1","width":800,"height":800,"caption":"Hundv\u00e4ska Hundtransportv\u00e4ska, 3 Ing\u00e5ngar, Hopf\u00e4llbar, 70 X 51 X 50 Cm, Brun + Beige 1"},{"@type":"BreadcrumbList","@id":"https:\/\/truusk.store\/sv\/produkt\/truusk-hundvaska-med-3-ingangar-hopfallbar-matt-70-x-51-x-50-cm-brun-beige-for-hundar-upp-till-10-kg\/#breadcrumb","itemListElement":[{"@type":"ListItem","position":1,"name":"Home","item":"https:\/\/truusk.store\/sv\/"},{"@type":"ListItem","position":2,"name":"Shop","item":"https:\/\/truusk.store\/shop\/"},{"@type":"ListItem","position":3,"name":"TRUUSK Hundv\u00e4ska med 3 Ing\u00e5ngar &#8211; Hopf\u00e4llbar &#8211; M\u00e5tt 70 x 51 x 50 cm &#8211; Brun &amp; Beige &#8211; F\u00f6r Hundar upp till 10 kg"}]},{"@type":"WebSite","@id":"https:\/\/truusk.store\/sv\/#website","url":"https:\/\/truusk.store\/sv\/","name":"TRUUSK - Hem, Tr\u00e4dg\u00e5rd & Fritid","description":"","publisher":{"@id":"https:\/\/truusk.store\/sv\/#organization"},"potentialAction":[{"@type":"SearchAction","target":{"@type":"EntryPoint","urlTemplate":"https:\/\/truusk.store\/sv\/?s={search_term_string}"},"query-input":{"@type":"PropertyValueSpecification","valueRequired":true,"valueName":"search_term_string"}}],"inLanguage":"sv-SE"},{"@type":"Organization","@id":"https:\/\/truusk.store\/sv\/#organization","name":"TRUUSK - Hem, Tr\u00e4dg\u00e5rd & Fritid","url":"https:\/\/truusk.store\/sv\/","logo":{"@type":"ImageObject","inLanguage":"sv-SE","@id":"https:\/\/truusk.store\/sv\/#\/schema\/logo\/image\/","url":"https:\/\/i0.wp.com\/truusk.store\/wp-content\/uploads\/2026\/03\/cropped-TRUUSK.png?fit=2032%2C917&ssl=1","contentUrl":"https:\/\/i0.wp.com\/truusk.store\/wp-content\/uploads\/2026\/03\/cropped-TRUUSK.png?fit=2032%2C917&ssl=1","width":2032,"height":917,"caption":"TRUUSK - Hem, Tr\u00e4dg\u00e5rd & Fritid"},"image":{"@id":"https:\/\/truusk.store\/sv\/#\/schema\/logo\/image\/"}}]}},"jetpack_sharing_enabled":true,"_links":{"self":[{"href":"https:\/\/truusk.store\/sv\/wp-json\/wp\/v2\/product\/40243","targetHints":{"allow":["GET"]}}],"collection":[{"href":"https:\/\/truusk.store\/sv\/wp-json\/wp\/v2\/product"}],"about":[{"href":"https:\/\/truusk.store\/sv\/wp-json\/wp\/v2\/types\/product"}],"wp:featuredmedia":[{"embeddable":true,"href":"https:\/\/truusk.store\/sv\/wp-json\/wp\/v2\/media\/40244"}],"wp:attachment":[{"href":"https:\/\/truusk.store\/sv\/wp-json\/wp\/v2\/media?parent=40243"}],"wp:term":[{"taxonomy":"product_brand","embeddable":true,"href":"https:\/\/truusk.store\/sv\/wp-json\/wp\/v2\/product_brand?post=40243"},{"taxonomy":"product_cat","embeddable":true,"href":"https:\/\/truusk.store\/sv\/wp-json\/wp\/v2\/product_cat?post=40243"},{"taxonomy":"product_tag","embeddable":true,"href":"https:\/\/truusk.store\/sv\/wp-json\/wp\/v2\/product_tag?post=40243"}],"curies":[{"name":"wp","href":"https:\/\/api.w.org\/{rel}","templated":true}]}}