{"id":40323,"date":"2024-02-14T02:39:38","date_gmt":"2024-02-14T01:39:38","guid":{"rendered":"https:\/\/truusk.store\/product\/barnmotorcykel-elmotorcykel-stralkastare-3-musiklagen-for-barn-15-5-ar-bla-825-x-42-x-54cm\/"},"modified":"2026-03-12T09:16:18","modified_gmt":"2026-03-12T08:16:18","slug":"truusk-barnmotorcykel-elmotorcykel-stralkastare-3-musiklagen-for-barn-15-5-ar-bla-825-x-42-x-54cm","status":"publish","type":"product","link":"https:\/\/truusk.store\/sv\/produkt\/truusk-barnmotorcykel-elmotorcykel-stralkastare-3-musiklagen-for-barn-15-5-ar-bla-825-x-42-x-54cm\/","title":{"rendered":"TRUUSK Barnmotorcykel &#8211; Elmotorcykel &#8211; Str\u00e5lkastare &#8211; 3 Musikl\u00e4gen &#8211; F\u00f6r Barn 1,5-5 \u00e5r &#8211; Bl\u00e5 &#8211; 82,5 X 42 X 54cm"},"content":{"rendered":"<p>Med denna eleganta barnmotorcykel kan dina barn f\u00f6rv\u00e4nta sig en sp\u00e4nnande och s\u00e4rskilt s\u00e4ker k\u00f6rupplevelse! Tack vare de enkla knappkontrollerna, halkfria handtagen, det robusta h\u00f6ljet och den breda, bekv\u00e4ma sitsen kommer ditt barn alltid att sitta s\u00e4kert i s\u00e4tet. Fordonet \u00e4r utrustat med ett uppladdningsbart batteri &#8211; en full laddning ger upp till 45 minuters k\u00f6rtid, perfekt f\u00f6r en sp\u00e4nnande joyride runt grannskapet med ditt barn.<\/p>\n<h3>Beskrivning:<\/h3>\n<ul>\n<li>Carbon look och ljusa str\u00e5lkastare ger en enast\u00e5ende k\u00f6rupplevelse f\u00f6r ditt barn<\/li>\n<li>3 musikl\u00e4gen: musik\/nursery rim\/inl\u00e4rning, och volymen \u00e4r justerbar, med USB-gr\u00e4nssnitt och AUX-ing\u00e5ng f\u00f6r att ansluta en enhet<\/li>\n<li>Tre breda d\u00e4ck med slitbana garanterar stabil och s\u00e4ker k\u00f6rning<\/li>\n<li>Laddningsbart batteri och laddare ing\u00e5r<\/li>\n<li>45 minuters k\u00f6rtid med full batteriladdning<\/li>\n<li>Maxhastighet: 2,5 km\/h<\/li>\n<li>Rekommenderas f\u00f6r barn i \u00e5ldrarna 1,5 till 5 \u00e5r<\/li>\n<li>Hj\u00e4lper till att st\u00e4rka ditt barns balans och motorik medan du spelar<\/li>\n<li>Montering kr\u00e4vs<\/li>\n<\/ul>\n<h3>Teknisk data:<\/h3>\n<ul>\n<li>F\u00e4rg bl\u00e5<\/li>\n<li>Material: PP, metall<\/li>\n<li>\u00d6vergripande m\u00e5tt: 82,5L x 42W x 54H cm<\/li>\n<li>Sitsstorlek: 20W x 14D x 37H (h\u00f6jd fr\u00e5n golv) cm<\/li>\n<li>Hjulstorlek: 25,5 cm<\/li>\n<li>Lastkapacitet: 30 kg<\/li>\n<li>Laddningstid: 10 timmar (f\u00f6rsta laddningen tar 8-12 timmar)<\/li>\n<li>Drifttid (fulladdad): 45 min<\/li>\n<li>Motor: 30W<\/li>\n<li>Laddare: 6V\/4AH<\/li>\n<li>L\u00e4mplig f\u00f6r barn i \u00e5ldrarna 1,5 till 5 \u00e5r<\/li>\n<li>OBS: Detta f\u00f6rem\u00e5l b\u00f6r anv\u00e4ndas under vuxens uppsikt.<\/li>\n<\/ul>\n<h3>Leveransens omfattning:<\/h3>\n<ul>\n<li>1 x elmotorcykel<\/li>\n<li>1 x manuell<\/li>\n<\/ul>\n","protected":false},"excerpt":{"rendered":"<p>Med denna eleganta barnmotorcykel kan dina barn f\u00f6rv\u00e4nta sig en sp\u00e4nnande och s\u00e4rskilt s\u00e4ker k\u00f6rupplevelse! Tack vare de enkla knappkontrollerna,&#8230;<\/p>\n","protected":false},"featured_media":40324,"template":"","meta":[],"product_brand":[],"product_cat":[609,610,612],"product_tag":[],"class_list":{"0":"post-40323","1":"product","2":"type-product","3":"status-publish","4":"has-post-thumbnail","6":"product_cat-baby-barn","7":"product_cat-barnfordon","8":"product_cat-elektriska-fordon","10":"first","11":"instock","12":"sale","13":"taxable","14":"shipping-taxable","15":"purchasable","16":"product-type-simple"},"yoast_head":"<!-- This site is optimized with the Yoast SEO plugin v25.4 - https:\/\/yoast.com\/wordpress\/plugins\/seo\/ -->\n<title>TRUUSK Barnmotorcykel - Elmotorcykel - Str\u00e5lkastare - 3 Musikl\u00e4gen - F\u00f6r Barn 1,5-5 \u00e5r - Bl\u00e5 - 82,5 X 42 X 54cm - TRUUSK - Hem, Tr\u00e4dg\u00e5rd &amp; Fritid<\/title>\n<meta name=\"robots\" content=\"index, follow, max-snippet:-1, max-image-preview:large, max-video-preview:-1\" \/>\n<link rel=\"canonical\" href=\"https:\/\/truusk.store\/sv\/produkt\/truusk-barnmotorcykel-elmotorcykel-stralkastare-3-musiklagen-for-barn-15-5-ar-bla-825-x-42-x-54cm\/\" \/>\n<meta property=\"og:locale\" content=\"sv_SE\" \/>\n<meta property=\"og:type\" content=\"article\" \/>\n<meta property=\"og:title\" content=\"TRUUSK Barnmotorcykel - Elmotorcykel - Str\u00e5lkastare - 3 Musikl\u00e4gen - F\u00f6r Barn 1,5-5 \u00e5r - Bl\u00e5 - 82,5 X 42 X 54cm - TRUUSK - Hem, Tr\u00e4dg\u00e5rd &amp; Fritid\" \/>\n<meta property=\"og:description\" content=\"Med denna eleganta barnmotorcykel kan dina barn f\u00f6rv\u00e4nta sig en sp\u00e4nnande och s\u00e4rskilt s\u00e4ker k\u00f6rupplevelse! Tack vare de enkla knappkontrollerna,...\" \/>\n<meta property=\"og:url\" content=\"https:\/\/truusk.store\/sv\/produkt\/truusk-barnmotorcykel-elmotorcykel-stralkastare-3-musiklagen-for-barn-15-5-ar-bla-825-x-42-x-54cm\/\" \/>\n<meta property=\"og:site_name\" content=\"TRUUSK - Hem, Tr\u00e4dg\u00e5rd &amp; Fritid\" \/>\n<meta property=\"article:modified_time\" content=\"2026-03-12T08:16:18+00:00\" \/>\n<meta property=\"og:image\" content=\"https:\/\/i0.wp.com\/truusk.se\/wp-content\/uploads\/2024\/02\/barnmotorcykel-elmotorcykel-stralkastare-3-musiklagen-for-barn-15-5-ar-bla-825-x-42-x-54cm.webp?fit=800%2C800&ssl=1\" \/>\n\t<meta property=\"og:image:width\" content=\"800\" \/>\n\t<meta property=\"og:image:height\" content=\"800\" \/>\n\t<meta property=\"og:image:type\" content=\"image\/webp\" \/>\n<meta name=\"twitter:card\" content=\"summary_large_image\" \/>\n<meta name=\"twitter:label1\" content=\"Ber\u00e4knad l\u00e4stid\" \/>\n\t<meta name=\"twitter:data1\" content=\"1 minut\" \/>\n<!-- \/ Yoast SEO plugin. -->","yoast_head_json":{"title":"TRUUSK Barnmotorcykel - Elmotorcykel - Str\u00e5lkastare - 3 Musikl\u00e4gen - F\u00f6r Barn 1,5-5 \u00e5r - Bl\u00e5 - 82,5 X 42 X 54cm - TRUUSK - Hem, Tr\u00e4dg\u00e5rd &amp; Fritid","robots":{"index":"index","follow":"follow","max-snippet":"max-snippet:-1","max-image-preview":"max-image-preview:large","max-video-preview":"max-video-preview:-1"},"canonical":"https:\/\/truusk.store\/sv\/produkt\/truusk-barnmotorcykel-elmotorcykel-stralkastare-3-musiklagen-for-barn-15-5-ar-bla-825-x-42-x-54cm\/","og_locale":"sv_SE","og_type":"article","og_title":"TRUUSK Barnmotorcykel - Elmotorcykel - Str\u00e5lkastare - 3 Musikl\u00e4gen - F\u00f6r Barn 1,5-5 \u00e5r - Bl\u00e5 - 82,5 X 42 X 54cm - TRUUSK - Hem, Tr\u00e4dg\u00e5rd &amp; Fritid","og_description":"Med denna eleganta barnmotorcykel kan dina barn f\u00f6rv\u00e4nta sig en sp\u00e4nnande och s\u00e4rskilt s\u00e4ker k\u00f6rupplevelse! Tack vare de enkla knappkontrollerna,...","og_url":"https:\/\/truusk.store\/sv\/produkt\/truusk-barnmotorcykel-elmotorcykel-stralkastare-3-musiklagen-for-barn-15-5-ar-bla-825-x-42-x-54cm\/","og_site_name":"TRUUSK - Hem, Tr\u00e4dg\u00e5rd &amp; Fritid","article_modified_time":"2026-03-12T08:16:18+00:00","og_image":[{"width":800,"height":800,"url":"https:\/\/i0.wp.com\/truusk.se\/wp-content\/uploads\/2024\/02\/barnmotorcykel-elmotorcykel-stralkastare-3-musiklagen-for-barn-15-5-ar-bla-825-x-42-x-54cm.webp?fit=800%2C800&ssl=1","type":"image\/webp"}],"twitter_card":"summary_large_image","twitter_misc":{"Ber\u00e4knad l\u00e4stid":"1 minut"},"schema":{"@context":"https:\/\/schema.org","@graph":[{"@type":"WebPage","@id":"https:\/\/truusk.store\/sv\/produkt\/truusk-barnmotorcykel-elmotorcykel-stralkastare-3-musiklagen-for-barn-15-5-ar-bla-825-x-42-x-54cm\/","url":"https:\/\/truusk.store\/sv\/produkt\/truusk-barnmotorcykel-elmotorcykel-stralkastare-3-musiklagen-for-barn-15-5-ar-bla-825-x-42-x-54cm\/","name":"TRUUSK Barnmotorcykel - Elmotorcykel - Str\u00e5lkastare - 3 Musikl\u00e4gen - F\u00f6r Barn 1,5-5 \u00e5r - Bl\u00e5 - 82,5 X 42 X 54cm - TRUUSK - Hem, Tr\u00e4dg\u00e5rd &amp; Fritid","isPartOf":{"@id":"https:\/\/truusk.store\/sv\/#website"},"primaryImageOfPage":{"@id":"https:\/\/truusk.store\/sv\/produkt\/truusk-barnmotorcykel-elmotorcykel-stralkastare-3-musiklagen-for-barn-15-5-ar-bla-825-x-42-x-54cm\/#primaryimage"},"image":{"@id":"https:\/\/truusk.store\/sv\/produkt\/truusk-barnmotorcykel-elmotorcykel-stralkastare-3-musiklagen-for-barn-15-5-ar-bla-825-x-42-x-54cm\/#primaryimage"},"thumbnailUrl":"https:\/\/i0.wp.com\/truusk.store\/wp-content\/uploads\/2024\/02\/barnmotorcykel-elmotorcykel-stralkastare-3-musiklagen-for-barn-15-5-ar-bla-825-x-42-x-54cm.webp?fit=800%2C800&ssl=1","datePublished":"2024-02-14T01:39:38+00:00","dateModified":"2026-03-12T08:16:18+00:00","breadcrumb":{"@id":"https:\/\/truusk.store\/sv\/produkt\/truusk-barnmotorcykel-elmotorcykel-stralkastare-3-musiklagen-for-barn-15-5-ar-bla-825-x-42-x-54cm\/#breadcrumb"},"inLanguage":"sv-SE","potentialAction":[{"@type":"ReadAction","target":["https:\/\/truusk.store\/sv\/produkt\/truusk-barnmotorcykel-elmotorcykel-stralkastare-3-musiklagen-for-barn-15-5-ar-bla-825-x-42-x-54cm\/"]}]},{"@type":"ImageObject","inLanguage":"sv-SE","@id":"https:\/\/truusk.store\/sv\/produkt\/truusk-barnmotorcykel-elmotorcykel-stralkastare-3-musiklagen-for-barn-15-5-ar-bla-825-x-42-x-54cm\/#primaryimage","url":"https:\/\/i0.wp.com\/truusk.store\/wp-content\/uploads\/2024\/02\/barnmotorcykel-elmotorcykel-stralkastare-3-musiklagen-for-barn-15-5-ar-bla-825-x-42-x-54cm.webp?fit=800%2C800&ssl=1","contentUrl":"https:\/\/i0.wp.com\/truusk.store\/wp-content\/uploads\/2024\/02\/barnmotorcykel-elmotorcykel-stralkastare-3-musiklagen-for-barn-15-5-ar-bla-825-x-42-x-54cm.webp?fit=800%2C800&ssl=1","width":800,"height":800,"caption":"Barnmotorcykel, Elmotorcykel, Str\u00e5lkastare, 3 Musikl\u00e4gen, F\u00f6r Barn 1,5-5 \u00e5r, Bl\u00e5, 82,5 X 42 X 54cm 1"},{"@type":"BreadcrumbList","@id":"https:\/\/truusk.store\/sv\/produkt\/truusk-barnmotorcykel-elmotorcykel-stralkastare-3-musiklagen-for-barn-15-5-ar-bla-825-x-42-x-54cm\/#breadcrumb","itemListElement":[{"@type":"ListItem","position":1,"name":"Home","item":"https:\/\/truusk.store\/sv\/"},{"@type":"ListItem","position":2,"name":"Shop","item":"https:\/\/truusk.store\/shop\/"},{"@type":"ListItem","position":3,"name":"TRUUSK Barnmotorcykel &#8211; Elmotorcykel &#8211; Str\u00e5lkastare &#8211; 3 Musikl\u00e4gen &#8211; F\u00f6r Barn 1,5-5 \u00e5r &#8211; Bl\u00e5 &#8211; 82,5 X 42 X 54cm"}]},{"@type":"WebSite","@id":"https:\/\/truusk.store\/sv\/#website","url":"https:\/\/truusk.store\/sv\/","name":"TRUUSK - Hem, Tr\u00e4dg\u00e5rd & Fritid","description":"","publisher":{"@id":"https:\/\/truusk.store\/sv\/#organization"},"potentialAction":[{"@type":"SearchAction","target":{"@type":"EntryPoint","urlTemplate":"https:\/\/truusk.store\/sv\/?s={search_term_string}"},"query-input":{"@type":"PropertyValueSpecification","valueRequired":true,"valueName":"search_term_string"}}],"inLanguage":"sv-SE"},{"@type":"Organization","@id":"https:\/\/truusk.store\/sv\/#organization","name":"TRUUSK - Hem, Tr\u00e4dg\u00e5rd & Fritid","url":"https:\/\/truusk.store\/sv\/","logo":{"@type":"ImageObject","inLanguage":"sv-SE","@id":"https:\/\/truusk.store\/sv\/#\/schema\/logo\/image\/","url":"https:\/\/i0.wp.com\/truusk.store\/wp-content\/uploads\/2026\/03\/cropped-TRUUSK.png?fit=2032%2C917&ssl=1","contentUrl":"https:\/\/i0.wp.com\/truusk.store\/wp-content\/uploads\/2026\/03\/cropped-TRUUSK.png?fit=2032%2C917&ssl=1","width":2032,"height":917,"caption":"TRUUSK - Hem, Tr\u00e4dg\u00e5rd & Fritid"},"image":{"@id":"https:\/\/truusk.store\/sv\/#\/schema\/logo\/image\/"}}]}},"jetpack_sharing_enabled":true,"_links":{"self":[{"href":"https:\/\/truusk.store\/sv\/wp-json\/wp\/v2\/product\/40323","targetHints":{"allow":["GET"]}}],"collection":[{"href":"https:\/\/truusk.store\/sv\/wp-json\/wp\/v2\/product"}],"about":[{"href":"https:\/\/truusk.store\/sv\/wp-json\/wp\/v2\/types\/product"}],"wp:featuredmedia":[{"embeddable":true,"href":"https:\/\/truusk.store\/sv\/wp-json\/wp\/v2\/media\/40324"}],"wp:attachment":[{"href":"https:\/\/truusk.store\/sv\/wp-json\/wp\/v2\/media?parent=40323"}],"wp:term":[{"taxonomy":"product_brand","embeddable":true,"href":"https:\/\/truusk.store\/sv\/wp-json\/wp\/v2\/product_brand?post=40323"},{"taxonomy":"product_cat","embeddable":true,"href":"https:\/\/truusk.store\/sv\/wp-json\/wp\/v2\/product_cat?post=40323"},{"taxonomy":"product_tag","embeddable":true,"href":"https:\/\/truusk.store\/sv\/wp-json\/wp\/v2\/product_tag?post=40323"}],"curies":[{"name":"wp","href":"https:\/\/api.w.org\/{rel}","templated":true}]}}