{"id":40344,"date":"2024-02-14T02:40:28","date_gmt":"2024-02-14T01:40:28","guid":{"rendered":"https:\/\/truusk.store\/product\/folievaxthus-vaderbestandig-uv-bestandig-folietunnel-200-cm-x-80-cm-x-45-cm-gron\/"},"modified":"2026-03-12T09:16:19","modified_gmt":"2026-03-12T08:16:19","slug":"truusk-folievaxthus-vader-och-uv-bestandig-200-cm-x-80-cm-x-45-cm-gron","status":"publish","type":"product","link":"https:\/\/truusk.store\/sv\/produkt\/truusk-folievaxthus-vader-och-uv-bestandig-200-cm-x-80-cm-x-45-cm-gron\/","title":{"rendered":"TRUUSK Foliev\u00e4xthus &#8211; V\u00e4der- och UV-best\u00e4ndig &#8211; 200 cm x 80 cm x 45 cm &#8211; Gr\u00f6n"},"content":{"rendered":"<p>Detta portabla minitr\u00e4dg\u00e5rdsv\u00e4xthus \u00e4r idealiskt f\u00f6r tr\u00e4dg\u00e5rds\u00e4lskare som letar efter ett s\u00e4tt att tr\u00e4dg\u00e5rda \u00e5ret runt. V\u00e4xthuset ser till att dina v\u00e4xter och gr\u00f6nsaker skyddas b\u00e4ttre \u00e4n i sj\u00e4lva v\u00e4xthuset.De m\u00e5nga f\u00f6nstren i n\u00e4ttyg s\u00e4kerst\u00e4ller utm\u00e4rkt ventilation inuti samtidigt som djur som f\u00e5glar h\u00e5lls ute. En idealisk l\u00f6sning f\u00f6r att odla v\u00e4xter \u00e5ret runt.<\/p>\n<h3>Beskrivning:<\/h3>\n<ul>\n<li>Skyddar v\u00e4xter fr\u00e5n kyla och frost p\u00e5 vintern och stimulerar tillv\u00e4xt p\u00e5 v\u00e5r och sommar<\/li>\n<li>Det mest mogna PE-h\u00f6ljet h\u00e5ller fukt inne och skyddar v\u00e4xter fr\u00e5n UV-str\u00e5lar samtidigt som det l\u00e5ter 85 % av solljuset passera igenom<\/li>\n<li>Meshf\u00f6nster f\u00f6r b\u00e4ttre luftcirkulation och skydd mot insekter<\/li>\n<li>Slipade r\u00f6r och kanter f\u00f6rl\u00e4ngda med 10 cm hj\u00e4lper till att s\u00e4kra v\u00e4xthuset vid marken<\/li>\n<li>Ett b\u00f6jt tak l\u00e5ter regnet rinna av l\u00e4tt<\/li>\n<li>L\u00e4tt att montera genom att koppla ihop tv\u00e5 r\u00f6r med vinklar<\/li>\n<li>Det rekommenderas att 2 personer monterar den<\/li>\n<\/ul>\n<h3>Teknisk data:<\/h3>\n<ul>\n<li>F\u00e4rg: gr\u00f6n<\/li>\n<li>Material: st\u00e5l, PE, PP<\/li>\n<li>Totala m\u00e5tt: 200L x 80W x 45H cm<\/li>\n<li>Produktdata f\u00f6r varje f\u00f6nster: 32W x 32H cm<\/li>\n<li>Vindt\u00e4t: Niv\u00e5 4 (vindhastighet under 17,5 mph)<\/li>\n<\/ul>\n<h3>Leveransens omfattning:<\/h3>\n<ul>\n<li>1 x litet v\u00e4xthus<\/li>\n<li>1 x Instruktioner<\/li>\n<\/ul>\n","protected":false},"excerpt":{"rendered":"<p>Detta portabla minitr\u00e4dg\u00e5rdsv\u00e4xthus \u00e4r idealiskt f\u00f6r tr\u00e4dg\u00e5rds\u00e4lskare som letar efter ett s\u00e4tt att tr\u00e4dg\u00e5rda \u00e5ret runt. V\u00e4xthuset ser till att&#8230;<\/p>\n","protected":false},"featured_media":40345,"template":"","meta":[],"product_brand":[],"product_cat":[444,435,443],"product_tag":[],"class_list":{"0":"post-40344","1":"product","2":"type-product","3":"status-publish","4":"has-post-thumbnail","6":"product_cat-filma-vaxthus","7":"product_cat-tradgard-och-terrass","8":"product_cat-vaxthus-tradgardsskotsel","10":"first","11":"instock","12":"sale","13":"taxable","14":"shipping-taxable","15":"purchasable","16":"product-type-simple"},"yoast_head":"<!-- This site is optimized with the Yoast SEO plugin v25.4 - https:\/\/yoast.com\/wordpress\/plugins\/seo\/ -->\n<title>TRUUSK Foliev\u00e4xthus - V\u00e4der- och UV-best\u00e4ndig - 200 cm x 80 cm x 45 cm - Gr\u00f6n - TRUUSK - Hem, Tr\u00e4dg\u00e5rd &amp; Fritid<\/title>\n<meta name=\"robots\" content=\"index, follow, max-snippet:-1, max-image-preview:large, max-video-preview:-1\" \/>\n<link rel=\"canonical\" href=\"https:\/\/truusk.store\/sv\/produkt\/truusk-folievaxthus-vader-och-uv-bestandig-200-cm-x-80-cm-x-45-cm-gron\/\" \/>\n<meta property=\"og:locale\" content=\"sv_SE\" \/>\n<meta property=\"og:type\" content=\"article\" \/>\n<meta property=\"og:title\" content=\"TRUUSK Foliev\u00e4xthus - V\u00e4der- och UV-best\u00e4ndig - 200 cm x 80 cm x 45 cm - Gr\u00f6n - TRUUSK - Hem, Tr\u00e4dg\u00e5rd &amp; Fritid\" \/>\n<meta property=\"og:description\" content=\"Detta portabla minitr\u00e4dg\u00e5rdsv\u00e4xthus \u00e4r idealiskt f\u00f6r tr\u00e4dg\u00e5rds\u00e4lskare som letar efter ett s\u00e4tt att tr\u00e4dg\u00e5rda \u00e5ret runt. V\u00e4xthuset ser till att...\" \/>\n<meta property=\"og:url\" content=\"https:\/\/truusk.store\/sv\/produkt\/truusk-folievaxthus-vader-och-uv-bestandig-200-cm-x-80-cm-x-45-cm-gron\/\" \/>\n<meta property=\"og:site_name\" content=\"TRUUSK - Hem, Tr\u00e4dg\u00e5rd &amp; Fritid\" \/>\n<meta property=\"article:modified_time\" content=\"2026-03-12T08:16:19+00:00\" \/>\n<meta property=\"og:image\" content=\"https:\/\/i0.wp.com\/truusk.se\/wp-content\/uploads\/2024\/02\/folievaxthus-vaderbestandig-uv-bestandig-folietunnel-200-cm-x-80-cm-x-45-cm-gron.webp?fit=800%2C800&ssl=1\" \/>\n\t<meta property=\"og:image:width\" content=\"800\" \/>\n\t<meta property=\"og:image:height\" content=\"800\" \/>\n\t<meta property=\"og:image:type\" content=\"image\/webp\" \/>\n<meta name=\"twitter:card\" content=\"summary_large_image\" \/>\n<meta name=\"twitter:label1\" content=\"Ber\u00e4knad l\u00e4stid\" \/>\n\t<meta name=\"twitter:data1\" content=\"1 minut\" \/>\n<!-- \/ Yoast SEO plugin. -->","yoast_head_json":{"title":"TRUUSK Foliev\u00e4xthus - V\u00e4der- och UV-best\u00e4ndig - 200 cm x 80 cm x 45 cm - Gr\u00f6n - TRUUSK - Hem, Tr\u00e4dg\u00e5rd &amp; Fritid","robots":{"index":"index","follow":"follow","max-snippet":"max-snippet:-1","max-image-preview":"max-image-preview:large","max-video-preview":"max-video-preview:-1"},"canonical":"https:\/\/truusk.store\/sv\/produkt\/truusk-folievaxthus-vader-och-uv-bestandig-200-cm-x-80-cm-x-45-cm-gron\/","og_locale":"sv_SE","og_type":"article","og_title":"TRUUSK Foliev\u00e4xthus - V\u00e4der- och UV-best\u00e4ndig - 200 cm x 80 cm x 45 cm - Gr\u00f6n - TRUUSK - Hem, Tr\u00e4dg\u00e5rd &amp; Fritid","og_description":"Detta portabla minitr\u00e4dg\u00e5rdsv\u00e4xthus \u00e4r idealiskt f\u00f6r tr\u00e4dg\u00e5rds\u00e4lskare som letar efter ett s\u00e4tt att tr\u00e4dg\u00e5rda \u00e5ret runt. V\u00e4xthuset ser till att...","og_url":"https:\/\/truusk.store\/sv\/produkt\/truusk-folievaxthus-vader-och-uv-bestandig-200-cm-x-80-cm-x-45-cm-gron\/","og_site_name":"TRUUSK - Hem, Tr\u00e4dg\u00e5rd &amp; Fritid","article_modified_time":"2026-03-12T08:16:19+00:00","og_image":[{"width":800,"height":800,"url":"https:\/\/i0.wp.com\/truusk.se\/wp-content\/uploads\/2024\/02\/folievaxthus-vaderbestandig-uv-bestandig-folietunnel-200-cm-x-80-cm-x-45-cm-gron.webp?fit=800%2C800&ssl=1","type":"image\/webp"}],"twitter_card":"summary_large_image","twitter_misc":{"Ber\u00e4knad l\u00e4stid":"1 minut"},"schema":{"@context":"https:\/\/schema.org","@graph":[{"@type":"WebPage","@id":"https:\/\/truusk.store\/sv\/produkt\/truusk-folievaxthus-vader-och-uv-bestandig-200-cm-x-80-cm-x-45-cm-gron\/","url":"https:\/\/truusk.store\/sv\/produkt\/truusk-folievaxthus-vader-och-uv-bestandig-200-cm-x-80-cm-x-45-cm-gron\/","name":"TRUUSK Foliev\u00e4xthus - V\u00e4der- och UV-best\u00e4ndig - 200 cm x 80 cm x 45 cm - Gr\u00f6n - TRUUSK - Hem, Tr\u00e4dg\u00e5rd &amp; Fritid","isPartOf":{"@id":"https:\/\/truusk.store\/sv\/#website"},"primaryImageOfPage":{"@id":"https:\/\/truusk.store\/sv\/produkt\/truusk-folievaxthus-vader-och-uv-bestandig-200-cm-x-80-cm-x-45-cm-gron\/#primaryimage"},"image":{"@id":"https:\/\/truusk.store\/sv\/produkt\/truusk-folievaxthus-vader-och-uv-bestandig-200-cm-x-80-cm-x-45-cm-gron\/#primaryimage"},"thumbnailUrl":"https:\/\/i0.wp.com\/truusk.store\/wp-content\/uploads\/2024\/02\/folievaxthus-vaderbestandig-uv-bestandig-folietunnel-200-cm-x-80-cm-x-45-cm-gron.webp?fit=800%2C800&ssl=1","datePublished":"2024-02-14T01:40:28+00:00","dateModified":"2026-03-12T08:16:19+00:00","breadcrumb":{"@id":"https:\/\/truusk.store\/sv\/produkt\/truusk-folievaxthus-vader-och-uv-bestandig-200-cm-x-80-cm-x-45-cm-gron\/#breadcrumb"},"inLanguage":"sv-SE","potentialAction":[{"@type":"ReadAction","target":["https:\/\/truusk.store\/sv\/produkt\/truusk-folievaxthus-vader-och-uv-bestandig-200-cm-x-80-cm-x-45-cm-gron\/"]}]},{"@type":"ImageObject","inLanguage":"sv-SE","@id":"https:\/\/truusk.store\/sv\/produkt\/truusk-folievaxthus-vader-och-uv-bestandig-200-cm-x-80-cm-x-45-cm-gron\/#primaryimage","url":"https:\/\/i0.wp.com\/truusk.store\/wp-content\/uploads\/2024\/02\/folievaxthus-vaderbestandig-uv-bestandig-folietunnel-200-cm-x-80-cm-x-45-cm-gron.webp?fit=800%2C800&ssl=1","contentUrl":"https:\/\/i0.wp.com\/truusk.store\/wp-content\/uploads\/2024\/02\/folievaxthus-vaderbestandig-uv-bestandig-folietunnel-200-cm-x-80-cm-x-45-cm-gron.webp?fit=800%2C800&ssl=1","width":800,"height":800,"caption":"Foliev\u00e4xthus, V\u00e4derbest\u00e4ndig, UV-best\u00e4ndig, Folietunnel, 200 Cm X 80 Cm X 45 Cm, Gr\u00f6n 1"},{"@type":"BreadcrumbList","@id":"https:\/\/truusk.store\/sv\/produkt\/truusk-folievaxthus-vader-och-uv-bestandig-200-cm-x-80-cm-x-45-cm-gron\/#breadcrumb","itemListElement":[{"@type":"ListItem","position":1,"name":"Home","item":"https:\/\/truusk.store\/sv\/"},{"@type":"ListItem","position":2,"name":"Shop","item":"https:\/\/truusk.store\/shop\/"},{"@type":"ListItem","position":3,"name":"TRUUSK Foliev\u00e4xthus &#8211; V\u00e4der- och UV-best\u00e4ndig &#8211; 200 cm x 80 cm x 45 cm &#8211; Gr\u00f6n"}]},{"@type":"WebSite","@id":"https:\/\/truusk.store\/sv\/#website","url":"https:\/\/truusk.store\/sv\/","name":"TRUUSK - Hem, Tr\u00e4dg\u00e5rd & Fritid","description":"","publisher":{"@id":"https:\/\/truusk.store\/sv\/#organization"},"potentialAction":[{"@type":"SearchAction","target":{"@type":"EntryPoint","urlTemplate":"https:\/\/truusk.store\/sv\/?s={search_term_string}"},"query-input":{"@type":"PropertyValueSpecification","valueRequired":true,"valueName":"search_term_string"}}],"inLanguage":"sv-SE"},{"@type":"Organization","@id":"https:\/\/truusk.store\/sv\/#organization","name":"TRUUSK - Hem, Tr\u00e4dg\u00e5rd & Fritid","url":"https:\/\/truusk.store\/sv\/","logo":{"@type":"ImageObject","inLanguage":"sv-SE","@id":"https:\/\/truusk.store\/sv\/#\/schema\/logo\/image\/","url":"https:\/\/i0.wp.com\/truusk.store\/wp-content\/uploads\/2026\/03\/cropped-TRUUSK.png?fit=2032%2C917&ssl=1","contentUrl":"https:\/\/i0.wp.com\/truusk.store\/wp-content\/uploads\/2026\/03\/cropped-TRUUSK.png?fit=2032%2C917&ssl=1","width":2032,"height":917,"caption":"TRUUSK - Hem, Tr\u00e4dg\u00e5rd & Fritid"},"image":{"@id":"https:\/\/truusk.store\/sv\/#\/schema\/logo\/image\/"}}]}},"jetpack_sharing_enabled":true,"_links":{"self":[{"href":"https:\/\/truusk.store\/sv\/wp-json\/wp\/v2\/product\/40344","targetHints":{"allow":["GET"]}}],"collection":[{"href":"https:\/\/truusk.store\/sv\/wp-json\/wp\/v2\/product"}],"about":[{"href":"https:\/\/truusk.store\/sv\/wp-json\/wp\/v2\/types\/product"}],"wp:featuredmedia":[{"embeddable":true,"href":"https:\/\/truusk.store\/sv\/wp-json\/wp\/v2\/media\/40345"}],"wp:attachment":[{"href":"https:\/\/truusk.store\/sv\/wp-json\/wp\/v2\/media?parent=40344"}],"wp:term":[{"taxonomy":"product_brand","embeddable":true,"href":"https:\/\/truusk.store\/sv\/wp-json\/wp\/v2\/product_brand?post=40344"},{"taxonomy":"product_cat","embeddable":true,"href":"https:\/\/truusk.store\/sv\/wp-json\/wp\/v2\/product_cat?post=40344"},{"taxonomy":"product_tag","embeddable":true,"href":"https:\/\/truusk.store\/sv\/wp-json\/wp\/v2\/product_tag?post=40344"}],"curies":[{"name":"wp","href":"https:\/\/api.w.org\/{rel}","templated":true}]}}