{"id":40354,"date":"2024-02-14T02:40:58","date_gmt":"2024-02-14T01:40:58","guid":{"rendered":"https:\/\/truusk.store\/product\/arbetsstol-datorstol-gungfunktion-hoj-och-sankbar-svart-silver\/"},"modified":"2026-03-12T09:16:20","modified_gmt":"2026-03-12T08:16:20","slug":"truusk-ergonomisk-datorstol-gungfunktion-hoj-och-sankbar-svart-silver","status":"publish","type":"product","link":"https:\/\/truusk.store\/sv\/produkt\/truusk-ergonomisk-datorstol-gungfunktion-hoj-och-sankbar-svart-silver\/","title":{"rendered":"TRUUSK Ergonomisk Datorstol &#8211; Gungfunktion &#8211; H\u00f6j- Och S\u00e4nkbar &#8211; Svart + Silver"},"content":{"rendered":"<p>Om du arbetar hemifr\u00e5n eller tillbringar mycket tid p\u00e5 din arbetsplats beh\u00f6ver du en bekv\u00e4m stol. Den bekv\u00e4ma kontorsv\u00e4ngstolen h\u00e4nger inte bara med utan g\u00e5r ocks\u00e5 l\u00e4ngre med sin avkopplande tjocka stoppning och gungfunktion. Luta dig f\u00f6rsiktigt tillbaka och l\u00e5t den h\u00e4r snurrstolen sk\u00e4mma bort dig. Komfort och funktionalitet \u00e4r avg\u00f6rande f\u00f6r en bekv\u00e4m stol, och att f\u00f6rst\u00e5 hur man tillhandah\u00e5ller b\u00e5da.<\/p>\n<h3>Beskrivning:<\/h3>\n<ul>\n<li>Ta en paus och stretcha med lutningsfunktionen<\/li>\n<li>H\u00f6jdjusterbar fr\u00e5n 46cm till 56cm f\u00f6r att passa dina sittbehov<\/li>\n<li>Kontorsstolen har ett robust och elegant poppeltr\u00e4 och h\u00f6gkvalitativt konstl\u00e4der<\/li>\n<li>Denna stilfullt designade PC-stol \u00e4r l\u00e4tt att underh\u00e5lla<\/li>\n<li>Tack vare de fem hjulen kan den flyttas utan anstr\u00e4ngning<\/li>\n<\/ul>\n<h3>Teknisk data:<\/h3>\n<ul>\n<li>Svart f\u00e4rg<\/li>\n<li>Material: konstl\u00e4der, poppeltr\u00e4, skum, nylon, st\u00e5l<\/li>\n<li>\u00d6vergripande m\u00e5tt: 53L x 60W x 86-96H cm<\/li>\n<li>Sitsm\u00e5tt: 41L x 46W x 46-56H cm<\/li>\n<li>Ryggst\u00f6dsm\u00e5tt: 45L x 53W x 44H cm<\/li>\n<li>Max belastning: 120 kg<\/li>\n<\/ul>\n<h3>Leveransens omfattning:<\/h3>\n<ul>\n<li>1 x Kontorsstol<\/li>\n<li>1 x bruksanvisning<\/li>\n<\/ul>\n","protected":false},"excerpt":{"rendered":"<p>Om du arbetar hemifr\u00e5n eller tillbringar mycket tid p\u00e5 din arbetsplats beh\u00f6ver du en bekv\u00e4m stol. Den bekv\u00e4ma kontorsv\u00e4ngstolen h\u00e4nger&#8230;<\/p>\n","protected":false},"featured_media":40355,"template":"","meta":[],"product_brand":[],"product_cat":[485,516,515],"product_tag":[],"class_list":{"0":"post-40354","1":"product","2":"type-product","3":"status-publish","4":"has-post-thumbnail","6":"product_cat-hus-bo","7":"product_cat-kontorsstolar","8":"product_cat-stolar","10":"first","11":"instock","12":"sale","13":"taxable","14":"shipping-taxable","15":"purchasable","16":"product-type-simple"},"yoast_head":"<!-- This site is optimized with the Yoast SEO plugin v25.4 - https:\/\/yoast.com\/wordpress\/plugins\/seo\/ -->\n<title>TRUUSK Ergonomisk Datorstol - Gungfunktion - H\u00f6j- Och S\u00e4nkbar - Svart + Silver - TRUUSK - Hem, Tr\u00e4dg\u00e5rd &amp; Fritid<\/title>\n<meta name=\"robots\" content=\"index, follow, max-snippet:-1, max-image-preview:large, max-video-preview:-1\" \/>\n<link rel=\"canonical\" href=\"https:\/\/truusk.store\/sv\/produkt\/truusk-ergonomisk-datorstol-gungfunktion-hoj-och-sankbar-svart-silver\/\" \/>\n<meta property=\"og:locale\" content=\"sv_SE\" \/>\n<meta property=\"og:type\" content=\"article\" \/>\n<meta property=\"og:title\" content=\"TRUUSK Ergonomisk Datorstol - Gungfunktion - H\u00f6j- Och S\u00e4nkbar - Svart + Silver - TRUUSK - Hem, Tr\u00e4dg\u00e5rd &amp; Fritid\" \/>\n<meta property=\"og:description\" content=\"Om du arbetar hemifr\u00e5n eller tillbringar mycket tid p\u00e5 din arbetsplats beh\u00f6ver du en bekv\u00e4m stol. Den bekv\u00e4ma kontorsv\u00e4ngstolen h\u00e4nger...\" \/>\n<meta property=\"og:url\" content=\"https:\/\/truusk.store\/sv\/produkt\/truusk-ergonomisk-datorstol-gungfunktion-hoj-och-sankbar-svart-silver\/\" \/>\n<meta property=\"og:site_name\" content=\"TRUUSK - Hem, Tr\u00e4dg\u00e5rd &amp; Fritid\" \/>\n<meta property=\"article:modified_time\" content=\"2026-03-12T08:16:20+00:00\" \/>\n<meta property=\"og:image\" content=\"https:\/\/i0.wp.com\/truusk.se\/wp-content\/uploads\/2024\/02\/arbetsstol-datorstol-gungfunktion-hoj-och-sankbar-svart-silver.webp?fit=800%2C800&ssl=1\" \/>\n\t<meta property=\"og:image:width\" content=\"800\" \/>\n\t<meta property=\"og:image:height\" content=\"800\" \/>\n\t<meta property=\"og:image:type\" content=\"image\/webp\" \/>\n<meta name=\"twitter:card\" content=\"summary_large_image\" \/>\n<meta name=\"twitter:label1\" content=\"Ber\u00e4knad l\u00e4stid\" \/>\n\t<meta name=\"twitter:data1\" content=\"1 minut\" \/>\n<!-- \/ Yoast SEO plugin. -->","yoast_head_json":{"title":"TRUUSK Ergonomisk Datorstol - Gungfunktion - H\u00f6j- Och S\u00e4nkbar - Svart + Silver - TRUUSK - Hem, Tr\u00e4dg\u00e5rd &amp; Fritid","robots":{"index":"index","follow":"follow","max-snippet":"max-snippet:-1","max-image-preview":"max-image-preview:large","max-video-preview":"max-video-preview:-1"},"canonical":"https:\/\/truusk.store\/sv\/produkt\/truusk-ergonomisk-datorstol-gungfunktion-hoj-och-sankbar-svart-silver\/","og_locale":"sv_SE","og_type":"article","og_title":"TRUUSK Ergonomisk Datorstol - Gungfunktion - H\u00f6j- Och S\u00e4nkbar - Svart + Silver - TRUUSK - Hem, Tr\u00e4dg\u00e5rd &amp; Fritid","og_description":"Om du arbetar hemifr\u00e5n eller tillbringar mycket tid p\u00e5 din arbetsplats beh\u00f6ver du en bekv\u00e4m stol. Den bekv\u00e4ma kontorsv\u00e4ngstolen h\u00e4nger...","og_url":"https:\/\/truusk.store\/sv\/produkt\/truusk-ergonomisk-datorstol-gungfunktion-hoj-och-sankbar-svart-silver\/","og_site_name":"TRUUSK - Hem, Tr\u00e4dg\u00e5rd &amp; Fritid","article_modified_time":"2026-03-12T08:16:20+00:00","og_image":[{"width":800,"height":800,"url":"https:\/\/i0.wp.com\/truusk.se\/wp-content\/uploads\/2024\/02\/arbetsstol-datorstol-gungfunktion-hoj-och-sankbar-svart-silver.webp?fit=800%2C800&ssl=1","type":"image\/webp"}],"twitter_card":"summary_large_image","twitter_misc":{"Ber\u00e4knad l\u00e4stid":"1 minut"},"schema":{"@context":"https:\/\/schema.org","@graph":[{"@type":"WebPage","@id":"https:\/\/truusk.store\/sv\/produkt\/truusk-ergonomisk-datorstol-gungfunktion-hoj-och-sankbar-svart-silver\/","url":"https:\/\/truusk.store\/sv\/produkt\/truusk-ergonomisk-datorstol-gungfunktion-hoj-och-sankbar-svart-silver\/","name":"TRUUSK Ergonomisk Datorstol - Gungfunktion - H\u00f6j- Och S\u00e4nkbar - Svart + Silver - TRUUSK - Hem, Tr\u00e4dg\u00e5rd &amp; Fritid","isPartOf":{"@id":"https:\/\/truusk.store\/sv\/#website"},"primaryImageOfPage":{"@id":"https:\/\/truusk.store\/sv\/produkt\/truusk-ergonomisk-datorstol-gungfunktion-hoj-och-sankbar-svart-silver\/#primaryimage"},"image":{"@id":"https:\/\/truusk.store\/sv\/produkt\/truusk-ergonomisk-datorstol-gungfunktion-hoj-och-sankbar-svart-silver\/#primaryimage"},"thumbnailUrl":"https:\/\/i0.wp.com\/truusk.store\/wp-content\/uploads\/2024\/02\/arbetsstol-datorstol-gungfunktion-hoj-och-sankbar-svart-silver.webp?fit=800%2C800&ssl=1","datePublished":"2024-02-14T01:40:58+00:00","dateModified":"2026-03-12T08:16:20+00:00","breadcrumb":{"@id":"https:\/\/truusk.store\/sv\/produkt\/truusk-ergonomisk-datorstol-gungfunktion-hoj-och-sankbar-svart-silver\/#breadcrumb"},"inLanguage":"sv-SE","potentialAction":[{"@type":"ReadAction","target":["https:\/\/truusk.store\/sv\/produkt\/truusk-ergonomisk-datorstol-gungfunktion-hoj-och-sankbar-svart-silver\/"]}]},{"@type":"ImageObject","inLanguage":"sv-SE","@id":"https:\/\/truusk.store\/sv\/produkt\/truusk-ergonomisk-datorstol-gungfunktion-hoj-och-sankbar-svart-silver\/#primaryimage","url":"https:\/\/i0.wp.com\/truusk.store\/wp-content\/uploads\/2024\/02\/arbetsstol-datorstol-gungfunktion-hoj-och-sankbar-svart-silver.webp?fit=800%2C800&ssl=1","contentUrl":"https:\/\/i0.wp.com\/truusk.store\/wp-content\/uploads\/2024\/02\/arbetsstol-datorstol-gungfunktion-hoj-och-sankbar-svart-silver.webp?fit=800%2C800&ssl=1","width":800,"height":800,"caption":"Arbetsstol Datorstol, Gungfunktion, H\u00f6j- Och S\u00e4nkbar, Svart + Silver 1"},{"@type":"BreadcrumbList","@id":"https:\/\/truusk.store\/sv\/produkt\/truusk-ergonomisk-datorstol-gungfunktion-hoj-och-sankbar-svart-silver\/#breadcrumb","itemListElement":[{"@type":"ListItem","position":1,"name":"Home","item":"https:\/\/truusk.store\/sv\/"},{"@type":"ListItem","position":2,"name":"Shop","item":"https:\/\/truusk.store\/shop\/"},{"@type":"ListItem","position":3,"name":"TRUUSK Ergonomisk Datorstol &#8211; Gungfunktion &#8211; H\u00f6j- Och S\u00e4nkbar &#8211; Svart + Silver"}]},{"@type":"WebSite","@id":"https:\/\/truusk.store\/sv\/#website","url":"https:\/\/truusk.store\/sv\/","name":"TRUUSK - Hem, Tr\u00e4dg\u00e5rd & Fritid","description":"","publisher":{"@id":"https:\/\/truusk.store\/sv\/#organization"},"potentialAction":[{"@type":"SearchAction","target":{"@type":"EntryPoint","urlTemplate":"https:\/\/truusk.store\/sv\/?s={search_term_string}"},"query-input":{"@type":"PropertyValueSpecification","valueRequired":true,"valueName":"search_term_string"}}],"inLanguage":"sv-SE"},{"@type":"Organization","@id":"https:\/\/truusk.store\/sv\/#organization","name":"TRUUSK - Hem, Tr\u00e4dg\u00e5rd & Fritid","url":"https:\/\/truusk.store\/sv\/","logo":{"@type":"ImageObject","inLanguage":"sv-SE","@id":"https:\/\/truusk.store\/sv\/#\/schema\/logo\/image\/","url":"https:\/\/i0.wp.com\/truusk.store\/wp-content\/uploads\/2026\/03\/cropped-TRUUSK.png?fit=2032%2C917&ssl=1","contentUrl":"https:\/\/i0.wp.com\/truusk.store\/wp-content\/uploads\/2026\/03\/cropped-TRUUSK.png?fit=2032%2C917&ssl=1","width":2032,"height":917,"caption":"TRUUSK - Hem, Tr\u00e4dg\u00e5rd & Fritid"},"image":{"@id":"https:\/\/truusk.store\/sv\/#\/schema\/logo\/image\/"}}]}},"jetpack_sharing_enabled":true,"_links":{"self":[{"href":"https:\/\/truusk.store\/sv\/wp-json\/wp\/v2\/product\/40354","targetHints":{"allow":["GET"]}}],"collection":[{"href":"https:\/\/truusk.store\/sv\/wp-json\/wp\/v2\/product"}],"about":[{"href":"https:\/\/truusk.store\/sv\/wp-json\/wp\/v2\/types\/product"}],"wp:featuredmedia":[{"embeddable":true,"href":"https:\/\/truusk.store\/sv\/wp-json\/wp\/v2\/media\/40355"}],"wp:attachment":[{"href":"https:\/\/truusk.store\/sv\/wp-json\/wp\/v2\/media?parent=40354"}],"wp:term":[{"taxonomy":"product_brand","embeddable":true,"href":"https:\/\/truusk.store\/sv\/wp-json\/wp\/v2\/product_brand?post=40354"},{"taxonomy":"product_cat","embeddable":true,"href":"https:\/\/truusk.store\/sv\/wp-json\/wp\/v2\/product_cat?post=40354"},{"taxonomy":"product_tag","embeddable":true,"href":"https:\/\/truusk.store\/sv\/wp-json\/wp\/v2\/product_tag?post=40354"}],"curies":[{"name":"wp","href":"https:\/\/api.w.org\/{rel}","templated":true}]}}