{"id":40361,"date":"2024-02-14T02:41:19","date_gmt":"2024-02-14T01:41:19","guid":{"rendered":"https:\/\/truusk.store\/product\/barstolsset-hojdjusterbar-vridbar-konstlader-stalram-svart-53-x-505-x-1125-cm\/"},"modified":"2026-03-12T09:16:22","modified_gmt":"2026-03-12T08:16:22","slug":"truusk-barstolsset-hojdjusterbar-och-vridbar-konstlader-stalram-svart-53-x-505-x-1125-cm","status":"publish","type":"product","link":"https:\/\/truusk.store\/sv\/produkt\/truusk-barstolsset-hojdjusterbar-och-vridbar-konstlader-stalram-svart-53-x-505-x-1125-cm\/","title":{"rendered":"TRUUSK Barstolsset &#8211; H\u00f6jdjusterbar och Vridbar &#8211; Konstl\u00e4der &#8211; St\u00e5lram &#8211; Svart &#8211; 53 X 50,5 X 112,5 Cm"},"content":{"rendered":"<p>Uppt\u00e4ck den perfekta balansen mellan stil och funktionalitet med denna moderna barstolsset. Oavsett om du b\u00f6rjar dagen med en rej\u00e4l frukost eller avslutar natten med cocktails, kommer detta pallset att m\u00f6ta alla dina behov. Den justerbara h\u00f6jden g\u00f6r att du kan anpassa pallarna till olika bordsh\u00f6jder samtidigt som de vadderade s\u00e4tena med ryggst\u00f6d skonsamt st\u00f6djer din kropp. Fotst\u00f6den s\u00e4kerst\u00e4ller ocks\u00e5 en avslappnad sittst\u00e4llning.<\/p>\n<h3>Beskrivning:<\/h3>\n<ul>\n<li>Set med 2 barstolar skapar en harmonisk, stilren look<\/li>\n<li>H\u00f6g r\u00f6relsefrihet tack vare 360 \u200b\u200bvridbara s\u00e4ten<\/li>\n<li>Sitth\u00f6jden \u00e4r justerbar<\/li>\n<li>Bekv\u00e4mt fodral i konstl\u00e4der, mjuk stoppning och b\u00f6jd sitsform s\u00e4kerst\u00e4ller djup avkoppling<\/li>\n<li>Nedre fotst\u00f6d \u00e4r bekv\u00e4mt f\u00f6r att s\u00e4tta ner benen<\/li>\n<li>Stabil st\u00e5lram med halkfria nubbar ger ett stadigt st\u00f6d<\/li>\n<li>Montering kr\u00e4vs<\/li>\n<\/ul>\n<h3>Teknisk data:<\/h3>\n<ul>\n<li>Svart f\u00e4rg<\/li>\n<li>Material: konstl\u00e4der, st\u00e5l, skum, poppeltr\u00e4<\/li>\n<li>\u00d6vergripande m\u00e5tt: 53L x 52W x 92-112H cm<\/li>\n<li>Sitsm\u00e5tt: 53L x 38W x 63-84H cm<\/li>\n<li>Ryggst\u00f6dsm\u00e5tt: 30L x 5W x 32H cm<\/li>\n<li>H\u00f6jd p\u00e5 fotst\u00f6den: 22,5-43,5 cm<\/li>\n<li>M\u00e5tt p\u00e5 stativet: 45 cm<\/li>\n<li>Lastkapacitet: 120 kg<\/li>\n<\/ul>\n<h3>Leveransens omfattning:<\/h3>\n<ul>\n<li>2 x barstolar<\/li>\n<li>1 x manuell<\/li>\n<\/ul>\n","protected":false},"excerpt":{"rendered":"<p>Uppt\u00e4ck den perfekta balansen mellan stil och funktionalitet med denna moderna barstolsset. Oavsett om du b\u00f6rjar dagen med en rej\u00e4l&#8230;<\/p>\n","protected":false},"featured_media":40362,"template":"","meta":[],"product_brand":[],"product_cat":[544,485,542],"product_tag":[],"class_list":{"0":"post-40361","1":"product","2":"type-product","3":"status-publish","4":"has-post-thumbnail","6":"product_cat-barstol","7":"product_cat-hus-bo","8":"product_cat-pall","10":"first","11":"instock","12":"sale","13":"taxable","14":"shipping-taxable","15":"purchasable","16":"product-type-simple"},"yoast_head":"<!-- This site is optimized with the Yoast SEO plugin v25.4 - https:\/\/yoast.com\/wordpress\/plugins\/seo\/ -->\n<title>TRUUSK Barstolsset - H\u00f6jdjusterbar och Vridbar - Konstl\u00e4der - St\u00e5lram - Svart - 53 X 50,5 X 112,5 Cm - TRUUSK - Hem, Tr\u00e4dg\u00e5rd &amp; Fritid<\/title>\n<meta name=\"robots\" content=\"index, follow, max-snippet:-1, max-image-preview:large, max-video-preview:-1\" \/>\n<link rel=\"canonical\" href=\"https:\/\/truusk.store\/sv\/produkt\/truusk-barstolsset-hojdjusterbar-och-vridbar-konstlader-stalram-svart-53-x-505-x-1125-cm\/\" \/>\n<meta property=\"og:locale\" content=\"sv_SE\" \/>\n<meta property=\"og:type\" content=\"article\" \/>\n<meta property=\"og:title\" content=\"TRUUSK Barstolsset - H\u00f6jdjusterbar och Vridbar - Konstl\u00e4der - St\u00e5lram - Svart - 53 X 50,5 X 112,5 Cm - TRUUSK - Hem, Tr\u00e4dg\u00e5rd &amp; Fritid\" \/>\n<meta property=\"og:description\" content=\"Uppt\u00e4ck den perfekta balansen mellan stil och funktionalitet med denna moderna barstolsset. Oavsett om du b\u00f6rjar dagen med en rej\u00e4l...\" \/>\n<meta property=\"og:url\" content=\"https:\/\/truusk.store\/sv\/produkt\/truusk-barstolsset-hojdjusterbar-och-vridbar-konstlader-stalram-svart-53-x-505-x-1125-cm\/\" \/>\n<meta property=\"og:site_name\" content=\"TRUUSK - Hem, Tr\u00e4dg\u00e5rd &amp; Fritid\" \/>\n<meta property=\"article:modified_time\" content=\"2026-03-12T08:16:22+00:00\" \/>\n<meta property=\"og:image\" content=\"https:\/\/i0.wp.com\/truusk.se\/wp-content\/uploads\/2024\/02\/barstolsset-hojdjusterbar-vridbar-konstlader-stalram-svart-53-x-505-x-1125-cm.webp?fit=800%2C800&ssl=1\" \/>\n\t<meta property=\"og:image:width\" content=\"800\" \/>\n\t<meta property=\"og:image:height\" content=\"800\" \/>\n\t<meta property=\"og:image:type\" content=\"image\/webp\" \/>\n<meta name=\"twitter:card\" content=\"summary_large_image\" \/>\n<meta name=\"twitter:label1\" content=\"Ber\u00e4knad l\u00e4stid\" \/>\n\t<meta name=\"twitter:data1\" content=\"1 minut\" \/>\n<!-- \/ Yoast SEO plugin. -->","yoast_head_json":{"title":"TRUUSK Barstolsset - H\u00f6jdjusterbar och Vridbar - Konstl\u00e4der - St\u00e5lram - Svart - 53 X 50,5 X 112,5 Cm - TRUUSK - Hem, Tr\u00e4dg\u00e5rd &amp; Fritid","robots":{"index":"index","follow":"follow","max-snippet":"max-snippet:-1","max-image-preview":"max-image-preview:large","max-video-preview":"max-video-preview:-1"},"canonical":"https:\/\/truusk.store\/sv\/produkt\/truusk-barstolsset-hojdjusterbar-och-vridbar-konstlader-stalram-svart-53-x-505-x-1125-cm\/","og_locale":"sv_SE","og_type":"article","og_title":"TRUUSK Barstolsset - H\u00f6jdjusterbar och Vridbar - Konstl\u00e4der - St\u00e5lram - Svart - 53 X 50,5 X 112,5 Cm - TRUUSK - Hem, Tr\u00e4dg\u00e5rd &amp; Fritid","og_description":"Uppt\u00e4ck den perfekta balansen mellan stil och funktionalitet med denna moderna barstolsset. Oavsett om du b\u00f6rjar dagen med en rej\u00e4l...","og_url":"https:\/\/truusk.store\/sv\/produkt\/truusk-barstolsset-hojdjusterbar-och-vridbar-konstlader-stalram-svart-53-x-505-x-1125-cm\/","og_site_name":"TRUUSK - Hem, Tr\u00e4dg\u00e5rd &amp; Fritid","article_modified_time":"2026-03-12T08:16:22+00:00","og_image":[{"width":800,"height":800,"url":"https:\/\/i0.wp.com\/truusk.se\/wp-content\/uploads\/2024\/02\/barstolsset-hojdjusterbar-vridbar-konstlader-stalram-svart-53-x-505-x-1125-cm.webp?fit=800%2C800&ssl=1","type":"image\/webp"}],"twitter_card":"summary_large_image","twitter_misc":{"Ber\u00e4knad l\u00e4stid":"1 minut"},"schema":{"@context":"https:\/\/schema.org","@graph":[{"@type":"WebPage","@id":"https:\/\/truusk.store\/sv\/produkt\/truusk-barstolsset-hojdjusterbar-och-vridbar-konstlader-stalram-svart-53-x-505-x-1125-cm\/","url":"https:\/\/truusk.store\/sv\/produkt\/truusk-barstolsset-hojdjusterbar-och-vridbar-konstlader-stalram-svart-53-x-505-x-1125-cm\/","name":"TRUUSK Barstolsset - H\u00f6jdjusterbar och Vridbar - Konstl\u00e4der - St\u00e5lram - Svart - 53 X 50,5 X 112,5 Cm - TRUUSK - Hem, Tr\u00e4dg\u00e5rd &amp; Fritid","isPartOf":{"@id":"https:\/\/truusk.store\/sv\/#website"},"primaryImageOfPage":{"@id":"https:\/\/truusk.store\/sv\/produkt\/truusk-barstolsset-hojdjusterbar-och-vridbar-konstlader-stalram-svart-53-x-505-x-1125-cm\/#primaryimage"},"image":{"@id":"https:\/\/truusk.store\/sv\/produkt\/truusk-barstolsset-hojdjusterbar-och-vridbar-konstlader-stalram-svart-53-x-505-x-1125-cm\/#primaryimage"},"thumbnailUrl":"https:\/\/i0.wp.com\/truusk.store\/wp-content\/uploads\/2024\/02\/barstolsset-hojdjusterbar-vridbar-konstlader-stalram-svart-53-x-505-x-1125-cm.webp?fit=800%2C800&ssl=1","datePublished":"2024-02-14T01:41:19+00:00","dateModified":"2026-03-12T08:16:22+00:00","breadcrumb":{"@id":"https:\/\/truusk.store\/sv\/produkt\/truusk-barstolsset-hojdjusterbar-och-vridbar-konstlader-stalram-svart-53-x-505-x-1125-cm\/#breadcrumb"},"inLanguage":"sv-SE","potentialAction":[{"@type":"ReadAction","target":["https:\/\/truusk.store\/sv\/produkt\/truusk-barstolsset-hojdjusterbar-och-vridbar-konstlader-stalram-svart-53-x-505-x-1125-cm\/"]}]},{"@type":"ImageObject","inLanguage":"sv-SE","@id":"https:\/\/truusk.store\/sv\/produkt\/truusk-barstolsset-hojdjusterbar-och-vridbar-konstlader-stalram-svart-53-x-505-x-1125-cm\/#primaryimage","url":"https:\/\/i0.wp.com\/truusk.store\/wp-content\/uploads\/2024\/02\/barstolsset-hojdjusterbar-vridbar-konstlader-stalram-svart-53-x-505-x-1125-cm.webp?fit=800%2C800&ssl=1","contentUrl":"https:\/\/i0.wp.com\/truusk.store\/wp-content\/uploads\/2024\/02\/barstolsset-hojdjusterbar-vridbar-konstlader-stalram-svart-53-x-505-x-1125-cm.webp?fit=800%2C800&ssl=1","width":800,"height":800,"caption":"Barstolsset, H\u00f6jdjusterbar, Vridbar, Konstl\u00e4der, St\u00e5lram, Svart, 53 X 50,5 X 112,5 Cm 1"},{"@type":"BreadcrumbList","@id":"https:\/\/truusk.store\/sv\/produkt\/truusk-barstolsset-hojdjusterbar-och-vridbar-konstlader-stalram-svart-53-x-505-x-1125-cm\/#breadcrumb","itemListElement":[{"@type":"ListItem","position":1,"name":"Home","item":"https:\/\/truusk.store\/sv\/"},{"@type":"ListItem","position":2,"name":"Shop","item":"https:\/\/truusk.store\/shop\/"},{"@type":"ListItem","position":3,"name":"TRUUSK Barstolsset &#8211; H\u00f6jdjusterbar och Vridbar &#8211; Konstl\u00e4der &#8211; St\u00e5lram &#8211; Svart &#8211; 53 X 50,5 X 112,5 Cm"}]},{"@type":"WebSite","@id":"https:\/\/truusk.store\/sv\/#website","url":"https:\/\/truusk.store\/sv\/","name":"TRUUSK - Hem, Tr\u00e4dg\u00e5rd & Fritid","description":"","publisher":{"@id":"https:\/\/truusk.store\/sv\/#organization"},"potentialAction":[{"@type":"SearchAction","target":{"@type":"EntryPoint","urlTemplate":"https:\/\/truusk.store\/sv\/?s={search_term_string}"},"query-input":{"@type":"PropertyValueSpecification","valueRequired":true,"valueName":"search_term_string"}}],"inLanguage":"sv-SE"},{"@type":"Organization","@id":"https:\/\/truusk.store\/sv\/#organization","name":"TRUUSK - Hem, Tr\u00e4dg\u00e5rd & Fritid","url":"https:\/\/truusk.store\/sv\/","logo":{"@type":"ImageObject","inLanguage":"sv-SE","@id":"https:\/\/truusk.store\/sv\/#\/schema\/logo\/image\/","url":"https:\/\/i0.wp.com\/truusk.store\/wp-content\/uploads\/2026\/03\/cropped-TRUUSK.png?fit=2032%2C917&ssl=1","contentUrl":"https:\/\/i0.wp.com\/truusk.store\/wp-content\/uploads\/2026\/03\/cropped-TRUUSK.png?fit=2032%2C917&ssl=1","width":2032,"height":917,"caption":"TRUUSK - Hem, Tr\u00e4dg\u00e5rd & Fritid"},"image":{"@id":"https:\/\/truusk.store\/sv\/#\/schema\/logo\/image\/"}}]}},"jetpack_sharing_enabled":true,"_links":{"self":[{"href":"https:\/\/truusk.store\/sv\/wp-json\/wp\/v2\/product\/40361","targetHints":{"allow":["GET"]}}],"collection":[{"href":"https:\/\/truusk.store\/sv\/wp-json\/wp\/v2\/product"}],"about":[{"href":"https:\/\/truusk.store\/sv\/wp-json\/wp\/v2\/types\/product"}],"wp:featuredmedia":[{"embeddable":true,"href":"https:\/\/truusk.store\/sv\/wp-json\/wp\/v2\/media\/40362"}],"wp:attachment":[{"href":"https:\/\/truusk.store\/sv\/wp-json\/wp\/v2\/media?parent=40361"}],"wp:term":[{"taxonomy":"product_brand","embeddable":true,"href":"https:\/\/truusk.store\/sv\/wp-json\/wp\/v2\/product_brand?post=40361"},{"taxonomy":"product_cat","embeddable":true,"href":"https:\/\/truusk.store\/sv\/wp-json\/wp\/v2\/product_cat?post=40361"},{"taxonomy":"product_tag","embeddable":true,"href":"https:\/\/truusk.store\/sv\/wp-json\/wp\/v2\/product_tag?post=40361"}],"curies":[{"name":"wp","href":"https:\/\/api.w.org\/{rel}","templated":true}]}}