{"id":40401,"date":"2024-02-14T02:45:32","date_gmt":"2024-02-14T01:45:32","guid":{"rendered":"https:\/\/truusk.store\/product\/sekretessskarm-vaderbestandig-stal-122-cm-x-45-cm-x-198-cm-svart\/"},"modified":"2026-03-12T09:16:25","modified_gmt":"2026-03-12T08:16:25","slug":"truusk-sekretessskarm-vaderbestandig-stal-122-cm-x-45-cm-x-198-cm-svart","status":"publish","type":"product","link":"https:\/\/truusk.store\/sv\/produkt\/truusk-sekretessskarm-vaderbestandig-stal-122-cm-x-45-cm-x-198-cm-svart\/","title":{"rendered":"TRUUSK Sekretesssk\u00e4rm &#8211; V\u00e4derbest\u00e4ndig &#8211; St\u00e5l &#8211; 122 cm x 45 cm x 198 cm &#8211; Svart"},"content":{"rendered":"<p>Bygg inte ett helt staket utan s\u00e4tt upp en insynsskyddssk\u00e4rm i din tr\u00e4dg\u00e5rd. erbjuder dig en frist\u00e5ende insynsskyddssk\u00e4rm som f\u00f6rblir stabil med breda f\u00f6tter och expansionsskruvar. Naturmotivet ger en vacker atmosf\u00e4r till din tr\u00e4dg\u00e5rd eller inredning. Den tillr\u00e4ckliga h\u00f6jden g\u00f6r den idealisk f\u00f6r entr\u00e9er, uteservering och bubbelpooler.<\/p>\n<h3>Beskrivning:<\/h3>\n<ul>\n<li>St\u00e5lram med skyddsf\u00e4rg l\u00e4mplig f\u00f6r utomhusbruk<\/li>\n<li>Sammansatt vertikalt av tre paneler<\/li>\n<li>Breda f\u00f6tter och fyra expansionsskruvar s\u00e4kerst\u00e4ller stabilitet<\/li>\n<li>Vi rekommenderar att du tynger ner f\u00f6tterna med sands\u00e4ckar eller andra vikter<\/li>\n<li>Montering kr\u00e4vs<\/li>\n<\/ul>\n<h3>Teknisk data:<\/h3>\n<ul>\n<li>Stil: Willow Branch<\/li>\n<li>Svart f\u00e4rg<\/li>\n<li>Material: st\u00e5l<\/li>\n<li>\u00d6vergripande m\u00e5tt: 122L x 45W x 198H cm<\/li>\n<li>H\u00f6jd p\u00e5 bottenplattan: 18 cm<\/li>\n<\/ul>\n<h3>Leveransens omfattning:<\/h3>\n<ul>\n<li>1 x insynsskydd utomhus<\/li>\n<li>4 x expansionsskruvar<\/li>\n<\/ul>\n","protected":false},"excerpt":{"rendered":"<p>Bygg inte ett helt staket utan s\u00e4tt upp en insynsskyddssk\u00e4rm i din tr\u00e4dg\u00e5rd. erbjuder dig en frist\u00e5ende insynsskyddssk\u00e4rm som f\u00f6rblir&#8230;<\/p>\n","protected":false},"featured_media":40402,"template":"","meta":[],"product_brand":[],"product_cat":[471,435],"product_tag":[],"class_list":{"0":"post-40401","1":"product","2":"type-product","3":"status-publish","4":"has-post-thumbnail","6":"product_cat-solskydd-integritetsskydd","7":"product_cat-tradgard-och-terrass","9":"first","10":"instock","11":"sale","12":"taxable","13":"shipping-taxable","14":"purchasable","15":"product-type-simple"},"yoast_head":"<!-- This site is optimized with the Yoast SEO plugin v25.4 - https:\/\/yoast.com\/wordpress\/plugins\/seo\/ -->\n<title>TRUUSK Sekretesssk\u00e4rm - V\u00e4derbest\u00e4ndig - St\u00e5l - 122 cm x 45 cm x 198 cm - Svart - TRUUSK - Hem, Tr\u00e4dg\u00e5rd &amp; Fritid<\/title>\n<meta name=\"robots\" content=\"index, follow, max-snippet:-1, max-image-preview:large, max-video-preview:-1\" \/>\n<link rel=\"canonical\" href=\"https:\/\/truusk.store\/sv\/produkt\/truusk-sekretessskarm-vaderbestandig-stal-122-cm-x-45-cm-x-198-cm-svart\/\" \/>\n<meta property=\"og:locale\" content=\"sv_SE\" \/>\n<meta property=\"og:type\" content=\"article\" \/>\n<meta property=\"og:title\" content=\"TRUUSK Sekretesssk\u00e4rm - V\u00e4derbest\u00e4ndig - St\u00e5l - 122 cm x 45 cm x 198 cm - Svart - TRUUSK - Hem, Tr\u00e4dg\u00e5rd &amp; Fritid\" \/>\n<meta property=\"og:description\" content=\"Bygg inte ett helt staket utan s\u00e4tt upp en insynsskyddssk\u00e4rm i din tr\u00e4dg\u00e5rd. erbjuder dig en frist\u00e5ende insynsskyddssk\u00e4rm som f\u00f6rblir...\" \/>\n<meta property=\"og:url\" content=\"https:\/\/truusk.store\/sv\/produkt\/truusk-sekretessskarm-vaderbestandig-stal-122-cm-x-45-cm-x-198-cm-svart\/\" \/>\n<meta property=\"og:site_name\" content=\"TRUUSK - Hem, Tr\u00e4dg\u00e5rd &amp; Fritid\" \/>\n<meta property=\"article:modified_time\" content=\"2026-03-12T08:16:25+00:00\" \/>\n<meta property=\"og:image\" content=\"https:\/\/i0.wp.com\/truusk.se\/wp-content\/uploads\/2024\/02\/sekretessskarm-vaderbestandig-stal-122-cm-x-45-cm-x-198-cm-svart.webp?fit=800%2C800&ssl=1\" \/>\n\t<meta property=\"og:image:width\" content=\"800\" \/>\n\t<meta property=\"og:image:height\" content=\"800\" \/>\n\t<meta property=\"og:image:type\" content=\"image\/webp\" \/>\n<meta name=\"twitter:card\" content=\"summary_large_image\" \/>\n<meta name=\"twitter:label1\" content=\"Ber\u00e4knad l\u00e4stid\" \/>\n\t<meta name=\"twitter:data1\" content=\"1 minut\" \/>\n<!-- \/ Yoast SEO plugin. -->","yoast_head_json":{"title":"TRUUSK Sekretesssk\u00e4rm - V\u00e4derbest\u00e4ndig - St\u00e5l - 122 cm x 45 cm x 198 cm - Svart - TRUUSK - Hem, Tr\u00e4dg\u00e5rd &amp; Fritid","robots":{"index":"index","follow":"follow","max-snippet":"max-snippet:-1","max-image-preview":"max-image-preview:large","max-video-preview":"max-video-preview:-1"},"canonical":"https:\/\/truusk.store\/sv\/produkt\/truusk-sekretessskarm-vaderbestandig-stal-122-cm-x-45-cm-x-198-cm-svart\/","og_locale":"sv_SE","og_type":"article","og_title":"TRUUSK Sekretesssk\u00e4rm - V\u00e4derbest\u00e4ndig - St\u00e5l - 122 cm x 45 cm x 198 cm - Svart - TRUUSK - Hem, Tr\u00e4dg\u00e5rd &amp; Fritid","og_description":"Bygg inte ett helt staket utan s\u00e4tt upp en insynsskyddssk\u00e4rm i din tr\u00e4dg\u00e5rd. erbjuder dig en frist\u00e5ende insynsskyddssk\u00e4rm som f\u00f6rblir...","og_url":"https:\/\/truusk.store\/sv\/produkt\/truusk-sekretessskarm-vaderbestandig-stal-122-cm-x-45-cm-x-198-cm-svart\/","og_site_name":"TRUUSK - Hem, Tr\u00e4dg\u00e5rd &amp; Fritid","article_modified_time":"2026-03-12T08:16:25+00:00","og_image":[{"width":800,"height":800,"url":"https:\/\/i0.wp.com\/truusk.se\/wp-content\/uploads\/2024\/02\/sekretessskarm-vaderbestandig-stal-122-cm-x-45-cm-x-198-cm-svart.webp?fit=800%2C800&ssl=1","type":"image\/webp"}],"twitter_card":"summary_large_image","twitter_misc":{"Ber\u00e4knad l\u00e4stid":"1 minut"},"schema":{"@context":"https:\/\/schema.org","@graph":[{"@type":"WebPage","@id":"https:\/\/truusk.store\/sv\/produkt\/truusk-sekretessskarm-vaderbestandig-stal-122-cm-x-45-cm-x-198-cm-svart\/","url":"https:\/\/truusk.store\/sv\/produkt\/truusk-sekretessskarm-vaderbestandig-stal-122-cm-x-45-cm-x-198-cm-svart\/","name":"TRUUSK Sekretesssk\u00e4rm - V\u00e4derbest\u00e4ndig - St\u00e5l - 122 cm x 45 cm x 198 cm - Svart - TRUUSK - Hem, Tr\u00e4dg\u00e5rd &amp; Fritid","isPartOf":{"@id":"https:\/\/truusk.store\/sv\/#website"},"primaryImageOfPage":{"@id":"https:\/\/truusk.store\/sv\/produkt\/truusk-sekretessskarm-vaderbestandig-stal-122-cm-x-45-cm-x-198-cm-svart\/#primaryimage"},"image":{"@id":"https:\/\/truusk.store\/sv\/produkt\/truusk-sekretessskarm-vaderbestandig-stal-122-cm-x-45-cm-x-198-cm-svart\/#primaryimage"},"thumbnailUrl":"https:\/\/i0.wp.com\/truusk.store\/wp-content\/uploads\/2024\/02\/sekretessskarm-vaderbestandig-stal-122-cm-x-45-cm-x-198-cm-svart.webp?fit=800%2C800&ssl=1","datePublished":"2024-02-14T01:45:32+00:00","dateModified":"2026-03-12T08:16:25+00:00","breadcrumb":{"@id":"https:\/\/truusk.store\/sv\/produkt\/truusk-sekretessskarm-vaderbestandig-stal-122-cm-x-45-cm-x-198-cm-svart\/#breadcrumb"},"inLanguage":"sv-SE","potentialAction":[{"@type":"ReadAction","target":["https:\/\/truusk.store\/sv\/produkt\/truusk-sekretessskarm-vaderbestandig-stal-122-cm-x-45-cm-x-198-cm-svart\/"]}]},{"@type":"ImageObject","inLanguage":"sv-SE","@id":"https:\/\/truusk.store\/sv\/produkt\/truusk-sekretessskarm-vaderbestandig-stal-122-cm-x-45-cm-x-198-cm-svart\/#primaryimage","url":"https:\/\/i0.wp.com\/truusk.store\/wp-content\/uploads\/2024\/02\/sekretessskarm-vaderbestandig-stal-122-cm-x-45-cm-x-198-cm-svart.webp?fit=800%2C800&ssl=1","contentUrl":"https:\/\/i0.wp.com\/truusk.store\/wp-content\/uploads\/2024\/02\/sekretessskarm-vaderbestandig-stal-122-cm-x-45-cm-x-198-cm-svart.webp?fit=800%2C800&ssl=1","width":800,"height":800,"caption":"Sekretesssk\u00e4rm, V\u00e4derbest\u00e4ndig, St\u00e5l, 122 Cm X 45 Cm X 198 Cm, Svart 1"},{"@type":"BreadcrumbList","@id":"https:\/\/truusk.store\/sv\/produkt\/truusk-sekretessskarm-vaderbestandig-stal-122-cm-x-45-cm-x-198-cm-svart\/#breadcrumb","itemListElement":[{"@type":"ListItem","position":1,"name":"Home","item":"https:\/\/truusk.store\/sv\/"},{"@type":"ListItem","position":2,"name":"Shop","item":"https:\/\/truusk.store\/shop\/"},{"@type":"ListItem","position":3,"name":"TRUUSK Sekretesssk\u00e4rm &#8211; V\u00e4derbest\u00e4ndig &#8211; St\u00e5l &#8211; 122 cm x 45 cm x 198 cm &#8211; Svart"}]},{"@type":"WebSite","@id":"https:\/\/truusk.store\/sv\/#website","url":"https:\/\/truusk.store\/sv\/","name":"TRUUSK - Hem, Tr\u00e4dg\u00e5rd & Fritid","description":"","publisher":{"@id":"https:\/\/truusk.store\/sv\/#organization"},"potentialAction":[{"@type":"SearchAction","target":{"@type":"EntryPoint","urlTemplate":"https:\/\/truusk.store\/sv\/?s={search_term_string}"},"query-input":{"@type":"PropertyValueSpecification","valueRequired":true,"valueName":"search_term_string"}}],"inLanguage":"sv-SE"},{"@type":"Organization","@id":"https:\/\/truusk.store\/sv\/#organization","name":"TRUUSK - Hem, Tr\u00e4dg\u00e5rd & Fritid","url":"https:\/\/truusk.store\/sv\/","logo":{"@type":"ImageObject","inLanguage":"sv-SE","@id":"https:\/\/truusk.store\/sv\/#\/schema\/logo\/image\/","url":"https:\/\/i0.wp.com\/truusk.store\/wp-content\/uploads\/2026\/03\/cropped-TRUUSK.png?fit=2032%2C917&ssl=1","contentUrl":"https:\/\/i0.wp.com\/truusk.store\/wp-content\/uploads\/2026\/03\/cropped-TRUUSK.png?fit=2032%2C917&ssl=1","width":2032,"height":917,"caption":"TRUUSK - Hem, Tr\u00e4dg\u00e5rd & Fritid"},"image":{"@id":"https:\/\/truusk.store\/sv\/#\/schema\/logo\/image\/"}}]}},"jetpack_sharing_enabled":true,"_links":{"self":[{"href":"https:\/\/truusk.store\/sv\/wp-json\/wp\/v2\/product\/40401","targetHints":{"allow":["GET"]}}],"collection":[{"href":"https:\/\/truusk.store\/sv\/wp-json\/wp\/v2\/product"}],"about":[{"href":"https:\/\/truusk.store\/sv\/wp-json\/wp\/v2\/types\/product"}],"wp:featuredmedia":[{"embeddable":true,"href":"https:\/\/truusk.store\/sv\/wp-json\/wp\/v2\/media\/40402"}],"wp:attachment":[{"href":"https:\/\/truusk.store\/sv\/wp-json\/wp\/v2\/media?parent=40401"}],"wp:term":[{"taxonomy":"product_brand","embeddable":true,"href":"https:\/\/truusk.store\/sv\/wp-json\/wp\/v2\/product_brand?post=40401"},{"taxonomy":"product_cat","embeddable":true,"href":"https:\/\/truusk.store\/sv\/wp-json\/wp\/v2\/product_cat?post=40401"},{"taxonomy":"product_tag","embeddable":true,"href":"https:\/\/truusk.store\/sv\/wp-json\/wp\/v2\/product_tag?post=40401"}],"curies":[{"name":"wp","href":"https:\/\/api.w.org\/{rel}","templated":true}]}}