{"id":40472,"date":"2024-02-14T02:47:58","date_gmt":"2024-02-14T01:47:58","guid":{"rendered":"https:\/\/truusk.store\/product\/kattlada-kattgrotta-2-nivaer-inklusive-leksaker-34-cm-x-34-cm-x-60-cm-naturlig-ljusgra\/"},"modified":"2026-03-12T09:16:26","modified_gmt":"2026-03-12T08:16:26","slug":"truusk-kattlada-och-kattgrotta-2-nivaer-inklusive-leksaker-naturlig-ljusgra-34-cm-x-34-cm-x-60-cm","status":"publish","type":"product","link":"https:\/\/truusk.store\/sv\/produkt\/truusk-kattlada-och-kattgrotta-2-nivaer-inklusive-leksaker-naturlig-ljusgra-34-cm-x-34-cm-x-60-cm\/","title":{"rendered":"TRUUSK Kattl\u00e5da och Kattgrotta &#8211; 2 Niv\u00e5er &#8211; Inklusive Leksaker &#8211; Naturlig + Ljusgr\u00e5 &#8211; 34 cm x 34 cm x 60 cm"},"content":{"rendered":"<p>Katter \u00e4r aktiva; de \u00e4gnar sig \u00e5t en m\u00e4ngd olika aktiviteter varje dag. Ge dina husdjur sitt eget boende med denna kattgrotta. De gillar att hoppa, springa, g\u00f6mma sig och slappa, vilket g\u00f6r dem friska och glada. Detta fridfulla, privata g\u00f6mst\u00e4lle \u00e4r den idealiska platsen f\u00f6r kattungen att mysa, sova och leka. Med ultimat komfort tack vare den mjuka stoppningen p\u00e5 alla niv\u00e5er.<\/p>\n<h3>Beskrivning:<\/h3>\n<ul>\n<li>Den enkla designen passar din interi\u00f6r<\/li>\n<li>Designen i tre niv\u00e5er ger dina \u00e4lskade f\u00f6ljeslagare gott om plats att vila p\u00e5<\/li>\n<li>Den tr\u00e4baserade konstruktionen g\u00f6r den stabil och h\u00e5llbar<\/li>\n<li>3 mjuka kuddar ing\u00e5r f\u00f6r extra komfort<\/li>\n<li>Hela kudden kan tv\u00e4ttas f\u00f6r enkel reng\u00f6ring<\/li>\n<li>Musleksak f\u00f6r skoj och variation<\/li>\n<li>L\u00e4mplig f\u00f6r katter under 5 kg<\/li>\n<li>Montering kr\u00e4vs<\/li>\n<\/ul>\n<h3>Teknisk data:<\/h3>\n<ul>\n<li>F\u00e4rg: ek<\/li>\n<li>Material: sp\u00e5nskiva, plysch (100% polyester), plastbomull<\/li>\n<li>\u00d6vergripande m\u00e5tt: 34L x 34W x 60H cm<\/li>\n<li>Innerm\u00e5tt: 31,5L x 31,5W x 26H cm. Katth\u00e5l: 20W x 20H cm<\/li>\n<li>Kuddens m\u00e5tt: 33L x 33W x 4H cm<\/li>\n<li>\u00d6vre kattb\u00e4ddsm\u00e5tt: 31,5L x 31,6W x 5H cm<\/li>\n<li>Musleksak M\u00e5tt: Sockel: 16L x 16W cm. H\u00f6jd: 23cm<\/li>\n<\/ul>\n<h3>Leveransens omfattning:<\/h3>\n<ul>\n<li>1 x Katthus<\/li>\n<li>1 x manuell<\/li>\n<\/ul>\n","protected":false},"excerpt":{"rendered":"<p>Katter \u00e4r aktiva; de \u00e4gnar sig \u00e5t en m\u00e4ngd olika aktiviteter varje dag. Ge dina husdjur sitt eget boende med&#8230;<\/p>\n","protected":false},"featured_media":40473,"template":"","meta":[],"product_brand":[],"product_cat":[573,590,588],"product_tag":[],"class_list":{"0":"post-40472","1":"product","2":"type-product","3":"status-publish","4":"has-post-thumbnail","6":"product_cat-husdjursmaterial","7":"product_cat-kattgrottor-kattsangar","8":"product_cat-katttillbehor","10":"first","11":"instock","12":"sale","13":"taxable","14":"shipping-taxable","15":"purchasable","16":"product-type-simple"},"yoast_head":"<!-- This site is optimized with the Yoast SEO plugin v25.4 - https:\/\/yoast.com\/wordpress\/plugins\/seo\/ -->\n<title>TRUUSK Kattl\u00e5da och Kattgrotta - 2 Niv\u00e5er - Inklusive Leksaker - Naturlig + Ljusgr\u00e5 - 34 cm x 34 cm x 60 cm - TRUUSK - Hem, Tr\u00e4dg\u00e5rd &amp; Fritid<\/title>\n<meta name=\"robots\" content=\"index, follow, max-snippet:-1, max-image-preview:large, max-video-preview:-1\" \/>\n<link rel=\"canonical\" href=\"https:\/\/truusk.store\/sv\/produkt\/truusk-kattlada-och-kattgrotta-2-nivaer-inklusive-leksaker-naturlig-ljusgra-34-cm-x-34-cm-x-60-cm\/\" \/>\n<meta property=\"og:locale\" content=\"sv_SE\" \/>\n<meta property=\"og:type\" content=\"article\" \/>\n<meta property=\"og:title\" content=\"TRUUSK Kattl\u00e5da och Kattgrotta - 2 Niv\u00e5er - Inklusive Leksaker - Naturlig + Ljusgr\u00e5 - 34 cm x 34 cm x 60 cm - TRUUSK - Hem, Tr\u00e4dg\u00e5rd &amp; Fritid\" \/>\n<meta property=\"og:description\" content=\"Katter \u00e4r aktiva; de \u00e4gnar sig \u00e5t en m\u00e4ngd olika aktiviteter varje dag. Ge dina husdjur sitt eget boende med...\" \/>\n<meta property=\"og:url\" content=\"https:\/\/truusk.store\/sv\/produkt\/truusk-kattlada-och-kattgrotta-2-nivaer-inklusive-leksaker-naturlig-ljusgra-34-cm-x-34-cm-x-60-cm\/\" \/>\n<meta property=\"og:site_name\" content=\"TRUUSK - Hem, Tr\u00e4dg\u00e5rd &amp; Fritid\" \/>\n<meta property=\"article:modified_time\" content=\"2026-03-12T08:16:26+00:00\" \/>\n<meta property=\"og:image\" content=\"https:\/\/i0.wp.com\/truusk.se\/wp-content\/uploads\/2024\/02\/kattlada-kattgrotta-2-nivaer-inklusive-leksaker-34-cm-x-34-cm-x-60-cm-naturlig-ljusgra.webp?fit=800%2C800&ssl=1\" \/>\n\t<meta property=\"og:image:width\" content=\"800\" \/>\n\t<meta property=\"og:image:height\" content=\"800\" \/>\n\t<meta property=\"og:image:type\" content=\"image\/webp\" \/>\n<meta name=\"twitter:card\" content=\"summary_large_image\" \/>\n<meta name=\"twitter:label1\" content=\"Ber\u00e4knad l\u00e4stid\" \/>\n\t<meta name=\"twitter:data1\" content=\"1 minut\" \/>\n<!-- \/ Yoast SEO plugin. -->","yoast_head_json":{"title":"TRUUSK Kattl\u00e5da och Kattgrotta - 2 Niv\u00e5er - Inklusive Leksaker - Naturlig + Ljusgr\u00e5 - 34 cm x 34 cm x 60 cm - TRUUSK - Hem, Tr\u00e4dg\u00e5rd &amp; Fritid","robots":{"index":"index","follow":"follow","max-snippet":"max-snippet:-1","max-image-preview":"max-image-preview:large","max-video-preview":"max-video-preview:-1"},"canonical":"https:\/\/truusk.store\/sv\/produkt\/truusk-kattlada-och-kattgrotta-2-nivaer-inklusive-leksaker-naturlig-ljusgra-34-cm-x-34-cm-x-60-cm\/","og_locale":"sv_SE","og_type":"article","og_title":"TRUUSK Kattl\u00e5da och Kattgrotta - 2 Niv\u00e5er - Inklusive Leksaker - Naturlig + Ljusgr\u00e5 - 34 cm x 34 cm x 60 cm - TRUUSK - Hem, Tr\u00e4dg\u00e5rd &amp; Fritid","og_description":"Katter \u00e4r aktiva; de \u00e4gnar sig \u00e5t en m\u00e4ngd olika aktiviteter varje dag. Ge dina husdjur sitt eget boende med...","og_url":"https:\/\/truusk.store\/sv\/produkt\/truusk-kattlada-och-kattgrotta-2-nivaer-inklusive-leksaker-naturlig-ljusgra-34-cm-x-34-cm-x-60-cm\/","og_site_name":"TRUUSK - Hem, Tr\u00e4dg\u00e5rd &amp; Fritid","article_modified_time":"2026-03-12T08:16:26+00:00","og_image":[{"width":800,"height":800,"url":"https:\/\/i0.wp.com\/truusk.se\/wp-content\/uploads\/2024\/02\/kattlada-kattgrotta-2-nivaer-inklusive-leksaker-34-cm-x-34-cm-x-60-cm-naturlig-ljusgra.webp?fit=800%2C800&ssl=1","type":"image\/webp"}],"twitter_card":"summary_large_image","twitter_misc":{"Ber\u00e4knad l\u00e4stid":"1 minut"},"schema":{"@context":"https:\/\/schema.org","@graph":[{"@type":"WebPage","@id":"https:\/\/truusk.store\/sv\/produkt\/truusk-kattlada-och-kattgrotta-2-nivaer-inklusive-leksaker-naturlig-ljusgra-34-cm-x-34-cm-x-60-cm\/","url":"https:\/\/truusk.store\/sv\/produkt\/truusk-kattlada-och-kattgrotta-2-nivaer-inklusive-leksaker-naturlig-ljusgra-34-cm-x-34-cm-x-60-cm\/","name":"TRUUSK Kattl\u00e5da och Kattgrotta - 2 Niv\u00e5er - Inklusive Leksaker - Naturlig + Ljusgr\u00e5 - 34 cm x 34 cm x 60 cm - TRUUSK - Hem, Tr\u00e4dg\u00e5rd &amp; Fritid","isPartOf":{"@id":"https:\/\/truusk.store\/sv\/#website"},"primaryImageOfPage":{"@id":"https:\/\/truusk.store\/sv\/produkt\/truusk-kattlada-och-kattgrotta-2-nivaer-inklusive-leksaker-naturlig-ljusgra-34-cm-x-34-cm-x-60-cm\/#primaryimage"},"image":{"@id":"https:\/\/truusk.store\/sv\/produkt\/truusk-kattlada-och-kattgrotta-2-nivaer-inklusive-leksaker-naturlig-ljusgra-34-cm-x-34-cm-x-60-cm\/#primaryimage"},"thumbnailUrl":"https:\/\/i0.wp.com\/truusk.store\/wp-content\/uploads\/2024\/02\/kattlada-kattgrotta-2-nivaer-inklusive-leksaker-34-cm-x-34-cm-x-60-cm-naturlig-ljusgra.webp?fit=800%2C800&ssl=1","datePublished":"2024-02-14T01:47:58+00:00","dateModified":"2026-03-12T08:16:26+00:00","breadcrumb":{"@id":"https:\/\/truusk.store\/sv\/produkt\/truusk-kattlada-och-kattgrotta-2-nivaer-inklusive-leksaker-naturlig-ljusgra-34-cm-x-34-cm-x-60-cm\/#breadcrumb"},"inLanguage":"sv-SE","potentialAction":[{"@type":"ReadAction","target":["https:\/\/truusk.store\/sv\/produkt\/truusk-kattlada-och-kattgrotta-2-nivaer-inklusive-leksaker-naturlig-ljusgra-34-cm-x-34-cm-x-60-cm\/"]}]},{"@type":"ImageObject","inLanguage":"sv-SE","@id":"https:\/\/truusk.store\/sv\/produkt\/truusk-kattlada-och-kattgrotta-2-nivaer-inklusive-leksaker-naturlig-ljusgra-34-cm-x-34-cm-x-60-cm\/#primaryimage","url":"https:\/\/i0.wp.com\/truusk.store\/wp-content\/uploads\/2024\/02\/kattlada-kattgrotta-2-nivaer-inklusive-leksaker-34-cm-x-34-cm-x-60-cm-naturlig-ljusgra.webp?fit=800%2C800&ssl=1","contentUrl":"https:\/\/i0.wp.com\/truusk.store\/wp-content\/uploads\/2024\/02\/kattlada-kattgrotta-2-nivaer-inklusive-leksaker-34-cm-x-34-cm-x-60-cm-naturlig-ljusgra.webp?fit=800%2C800&ssl=1","width":800,"height":800,"caption":"Kattl\u00e5da, Kattgrotta, 2 Niv\u00e5er, Inklusive Leksaker, 34 Cm X 34 Cm X 60 Cm, Naturlig + Ljusgr\u00e5 1"},{"@type":"BreadcrumbList","@id":"https:\/\/truusk.store\/sv\/produkt\/truusk-kattlada-och-kattgrotta-2-nivaer-inklusive-leksaker-naturlig-ljusgra-34-cm-x-34-cm-x-60-cm\/#breadcrumb","itemListElement":[{"@type":"ListItem","position":1,"name":"Home","item":"https:\/\/truusk.store\/sv\/"},{"@type":"ListItem","position":2,"name":"Shop","item":"https:\/\/truusk.store\/shop\/"},{"@type":"ListItem","position":3,"name":"TRUUSK Kattl\u00e5da och Kattgrotta &#8211; 2 Niv\u00e5er &#8211; Inklusive Leksaker &#8211; Naturlig + Ljusgr\u00e5 &#8211; 34 cm x 34 cm x 60 cm"}]},{"@type":"WebSite","@id":"https:\/\/truusk.store\/sv\/#website","url":"https:\/\/truusk.store\/sv\/","name":"TRUUSK - Hem, Tr\u00e4dg\u00e5rd & Fritid","description":"","publisher":{"@id":"https:\/\/truusk.store\/sv\/#organization"},"potentialAction":[{"@type":"SearchAction","target":{"@type":"EntryPoint","urlTemplate":"https:\/\/truusk.store\/sv\/?s={search_term_string}"},"query-input":{"@type":"PropertyValueSpecification","valueRequired":true,"valueName":"search_term_string"}}],"inLanguage":"sv-SE"},{"@type":"Organization","@id":"https:\/\/truusk.store\/sv\/#organization","name":"TRUUSK - Hem, Tr\u00e4dg\u00e5rd & Fritid","url":"https:\/\/truusk.store\/sv\/","logo":{"@type":"ImageObject","inLanguage":"sv-SE","@id":"https:\/\/truusk.store\/sv\/#\/schema\/logo\/image\/","url":"https:\/\/i0.wp.com\/truusk.store\/wp-content\/uploads\/2026\/03\/cropped-TRUUSK.png?fit=2032%2C917&ssl=1","contentUrl":"https:\/\/i0.wp.com\/truusk.store\/wp-content\/uploads\/2026\/03\/cropped-TRUUSK.png?fit=2032%2C917&ssl=1","width":2032,"height":917,"caption":"TRUUSK - Hem, Tr\u00e4dg\u00e5rd & Fritid"},"image":{"@id":"https:\/\/truusk.store\/sv\/#\/schema\/logo\/image\/"}}]}},"jetpack_sharing_enabled":true,"_links":{"self":[{"href":"https:\/\/truusk.store\/sv\/wp-json\/wp\/v2\/product\/40472","targetHints":{"allow":["GET"]}}],"collection":[{"href":"https:\/\/truusk.store\/sv\/wp-json\/wp\/v2\/product"}],"about":[{"href":"https:\/\/truusk.store\/sv\/wp-json\/wp\/v2\/types\/product"}],"wp:featuredmedia":[{"embeddable":true,"href":"https:\/\/truusk.store\/sv\/wp-json\/wp\/v2\/media\/40473"}],"wp:attachment":[{"href":"https:\/\/truusk.store\/sv\/wp-json\/wp\/v2\/media?parent=40472"}],"wp:term":[{"taxonomy":"product_brand","embeddable":true,"href":"https:\/\/truusk.store\/sv\/wp-json\/wp\/v2\/product_brand?post=40472"},{"taxonomy":"product_cat","embeddable":true,"href":"https:\/\/truusk.store\/sv\/wp-json\/wp\/v2\/product_cat?post=40472"},{"taxonomy":"product_tag","embeddable":true,"href":"https:\/\/truusk.store\/sv\/wp-json\/wp\/v2\/product_tag?post=40472"}],"curies":[{"name":"wp","href":"https:\/\/api.w.org\/{rel}","templated":true}]}}