{"id":40482,"date":"2024-02-14T02:48:19","date_gmt":"2024-02-14T01:48:19","guid":{"rendered":"https:\/\/truusk.store\/product\/kattgrotta-i-tv-design-inklusive-leksak-tvattbar-kudde-50-cm-x-28-cm-x-43-cm-ek-beige-vit\/"},"modified":"2026-03-12T09:16:26","modified_gmt":"2026-03-12T08:16:26","slug":"truusk-kattgrotta-i-tv-design-inklusive-leksak-tvattbar-kudde-50-cm-x-28-cm-x-43-cm-ek-beige-vit","status":"publish","type":"product","link":"https:\/\/truusk.store\/sv\/produkt\/truusk-kattgrotta-i-tv-design-inklusive-leksak-tvattbar-kudde-50-cm-x-28-cm-x-43-cm-ek-beige-vit\/","title":{"rendered":"TRUUSK Kattgrotta i TV-design &#8211; Inklusive leksak &#8211; Tv\u00e4ttbar kudde &#8211; 50 cm x 28 cm x 43 cm &#8211; Ek + Beige + Vit"},"content":{"rendered":"<p>Katter \u00e4lskar att ha en plats att dra sig tillbaka till. Ett lugnt utrymme i ditt hem ger dina katter en k\u00e4nsla av trygghet och en skyddad plats. V\u00e4lj v\u00e5r kattgrotta f\u00f6r dina \u00e4lskade f\u00f6ljeslagare. M\u00f6blerna i TV-stil fungerar inte bara som en katts\u00e4ng, utan ocks\u00e5 som ett snyggt soffbord eller sidobord som kan placeras i vilket boende som helst. Den kommer med en kudde som g\u00f6r den till den perfekta viloplatsen f\u00f6r dina lurviga v\u00e4nner.<\/p>\n<h3>Beskrivning:<\/h3>\n<ul>\n<li>En kattgrotta i modern design<\/li>\n<li>Ser ut som en TV och kompletterar din heminredning<\/li>\n<li>Ger dina \u00e4lskade f\u00f6ljeslagare gott om plats att vila och leka p\u00e5<\/li>\n<li>\u00d6ppningar ger m\u00f6jlighet att titta ut och v\u00e4cka kattungarnas nyfikenhet<\/li>\n<li>Tr\u00e4materialkonstruktionen g\u00f6r den stabil och h\u00e5llbar<\/li>\n<li>En mjuk kudde ing\u00e5r f\u00f6r extra komfort<\/li>\n<li>Spelboll f\u00f6r katter ger mycket n\u00f6je<\/li>\n<li>Hela kudden kan tv\u00e4ttas f\u00f6r enkel reng\u00f6ring<\/li>\n<li>Enkel montering<\/li>\n<\/ul>\n<h3>Teknisk data:<\/h3>\n<ul>\n<li>F\u00e4rg: Ek+Beige+Vit<\/li>\n<li>Material: sp\u00e5nskiva, kort plysch, PP-bomull<\/li>\n<li>\u00d6vergripande m\u00e5tt: 50W x 28D x 43H cm<\/li>\n<li>Innerm\u00e5tt: 46,5W x 25,5D x 30,5H cm<\/li>\n<li>Katth\u00e5lsm\u00e5tt: 29W x 20H cm<\/li>\n<li>Kuddens m\u00e5tt: 47L x 27W x 4D cm<\/li>\n<li>Bolens m\u00e5tt: 4 cm<\/li>\n<\/ul>\n<h3>Leveransens omfattning:<\/h3>\n<ul>\n<li>1 x Katthus<\/li>\n<li>1 x manuell<\/li>\n<\/ul>\n","protected":false},"excerpt":{"rendered":"<p>Katter \u00e4lskar att ha en plats att dra sig tillbaka till. Ett lugnt utrymme i ditt hem ger dina katter&#8230;<\/p>\n","protected":false},"featured_media":40483,"template":"","meta":[],"product_brand":[],"product_cat":[573,590,588],"product_tag":[],"class_list":{"0":"post-40482","1":"product","2":"type-product","3":"status-publish","4":"has-post-thumbnail","6":"product_cat-husdjursmaterial","7":"product_cat-kattgrottor-kattsangar","8":"product_cat-katttillbehor","10":"first","11":"instock","12":"sale","13":"taxable","14":"shipping-taxable","15":"purchasable","16":"product-type-simple"},"yoast_head":"<!-- This site is optimized with the Yoast SEO plugin v25.4 - https:\/\/yoast.com\/wordpress\/plugins\/seo\/ -->\n<title>TRUUSK Kattgrotta i TV-design - Inklusive leksak - Tv\u00e4ttbar kudde - 50 cm x 28 cm x 43 cm - Ek + Beige + Vit - TRUUSK - Hem, Tr\u00e4dg\u00e5rd &amp; Fritid<\/title>\n<meta name=\"robots\" content=\"index, follow, max-snippet:-1, max-image-preview:large, max-video-preview:-1\" \/>\n<link rel=\"canonical\" href=\"https:\/\/truusk.store\/sv\/produkt\/truusk-kattgrotta-i-tv-design-inklusive-leksak-tvattbar-kudde-50-cm-x-28-cm-x-43-cm-ek-beige-vit\/\" \/>\n<meta property=\"og:locale\" content=\"sv_SE\" \/>\n<meta property=\"og:type\" content=\"article\" \/>\n<meta property=\"og:title\" content=\"TRUUSK Kattgrotta i TV-design - Inklusive leksak - Tv\u00e4ttbar kudde - 50 cm x 28 cm x 43 cm - Ek + Beige + Vit - TRUUSK - Hem, Tr\u00e4dg\u00e5rd &amp; Fritid\" \/>\n<meta property=\"og:description\" content=\"Katter \u00e4lskar att ha en plats att dra sig tillbaka till. Ett lugnt utrymme i ditt hem ger dina katter...\" \/>\n<meta property=\"og:url\" content=\"https:\/\/truusk.store\/sv\/produkt\/truusk-kattgrotta-i-tv-design-inklusive-leksak-tvattbar-kudde-50-cm-x-28-cm-x-43-cm-ek-beige-vit\/\" \/>\n<meta property=\"og:site_name\" content=\"TRUUSK - Hem, Tr\u00e4dg\u00e5rd &amp; Fritid\" \/>\n<meta property=\"article:modified_time\" content=\"2026-03-12T08:16:26+00:00\" \/>\n<meta property=\"og:image\" content=\"https:\/\/i0.wp.com\/truusk.se\/wp-content\/uploads\/2024\/02\/kattgrotta-i-tv-design-inklusive-leksak-tvattbar-kudde-50-cm-x-28-cm-x-43-cm-ek-beige-vit.webp?fit=800%2C800&ssl=1\" \/>\n\t<meta property=\"og:image:width\" content=\"800\" \/>\n\t<meta property=\"og:image:height\" content=\"800\" \/>\n\t<meta property=\"og:image:type\" content=\"image\/webp\" \/>\n<meta name=\"twitter:card\" content=\"summary_large_image\" \/>\n<meta name=\"twitter:label1\" content=\"Ber\u00e4knad l\u00e4stid\" \/>\n\t<meta name=\"twitter:data1\" content=\"1 minut\" \/>\n<!-- \/ Yoast SEO plugin. -->","yoast_head_json":{"title":"TRUUSK Kattgrotta i TV-design - Inklusive leksak - Tv\u00e4ttbar kudde - 50 cm x 28 cm x 43 cm - Ek + Beige + Vit - TRUUSK - Hem, Tr\u00e4dg\u00e5rd &amp; Fritid","robots":{"index":"index","follow":"follow","max-snippet":"max-snippet:-1","max-image-preview":"max-image-preview:large","max-video-preview":"max-video-preview:-1"},"canonical":"https:\/\/truusk.store\/sv\/produkt\/truusk-kattgrotta-i-tv-design-inklusive-leksak-tvattbar-kudde-50-cm-x-28-cm-x-43-cm-ek-beige-vit\/","og_locale":"sv_SE","og_type":"article","og_title":"TRUUSK Kattgrotta i TV-design - Inklusive leksak - Tv\u00e4ttbar kudde - 50 cm x 28 cm x 43 cm - Ek + Beige + Vit - TRUUSK - Hem, Tr\u00e4dg\u00e5rd &amp; Fritid","og_description":"Katter \u00e4lskar att ha en plats att dra sig tillbaka till. Ett lugnt utrymme i ditt hem ger dina katter...","og_url":"https:\/\/truusk.store\/sv\/produkt\/truusk-kattgrotta-i-tv-design-inklusive-leksak-tvattbar-kudde-50-cm-x-28-cm-x-43-cm-ek-beige-vit\/","og_site_name":"TRUUSK - Hem, Tr\u00e4dg\u00e5rd &amp; Fritid","article_modified_time":"2026-03-12T08:16:26+00:00","og_image":[{"width":800,"height":800,"url":"https:\/\/i0.wp.com\/truusk.se\/wp-content\/uploads\/2024\/02\/kattgrotta-i-tv-design-inklusive-leksak-tvattbar-kudde-50-cm-x-28-cm-x-43-cm-ek-beige-vit.webp?fit=800%2C800&ssl=1","type":"image\/webp"}],"twitter_card":"summary_large_image","twitter_misc":{"Ber\u00e4knad l\u00e4stid":"1 minut"},"schema":{"@context":"https:\/\/schema.org","@graph":[{"@type":"WebPage","@id":"https:\/\/truusk.store\/sv\/produkt\/truusk-kattgrotta-i-tv-design-inklusive-leksak-tvattbar-kudde-50-cm-x-28-cm-x-43-cm-ek-beige-vit\/","url":"https:\/\/truusk.store\/sv\/produkt\/truusk-kattgrotta-i-tv-design-inklusive-leksak-tvattbar-kudde-50-cm-x-28-cm-x-43-cm-ek-beige-vit\/","name":"TRUUSK Kattgrotta i TV-design - Inklusive leksak - Tv\u00e4ttbar kudde - 50 cm x 28 cm x 43 cm - Ek + Beige + Vit - TRUUSK - Hem, Tr\u00e4dg\u00e5rd &amp; Fritid","isPartOf":{"@id":"https:\/\/truusk.store\/sv\/#website"},"primaryImageOfPage":{"@id":"https:\/\/truusk.store\/sv\/produkt\/truusk-kattgrotta-i-tv-design-inklusive-leksak-tvattbar-kudde-50-cm-x-28-cm-x-43-cm-ek-beige-vit\/#primaryimage"},"image":{"@id":"https:\/\/truusk.store\/sv\/produkt\/truusk-kattgrotta-i-tv-design-inklusive-leksak-tvattbar-kudde-50-cm-x-28-cm-x-43-cm-ek-beige-vit\/#primaryimage"},"thumbnailUrl":"https:\/\/i0.wp.com\/truusk.store\/wp-content\/uploads\/2024\/02\/kattgrotta-i-tv-design-inklusive-leksak-tvattbar-kudde-50-cm-x-28-cm-x-43-cm-ek-beige-vit.webp?fit=800%2C800&ssl=1","datePublished":"2024-02-14T01:48:19+00:00","dateModified":"2026-03-12T08:16:26+00:00","breadcrumb":{"@id":"https:\/\/truusk.store\/sv\/produkt\/truusk-kattgrotta-i-tv-design-inklusive-leksak-tvattbar-kudde-50-cm-x-28-cm-x-43-cm-ek-beige-vit\/#breadcrumb"},"inLanguage":"sv-SE","potentialAction":[{"@type":"ReadAction","target":["https:\/\/truusk.store\/sv\/produkt\/truusk-kattgrotta-i-tv-design-inklusive-leksak-tvattbar-kudde-50-cm-x-28-cm-x-43-cm-ek-beige-vit\/"]}]},{"@type":"ImageObject","inLanguage":"sv-SE","@id":"https:\/\/truusk.store\/sv\/produkt\/truusk-kattgrotta-i-tv-design-inklusive-leksak-tvattbar-kudde-50-cm-x-28-cm-x-43-cm-ek-beige-vit\/#primaryimage","url":"https:\/\/i0.wp.com\/truusk.store\/wp-content\/uploads\/2024\/02\/kattgrotta-i-tv-design-inklusive-leksak-tvattbar-kudde-50-cm-x-28-cm-x-43-cm-ek-beige-vit.webp?fit=800%2C800&ssl=1","contentUrl":"https:\/\/i0.wp.com\/truusk.store\/wp-content\/uploads\/2024\/02\/kattgrotta-i-tv-design-inklusive-leksak-tvattbar-kudde-50-cm-x-28-cm-x-43-cm-ek-beige-vit.webp?fit=800%2C800&ssl=1","width":800,"height":800,"caption":"Kattgrotta I TV-design Inklusive Leksak, Tv\u00e4ttbar Kudde, 50 Cm X 28 Cm X 43 Cm, Ek + Beige + Vit 1"},{"@type":"BreadcrumbList","@id":"https:\/\/truusk.store\/sv\/produkt\/truusk-kattgrotta-i-tv-design-inklusive-leksak-tvattbar-kudde-50-cm-x-28-cm-x-43-cm-ek-beige-vit\/#breadcrumb","itemListElement":[{"@type":"ListItem","position":1,"name":"Home","item":"https:\/\/truusk.store\/sv\/"},{"@type":"ListItem","position":2,"name":"Shop","item":"https:\/\/truusk.store\/shop\/"},{"@type":"ListItem","position":3,"name":"TRUUSK Kattgrotta i TV-design &#8211; Inklusive leksak &#8211; Tv\u00e4ttbar kudde &#8211; 50 cm x 28 cm x 43 cm &#8211; Ek + Beige + Vit"}]},{"@type":"WebSite","@id":"https:\/\/truusk.store\/sv\/#website","url":"https:\/\/truusk.store\/sv\/","name":"TRUUSK - Hem, Tr\u00e4dg\u00e5rd & Fritid","description":"","publisher":{"@id":"https:\/\/truusk.store\/sv\/#organization"},"potentialAction":[{"@type":"SearchAction","target":{"@type":"EntryPoint","urlTemplate":"https:\/\/truusk.store\/sv\/?s={search_term_string}"},"query-input":{"@type":"PropertyValueSpecification","valueRequired":true,"valueName":"search_term_string"}}],"inLanguage":"sv-SE"},{"@type":"Organization","@id":"https:\/\/truusk.store\/sv\/#organization","name":"TRUUSK - Hem, Tr\u00e4dg\u00e5rd & Fritid","url":"https:\/\/truusk.store\/sv\/","logo":{"@type":"ImageObject","inLanguage":"sv-SE","@id":"https:\/\/truusk.store\/sv\/#\/schema\/logo\/image\/","url":"https:\/\/i0.wp.com\/truusk.store\/wp-content\/uploads\/2026\/03\/cropped-TRUUSK.png?fit=2032%2C917&ssl=1","contentUrl":"https:\/\/i0.wp.com\/truusk.store\/wp-content\/uploads\/2026\/03\/cropped-TRUUSK.png?fit=2032%2C917&ssl=1","width":2032,"height":917,"caption":"TRUUSK - Hem, Tr\u00e4dg\u00e5rd & Fritid"},"image":{"@id":"https:\/\/truusk.store\/sv\/#\/schema\/logo\/image\/"}}]}},"jetpack_sharing_enabled":true,"_links":{"self":[{"href":"https:\/\/truusk.store\/sv\/wp-json\/wp\/v2\/product\/40482","targetHints":{"allow":["GET"]}}],"collection":[{"href":"https:\/\/truusk.store\/sv\/wp-json\/wp\/v2\/product"}],"about":[{"href":"https:\/\/truusk.store\/sv\/wp-json\/wp\/v2\/types\/product"}],"wp:featuredmedia":[{"embeddable":true,"href":"https:\/\/truusk.store\/sv\/wp-json\/wp\/v2\/media\/40483"}],"wp:attachment":[{"href":"https:\/\/truusk.store\/sv\/wp-json\/wp\/v2\/media?parent=40482"}],"wp:term":[{"taxonomy":"product_brand","embeddable":true,"href":"https:\/\/truusk.store\/sv\/wp-json\/wp\/v2\/product_brand?post=40482"},{"taxonomy":"product_cat","embeddable":true,"href":"https:\/\/truusk.store\/sv\/wp-json\/wp\/v2\/product_cat?post=40482"},{"taxonomy":"product_tag","embeddable":true,"href":"https:\/\/truusk.store\/sv\/wp-json\/wp\/v2\/product_tag?post=40482"}],"curies":[{"name":"wp","href":"https:\/\/api.w.org\/{rel}","templated":true}]}}