{"id":40494,"date":"2024-02-14T02:48:41","date_gmt":"2024-02-14T01:48:41","guid":{"rendered":"https:\/\/truusk.store\/product\/vaxthylla-med-3-vaningar-och-monteringskrokar-blomstrappa-i-naturligt-tra-80-cm-x-36-cm-x-174-cm-naturligt\/"},"modified":"2026-03-12T09:16:26","modified_gmt":"2026-03-12T08:16:26","slug":"truusk-vaxthylla-med-monteringskrokar-3-vaningar-blomstrappa-i-naturligt-tra-80x36x174-cm-naturligt","status":"publish","type":"product","link":"https:\/\/truusk.store\/sv\/produkt\/truusk-vaxthylla-med-monteringskrokar-3-vaningar-blomstrappa-i-naturligt-tra-80x36x174-cm-naturligt\/","title":{"rendered":"TRUUSK V\u00e4xthylla Med Monteringskrokar &#8211; 3 V\u00e5ningar &#8211; Blomstrappa i Naturligt Tr\u00e4 &#8211; 80x36x174 cm &#8211; Naturligt"},"content":{"rendered":"<p>\u00c4lskar du blommor och v\u00e4xter men har inte ett l\u00e4mpligt utrymme hemma? Det stegvisa v\u00e4xtst\u00e4llet l\u00f6ser ditt problem framg\u00e5ngsrikt. De tre niv\u00e5erna p\u00e5 v\u00e4xthyllan erbjuder dina v\u00e4xter en plats d\u00e4r de f\u00e5r tillr\u00e4ckligt med solljus och kan v\u00e4xa i fred. Du kan h\u00e4nga h\u00e4ngande korgar p\u00e5 de \u00f6versta krokarna, vilket \u00e4r en fin dekoration. Du kan ocks\u00e5 placera sm\u00e5 tr\u00e4dg\u00e5rdsredskap p\u00e5 den, vilket sparar utrymme. V\u00e4lj denna praktiska och dekorativa v\u00e4xthylla.<\/p>\n<h3>Beskrivning:<\/h3>\n<ul>\n<li>3-v\u00e5nings v\u00e4xtst\u00e4ll f\u00f6r visning av krukv\u00e4xter<\/li>\n<li>Inneh\u00e5ller krokar f\u00f6r att h\u00e4nga upp sm\u00e5 blomkrukor eller sm\u00e5 verktyg<\/li>\n<li>Stabil metall- och massivtr\u00e4konstruktion \u00e4r h\u00e5llbar<\/li>\n<li>Lamellhyllor f\u00f6r snabb dr\u00e4nering<\/li>\n<li>V\u00e4xtst\u00e4ll f\u00f6r inomhus- eller utomhusbruk<\/li>\n<li>Montering kr\u00e4vs<\/li>\n<\/ul>\n<h3>Teknisk data:<\/h3>\n<ul>\n<li>F\u00e4rg: Svart+Naturlig<\/li>\n<li>Material: gran, j\u00e4rn<\/li>\n<li>\u00d6vergripande m\u00e5tt: 80L x 36W x 174H cm<\/li>\n<li>Hyllstorlek: 76L x 19,5\/24\/34W cm<\/li>\n<li>Hyllh\u00f6jd till golv (uppifr\u00e5n och ned): 94cm, 57,5cm, 10,5cm<\/li>\n<li>Max belastning: 20 kg (varje niv\u00e5), 5 kg (varje krok)<\/li>\n<\/ul>\n<h3>Leveransens omfattning:<\/h3>\n<ul>\n<li>1 x Blomsterst\u00e4ll<\/li>\n<li>1 x Instruktioner<\/li>\n<\/ul>\n","protected":false},"excerpt":{"rendered":"<p>\u00c4lskar du blommor och v\u00e4xter men har inte ett l\u00e4mpligt utrymme hemma? Det stegvisa v\u00e4xtst\u00e4llet l\u00f6ser ditt problem framg\u00e5ngsrikt. De&#8230;<\/p>\n","protected":false},"featured_media":40495,"template":"","meta":[],"product_brand":[],"product_cat":[448,733,435,443],"product_tag":[],"class_list":{"0":"post-40494","1":"product","2":"type-product","3":"status-publish","4":"has-post-thumbnail","6":"product_cat-plantera-trappor-hyllor","7":"product_cat-planttrappa","8":"product_cat-tradgard-och-terrass","9":"product_cat-vaxthus-tradgardsskotsel","11":"first","12":"instock","13":"sale","14":"taxable","15":"shipping-taxable","16":"purchasable","17":"product-type-simple"},"yoast_head":"<!-- This site is optimized with the Yoast SEO plugin v25.4 - https:\/\/yoast.com\/wordpress\/plugins\/seo\/ -->\n<title>TRUUSK V\u00e4xthylla Med Monteringskrokar - 3 V\u00e5ningar - Blomstrappa i Naturligt Tr\u00e4 - 80x36x174 cm - Naturligt - TRUUSK - Hem, Tr\u00e4dg\u00e5rd &amp; Fritid<\/title>\n<meta name=\"robots\" content=\"index, follow, max-snippet:-1, max-image-preview:large, max-video-preview:-1\" \/>\n<link rel=\"canonical\" href=\"https:\/\/truusk.store\/sv\/produkt\/truusk-vaxthylla-med-monteringskrokar-3-vaningar-blomstrappa-i-naturligt-tra-80x36x174-cm-naturligt\/\" \/>\n<meta property=\"og:locale\" content=\"sv_SE\" \/>\n<meta property=\"og:type\" content=\"article\" \/>\n<meta property=\"og:title\" content=\"TRUUSK V\u00e4xthylla Med Monteringskrokar - 3 V\u00e5ningar - Blomstrappa i Naturligt Tr\u00e4 - 80x36x174 cm - Naturligt - TRUUSK - Hem, Tr\u00e4dg\u00e5rd &amp; Fritid\" \/>\n<meta property=\"og:description\" content=\"\u00c4lskar du blommor och v\u00e4xter men har inte ett l\u00e4mpligt utrymme hemma? Det stegvisa v\u00e4xtst\u00e4llet l\u00f6ser ditt problem framg\u00e5ngsrikt. De...\" \/>\n<meta property=\"og:url\" content=\"https:\/\/truusk.store\/sv\/produkt\/truusk-vaxthylla-med-monteringskrokar-3-vaningar-blomstrappa-i-naturligt-tra-80x36x174-cm-naturligt\/\" \/>\n<meta property=\"og:site_name\" content=\"TRUUSK - Hem, Tr\u00e4dg\u00e5rd &amp; Fritid\" \/>\n<meta property=\"article:modified_time\" content=\"2026-03-12T08:16:26+00:00\" \/>\n<meta property=\"og:image\" content=\"https:\/\/i0.wp.com\/truusk.se\/wp-content\/uploads\/2024\/02\/vaxthylla-med-3-vaningar-och-monteringskrokar-blomstrappa-i-naturligt-tra-80-cm-x-36-cm-x-174-cm-naturligt.webp?fit=800%2C800&ssl=1\" \/>\n\t<meta property=\"og:image:width\" content=\"800\" \/>\n\t<meta property=\"og:image:height\" content=\"800\" \/>\n\t<meta property=\"og:image:type\" content=\"image\/webp\" \/>\n<meta name=\"twitter:card\" content=\"summary_large_image\" \/>\n<meta name=\"twitter:label1\" content=\"Ber\u00e4knad l\u00e4stid\" \/>\n\t<meta name=\"twitter:data1\" content=\"1 minut\" \/>\n<!-- \/ Yoast SEO plugin. -->","yoast_head_json":{"title":"TRUUSK V\u00e4xthylla Med Monteringskrokar - 3 V\u00e5ningar - Blomstrappa i Naturligt Tr\u00e4 - 80x36x174 cm - Naturligt - TRUUSK - Hem, Tr\u00e4dg\u00e5rd &amp; Fritid","robots":{"index":"index","follow":"follow","max-snippet":"max-snippet:-1","max-image-preview":"max-image-preview:large","max-video-preview":"max-video-preview:-1"},"canonical":"https:\/\/truusk.store\/sv\/produkt\/truusk-vaxthylla-med-monteringskrokar-3-vaningar-blomstrappa-i-naturligt-tra-80x36x174-cm-naturligt\/","og_locale":"sv_SE","og_type":"article","og_title":"TRUUSK V\u00e4xthylla Med Monteringskrokar - 3 V\u00e5ningar - Blomstrappa i Naturligt Tr\u00e4 - 80x36x174 cm - Naturligt - TRUUSK - Hem, Tr\u00e4dg\u00e5rd &amp; Fritid","og_description":"\u00c4lskar du blommor och v\u00e4xter men har inte ett l\u00e4mpligt utrymme hemma? Det stegvisa v\u00e4xtst\u00e4llet l\u00f6ser ditt problem framg\u00e5ngsrikt. De...","og_url":"https:\/\/truusk.store\/sv\/produkt\/truusk-vaxthylla-med-monteringskrokar-3-vaningar-blomstrappa-i-naturligt-tra-80x36x174-cm-naturligt\/","og_site_name":"TRUUSK - Hem, Tr\u00e4dg\u00e5rd &amp; Fritid","article_modified_time":"2026-03-12T08:16:26+00:00","og_image":[{"width":800,"height":800,"url":"https:\/\/i0.wp.com\/truusk.se\/wp-content\/uploads\/2024\/02\/vaxthylla-med-3-vaningar-och-monteringskrokar-blomstrappa-i-naturligt-tra-80-cm-x-36-cm-x-174-cm-naturligt.webp?fit=800%2C800&ssl=1","type":"image\/webp"}],"twitter_card":"summary_large_image","twitter_misc":{"Ber\u00e4knad l\u00e4stid":"1 minut"},"schema":{"@context":"https:\/\/schema.org","@graph":[{"@type":"WebPage","@id":"https:\/\/truusk.store\/sv\/produkt\/truusk-vaxthylla-med-monteringskrokar-3-vaningar-blomstrappa-i-naturligt-tra-80x36x174-cm-naturligt\/","url":"https:\/\/truusk.store\/sv\/produkt\/truusk-vaxthylla-med-monteringskrokar-3-vaningar-blomstrappa-i-naturligt-tra-80x36x174-cm-naturligt\/","name":"TRUUSK V\u00e4xthylla Med Monteringskrokar - 3 V\u00e5ningar - Blomstrappa i Naturligt Tr\u00e4 - 80x36x174 cm - Naturligt - TRUUSK - Hem, Tr\u00e4dg\u00e5rd &amp; Fritid","isPartOf":{"@id":"https:\/\/truusk.store\/sv\/#website"},"primaryImageOfPage":{"@id":"https:\/\/truusk.store\/sv\/produkt\/truusk-vaxthylla-med-monteringskrokar-3-vaningar-blomstrappa-i-naturligt-tra-80x36x174-cm-naturligt\/#primaryimage"},"image":{"@id":"https:\/\/truusk.store\/sv\/produkt\/truusk-vaxthylla-med-monteringskrokar-3-vaningar-blomstrappa-i-naturligt-tra-80x36x174-cm-naturligt\/#primaryimage"},"thumbnailUrl":"https:\/\/i0.wp.com\/truusk.store\/wp-content\/uploads\/2024\/02\/vaxthylla-med-3-vaningar-och-monteringskrokar-blomstrappa-i-naturligt-tra-80-cm-x-36-cm-x-174-cm-naturligt.webp?fit=800%2C800&ssl=1","datePublished":"2024-02-14T01:48:41+00:00","dateModified":"2026-03-12T08:16:26+00:00","breadcrumb":{"@id":"https:\/\/truusk.store\/sv\/produkt\/truusk-vaxthylla-med-monteringskrokar-3-vaningar-blomstrappa-i-naturligt-tra-80x36x174-cm-naturligt\/#breadcrumb"},"inLanguage":"sv-SE","potentialAction":[{"@type":"ReadAction","target":["https:\/\/truusk.store\/sv\/produkt\/truusk-vaxthylla-med-monteringskrokar-3-vaningar-blomstrappa-i-naturligt-tra-80x36x174-cm-naturligt\/"]}]},{"@type":"ImageObject","inLanguage":"sv-SE","@id":"https:\/\/truusk.store\/sv\/produkt\/truusk-vaxthylla-med-monteringskrokar-3-vaningar-blomstrappa-i-naturligt-tra-80x36x174-cm-naturligt\/#primaryimage","url":"https:\/\/i0.wp.com\/truusk.store\/wp-content\/uploads\/2024\/02\/vaxthylla-med-3-vaningar-och-monteringskrokar-blomstrappa-i-naturligt-tra-80-cm-x-36-cm-x-174-cm-naturligt.webp?fit=800%2C800&ssl=1","contentUrl":"https:\/\/i0.wp.com\/truusk.store\/wp-content\/uploads\/2024\/02\/vaxthylla-med-3-vaningar-och-monteringskrokar-blomstrappa-i-naturligt-tra-80-cm-x-36-cm-x-174-cm-naturligt.webp?fit=800%2C800&ssl=1","width":800,"height":800,"caption":"V\u00e4xthylla Med 3 V\u00e5ningar Och Monteringskrokar, Blomstrappa I Naturligt Tr\u00e4, 80 Cm X 36 Cm X 174 Cm, Naturligt 1"},{"@type":"BreadcrumbList","@id":"https:\/\/truusk.store\/sv\/produkt\/truusk-vaxthylla-med-monteringskrokar-3-vaningar-blomstrappa-i-naturligt-tra-80x36x174-cm-naturligt\/#breadcrumb","itemListElement":[{"@type":"ListItem","position":1,"name":"Home","item":"https:\/\/truusk.store\/sv\/"},{"@type":"ListItem","position":2,"name":"Shop","item":"https:\/\/truusk.store\/shop\/"},{"@type":"ListItem","position":3,"name":"TRUUSK V\u00e4xthylla Med Monteringskrokar &#8211; 3 V\u00e5ningar &#8211; Blomstrappa i Naturligt Tr\u00e4 &#8211; 80x36x174 cm &#8211; Naturligt"}]},{"@type":"WebSite","@id":"https:\/\/truusk.store\/sv\/#website","url":"https:\/\/truusk.store\/sv\/","name":"TRUUSK - Hem, Tr\u00e4dg\u00e5rd & Fritid","description":"","publisher":{"@id":"https:\/\/truusk.store\/sv\/#organization"},"potentialAction":[{"@type":"SearchAction","target":{"@type":"EntryPoint","urlTemplate":"https:\/\/truusk.store\/sv\/?s={search_term_string}"},"query-input":{"@type":"PropertyValueSpecification","valueRequired":true,"valueName":"search_term_string"}}],"inLanguage":"sv-SE"},{"@type":"Organization","@id":"https:\/\/truusk.store\/sv\/#organization","name":"TRUUSK - Hem, Tr\u00e4dg\u00e5rd & Fritid","url":"https:\/\/truusk.store\/sv\/","logo":{"@type":"ImageObject","inLanguage":"sv-SE","@id":"https:\/\/truusk.store\/sv\/#\/schema\/logo\/image\/","url":"https:\/\/i0.wp.com\/truusk.store\/wp-content\/uploads\/2026\/03\/cropped-TRUUSK.png?fit=2032%2C917&ssl=1","contentUrl":"https:\/\/i0.wp.com\/truusk.store\/wp-content\/uploads\/2026\/03\/cropped-TRUUSK.png?fit=2032%2C917&ssl=1","width":2032,"height":917,"caption":"TRUUSK - Hem, Tr\u00e4dg\u00e5rd & Fritid"},"image":{"@id":"https:\/\/truusk.store\/sv\/#\/schema\/logo\/image\/"}}]}},"jetpack_sharing_enabled":true,"_links":{"self":[{"href":"https:\/\/truusk.store\/sv\/wp-json\/wp\/v2\/product\/40494","targetHints":{"allow":["GET"]}}],"collection":[{"href":"https:\/\/truusk.store\/sv\/wp-json\/wp\/v2\/product"}],"about":[{"href":"https:\/\/truusk.store\/sv\/wp-json\/wp\/v2\/types\/product"}],"wp:featuredmedia":[{"embeddable":true,"href":"https:\/\/truusk.store\/sv\/wp-json\/wp\/v2\/media\/40495"}],"wp:attachment":[{"href":"https:\/\/truusk.store\/sv\/wp-json\/wp\/v2\/media?parent=40494"}],"wp:term":[{"taxonomy":"product_brand","embeddable":true,"href":"https:\/\/truusk.store\/sv\/wp-json\/wp\/v2\/product_brand?post=40494"},{"taxonomy":"product_cat","embeddable":true,"href":"https:\/\/truusk.store\/sv\/wp-json\/wp\/v2\/product_cat?post=40494"},{"taxonomy":"product_tag","embeddable":true,"href":"https:\/\/truusk.store\/sv\/wp-json\/wp\/v2\/product_tag?post=40494"}],"curies":[{"name":"wp","href":"https:\/\/api.w.org\/{rel}","templated":true}]}}