{"id":40518,"date":"2024-02-14T02:49:31","date_gmt":"2024-02-14T01:49:31","guid":{"rendered":"https:\/\/truusk.store\/product\/spalje-set-om-3-vaxtspalje-modular-design-for-utomhus-och-inomhusbruk-stal-gron-38-x-38-x-182-cm\/"},"modified":"2026-03-12T09:16:26","modified_gmt":"2026-03-12T08:16:26","slug":"truusk-spalje-set-om-3-vaxtspalje-for-inomhus-och-utomhusbruk-modular-design-stal-gron-38-x-38-x-182-cm","status":"publish","type":"product","link":"https:\/\/truusk.store\/sv\/produkt\/truusk-spalje-set-om-3-vaxtspalje-for-inomhus-och-utomhusbruk-modular-design-stal-gron-38-x-38-x-182-cm\/","title":{"rendered":"TRUUSK Spalj\u00e9 Set om 3 &#8211; V\u00e4xtspalj\u00e9 f\u00f6r Inomhus- och Utomhusbruk &#8211; Modul\u00e4r Design &#8211; St\u00e5l &#8211; Gr\u00f6n &#8211; 38 x 38 x 182 cm"},"content":{"rendered":"<p>Hj\u00e4lp dina gr\u00f6na skyddslingar att trivas h\u00e4lsosamt och magnifikt genom att ge dem optimalt st\u00f6d n\u00e4r de v\u00e4xer. \u00c4ven n\u00e4r frukterna blir extra tunga och saftiga ger v\u00e5ra spalj\u00e9er ett stadigt grepp om stammen och grenarna, vilket g\u00f6r sk\u00f6rdes\u00e4songen till ett rent n\u00f6je! Planteringsgallret \u00e4r l\u00e4tt, men \u00e4nd\u00e5 extremt robust och l\u00e4mpar sig f\u00f6r l\u00e5ngvarig utomhusbruk. Den modul\u00e4ra designen g\u00f6r att du enkelt kan justera h\u00f6jden och formen f\u00f6r att passa dina v\u00e4xter.<\/p>\n<h3>Beskrivning:<\/h3>\n<ul>\n<li>F\u00f6r odling av tomatplantor och andra kl\u00e4tterv\u00e4xter<\/li>\n<li>Modul\u00e4r design: Justera h\u00f6jden och formen p\u00e5 gallret efter dina behov<\/li>\n<li>Stark st\u00e5lram, s\u00e4rskilt h\u00e5llbar och idealisk f\u00f6r l\u00e5ngvarig utomhusbruk<\/li>\n<li>L\u00e4tt att st\u00e4lla in och lagra f\u00f6r att spara utrymme<\/li>\n<\/ul>\n<h3>Teknisk data:<\/h3>\n<ul>\n<li>F\u00e4rg: gr\u00f6n<\/li>\n<li>Material: st\u00e5l, PP<\/li>\n<li>\u00d6vergripande m\u00e5tt: 38L x 38W x 182H cm<\/li>\n<li>H\u00f6jdavst\u00e5nd mellan tv\u00e4rstagen: 45 cm<\/li>\n<\/ul>\n<h3>Leveransens omfattning:<\/h3>\n<ul>\n<li>3 x Ransule<\/li>\n<li>1 x Instruktioner<\/li>\n<\/ul>\n","protected":false},"excerpt":{"rendered":"<p>Hj\u00e4lp dina gr\u00f6na skyddslingar att trivas h\u00e4lsosamt och magnifikt genom att ge dem optimalt st\u00f6d n\u00e4r de v\u00e4xer. \u00c4ven n\u00e4r&#8230;<\/p>\n","protected":false},"featured_media":40519,"template":"","meta":[],"product_brand":[],"product_cat":[447,435,443],"product_tag":[],"class_list":{"0":"post-40518","1":"product","2":"type-product","3":"status-publish","4":"has-post-thumbnail","6":"product_cat-planteringsmaskiner","7":"product_cat-tradgard-och-terrass","8":"product_cat-vaxthus-tradgardsskotsel","10":"first","11":"instock","12":"sale","13":"taxable","14":"shipping-taxable","15":"purchasable","16":"product-type-simple"},"yoast_head":"<!-- This site is optimized with the Yoast SEO plugin v25.4 - https:\/\/yoast.com\/wordpress\/plugins\/seo\/ -->\n<title>TRUUSK Spalj\u00e9 Set om 3 - V\u00e4xtspalj\u00e9 f\u00f6r Inomhus- och Utomhusbruk - Modul\u00e4r Design - St\u00e5l - Gr\u00f6n - 38 x 38 x 182 cm - TRUUSK - Hem, Tr\u00e4dg\u00e5rd &amp; Fritid<\/title>\n<meta name=\"robots\" content=\"index, follow, max-snippet:-1, max-image-preview:large, max-video-preview:-1\" \/>\n<link rel=\"canonical\" href=\"https:\/\/truusk.store\/sv\/produkt\/truusk-spalje-set-om-3-vaxtspalje-for-inomhus-och-utomhusbruk-modular-design-stal-gron-38-x-38-x-182-cm\/\" \/>\n<meta property=\"og:locale\" content=\"sv_SE\" \/>\n<meta property=\"og:type\" content=\"article\" \/>\n<meta property=\"og:title\" content=\"TRUUSK Spalj\u00e9 Set om 3 - V\u00e4xtspalj\u00e9 f\u00f6r Inomhus- och Utomhusbruk - Modul\u00e4r Design - St\u00e5l - Gr\u00f6n - 38 x 38 x 182 cm - TRUUSK - Hem, Tr\u00e4dg\u00e5rd &amp; Fritid\" \/>\n<meta property=\"og:description\" content=\"Hj\u00e4lp dina gr\u00f6na skyddslingar att trivas h\u00e4lsosamt och magnifikt genom att ge dem optimalt st\u00f6d n\u00e4r de v\u00e4xer. \u00c4ven n\u00e4r...\" \/>\n<meta property=\"og:url\" content=\"https:\/\/truusk.store\/sv\/produkt\/truusk-spalje-set-om-3-vaxtspalje-for-inomhus-och-utomhusbruk-modular-design-stal-gron-38-x-38-x-182-cm\/\" \/>\n<meta property=\"og:site_name\" content=\"TRUUSK - Hem, Tr\u00e4dg\u00e5rd &amp; Fritid\" \/>\n<meta property=\"article:modified_time\" content=\"2026-03-12T08:16:26+00:00\" \/>\n<meta property=\"og:image\" content=\"https:\/\/i0.wp.com\/truusk.se\/wp-content\/uploads\/2024\/02\/spalje-set-om-3-vaxtspalje-modular-design-for-utomhus-och-inomhusbruk-stal-gron-38-x-38-x-182-cm.webp?fit=800%2C800&ssl=1\" \/>\n\t<meta property=\"og:image:width\" content=\"800\" \/>\n\t<meta property=\"og:image:height\" content=\"800\" \/>\n\t<meta property=\"og:image:type\" content=\"image\/webp\" \/>\n<meta name=\"twitter:card\" content=\"summary_large_image\" \/>\n<meta name=\"twitter:label1\" content=\"Ber\u00e4knad l\u00e4stid\" \/>\n\t<meta name=\"twitter:data1\" content=\"1 minut\" \/>\n<!-- \/ Yoast SEO plugin. -->","yoast_head_json":{"title":"TRUUSK Spalj\u00e9 Set om 3 - V\u00e4xtspalj\u00e9 f\u00f6r Inomhus- och Utomhusbruk - Modul\u00e4r Design - St\u00e5l - Gr\u00f6n - 38 x 38 x 182 cm - TRUUSK - Hem, Tr\u00e4dg\u00e5rd &amp; Fritid","robots":{"index":"index","follow":"follow","max-snippet":"max-snippet:-1","max-image-preview":"max-image-preview:large","max-video-preview":"max-video-preview:-1"},"canonical":"https:\/\/truusk.store\/sv\/produkt\/truusk-spalje-set-om-3-vaxtspalje-for-inomhus-och-utomhusbruk-modular-design-stal-gron-38-x-38-x-182-cm\/","og_locale":"sv_SE","og_type":"article","og_title":"TRUUSK Spalj\u00e9 Set om 3 - V\u00e4xtspalj\u00e9 f\u00f6r Inomhus- och Utomhusbruk - Modul\u00e4r Design - St\u00e5l - Gr\u00f6n - 38 x 38 x 182 cm - TRUUSK - Hem, Tr\u00e4dg\u00e5rd &amp; Fritid","og_description":"Hj\u00e4lp dina gr\u00f6na skyddslingar att trivas h\u00e4lsosamt och magnifikt genom att ge dem optimalt st\u00f6d n\u00e4r de v\u00e4xer. \u00c4ven n\u00e4r...","og_url":"https:\/\/truusk.store\/sv\/produkt\/truusk-spalje-set-om-3-vaxtspalje-for-inomhus-och-utomhusbruk-modular-design-stal-gron-38-x-38-x-182-cm\/","og_site_name":"TRUUSK - Hem, Tr\u00e4dg\u00e5rd &amp; Fritid","article_modified_time":"2026-03-12T08:16:26+00:00","og_image":[{"width":800,"height":800,"url":"https:\/\/i0.wp.com\/truusk.se\/wp-content\/uploads\/2024\/02\/spalje-set-om-3-vaxtspalje-modular-design-for-utomhus-och-inomhusbruk-stal-gron-38-x-38-x-182-cm.webp?fit=800%2C800&ssl=1","type":"image\/webp"}],"twitter_card":"summary_large_image","twitter_misc":{"Ber\u00e4knad l\u00e4stid":"1 minut"},"schema":{"@context":"https:\/\/schema.org","@graph":[{"@type":"WebPage","@id":"https:\/\/truusk.store\/sv\/produkt\/truusk-spalje-set-om-3-vaxtspalje-for-inomhus-och-utomhusbruk-modular-design-stal-gron-38-x-38-x-182-cm\/","url":"https:\/\/truusk.store\/sv\/produkt\/truusk-spalje-set-om-3-vaxtspalje-for-inomhus-och-utomhusbruk-modular-design-stal-gron-38-x-38-x-182-cm\/","name":"TRUUSK Spalj\u00e9 Set om 3 - V\u00e4xtspalj\u00e9 f\u00f6r Inomhus- och Utomhusbruk - Modul\u00e4r Design - St\u00e5l - Gr\u00f6n - 38 x 38 x 182 cm - TRUUSK - Hem, Tr\u00e4dg\u00e5rd &amp; Fritid","isPartOf":{"@id":"https:\/\/truusk.store\/sv\/#website"},"primaryImageOfPage":{"@id":"https:\/\/truusk.store\/sv\/produkt\/truusk-spalje-set-om-3-vaxtspalje-for-inomhus-och-utomhusbruk-modular-design-stal-gron-38-x-38-x-182-cm\/#primaryimage"},"image":{"@id":"https:\/\/truusk.store\/sv\/produkt\/truusk-spalje-set-om-3-vaxtspalje-for-inomhus-och-utomhusbruk-modular-design-stal-gron-38-x-38-x-182-cm\/#primaryimage"},"thumbnailUrl":"https:\/\/i0.wp.com\/truusk.store\/wp-content\/uploads\/2024\/02\/spalje-set-om-3-vaxtspalje-modular-design-for-utomhus-och-inomhusbruk-stal-gron-38-x-38-x-182-cm.webp?fit=800%2C800&ssl=1","datePublished":"2024-02-14T01:49:31+00:00","dateModified":"2026-03-12T08:16:26+00:00","breadcrumb":{"@id":"https:\/\/truusk.store\/sv\/produkt\/truusk-spalje-set-om-3-vaxtspalje-for-inomhus-och-utomhusbruk-modular-design-stal-gron-38-x-38-x-182-cm\/#breadcrumb"},"inLanguage":"sv-SE","potentialAction":[{"@type":"ReadAction","target":["https:\/\/truusk.store\/sv\/produkt\/truusk-spalje-set-om-3-vaxtspalje-for-inomhus-och-utomhusbruk-modular-design-stal-gron-38-x-38-x-182-cm\/"]}]},{"@type":"ImageObject","inLanguage":"sv-SE","@id":"https:\/\/truusk.store\/sv\/produkt\/truusk-spalje-set-om-3-vaxtspalje-for-inomhus-och-utomhusbruk-modular-design-stal-gron-38-x-38-x-182-cm\/#primaryimage","url":"https:\/\/i0.wp.com\/truusk.store\/wp-content\/uploads\/2024\/02\/spalje-set-om-3-vaxtspalje-modular-design-for-utomhus-och-inomhusbruk-stal-gron-38-x-38-x-182-cm.webp?fit=800%2C800&ssl=1","contentUrl":"https:\/\/i0.wp.com\/truusk.store\/wp-content\/uploads\/2024\/02\/spalje-set-om-3-vaxtspalje-modular-design-for-utomhus-och-inomhusbruk-stal-gron-38-x-38-x-182-cm.webp?fit=800%2C800&ssl=1","width":800,"height":800,"caption":"Spalj\u00e9, Set Om 3, V\u00e4xtspalj\u00e9, Modul\u00e4r Design, F\u00f6r Utomhus- Och Inomhusbruk, St\u00e5l, Gr\u00f6n, 38 X 38 X 182 Cm 1"},{"@type":"BreadcrumbList","@id":"https:\/\/truusk.store\/sv\/produkt\/truusk-spalje-set-om-3-vaxtspalje-for-inomhus-och-utomhusbruk-modular-design-stal-gron-38-x-38-x-182-cm\/#breadcrumb","itemListElement":[{"@type":"ListItem","position":1,"name":"Home","item":"https:\/\/truusk.store\/sv\/"},{"@type":"ListItem","position":2,"name":"Shop","item":"https:\/\/truusk.store\/shop\/"},{"@type":"ListItem","position":3,"name":"TRUUSK Spalj\u00e9 Set om 3 &#8211; V\u00e4xtspalj\u00e9 f\u00f6r Inomhus- och Utomhusbruk &#8211; Modul\u00e4r Design &#8211; St\u00e5l &#8211; Gr\u00f6n &#8211; 38 x 38 x 182 cm"}]},{"@type":"WebSite","@id":"https:\/\/truusk.store\/sv\/#website","url":"https:\/\/truusk.store\/sv\/","name":"TRUUSK - Hem, Tr\u00e4dg\u00e5rd & Fritid","description":"","publisher":{"@id":"https:\/\/truusk.store\/sv\/#organization"},"potentialAction":[{"@type":"SearchAction","target":{"@type":"EntryPoint","urlTemplate":"https:\/\/truusk.store\/sv\/?s={search_term_string}"},"query-input":{"@type":"PropertyValueSpecification","valueRequired":true,"valueName":"search_term_string"}}],"inLanguage":"sv-SE"},{"@type":"Organization","@id":"https:\/\/truusk.store\/sv\/#organization","name":"TRUUSK - Hem, Tr\u00e4dg\u00e5rd & Fritid","url":"https:\/\/truusk.store\/sv\/","logo":{"@type":"ImageObject","inLanguage":"sv-SE","@id":"https:\/\/truusk.store\/sv\/#\/schema\/logo\/image\/","url":"https:\/\/i0.wp.com\/truusk.store\/wp-content\/uploads\/2026\/03\/cropped-TRUUSK.png?fit=2032%2C917&ssl=1","contentUrl":"https:\/\/i0.wp.com\/truusk.store\/wp-content\/uploads\/2026\/03\/cropped-TRUUSK.png?fit=2032%2C917&ssl=1","width":2032,"height":917,"caption":"TRUUSK - Hem, Tr\u00e4dg\u00e5rd & Fritid"},"image":{"@id":"https:\/\/truusk.store\/sv\/#\/schema\/logo\/image\/"}}]}},"jetpack_sharing_enabled":true,"_links":{"self":[{"href":"https:\/\/truusk.store\/sv\/wp-json\/wp\/v2\/product\/40518","targetHints":{"allow":["GET"]}}],"collection":[{"href":"https:\/\/truusk.store\/sv\/wp-json\/wp\/v2\/product"}],"about":[{"href":"https:\/\/truusk.store\/sv\/wp-json\/wp\/v2\/types\/product"}],"wp:featuredmedia":[{"embeddable":true,"href":"https:\/\/truusk.store\/sv\/wp-json\/wp\/v2\/media\/40519"}],"wp:attachment":[{"href":"https:\/\/truusk.store\/sv\/wp-json\/wp\/v2\/media?parent=40518"}],"wp:term":[{"taxonomy":"product_brand","embeddable":true,"href":"https:\/\/truusk.store\/sv\/wp-json\/wp\/v2\/product_brand?post=40518"},{"taxonomy":"product_cat","embeddable":true,"href":"https:\/\/truusk.store\/sv\/wp-json\/wp\/v2\/product_cat?post=40518"},{"taxonomy":"product_tag","embeddable":true,"href":"https:\/\/truusk.store\/sv\/wp-json\/wp\/v2\/product_tag?post=40518"}],"curies":[{"name":"wp","href":"https:\/\/api.w.org\/{rel}","templated":true}]}}