{"id":40528,"date":"2024-02-14T02:49:49","date_gmt":"2024-02-14T01:49:49","guid":{"rendered":"https:\/\/truusk.store\/product\/vaxtkruka-malat-stal-vaderbestandig-91-cm-x-22-cm-x-22-cm-gra\/"},"modified":"2026-03-12T09:16:27","modified_gmt":"2026-03-12T08:16:27","slug":"truusk-blomkruka-i-malat-stal-vaderbestandig-91x22x22-cm-gra","status":"publish","type":"product","link":"https:\/\/truusk.store\/sv\/produkt\/truusk-blomkruka-i-malat-stal-vaderbestandig-91x22x22-cm-gra\/","title":{"rendered":"TRUUSK Blomkruka i M\u00e5lat St\u00e5l &#8211; V\u00e4derbest\u00e4ndig &#8211; 91x22x22 cm &#8211; Gr\u00e5"},"content":{"rendered":"<p>Denna plantera \u00e4r ett vackert s\u00e4tt att f\u00f6rsk\u00f6na din tr\u00e4dg\u00e5rd. Det ger blommor, v\u00e4xter och gr\u00f6nsaker gott om plats att v\u00e4xa. Tillverkad av behandlat, m\u00e5lat st\u00e5l, \u00e4r den idealisk f\u00f6r l\u00e5ngvarig utomhusbruk. V\u00e4xtkrukor h\u00e5ller ogr\u00e4s borta fr\u00e5n dina v\u00e4xter, s\u00e4kerst\u00e4ller bra dr\u00e4nering och fungerar som ett skadedjursavskr\u00e4ckande medel. Denna planteringsmaskin \u00e4r ocks\u00e5 ett bra s\u00e4tt att l\u00e4gga till gr\u00f6nska till ditt uteomr\u00e5de.<\/p>\n<h3>Beskrivning:<\/h3>\n<ul>\n<li>Ett bra och enkelt s\u00e4tt att plantera din tr\u00e4dg\u00e5rd<\/li>\n<li>Robust, t\u00e5ligt st\u00e5l f\u00f6r ett stabilt stativ<\/li>\n<li>Med dr\u00e4nerings\u00f6ppning f\u00f6r att f\u00f6rhindra \u00f6vervattning<\/li>\n<li>Extra djup jord, perfekt f\u00f6r v\u00e4xter med l\u00e5nga r\u00f6tter<\/li>\n<li>Kan anv\u00e4ndas i din tr\u00e4dg\u00e5rd, veranda eller inomhus<\/li>\n<li>L\u00e4tt att montera<\/li>\n<\/ul>\n<h3>Teknisk data:<\/h3>\n<ul>\n<li>F\u00e4rg gr\u00e5<\/li>\n<li>Material: st\u00e5l<\/li>\n<li>\u00d6vergripande m\u00e5tt: 91L x 22W x 22H cm<\/li>\n<li>Planteringsyta storlek: 85L x 16,5W x 19H cm<\/li>\n<li>H\u00e5lstorlek: 2 cm<\/li>\n<\/ul>\n<h3>Leveransens omfattning:<\/h3>\n<ul>\n<li>1 x l\u00e5ng plantering<\/li>\n<li>1 x Instruktioner<\/li>\n<\/ul>\n","protected":false},"excerpt":{"rendered":"<p>Denna plantera \u00e4r ett vackert s\u00e4tt att f\u00f6rsk\u00f6na din tr\u00e4dg\u00e5rd. Det ger blommor, v\u00e4xter och gr\u00f6nsaker gott om plats att&#8230;<\/p>\n","protected":false},"featured_media":40529,"template":"","meta":[],"product_brand":[],"product_cat":[447,435,443],"product_tag":[],"class_list":{"0":"post-40528","1":"product","2":"type-product","3":"status-publish","4":"has-post-thumbnail","6":"product_cat-planteringsmaskiner","7":"product_cat-tradgard-och-terrass","8":"product_cat-vaxthus-tradgardsskotsel","10":"first","11":"instock","12":"sale","13":"taxable","14":"shipping-taxable","15":"purchasable","16":"product-type-simple"},"yoast_head":"<!-- This site is optimized with the Yoast SEO plugin v25.4 - https:\/\/yoast.com\/wordpress\/plugins\/seo\/ -->\n<title>TRUUSK Blomkruka i M\u00e5lat St\u00e5l - V\u00e4derbest\u00e4ndig - 91x22x22 cm - Gr\u00e5 - TRUUSK - Hem, Tr\u00e4dg\u00e5rd &amp; Fritid<\/title>\n<meta name=\"robots\" content=\"index, follow, max-snippet:-1, max-image-preview:large, max-video-preview:-1\" \/>\n<link rel=\"canonical\" href=\"https:\/\/truusk.store\/sv\/produkt\/truusk-blomkruka-i-malat-stal-vaderbestandig-91x22x22-cm-gra\/\" \/>\n<meta property=\"og:locale\" content=\"sv_SE\" \/>\n<meta property=\"og:type\" content=\"article\" \/>\n<meta property=\"og:title\" content=\"TRUUSK Blomkruka i M\u00e5lat St\u00e5l - V\u00e4derbest\u00e4ndig - 91x22x22 cm - Gr\u00e5 - TRUUSK - Hem, Tr\u00e4dg\u00e5rd &amp; Fritid\" \/>\n<meta property=\"og:description\" content=\"Denna plantera \u00e4r ett vackert s\u00e4tt att f\u00f6rsk\u00f6na din tr\u00e4dg\u00e5rd. Det ger blommor, v\u00e4xter och gr\u00f6nsaker gott om plats att...\" \/>\n<meta property=\"og:url\" content=\"https:\/\/truusk.store\/sv\/produkt\/truusk-blomkruka-i-malat-stal-vaderbestandig-91x22x22-cm-gra\/\" \/>\n<meta property=\"og:site_name\" content=\"TRUUSK - Hem, Tr\u00e4dg\u00e5rd &amp; Fritid\" \/>\n<meta property=\"article:modified_time\" content=\"2026-03-12T08:16:27+00:00\" \/>\n<meta property=\"og:image\" content=\"https:\/\/i0.wp.com\/truusk.se\/wp-content\/uploads\/2024\/02\/vaxtkruka-malat-stal-vaderbestandig-91-cm-x-22-cm-x-22-cm-gra.webp?fit=800%2C800&ssl=1\" \/>\n\t<meta property=\"og:image:width\" content=\"800\" \/>\n\t<meta property=\"og:image:height\" content=\"800\" \/>\n\t<meta property=\"og:image:type\" content=\"image\/webp\" \/>\n<meta name=\"twitter:card\" content=\"summary_large_image\" \/>\n<meta name=\"twitter:label1\" content=\"Ber\u00e4knad l\u00e4stid\" \/>\n\t<meta name=\"twitter:data1\" content=\"1 minut\" \/>\n<!-- \/ Yoast SEO plugin. -->","yoast_head_json":{"title":"TRUUSK Blomkruka i M\u00e5lat St\u00e5l - V\u00e4derbest\u00e4ndig - 91x22x22 cm - Gr\u00e5 - TRUUSK - Hem, Tr\u00e4dg\u00e5rd &amp; Fritid","robots":{"index":"index","follow":"follow","max-snippet":"max-snippet:-1","max-image-preview":"max-image-preview:large","max-video-preview":"max-video-preview:-1"},"canonical":"https:\/\/truusk.store\/sv\/produkt\/truusk-blomkruka-i-malat-stal-vaderbestandig-91x22x22-cm-gra\/","og_locale":"sv_SE","og_type":"article","og_title":"TRUUSK Blomkruka i M\u00e5lat St\u00e5l - V\u00e4derbest\u00e4ndig - 91x22x22 cm - Gr\u00e5 - TRUUSK - Hem, Tr\u00e4dg\u00e5rd &amp; Fritid","og_description":"Denna plantera \u00e4r ett vackert s\u00e4tt att f\u00f6rsk\u00f6na din tr\u00e4dg\u00e5rd. Det ger blommor, v\u00e4xter och gr\u00f6nsaker gott om plats att...","og_url":"https:\/\/truusk.store\/sv\/produkt\/truusk-blomkruka-i-malat-stal-vaderbestandig-91x22x22-cm-gra\/","og_site_name":"TRUUSK - Hem, Tr\u00e4dg\u00e5rd &amp; Fritid","article_modified_time":"2026-03-12T08:16:27+00:00","og_image":[{"width":800,"height":800,"url":"https:\/\/i0.wp.com\/truusk.se\/wp-content\/uploads\/2024\/02\/vaxtkruka-malat-stal-vaderbestandig-91-cm-x-22-cm-x-22-cm-gra.webp?fit=800%2C800&ssl=1","type":"image\/webp"}],"twitter_card":"summary_large_image","twitter_misc":{"Ber\u00e4knad l\u00e4stid":"1 minut"},"schema":{"@context":"https:\/\/schema.org","@graph":[{"@type":"WebPage","@id":"https:\/\/truusk.store\/sv\/produkt\/truusk-blomkruka-i-malat-stal-vaderbestandig-91x22x22-cm-gra\/","url":"https:\/\/truusk.store\/sv\/produkt\/truusk-blomkruka-i-malat-stal-vaderbestandig-91x22x22-cm-gra\/","name":"TRUUSK Blomkruka i M\u00e5lat St\u00e5l - V\u00e4derbest\u00e4ndig - 91x22x22 cm - Gr\u00e5 - TRUUSK - Hem, Tr\u00e4dg\u00e5rd &amp; Fritid","isPartOf":{"@id":"https:\/\/truusk.store\/sv\/#website"},"primaryImageOfPage":{"@id":"https:\/\/truusk.store\/sv\/produkt\/truusk-blomkruka-i-malat-stal-vaderbestandig-91x22x22-cm-gra\/#primaryimage"},"image":{"@id":"https:\/\/truusk.store\/sv\/produkt\/truusk-blomkruka-i-malat-stal-vaderbestandig-91x22x22-cm-gra\/#primaryimage"},"thumbnailUrl":"https:\/\/i0.wp.com\/truusk.store\/wp-content\/uploads\/2024\/02\/vaxtkruka-malat-stal-vaderbestandig-91-cm-x-22-cm-x-22-cm-gra.webp?fit=800%2C800&ssl=1","datePublished":"2024-02-14T01:49:49+00:00","dateModified":"2026-03-12T08:16:27+00:00","breadcrumb":{"@id":"https:\/\/truusk.store\/sv\/produkt\/truusk-blomkruka-i-malat-stal-vaderbestandig-91x22x22-cm-gra\/#breadcrumb"},"inLanguage":"sv-SE","potentialAction":[{"@type":"ReadAction","target":["https:\/\/truusk.store\/sv\/produkt\/truusk-blomkruka-i-malat-stal-vaderbestandig-91x22x22-cm-gra\/"]}]},{"@type":"ImageObject","inLanguage":"sv-SE","@id":"https:\/\/truusk.store\/sv\/produkt\/truusk-blomkruka-i-malat-stal-vaderbestandig-91x22x22-cm-gra\/#primaryimage","url":"https:\/\/i0.wp.com\/truusk.store\/wp-content\/uploads\/2024\/02\/vaxtkruka-malat-stal-vaderbestandig-91-cm-x-22-cm-x-22-cm-gra.webp?fit=800%2C800&ssl=1","contentUrl":"https:\/\/i0.wp.com\/truusk.store\/wp-content\/uploads\/2024\/02\/vaxtkruka-malat-stal-vaderbestandig-91-cm-x-22-cm-x-22-cm-gra.webp?fit=800%2C800&ssl=1","width":800,"height":800,"caption":"V\u00e4xtkruka, M\u00e5lat St\u00e5l, V\u00e4derbest\u00e4ndig, 91 Cm X 22 Cm X 22 Cm, Gr\u00e5 1"},{"@type":"BreadcrumbList","@id":"https:\/\/truusk.store\/sv\/produkt\/truusk-blomkruka-i-malat-stal-vaderbestandig-91x22x22-cm-gra\/#breadcrumb","itemListElement":[{"@type":"ListItem","position":1,"name":"Home","item":"https:\/\/truusk.store\/sv\/"},{"@type":"ListItem","position":2,"name":"Shop","item":"https:\/\/truusk.store\/shop\/"},{"@type":"ListItem","position":3,"name":"TRUUSK Blomkruka i M\u00e5lat St\u00e5l &#8211; V\u00e4derbest\u00e4ndig &#8211; 91x22x22 cm &#8211; Gr\u00e5"}]},{"@type":"WebSite","@id":"https:\/\/truusk.store\/sv\/#website","url":"https:\/\/truusk.store\/sv\/","name":"TRUUSK - Hem, Tr\u00e4dg\u00e5rd & Fritid","description":"","publisher":{"@id":"https:\/\/truusk.store\/sv\/#organization"},"potentialAction":[{"@type":"SearchAction","target":{"@type":"EntryPoint","urlTemplate":"https:\/\/truusk.store\/sv\/?s={search_term_string}"},"query-input":{"@type":"PropertyValueSpecification","valueRequired":true,"valueName":"search_term_string"}}],"inLanguage":"sv-SE"},{"@type":"Organization","@id":"https:\/\/truusk.store\/sv\/#organization","name":"TRUUSK - Hem, Tr\u00e4dg\u00e5rd & Fritid","url":"https:\/\/truusk.store\/sv\/","logo":{"@type":"ImageObject","inLanguage":"sv-SE","@id":"https:\/\/truusk.store\/sv\/#\/schema\/logo\/image\/","url":"https:\/\/i0.wp.com\/truusk.store\/wp-content\/uploads\/2026\/03\/cropped-TRUUSK.png?fit=2032%2C917&ssl=1","contentUrl":"https:\/\/i0.wp.com\/truusk.store\/wp-content\/uploads\/2026\/03\/cropped-TRUUSK.png?fit=2032%2C917&ssl=1","width":2032,"height":917,"caption":"TRUUSK - Hem, Tr\u00e4dg\u00e5rd & Fritid"},"image":{"@id":"https:\/\/truusk.store\/sv\/#\/schema\/logo\/image\/"}}]}},"jetpack_sharing_enabled":true,"_links":{"self":[{"href":"https:\/\/truusk.store\/sv\/wp-json\/wp\/v2\/product\/40528","targetHints":{"allow":["GET"]}}],"collection":[{"href":"https:\/\/truusk.store\/sv\/wp-json\/wp\/v2\/product"}],"about":[{"href":"https:\/\/truusk.store\/sv\/wp-json\/wp\/v2\/types\/product"}],"wp:featuredmedia":[{"embeddable":true,"href":"https:\/\/truusk.store\/sv\/wp-json\/wp\/v2\/media\/40529"}],"wp:attachment":[{"href":"https:\/\/truusk.store\/sv\/wp-json\/wp\/v2\/media?parent=40528"}],"wp:term":[{"taxonomy":"product_brand","embeddable":true,"href":"https:\/\/truusk.store\/sv\/wp-json\/wp\/v2\/product_brand?post=40528"},{"taxonomy":"product_cat","embeddable":true,"href":"https:\/\/truusk.store\/sv\/wp-json\/wp\/v2\/product_cat?post=40528"},{"taxonomy":"product_tag","embeddable":true,"href":"https:\/\/truusk.store\/sv\/wp-json\/wp\/v2\/product_tag?post=40528"}],"curies":[{"name":"wp","href":"https:\/\/api.w.org\/{rel}","templated":true}]}}