{"id":40564,"date":"2024-02-14T02:51:03","date_gmt":"2024-02-14T01:51:03","guid":{"rendered":"https:\/\/truusk.store\/product\/upphojd-sang-vaxthus-3-delat-set-med-spalje-plastoverdrag-53-x-53-x-90-cm\/"},"modified":"2026-03-12T09:16:27","modified_gmt":"2026-03-12T08:16:27","slug":"truusk-upphojd-sang-vaxthus-3-delat-set-med-spalje-plastoverdrag-53-x-53-x-90-cm","status":"publish","type":"product","link":"https:\/\/truusk.store\/sv\/produkt\/truusk-upphojd-sang-vaxthus-3-delat-set-med-spalje-plastoverdrag-53-x-53-x-90-cm\/","title":{"rendered":"TRUUSK Upph\u00f6jd S\u00e4ng, V\u00e4xthus, 3-delat Set &#8211; Med Spalj\u00e9 &#8211; Plast\u00f6verdrag &#8211; 53 x 53 x 90 cm"},"content":{"rendered":"<p>Skulle du vilja odla vin eller odla kl\u00e4tterv\u00e4xter? D\u00e5 kommer detta v\u00e4xtl\u00e5dset att vara en oumb\u00e4rlig hj\u00e4lpreda, eftersom den kombinerar en upph\u00f6jd b\u00e4dd med en spalj\u00e9 och ett folieskydd f\u00f6r att g\u00f6ra v\u00e4xtl\u00e5dan till ett v\u00e4xthus vid behov. PVC-\u00f6verdraget h\u00e5ller inredningen vid den ideala temperaturen och fungerar som skydd mot skadedjur. Planteringsl\u00e5dan \u00e4r \u00f6ppen i botten f\u00f6r att l\u00e5ta \u00f6verfl\u00f6digt vatten rinna bort fritt och f\u00f6rhindra \u00f6vervattning.<\/p>\n<h3>Beskrivning:<\/h3>\n<ul>\n<li>3-i-1 set: h\u00f6gb\u00e4dd + v\u00e4xthus + spalj\u00e9<\/li>\n<li>Plantera f\u00e4rska tomater, \u00f6rter och blommor p\u00e5 spalj\u00e9n f\u00f6r att f\u00f6rhindra att plantorna vrider sig<\/li>\n<li>PVC-\u00f6verdrag h\u00e5ller v\u00e4rmen och s\u00e4kerst\u00e4ller god ljusgenomsl\u00e4pplighet<\/li>\n<li>\u00d6verdragets upprullningsf\u00f6nster s\u00e4kerst\u00e4ller god luftcirkulation<\/li>\n<li>Djup planteringsl\u00e5da med \u00f6ppen botten f\u00f6r v\u00e4xter med l\u00e5nga r\u00f6tter<\/li>\n<li>Montering kr\u00e4vs<\/li>\n<\/ul>\n<h3>Teknisk data:<\/h3>\n<ul>\n<li>F\u00e4rg: silver+gr\u00f6n<\/li>\n<li>Material: Galvaniserat st\u00e5l, PVC<\/li>\n<li>\u00d6vergripande m\u00e5tt: 53L x 53W x 90H cm<\/li>\n<li>M\u00e5tt p\u00e5 golvl\u00e5da: 53L x 53W x 29,5H cm<\/li>\n<li>M\u00e5tt p\u00e5 planteringsyta: 51L x 51W x 29,5H cm<\/li>\n<li>M\u00e5tt p\u00e5 rullf\u00f6nster: 29W x 68H cm<\/li>\n<li>M\u00e5tt per gallerv\u00e4gg: 44W x 70H cm<\/li>\n<li>Rymmer upp till 76L jord<\/li>\n<li>Vindt\u00e4thetsniv\u00e5: 4<\/li>\n<\/ul>\n<h3>Leveransens omfattning:<\/h3>\n<ul>\n<li>1 x upph\u00f6jd s\u00e4ng<\/li>\n<li>1 x PVC-\u00f6verdrag<\/li>\n<li>4 x spalj\u00e9<\/li>\n<li>1 x Instruktioner<\/li>\n<\/ul>\n","protected":false},"excerpt":{"rendered":"<p>Skulle du vilja odla vin eller odla kl\u00e4tterv\u00e4xter? D\u00e5 kommer detta v\u00e4xtl\u00e5dset att vara en oumb\u00e4rlig hj\u00e4lpreda, eftersom den kombinerar&#8230;<\/p>\n","protected":false},"featured_media":40565,"template":"","meta":[],"product_brand":[],"product_cat":[445,435,443],"product_tag":[],"class_list":{"0":"post-40564","1":"product","2":"type-product","3":"status-publish","4":"has-post-thumbnail","6":"product_cat-kalla-ramar","7":"product_cat-tradgard-och-terrass","8":"product_cat-vaxthus-tradgardsskotsel","10":"first","11":"instock","12":"sale","13":"taxable","14":"shipping-taxable","15":"purchasable","16":"product-type-simple"},"yoast_head":"<!-- This site is optimized with the Yoast SEO plugin v25.4 - https:\/\/yoast.com\/wordpress\/plugins\/seo\/ -->\n<title>TRUUSK Upph\u00f6jd S\u00e4ng, V\u00e4xthus, 3-delat Set - Med Spalj\u00e9 - Plast\u00f6verdrag - 53 x 53 x 90 cm - TRUUSK - Hem, Tr\u00e4dg\u00e5rd &amp; Fritid<\/title>\n<meta name=\"robots\" content=\"index, follow, max-snippet:-1, max-image-preview:large, max-video-preview:-1\" \/>\n<link rel=\"canonical\" href=\"https:\/\/truusk.store\/sv\/produkt\/truusk-upphojd-sang-vaxthus-3-delat-set-med-spalje-plastoverdrag-53-x-53-x-90-cm\/\" \/>\n<meta property=\"og:locale\" content=\"sv_SE\" \/>\n<meta property=\"og:type\" content=\"article\" \/>\n<meta property=\"og:title\" content=\"TRUUSK Upph\u00f6jd S\u00e4ng, V\u00e4xthus, 3-delat Set - Med Spalj\u00e9 - Plast\u00f6verdrag - 53 x 53 x 90 cm - TRUUSK - Hem, Tr\u00e4dg\u00e5rd &amp; Fritid\" \/>\n<meta property=\"og:description\" content=\"Skulle du vilja odla vin eller odla kl\u00e4tterv\u00e4xter? D\u00e5 kommer detta v\u00e4xtl\u00e5dset att vara en oumb\u00e4rlig hj\u00e4lpreda, eftersom den kombinerar...\" \/>\n<meta property=\"og:url\" content=\"https:\/\/truusk.store\/sv\/produkt\/truusk-upphojd-sang-vaxthus-3-delat-set-med-spalje-plastoverdrag-53-x-53-x-90-cm\/\" \/>\n<meta property=\"og:site_name\" content=\"TRUUSK - Hem, Tr\u00e4dg\u00e5rd &amp; Fritid\" \/>\n<meta property=\"article:modified_time\" content=\"2026-03-12T08:16:27+00:00\" \/>\n<meta property=\"og:image\" content=\"https:\/\/i0.wp.com\/truusk.se\/wp-content\/uploads\/2024\/02\/upphojd-sang-vaxthus-3-delat-set-med-spalje-plastoverdrag-53-x-53-x-90-cm.webp?fit=800%2C800&ssl=1\" \/>\n\t<meta property=\"og:image:width\" content=\"800\" \/>\n\t<meta property=\"og:image:height\" content=\"800\" \/>\n\t<meta property=\"og:image:type\" content=\"image\/webp\" \/>\n<meta name=\"twitter:card\" content=\"summary_large_image\" \/>\n<meta name=\"twitter:label1\" content=\"Ber\u00e4knad l\u00e4stid\" \/>\n\t<meta name=\"twitter:data1\" content=\"1 minut\" \/>\n<!-- \/ Yoast SEO plugin. -->","yoast_head_json":{"title":"TRUUSK Upph\u00f6jd S\u00e4ng, V\u00e4xthus, 3-delat Set - Med Spalj\u00e9 - Plast\u00f6verdrag - 53 x 53 x 90 cm - TRUUSK - Hem, Tr\u00e4dg\u00e5rd &amp; Fritid","robots":{"index":"index","follow":"follow","max-snippet":"max-snippet:-1","max-image-preview":"max-image-preview:large","max-video-preview":"max-video-preview:-1"},"canonical":"https:\/\/truusk.store\/sv\/produkt\/truusk-upphojd-sang-vaxthus-3-delat-set-med-spalje-plastoverdrag-53-x-53-x-90-cm\/","og_locale":"sv_SE","og_type":"article","og_title":"TRUUSK Upph\u00f6jd S\u00e4ng, V\u00e4xthus, 3-delat Set - Med Spalj\u00e9 - Plast\u00f6verdrag - 53 x 53 x 90 cm - TRUUSK - Hem, Tr\u00e4dg\u00e5rd &amp; Fritid","og_description":"Skulle du vilja odla vin eller odla kl\u00e4tterv\u00e4xter? D\u00e5 kommer detta v\u00e4xtl\u00e5dset att vara en oumb\u00e4rlig hj\u00e4lpreda, eftersom den kombinerar...","og_url":"https:\/\/truusk.store\/sv\/produkt\/truusk-upphojd-sang-vaxthus-3-delat-set-med-spalje-plastoverdrag-53-x-53-x-90-cm\/","og_site_name":"TRUUSK - Hem, Tr\u00e4dg\u00e5rd &amp; Fritid","article_modified_time":"2026-03-12T08:16:27+00:00","og_image":[{"width":800,"height":800,"url":"https:\/\/i0.wp.com\/truusk.se\/wp-content\/uploads\/2024\/02\/upphojd-sang-vaxthus-3-delat-set-med-spalje-plastoverdrag-53-x-53-x-90-cm.webp?fit=800%2C800&ssl=1","type":"image\/webp"}],"twitter_card":"summary_large_image","twitter_misc":{"Ber\u00e4knad l\u00e4stid":"1 minut"},"schema":{"@context":"https:\/\/schema.org","@graph":[{"@type":"WebPage","@id":"https:\/\/truusk.store\/sv\/produkt\/truusk-upphojd-sang-vaxthus-3-delat-set-med-spalje-plastoverdrag-53-x-53-x-90-cm\/","url":"https:\/\/truusk.store\/sv\/produkt\/truusk-upphojd-sang-vaxthus-3-delat-set-med-spalje-plastoverdrag-53-x-53-x-90-cm\/","name":"TRUUSK Upph\u00f6jd S\u00e4ng, V\u00e4xthus, 3-delat Set - Med Spalj\u00e9 - Plast\u00f6verdrag - 53 x 53 x 90 cm - TRUUSK - Hem, Tr\u00e4dg\u00e5rd &amp; Fritid","isPartOf":{"@id":"https:\/\/truusk.store\/sv\/#website"},"primaryImageOfPage":{"@id":"https:\/\/truusk.store\/sv\/produkt\/truusk-upphojd-sang-vaxthus-3-delat-set-med-spalje-plastoverdrag-53-x-53-x-90-cm\/#primaryimage"},"image":{"@id":"https:\/\/truusk.store\/sv\/produkt\/truusk-upphojd-sang-vaxthus-3-delat-set-med-spalje-plastoverdrag-53-x-53-x-90-cm\/#primaryimage"},"thumbnailUrl":"https:\/\/i0.wp.com\/truusk.store\/wp-content\/uploads\/2024\/02\/upphojd-sang-vaxthus-3-delat-set-med-spalje-plastoverdrag-53-x-53-x-90-cm.webp?fit=800%2C800&ssl=1","datePublished":"2024-02-14T01:51:03+00:00","dateModified":"2026-03-12T08:16:27+00:00","breadcrumb":{"@id":"https:\/\/truusk.store\/sv\/produkt\/truusk-upphojd-sang-vaxthus-3-delat-set-med-spalje-plastoverdrag-53-x-53-x-90-cm\/#breadcrumb"},"inLanguage":"sv-SE","potentialAction":[{"@type":"ReadAction","target":["https:\/\/truusk.store\/sv\/produkt\/truusk-upphojd-sang-vaxthus-3-delat-set-med-spalje-plastoverdrag-53-x-53-x-90-cm\/"]}]},{"@type":"ImageObject","inLanguage":"sv-SE","@id":"https:\/\/truusk.store\/sv\/produkt\/truusk-upphojd-sang-vaxthus-3-delat-set-med-spalje-plastoverdrag-53-x-53-x-90-cm\/#primaryimage","url":"https:\/\/i0.wp.com\/truusk.store\/wp-content\/uploads\/2024\/02\/upphojd-sang-vaxthus-3-delat-set-med-spalje-plastoverdrag-53-x-53-x-90-cm.webp?fit=800%2C800&ssl=1","contentUrl":"https:\/\/i0.wp.com\/truusk.store\/wp-content\/uploads\/2024\/02\/upphojd-sang-vaxthus-3-delat-set-med-spalje-plastoverdrag-53-x-53-x-90-cm.webp?fit=800%2C800&ssl=1","width":800,"height":800,"caption":"Upph\u00f6jd S\u00e4ng, V\u00e4xthus, 3-delat Set, Med Spalj\u00e9, Plast\u00f6verdrag, 53 X 53 X 90 Cm 1"},{"@type":"BreadcrumbList","@id":"https:\/\/truusk.store\/sv\/produkt\/truusk-upphojd-sang-vaxthus-3-delat-set-med-spalje-plastoverdrag-53-x-53-x-90-cm\/#breadcrumb","itemListElement":[{"@type":"ListItem","position":1,"name":"Home","item":"https:\/\/truusk.store\/sv\/"},{"@type":"ListItem","position":2,"name":"Shop","item":"https:\/\/truusk.store\/shop\/"},{"@type":"ListItem","position":3,"name":"TRUUSK Upph\u00f6jd S\u00e4ng, V\u00e4xthus, 3-delat Set &#8211; Med Spalj\u00e9 &#8211; Plast\u00f6verdrag &#8211; 53 x 53 x 90 cm"}]},{"@type":"WebSite","@id":"https:\/\/truusk.store\/sv\/#website","url":"https:\/\/truusk.store\/sv\/","name":"TRUUSK - Hem, Tr\u00e4dg\u00e5rd & Fritid","description":"","publisher":{"@id":"https:\/\/truusk.store\/sv\/#organization"},"potentialAction":[{"@type":"SearchAction","target":{"@type":"EntryPoint","urlTemplate":"https:\/\/truusk.store\/sv\/?s={search_term_string}"},"query-input":{"@type":"PropertyValueSpecification","valueRequired":true,"valueName":"search_term_string"}}],"inLanguage":"sv-SE"},{"@type":"Organization","@id":"https:\/\/truusk.store\/sv\/#organization","name":"TRUUSK - Hem, Tr\u00e4dg\u00e5rd & Fritid","url":"https:\/\/truusk.store\/sv\/","logo":{"@type":"ImageObject","inLanguage":"sv-SE","@id":"https:\/\/truusk.store\/sv\/#\/schema\/logo\/image\/","url":"https:\/\/i0.wp.com\/truusk.store\/wp-content\/uploads\/2026\/03\/cropped-TRUUSK.png?fit=2032%2C917&ssl=1","contentUrl":"https:\/\/i0.wp.com\/truusk.store\/wp-content\/uploads\/2026\/03\/cropped-TRUUSK.png?fit=2032%2C917&ssl=1","width":2032,"height":917,"caption":"TRUUSK - Hem, Tr\u00e4dg\u00e5rd & Fritid"},"image":{"@id":"https:\/\/truusk.store\/sv\/#\/schema\/logo\/image\/"}}]}},"jetpack_sharing_enabled":true,"_links":{"self":[{"href":"https:\/\/truusk.store\/sv\/wp-json\/wp\/v2\/product\/40564","targetHints":{"allow":["GET"]}}],"collection":[{"href":"https:\/\/truusk.store\/sv\/wp-json\/wp\/v2\/product"}],"about":[{"href":"https:\/\/truusk.store\/sv\/wp-json\/wp\/v2\/types\/product"}],"wp:featuredmedia":[{"embeddable":true,"href":"https:\/\/truusk.store\/sv\/wp-json\/wp\/v2\/media\/40565"}],"wp:attachment":[{"href":"https:\/\/truusk.store\/sv\/wp-json\/wp\/v2\/media?parent=40564"}],"wp:term":[{"taxonomy":"product_brand","embeddable":true,"href":"https:\/\/truusk.store\/sv\/wp-json\/wp\/v2\/product_brand?post=40564"},{"taxonomy":"product_cat","embeddable":true,"href":"https:\/\/truusk.store\/sv\/wp-json\/wp\/v2\/product_cat?post=40564"},{"taxonomy":"product_tag","embeddable":true,"href":"https:\/\/truusk.store\/sv\/wp-json\/wp\/v2\/product_tag?post=40564"}],"curies":[{"name":"wp","href":"https:\/\/api.w.org\/{rel}","templated":true}]}}