{"id":40574,"date":"2024-02-14T02:51:22","date_gmt":"2024-02-14T01:51:22","guid":{"rendered":"https:\/\/truusk.store\/product\/boxningsdocka-fristaende-hoj-och-sankbar-tung-bas-konstlader-svartgrabla-55-x-55-x-178-207-cm\/"},"modified":"2026-03-12T09:16:28","modified_gmt":"2026-03-12T08:16:28","slug":"truusk-boxningsdocka-fristaende-hoj-och-sankbar-tung-bas-konstlader-svartgrabla-55-x-55-x-178-207-cm","status":"publish","type":"product","link":"https:\/\/truusk.store\/sv\/produkt\/truusk-boxningsdocka-fristaende-hoj-och-sankbar-tung-bas-konstlader-svartgrabla-55-x-55-x-178-207-cm\/","title":{"rendered":"TRUUSK Boxningsdocka &#8211; Frist\u00e5ende &#8211; H\u00f6j- Och S\u00e4nkbar &#8211; Tung Bas &#8211; Konstl\u00e4der &#8211; Svart+gr\u00e5+bl\u00e5 &#8211; 55 X 55 X 178-207 Cm"},"content":{"rendered":"<p>Boxningstr\u00e4ning utmanar hela kroppen, s\u00e5 att du kan st\u00e4rka dina muskler, f\u00f6rb\u00e4ttra koordinationen och effektivt \u00f6ka din kondition. Men b\u00e4ttre \u00e4n en forml\u00f6s boxningsp\u00e5se \u00e4r denna realistiskt formade boxningsdocka. Det elastiska, robusta materialet och de f\u00e4rgkodade tr\u00e4ffomr\u00e5dena g\u00f6r att du kan tr\u00e4na effektivt och skonsamt p\u00e5 dina leder. Tack vare den fasta basen kommer dummyn aldrig att sl\u00e5s ut, oavsett hur h\u00e5rt du sparkar eller sl\u00e5r!<\/p>\n<h3>Beskrivning:<\/h3>\n<ul>\n<li>\u00d6kar kondition, styrka, koordination och hj\u00e4lper till att minska stress<\/li>\n<li>F\u00e4rgkodade tr\u00e4ffomr\u00e5den \u00e4r idealiska f\u00f6r att tr\u00e4na tr\u00e4ffprecision<\/li>\n<li>H\u00f6jden \u00e4r justerbar f\u00f6r att passa alla storlekar, fr\u00e5n sm\u00e5 ton\u00e5ringar till supertungviktare<\/li>\n<li>Basen kan fyllas med sand, vatten eller en blandning av b\u00e5da f\u00f6r att \u00f6ka stabiliteten<\/li>\n<li>Montering kr\u00e4vs<\/li>\n<\/ul>\n<h3>Teknisk data:<\/h3>\n<ul>\n<li>F\u00e4rg: Svart+Gr\u00e5+Bl\u00e5<\/li>\n<li>Material: HDPE, PVC, PU<\/li>\n<li>\u00d6vergripande m\u00e5tt: 55L x 55W x 178-207H cm<\/li>\n<li>M\u00e5tt stativ: 53 x 60H cm<\/li>\n<li>St\u00e4llets vikt: 40 kg (med vatten)\/50 kg (med sand)\/55 kg (med sand + vatten)<\/li>\n<\/ul>\n<h3>Leveransens omfattning:<\/h3>\n<ul>\n<li>1 x Punch Bag<\/li>\n<li>1 x Instruktioner<\/li>\n<\/ul>\n","protected":false},"excerpt":{"rendered":"<p>Boxningstr\u00e4ning utmanar hela kroppen, s\u00e5 att du kan st\u00e4rka dina muskler, f\u00f6rb\u00e4ttra koordinationen och effektivt \u00f6ka din kondition. Men b\u00e4ttre&#8230;<\/p>\n","protected":false},"featured_media":40575,"template":"","meta":[],"product_brand":[],"product_cat":[667,661,647],"product_tag":[],"class_list":{"0":"post-40574","1":"product","2":"type-product","3":"status-publish","4":"has-post-thumbnail","6":"product_cat-boxningssack","7":"product_cat-kondition-styrketraning","8":"product_cat-sport-fritid","10":"first","11":"instock","12":"sale","13":"taxable","14":"shipping-taxable","15":"purchasable","16":"product-type-simple"},"yoast_head":"<!-- This site is optimized with the Yoast SEO plugin v25.4 - https:\/\/yoast.com\/wordpress\/plugins\/seo\/ -->\n<title>TRUUSK Boxningsdocka - Frist\u00e5ende - H\u00f6j- Och S\u00e4nkbar - Tung Bas - Konstl\u00e4der - Svart+gr\u00e5+bl\u00e5 - 55 X 55 X 178-207 Cm - TRUUSK - Hem, Tr\u00e4dg\u00e5rd &amp; Fritid<\/title>\n<meta name=\"robots\" content=\"index, follow, max-snippet:-1, max-image-preview:large, max-video-preview:-1\" \/>\n<link rel=\"canonical\" href=\"https:\/\/truusk.store\/sv\/produkt\/truusk-boxningsdocka-fristaende-hoj-och-sankbar-tung-bas-konstlader-svartgrabla-55-x-55-x-178-207-cm\/\" \/>\n<meta property=\"og:locale\" content=\"sv_SE\" \/>\n<meta property=\"og:type\" content=\"article\" \/>\n<meta property=\"og:title\" content=\"TRUUSK Boxningsdocka - Frist\u00e5ende - H\u00f6j- Och S\u00e4nkbar - Tung Bas - Konstl\u00e4der - Svart+gr\u00e5+bl\u00e5 - 55 X 55 X 178-207 Cm - TRUUSK - Hem, Tr\u00e4dg\u00e5rd &amp; Fritid\" \/>\n<meta property=\"og:description\" content=\"Boxningstr\u00e4ning utmanar hela kroppen, s\u00e5 att du kan st\u00e4rka dina muskler, f\u00f6rb\u00e4ttra koordinationen och effektivt \u00f6ka din kondition. Men b\u00e4ttre...\" \/>\n<meta property=\"og:url\" content=\"https:\/\/truusk.store\/sv\/produkt\/truusk-boxningsdocka-fristaende-hoj-och-sankbar-tung-bas-konstlader-svartgrabla-55-x-55-x-178-207-cm\/\" \/>\n<meta property=\"og:site_name\" content=\"TRUUSK - Hem, Tr\u00e4dg\u00e5rd &amp; Fritid\" \/>\n<meta property=\"article:modified_time\" content=\"2026-03-12T08:16:28+00:00\" \/>\n<meta property=\"og:image\" content=\"https:\/\/i0.wp.com\/truusk.se\/wp-content\/uploads\/2024\/02\/boxningsdocka-fristaende-hoj-och-sankbar-tung-bas-konstlader-svartgrabla-55-x-55-x-178-207-cm.webp?fit=800%2C800&ssl=1\" \/>\n\t<meta property=\"og:image:width\" content=\"800\" \/>\n\t<meta property=\"og:image:height\" content=\"800\" \/>\n\t<meta property=\"og:image:type\" content=\"image\/webp\" \/>\n<meta name=\"twitter:card\" content=\"summary_large_image\" \/>\n<meta name=\"twitter:label1\" content=\"Ber\u00e4knad l\u00e4stid\" \/>\n\t<meta name=\"twitter:data1\" content=\"1 minut\" \/>\n<!-- \/ Yoast SEO plugin. -->","yoast_head_json":{"title":"TRUUSK Boxningsdocka - Frist\u00e5ende - H\u00f6j- Och S\u00e4nkbar - Tung Bas - Konstl\u00e4der - Svart+gr\u00e5+bl\u00e5 - 55 X 55 X 178-207 Cm - TRUUSK - Hem, Tr\u00e4dg\u00e5rd &amp; Fritid","robots":{"index":"index","follow":"follow","max-snippet":"max-snippet:-1","max-image-preview":"max-image-preview:large","max-video-preview":"max-video-preview:-1"},"canonical":"https:\/\/truusk.store\/sv\/produkt\/truusk-boxningsdocka-fristaende-hoj-och-sankbar-tung-bas-konstlader-svartgrabla-55-x-55-x-178-207-cm\/","og_locale":"sv_SE","og_type":"article","og_title":"TRUUSK Boxningsdocka - Frist\u00e5ende - H\u00f6j- Och S\u00e4nkbar - Tung Bas - Konstl\u00e4der - Svart+gr\u00e5+bl\u00e5 - 55 X 55 X 178-207 Cm - TRUUSK - Hem, Tr\u00e4dg\u00e5rd &amp; Fritid","og_description":"Boxningstr\u00e4ning utmanar hela kroppen, s\u00e5 att du kan st\u00e4rka dina muskler, f\u00f6rb\u00e4ttra koordinationen och effektivt \u00f6ka din kondition. Men b\u00e4ttre...","og_url":"https:\/\/truusk.store\/sv\/produkt\/truusk-boxningsdocka-fristaende-hoj-och-sankbar-tung-bas-konstlader-svartgrabla-55-x-55-x-178-207-cm\/","og_site_name":"TRUUSK - Hem, Tr\u00e4dg\u00e5rd &amp; Fritid","article_modified_time":"2026-03-12T08:16:28+00:00","og_image":[{"width":800,"height":800,"url":"https:\/\/i0.wp.com\/truusk.se\/wp-content\/uploads\/2024\/02\/boxningsdocka-fristaende-hoj-och-sankbar-tung-bas-konstlader-svartgrabla-55-x-55-x-178-207-cm.webp?fit=800%2C800&ssl=1","type":"image\/webp"}],"twitter_card":"summary_large_image","twitter_misc":{"Ber\u00e4knad l\u00e4stid":"1 minut"},"schema":{"@context":"https:\/\/schema.org","@graph":[{"@type":"WebPage","@id":"https:\/\/truusk.store\/sv\/produkt\/truusk-boxningsdocka-fristaende-hoj-och-sankbar-tung-bas-konstlader-svartgrabla-55-x-55-x-178-207-cm\/","url":"https:\/\/truusk.store\/sv\/produkt\/truusk-boxningsdocka-fristaende-hoj-och-sankbar-tung-bas-konstlader-svartgrabla-55-x-55-x-178-207-cm\/","name":"TRUUSK Boxningsdocka - Frist\u00e5ende - H\u00f6j- Och S\u00e4nkbar - Tung Bas - Konstl\u00e4der - Svart+gr\u00e5+bl\u00e5 - 55 X 55 X 178-207 Cm - TRUUSK - Hem, Tr\u00e4dg\u00e5rd &amp; Fritid","isPartOf":{"@id":"https:\/\/truusk.store\/sv\/#website"},"primaryImageOfPage":{"@id":"https:\/\/truusk.store\/sv\/produkt\/truusk-boxningsdocka-fristaende-hoj-och-sankbar-tung-bas-konstlader-svartgrabla-55-x-55-x-178-207-cm\/#primaryimage"},"image":{"@id":"https:\/\/truusk.store\/sv\/produkt\/truusk-boxningsdocka-fristaende-hoj-och-sankbar-tung-bas-konstlader-svartgrabla-55-x-55-x-178-207-cm\/#primaryimage"},"thumbnailUrl":"https:\/\/i0.wp.com\/truusk.store\/wp-content\/uploads\/2024\/02\/boxningsdocka-fristaende-hoj-och-sankbar-tung-bas-konstlader-svartgrabla-55-x-55-x-178-207-cm.webp?fit=800%2C800&ssl=1","datePublished":"2024-02-14T01:51:22+00:00","dateModified":"2026-03-12T08:16:28+00:00","breadcrumb":{"@id":"https:\/\/truusk.store\/sv\/produkt\/truusk-boxningsdocka-fristaende-hoj-och-sankbar-tung-bas-konstlader-svartgrabla-55-x-55-x-178-207-cm\/#breadcrumb"},"inLanguage":"sv-SE","potentialAction":[{"@type":"ReadAction","target":["https:\/\/truusk.store\/sv\/produkt\/truusk-boxningsdocka-fristaende-hoj-och-sankbar-tung-bas-konstlader-svartgrabla-55-x-55-x-178-207-cm\/"]}]},{"@type":"ImageObject","inLanguage":"sv-SE","@id":"https:\/\/truusk.store\/sv\/produkt\/truusk-boxningsdocka-fristaende-hoj-och-sankbar-tung-bas-konstlader-svartgrabla-55-x-55-x-178-207-cm\/#primaryimage","url":"https:\/\/i0.wp.com\/truusk.store\/wp-content\/uploads\/2024\/02\/boxningsdocka-fristaende-hoj-och-sankbar-tung-bas-konstlader-svartgrabla-55-x-55-x-178-207-cm.webp?fit=800%2C800&ssl=1","contentUrl":"https:\/\/i0.wp.com\/truusk.store\/wp-content\/uploads\/2024\/02\/boxningsdocka-fristaende-hoj-och-sankbar-tung-bas-konstlader-svartgrabla-55-x-55-x-178-207-cm.webp?fit=800%2C800&ssl=1","width":800,"height":800,"caption":"Boxningsdocka, Frist\u00e5ende, H\u00f6j- Och S\u00e4nkbar, Tung Bas, Konstl\u00e4der, Svart+gr\u00e5+bl\u00e5, 55 X 55 X 178-207 Cm 1"},{"@type":"BreadcrumbList","@id":"https:\/\/truusk.store\/sv\/produkt\/truusk-boxningsdocka-fristaende-hoj-och-sankbar-tung-bas-konstlader-svartgrabla-55-x-55-x-178-207-cm\/#breadcrumb","itemListElement":[{"@type":"ListItem","position":1,"name":"Home","item":"https:\/\/truusk.store\/sv\/"},{"@type":"ListItem","position":2,"name":"Shop","item":"https:\/\/truusk.store\/shop\/"},{"@type":"ListItem","position":3,"name":"TRUUSK Boxningsdocka &#8211; Frist\u00e5ende &#8211; H\u00f6j- Och S\u00e4nkbar &#8211; Tung Bas &#8211; Konstl\u00e4der &#8211; Svart+gr\u00e5+bl\u00e5 &#8211; 55 X 55 X 178-207 Cm"}]},{"@type":"WebSite","@id":"https:\/\/truusk.store\/sv\/#website","url":"https:\/\/truusk.store\/sv\/","name":"TRUUSK - Hem, Tr\u00e4dg\u00e5rd & Fritid","description":"","publisher":{"@id":"https:\/\/truusk.store\/sv\/#organization"},"potentialAction":[{"@type":"SearchAction","target":{"@type":"EntryPoint","urlTemplate":"https:\/\/truusk.store\/sv\/?s={search_term_string}"},"query-input":{"@type":"PropertyValueSpecification","valueRequired":true,"valueName":"search_term_string"}}],"inLanguage":"sv-SE"},{"@type":"Organization","@id":"https:\/\/truusk.store\/sv\/#organization","name":"TRUUSK - Hem, Tr\u00e4dg\u00e5rd & Fritid","url":"https:\/\/truusk.store\/sv\/","logo":{"@type":"ImageObject","inLanguage":"sv-SE","@id":"https:\/\/truusk.store\/sv\/#\/schema\/logo\/image\/","url":"https:\/\/i0.wp.com\/truusk.store\/wp-content\/uploads\/2026\/03\/cropped-TRUUSK.png?fit=2032%2C917&ssl=1","contentUrl":"https:\/\/i0.wp.com\/truusk.store\/wp-content\/uploads\/2026\/03\/cropped-TRUUSK.png?fit=2032%2C917&ssl=1","width":2032,"height":917,"caption":"TRUUSK - Hem, Tr\u00e4dg\u00e5rd & Fritid"},"image":{"@id":"https:\/\/truusk.store\/sv\/#\/schema\/logo\/image\/"}}]}},"jetpack_sharing_enabled":true,"_links":{"self":[{"href":"https:\/\/truusk.store\/sv\/wp-json\/wp\/v2\/product\/40574","targetHints":{"allow":["GET"]}}],"collection":[{"href":"https:\/\/truusk.store\/sv\/wp-json\/wp\/v2\/product"}],"about":[{"href":"https:\/\/truusk.store\/sv\/wp-json\/wp\/v2\/types\/product"}],"wp:featuredmedia":[{"embeddable":true,"href":"https:\/\/truusk.store\/sv\/wp-json\/wp\/v2\/media\/40575"}],"wp:attachment":[{"href":"https:\/\/truusk.store\/sv\/wp-json\/wp\/v2\/media?parent=40574"}],"wp:term":[{"taxonomy":"product_brand","embeddable":true,"href":"https:\/\/truusk.store\/sv\/wp-json\/wp\/v2\/product_brand?post=40574"},{"taxonomy":"product_cat","embeddable":true,"href":"https:\/\/truusk.store\/sv\/wp-json\/wp\/v2\/product_cat?post=40574"},{"taxonomy":"product_tag","embeddable":true,"href":"https:\/\/truusk.store\/sv\/wp-json\/wp\/v2\/product_tag?post=40574"}],"curies":[{"name":"wp","href":"https:\/\/api.w.org\/{rel}","templated":true}]}}