{"id":40584,"date":"2024-02-14T02:51:40","date_gmt":"2024-02-14T01:51:40","guid":{"rendered":"https:\/\/truusk.store\/product\/upphojd-badd-i-rustik-design-vaxttrag-inklusive-spalje-vaderbestandigt-behandlat-massivt-tra\/"},"modified":"2026-03-12T09:16:29","modified_gmt":"2026-03-12T08:16:29","slug":"truusk-upphojd-badd-i-rustik-design-vaxttrag-med-spalje-vaderbestandigt-massivt-tra-for-utomhusbruk-naturlig-finish","status":"publish","type":"product","link":"https:\/\/truusk.store\/sv\/produkt\/truusk-upphojd-badd-i-rustik-design-vaxttrag-med-spalje-vaderbestandigt-massivt-tra-for-utomhusbruk-naturlig-finish\/","title":{"rendered":"TRUUSK Upph\u00f6jd B\u00e4dd i Rustik Design &#8211; V\u00e4xttr\u00e5g med Spalj\u00e9 &#8211; V\u00e4derbest\u00e4ndigt Massivt Tr\u00e4 &#8211; F\u00f6r Utomhusbruk &#8211; Naturlig Finish"},"content":{"rendered":"<p>Denna upph\u00f6jda s\u00e4ng kommer i en rustik design. S\u00e4ngen \u00e4r gjord av glaserat, stabilt och slitstarkt massivt tr\u00e4 och har en spalj\u00e9 f\u00f6r kl\u00e4tterv\u00e4xter. Denna h\u00f6gb\u00e4dd skyddar dina v\u00e4xter fr\u00e5n skadedjur, frost och andra v\u00e4derp\u00e5verkan. Den unika designen p\u00e5 dessa upph\u00f6jda b\u00e4ddar p\u00e5minner om fat och ger varje tr\u00e4dg\u00e5rd ett rustikt utseende.<\/p>\n<h3>Beskrivning:<\/h3>\n<ul>\n<li>2 planteringsb\u00e4ddar ger gott om plats f\u00f6r plantering av gr\u00f6nsaker, blommor och \u00f6rter<\/li>\n<li>Inkluderar kl\u00e4tterhj\u00e4lp f\u00f6r kl\u00e4tterv\u00e4xter<\/li>\n<li>Tillverkad av glaserat massivt tr\u00e4, v\u00e4l l\u00e4mpad f\u00f6r utomhusbruk<\/li>\n<li>Belagd med vattenbaserad f\u00e4rg<\/li>\n<li>Fe p\u00e5 botten h\u00e5ller planteringsk\u00e4rlen stabila och p\u00e5 plats<\/li>\n<li>Montering kr\u00e4vs<\/li>\n<\/ul>\n<h3>Teknisk data:<\/h3>\n<ul>\n<li>F\u00e4rg brun<\/li>\n<li>Material: gran<\/li>\n<li>Totala m\u00e5tt: 45L x 45W x 80H cm<\/li>\n<li>Enkel planteringsl\u00e5da<\/li>\n<li>Produktdata: 45W x 18D x 17H cm<\/li>\n<li>Inv\u00e4ndig planteringsyta: 34W x 15D x 14H cm<\/li>\n<li>Produktdata spalj\u00e9: 45W x 30H cm<\/li>\n<li>Foth\u00f6jd: 12 cm<\/li>\n<li>Viktkapacitet: 25 kg (per l\u00e5da)<\/li>\n<li>Rymmer upp till 7 L jord per planteringsmaskin<\/li>\n<\/ul>\n<h3>Leveransens omfattning:<\/h3>\n<ul>\n<li>1 x tr\u00e4dg\u00e5rdss\u00e4ng<\/li>\n<li>1 x Instruktioner<\/li>\n<\/ul>\n","protected":false},"excerpt":{"rendered":"<p>Denna upph\u00f6jda s\u00e4ng kommer i en rustik design. S\u00e4ngen \u00e4r gjord av glaserat, stabilt och slitstarkt massivt tr\u00e4 och har&#8230;<\/p>\n","protected":false},"featured_media":40585,"template":"","meta":[],"product_brand":[],"product_cat":[447,435,443],"product_tag":[],"class_list":{"0":"post-40584","1":"product","2":"type-product","3":"status-publish","4":"has-post-thumbnail","6":"product_cat-planteringsmaskiner","7":"product_cat-tradgard-och-terrass","8":"product_cat-vaxthus-tradgardsskotsel","10":"first","11":"instock","12":"sale","13":"taxable","14":"shipping-taxable","15":"purchasable","16":"product-type-simple"},"yoast_head":"<!-- This site is optimized with the Yoast SEO plugin v25.4 - https:\/\/yoast.com\/wordpress\/plugins\/seo\/ -->\n<title>TRUUSK Upph\u00f6jd B\u00e4dd i Rustik Design - V\u00e4xttr\u00e5g med Spalj\u00e9 - V\u00e4derbest\u00e4ndigt Massivt Tr\u00e4 - F\u00f6r Utomhusbruk - Naturlig Finish - TRUUSK - Hem, Tr\u00e4dg\u00e5rd &amp; Fritid<\/title>\n<meta name=\"robots\" content=\"index, follow, max-snippet:-1, max-image-preview:large, max-video-preview:-1\" \/>\n<link rel=\"canonical\" href=\"https:\/\/truusk.store\/sv\/produkt\/truusk-upphojd-badd-i-rustik-design-vaxttrag-med-spalje-vaderbestandigt-massivt-tra-for-utomhusbruk-naturlig-finish\/\" \/>\n<meta property=\"og:locale\" content=\"sv_SE\" \/>\n<meta property=\"og:type\" content=\"article\" \/>\n<meta property=\"og:title\" content=\"TRUUSK Upph\u00f6jd B\u00e4dd i Rustik Design - V\u00e4xttr\u00e5g med Spalj\u00e9 - V\u00e4derbest\u00e4ndigt Massivt Tr\u00e4 - F\u00f6r Utomhusbruk - Naturlig Finish - TRUUSK - Hem, Tr\u00e4dg\u00e5rd &amp; Fritid\" \/>\n<meta property=\"og:description\" content=\"Denna upph\u00f6jda s\u00e4ng kommer i en rustik design. S\u00e4ngen \u00e4r gjord av glaserat, stabilt och slitstarkt massivt tr\u00e4 och har...\" \/>\n<meta property=\"og:url\" content=\"https:\/\/truusk.store\/sv\/produkt\/truusk-upphojd-badd-i-rustik-design-vaxttrag-med-spalje-vaderbestandigt-massivt-tra-for-utomhusbruk-naturlig-finish\/\" \/>\n<meta property=\"og:site_name\" content=\"TRUUSK - Hem, Tr\u00e4dg\u00e5rd &amp; Fritid\" \/>\n<meta property=\"article:modified_time\" content=\"2026-03-12T08:16:29+00:00\" \/>\n<meta property=\"og:image\" content=\"https:\/\/i0.wp.com\/truusk.se\/wp-content\/uploads\/2024\/02\/upphojd-badd-i-rustik-design-vaxttrag-inklusive-spalje-vaderbestandigt-behandlat-massivt-tra.webp?fit=800%2C800&ssl=1\" \/>\n\t<meta property=\"og:image:width\" content=\"800\" \/>\n\t<meta property=\"og:image:height\" content=\"800\" \/>\n\t<meta property=\"og:image:type\" content=\"image\/webp\" \/>\n<meta name=\"twitter:card\" content=\"summary_large_image\" \/>\n<meta name=\"twitter:label1\" content=\"Ber\u00e4knad l\u00e4stid\" \/>\n\t<meta name=\"twitter:data1\" content=\"1 minut\" \/>\n<!-- \/ Yoast SEO plugin. -->","yoast_head_json":{"title":"TRUUSK Upph\u00f6jd B\u00e4dd i Rustik Design - V\u00e4xttr\u00e5g med Spalj\u00e9 - V\u00e4derbest\u00e4ndigt Massivt Tr\u00e4 - F\u00f6r Utomhusbruk - Naturlig Finish - TRUUSK - Hem, Tr\u00e4dg\u00e5rd &amp; Fritid","robots":{"index":"index","follow":"follow","max-snippet":"max-snippet:-1","max-image-preview":"max-image-preview:large","max-video-preview":"max-video-preview:-1"},"canonical":"https:\/\/truusk.store\/sv\/produkt\/truusk-upphojd-badd-i-rustik-design-vaxttrag-med-spalje-vaderbestandigt-massivt-tra-for-utomhusbruk-naturlig-finish\/","og_locale":"sv_SE","og_type":"article","og_title":"TRUUSK Upph\u00f6jd B\u00e4dd i Rustik Design - V\u00e4xttr\u00e5g med Spalj\u00e9 - V\u00e4derbest\u00e4ndigt Massivt Tr\u00e4 - F\u00f6r Utomhusbruk - Naturlig Finish - TRUUSK - Hem, Tr\u00e4dg\u00e5rd &amp; Fritid","og_description":"Denna upph\u00f6jda s\u00e4ng kommer i en rustik design. S\u00e4ngen \u00e4r gjord av glaserat, stabilt och slitstarkt massivt tr\u00e4 och har...","og_url":"https:\/\/truusk.store\/sv\/produkt\/truusk-upphojd-badd-i-rustik-design-vaxttrag-med-spalje-vaderbestandigt-massivt-tra-for-utomhusbruk-naturlig-finish\/","og_site_name":"TRUUSK - Hem, Tr\u00e4dg\u00e5rd &amp; Fritid","article_modified_time":"2026-03-12T08:16:29+00:00","og_image":[{"width":800,"height":800,"url":"https:\/\/i0.wp.com\/truusk.se\/wp-content\/uploads\/2024\/02\/upphojd-badd-i-rustik-design-vaxttrag-inklusive-spalje-vaderbestandigt-behandlat-massivt-tra.webp?fit=800%2C800&ssl=1","type":"image\/webp"}],"twitter_card":"summary_large_image","twitter_misc":{"Ber\u00e4knad l\u00e4stid":"1 minut"},"schema":{"@context":"https:\/\/schema.org","@graph":[{"@type":"WebPage","@id":"https:\/\/truusk.store\/sv\/produkt\/truusk-upphojd-badd-i-rustik-design-vaxttrag-med-spalje-vaderbestandigt-massivt-tra-for-utomhusbruk-naturlig-finish\/","url":"https:\/\/truusk.store\/sv\/produkt\/truusk-upphojd-badd-i-rustik-design-vaxttrag-med-spalje-vaderbestandigt-massivt-tra-for-utomhusbruk-naturlig-finish\/","name":"TRUUSK Upph\u00f6jd B\u00e4dd i Rustik Design - V\u00e4xttr\u00e5g med Spalj\u00e9 - V\u00e4derbest\u00e4ndigt Massivt Tr\u00e4 - F\u00f6r Utomhusbruk - Naturlig Finish - TRUUSK - Hem, Tr\u00e4dg\u00e5rd &amp; Fritid","isPartOf":{"@id":"https:\/\/truusk.store\/sv\/#website"},"primaryImageOfPage":{"@id":"https:\/\/truusk.store\/sv\/produkt\/truusk-upphojd-badd-i-rustik-design-vaxttrag-med-spalje-vaderbestandigt-massivt-tra-for-utomhusbruk-naturlig-finish\/#primaryimage"},"image":{"@id":"https:\/\/truusk.store\/sv\/produkt\/truusk-upphojd-badd-i-rustik-design-vaxttrag-med-spalje-vaderbestandigt-massivt-tra-for-utomhusbruk-naturlig-finish\/#primaryimage"},"thumbnailUrl":"https:\/\/i0.wp.com\/truusk.store\/wp-content\/uploads\/2024\/02\/upphojd-badd-i-rustik-design-vaxttrag-inklusive-spalje-vaderbestandigt-behandlat-massivt-tra.webp?fit=800%2C800&ssl=1","datePublished":"2024-02-14T01:51:40+00:00","dateModified":"2026-03-12T08:16:29+00:00","breadcrumb":{"@id":"https:\/\/truusk.store\/sv\/produkt\/truusk-upphojd-badd-i-rustik-design-vaxttrag-med-spalje-vaderbestandigt-massivt-tra-for-utomhusbruk-naturlig-finish\/#breadcrumb"},"inLanguage":"sv-SE","potentialAction":[{"@type":"ReadAction","target":["https:\/\/truusk.store\/sv\/produkt\/truusk-upphojd-badd-i-rustik-design-vaxttrag-med-spalje-vaderbestandigt-massivt-tra-for-utomhusbruk-naturlig-finish\/"]}]},{"@type":"ImageObject","inLanguage":"sv-SE","@id":"https:\/\/truusk.store\/sv\/produkt\/truusk-upphojd-badd-i-rustik-design-vaxttrag-med-spalje-vaderbestandigt-massivt-tra-for-utomhusbruk-naturlig-finish\/#primaryimage","url":"https:\/\/i0.wp.com\/truusk.store\/wp-content\/uploads\/2024\/02\/upphojd-badd-i-rustik-design-vaxttrag-inklusive-spalje-vaderbestandigt-behandlat-massivt-tra.webp?fit=800%2C800&ssl=1","contentUrl":"https:\/\/i0.wp.com\/truusk.store\/wp-content\/uploads\/2024\/02\/upphojd-badd-i-rustik-design-vaxttrag-inklusive-spalje-vaderbestandigt-behandlat-massivt-tra.webp?fit=800%2C800&ssl=1","width":800,"height":800,"caption":"Upph\u00f6jd B\u00e4dd I Rustik Design, V\u00e4xttr\u00e5g Inklusive Spalj\u00e9, V\u00e4derbest\u00e4ndigt, Behandlat Massivt Tr\u00e4 1"},{"@type":"BreadcrumbList","@id":"https:\/\/truusk.store\/sv\/produkt\/truusk-upphojd-badd-i-rustik-design-vaxttrag-med-spalje-vaderbestandigt-massivt-tra-for-utomhusbruk-naturlig-finish\/#breadcrumb","itemListElement":[{"@type":"ListItem","position":1,"name":"Home","item":"https:\/\/truusk.store\/sv\/"},{"@type":"ListItem","position":2,"name":"Shop","item":"https:\/\/truusk.store\/shop\/"},{"@type":"ListItem","position":3,"name":"TRUUSK Upph\u00f6jd B\u00e4dd i Rustik Design &#8211; V\u00e4xttr\u00e5g med Spalj\u00e9 &#8211; V\u00e4derbest\u00e4ndigt Massivt Tr\u00e4 &#8211; F\u00f6r Utomhusbruk &#8211; Naturlig Finish"}]},{"@type":"WebSite","@id":"https:\/\/truusk.store\/sv\/#website","url":"https:\/\/truusk.store\/sv\/","name":"TRUUSK - Hem, Tr\u00e4dg\u00e5rd & Fritid","description":"","publisher":{"@id":"https:\/\/truusk.store\/sv\/#organization"},"potentialAction":[{"@type":"SearchAction","target":{"@type":"EntryPoint","urlTemplate":"https:\/\/truusk.store\/sv\/?s={search_term_string}"},"query-input":{"@type":"PropertyValueSpecification","valueRequired":true,"valueName":"search_term_string"}}],"inLanguage":"sv-SE"},{"@type":"Organization","@id":"https:\/\/truusk.store\/sv\/#organization","name":"TRUUSK - Hem, Tr\u00e4dg\u00e5rd & Fritid","url":"https:\/\/truusk.store\/sv\/","logo":{"@type":"ImageObject","inLanguage":"sv-SE","@id":"https:\/\/truusk.store\/sv\/#\/schema\/logo\/image\/","url":"https:\/\/i0.wp.com\/truusk.store\/wp-content\/uploads\/2026\/03\/cropped-TRUUSK.png?fit=2032%2C917&ssl=1","contentUrl":"https:\/\/i0.wp.com\/truusk.store\/wp-content\/uploads\/2026\/03\/cropped-TRUUSK.png?fit=2032%2C917&ssl=1","width":2032,"height":917,"caption":"TRUUSK - Hem, Tr\u00e4dg\u00e5rd & Fritid"},"image":{"@id":"https:\/\/truusk.store\/sv\/#\/schema\/logo\/image\/"}}]}},"jetpack_sharing_enabled":true,"_links":{"self":[{"href":"https:\/\/truusk.store\/sv\/wp-json\/wp\/v2\/product\/40584","targetHints":{"allow":["GET"]}}],"collection":[{"href":"https:\/\/truusk.store\/sv\/wp-json\/wp\/v2\/product"}],"about":[{"href":"https:\/\/truusk.store\/sv\/wp-json\/wp\/v2\/types\/product"}],"wp:featuredmedia":[{"embeddable":true,"href":"https:\/\/truusk.store\/sv\/wp-json\/wp\/v2\/media\/40585"}],"wp:attachment":[{"href":"https:\/\/truusk.store\/sv\/wp-json\/wp\/v2\/media?parent=40584"}],"wp:term":[{"taxonomy":"product_brand","embeddable":true,"href":"https:\/\/truusk.store\/sv\/wp-json\/wp\/v2\/product_brand?post=40584"},{"taxonomy":"product_cat","embeddable":true,"href":"https:\/\/truusk.store\/sv\/wp-json\/wp\/v2\/product_cat?post=40584"},{"taxonomy":"product_tag","embeddable":true,"href":"https:\/\/truusk.store\/sv\/wp-json\/wp\/v2\/product_tag?post=40584"}],"curies":[{"name":"wp","href":"https:\/\/api.w.org\/{rel}","templated":true}]}}