{"id":40590,"date":"2024-02-14T02:51:55","date_gmt":"2024-02-14T01:51:55","guid":{"rendered":"https:\/\/truusk.store\/product\/boxningsstativ-tva-hastighetsbollar-roterande-boxningsstang-sparkplatta-hojdjusterbar-stal-84-x-36-x-140-205cm\/"},"modified":"2026-03-12T09:16:29","modified_gmt":"2026-03-12T08:16:29","slug":"truusk-boxningsstativ-tva-hastighetsbollar-roterande-boxningsstang-sparkplatta-justerbar-hojd-stal-84-x-36-x-140-205cm","status":"publish","type":"product","link":"https:\/\/truusk.store\/sv\/produkt\/truusk-boxningsstativ-tva-hastighetsbollar-roterande-boxningsstang-sparkplatta-justerbar-hojd-stal-84-x-36-x-140-205cm\/","title":{"rendered":"TRUUSK Boxningsstativ &#8211; Tv\u00e5 Hastighetsbollar &#8211; Roterande Boxningsst\u00e5ng &#8211; Sparkplatta &#8211; Justerbar H\u00f6jd &#8211; St\u00e5l &#8211; 84 x 36 x 140-205cm"},"content":{"rendered":"<p>Boxning erbjuder ett effektivt och h\u00e5llbart tr\u00e4ningspass f\u00f6r hela kroppen som l\u00e5ter dig st\u00e4rka dina ben, rygg, br\u00f6st och axlar. Det \u00e4r d\u00e4rf\u00f6r vi utvecklade detta praktiska boxningsst\u00e4ll s\u00e5 att du kan tr\u00e4na din \u00f6vergripande kondition, snabbhet, hand-\u00f6ga-koordination och uth\u00e5llighet utan att beh\u00f6va l\u00e4mna huset. Med hj\u00e4lp av de tv\u00e5 snabba bollarna, den fritt roterande boxningsst\u00e5ngen och den praktiska sparkplattan kan du h\u00e5lla dig i form och f\u00f6rbereda dig optimalt f\u00f6r ringen.<\/p>\n<h3>Beskrivning:<\/h3>\n<ul>\n<li>Professionellt boxningsst\u00e4ll f\u00f6r boxning, spark och konditionstr\u00e4ning<\/li>\n<li>Justerbar i h\u00f6jdled, perfekt f\u00f6r ton\u00e5ringar och vuxna<\/li>\n<li>Fritt roterande, vadderade boxningsst\u00e5ng f\u00f6rb\u00e4ttrar hastighet och reaktion<\/li>\n<li>Tv\u00e5 uppbl\u00e5sbara fartbollar \u00e4r idealiska f\u00f6r rytm- och precisionstr\u00e4ning<\/li>\n<li>Praktisk sparkdyna med fodral i konstl\u00e4der<\/li>\n<li>12 starka sugkoppar s\u00e4kerst\u00e4ller kompromissl\u00f6s dragkraft<\/li>\n<li>Montering kr\u00e4vs<\/li>\n<\/ul>\n<h3>Teknisk data:<\/h3>\n<ul>\n<li>F\u00e4rg: Svart+r\u00f6d+vit<\/li>\n<li>Material: st\u00e5l, konstl\u00e4der<\/li>\n<li>\u00d6vergripande m\u00e5tt: 84L x 36W x 140-205H cm<\/li>\n<li>M\u00e5tt stativ: 34L x 34W cm<\/li>\n<li>M\u00e5tt p\u00e5 sparkdyna: 15 x 53H cm<\/li>\n<li>M\u00e5tt p\u00e5 varje fartboll: 15 x 17L cm<\/li>\n<li>M\u00e5tt p\u00e5 boxningsst\u00e5ng: 6 x 50L cm<\/li>\n<\/ul>\n<h3>Leveransens omfattning:<\/h3>\n<ul>\n<li>1 x Boxningsst\u00e4ll<\/li>\n<li>1 x luftpump<\/li>\n<li>1 x Instruktioner<\/li>\n<\/ul>\n","protected":false},"excerpt":{"rendered":"<p>Boxning erbjuder ett effektivt och h\u00e5llbart tr\u00e4ningspass f\u00f6r hela kroppen som l\u00e5ter dig st\u00e4rka dina ben, rygg, br\u00f6st och axlar&#8230;.<\/p>\n","protected":false},"featured_media":40591,"template":"","meta":[],"product_brand":[],"product_cat":[667,661,647],"product_tag":[],"class_list":{"0":"post-40590","1":"product","2":"type-product","3":"status-publish","4":"has-post-thumbnail","6":"product_cat-boxningssack","7":"product_cat-kondition-styrketraning","8":"product_cat-sport-fritid","10":"first","11":"instock","12":"sale","13":"taxable","14":"shipping-taxable","15":"purchasable","16":"product-type-simple"},"yoast_head":"<!-- This site is optimized with the Yoast SEO plugin v25.4 - https:\/\/yoast.com\/wordpress\/plugins\/seo\/ -->\n<title>TRUUSK Boxningsstativ - Tv\u00e5 Hastighetsbollar - Roterande Boxningsst\u00e5ng - Sparkplatta - Justerbar H\u00f6jd - St\u00e5l - 84 x 36 x 140-205cm - TRUUSK - Hem, Tr\u00e4dg\u00e5rd &amp; Fritid<\/title>\n<meta name=\"robots\" content=\"index, follow, max-snippet:-1, max-image-preview:large, max-video-preview:-1\" \/>\n<link rel=\"canonical\" href=\"https:\/\/truusk.store\/sv\/produkt\/truusk-boxningsstativ-tva-hastighetsbollar-roterande-boxningsstang-sparkplatta-justerbar-hojd-stal-84-x-36-x-140-205cm\/\" \/>\n<meta property=\"og:locale\" content=\"sv_SE\" \/>\n<meta property=\"og:type\" content=\"article\" \/>\n<meta property=\"og:title\" content=\"TRUUSK Boxningsstativ - Tv\u00e5 Hastighetsbollar - Roterande Boxningsst\u00e5ng - Sparkplatta - Justerbar H\u00f6jd - St\u00e5l - 84 x 36 x 140-205cm - TRUUSK - Hem, Tr\u00e4dg\u00e5rd &amp; Fritid\" \/>\n<meta property=\"og:description\" content=\"Boxning erbjuder ett effektivt och h\u00e5llbart tr\u00e4ningspass f\u00f6r hela kroppen som l\u00e5ter dig st\u00e4rka dina ben, rygg, br\u00f6st och axlar....\" \/>\n<meta property=\"og:url\" content=\"https:\/\/truusk.store\/sv\/produkt\/truusk-boxningsstativ-tva-hastighetsbollar-roterande-boxningsstang-sparkplatta-justerbar-hojd-stal-84-x-36-x-140-205cm\/\" \/>\n<meta property=\"og:site_name\" content=\"TRUUSK - Hem, Tr\u00e4dg\u00e5rd &amp; Fritid\" \/>\n<meta property=\"article:modified_time\" content=\"2026-03-12T08:16:29+00:00\" \/>\n<meta property=\"og:image\" content=\"https:\/\/i0.wp.com\/truusk.se\/wp-content\/uploads\/2024\/02\/boxningsstativ-tva-hastighetsbollar-roterande-boxningsstang-sparkplatta-hojdjusterbar-stal-84-x-36-x-140-205cm.webp?fit=800%2C800&ssl=1\" \/>\n\t<meta property=\"og:image:width\" content=\"800\" \/>\n\t<meta property=\"og:image:height\" content=\"800\" \/>\n\t<meta property=\"og:image:type\" content=\"image\/webp\" \/>\n<meta name=\"twitter:card\" content=\"summary_large_image\" \/>\n<meta name=\"twitter:label1\" content=\"Ber\u00e4knad l\u00e4stid\" \/>\n\t<meta name=\"twitter:data1\" content=\"1 minut\" \/>\n<!-- \/ Yoast SEO plugin. -->","yoast_head_json":{"title":"TRUUSK Boxningsstativ - Tv\u00e5 Hastighetsbollar - Roterande Boxningsst\u00e5ng - Sparkplatta - Justerbar H\u00f6jd - St\u00e5l - 84 x 36 x 140-205cm - TRUUSK - Hem, Tr\u00e4dg\u00e5rd &amp; Fritid","robots":{"index":"index","follow":"follow","max-snippet":"max-snippet:-1","max-image-preview":"max-image-preview:large","max-video-preview":"max-video-preview:-1"},"canonical":"https:\/\/truusk.store\/sv\/produkt\/truusk-boxningsstativ-tva-hastighetsbollar-roterande-boxningsstang-sparkplatta-justerbar-hojd-stal-84-x-36-x-140-205cm\/","og_locale":"sv_SE","og_type":"article","og_title":"TRUUSK Boxningsstativ - Tv\u00e5 Hastighetsbollar - Roterande Boxningsst\u00e5ng - Sparkplatta - Justerbar H\u00f6jd - St\u00e5l - 84 x 36 x 140-205cm - TRUUSK - Hem, Tr\u00e4dg\u00e5rd &amp; Fritid","og_description":"Boxning erbjuder ett effektivt och h\u00e5llbart tr\u00e4ningspass f\u00f6r hela kroppen som l\u00e5ter dig st\u00e4rka dina ben, rygg, br\u00f6st och axlar....","og_url":"https:\/\/truusk.store\/sv\/produkt\/truusk-boxningsstativ-tva-hastighetsbollar-roterande-boxningsstang-sparkplatta-justerbar-hojd-stal-84-x-36-x-140-205cm\/","og_site_name":"TRUUSK - Hem, Tr\u00e4dg\u00e5rd &amp; Fritid","article_modified_time":"2026-03-12T08:16:29+00:00","og_image":[{"width":800,"height":800,"url":"https:\/\/i0.wp.com\/truusk.se\/wp-content\/uploads\/2024\/02\/boxningsstativ-tva-hastighetsbollar-roterande-boxningsstang-sparkplatta-hojdjusterbar-stal-84-x-36-x-140-205cm.webp?fit=800%2C800&ssl=1","type":"image\/webp"}],"twitter_card":"summary_large_image","twitter_misc":{"Ber\u00e4knad l\u00e4stid":"1 minut"},"schema":{"@context":"https:\/\/schema.org","@graph":[{"@type":"WebPage","@id":"https:\/\/truusk.store\/sv\/produkt\/truusk-boxningsstativ-tva-hastighetsbollar-roterande-boxningsstang-sparkplatta-justerbar-hojd-stal-84-x-36-x-140-205cm\/","url":"https:\/\/truusk.store\/sv\/produkt\/truusk-boxningsstativ-tva-hastighetsbollar-roterande-boxningsstang-sparkplatta-justerbar-hojd-stal-84-x-36-x-140-205cm\/","name":"TRUUSK Boxningsstativ - Tv\u00e5 Hastighetsbollar - Roterande Boxningsst\u00e5ng - Sparkplatta - Justerbar H\u00f6jd - St\u00e5l - 84 x 36 x 140-205cm - TRUUSK - Hem, Tr\u00e4dg\u00e5rd &amp; Fritid","isPartOf":{"@id":"https:\/\/truusk.store\/sv\/#website"},"primaryImageOfPage":{"@id":"https:\/\/truusk.store\/sv\/produkt\/truusk-boxningsstativ-tva-hastighetsbollar-roterande-boxningsstang-sparkplatta-justerbar-hojd-stal-84-x-36-x-140-205cm\/#primaryimage"},"image":{"@id":"https:\/\/truusk.store\/sv\/produkt\/truusk-boxningsstativ-tva-hastighetsbollar-roterande-boxningsstang-sparkplatta-justerbar-hojd-stal-84-x-36-x-140-205cm\/#primaryimage"},"thumbnailUrl":"https:\/\/i0.wp.com\/truusk.store\/wp-content\/uploads\/2024\/02\/boxningsstativ-tva-hastighetsbollar-roterande-boxningsstang-sparkplatta-hojdjusterbar-stal-84-x-36-x-140-205cm.webp?fit=800%2C800&ssl=1","datePublished":"2024-02-14T01:51:55+00:00","dateModified":"2026-03-12T08:16:29+00:00","breadcrumb":{"@id":"https:\/\/truusk.store\/sv\/produkt\/truusk-boxningsstativ-tva-hastighetsbollar-roterande-boxningsstang-sparkplatta-justerbar-hojd-stal-84-x-36-x-140-205cm\/#breadcrumb"},"inLanguage":"sv-SE","potentialAction":[{"@type":"ReadAction","target":["https:\/\/truusk.store\/sv\/produkt\/truusk-boxningsstativ-tva-hastighetsbollar-roterande-boxningsstang-sparkplatta-justerbar-hojd-stal-84-x-36-x-140-205cm\/"]}]},{"@type":"ImageObject","inLanguage":"sv-SE","@id":"https:\/\/truusk.store\/sv\/produkt\/truusk-boxningsstativ-tva-hastighetsbollar-roterande-boxningsstang-sparkplatta-justerbar-hojd-stal-84-x-36-x-140-205cm\/#primaryimage","url":"https:\/\/i0.wp.com\/truusk.store\/wp-content\/uploads\/2024\/02\/boxningsstativ-tva-hastighetsbollar-roterande-boxningsstang-sparkplatta-hojdjusterbar-stal-84-x-36-x-140-205cm.webp?fit=800%2C800&ssl=1","contentUrl":"https:\/\/i0.wp.com\/truusk.store\/wp-content\/uploads\/2024\/02\/boxningsstativ-tva-hastighetsbollar-roterande-boxningsstang-sparkplatta-hojdjusterbar-stal-84-x-36-x-140-205cm.webp?fit=800%2C800&ssl=1","width":800,"height":800,"caption":"Boxningsstativ, Tv\u00e5 Hastighetsbollar, Roterande Boxningsst\u00e5ng, Sparkplatta, H\u00f6jdjusterbar, St\u00e5l, 84 X 36 X 140-205cm 1"},{"@type":"BreadcrumbList","@id":"https:\/\/truusk.store\/sv\/produkt\/truusk-boxningsstativ-tva-hastighetsbollar-roterande-boxningsstang-sparkplatta-justerbar-hojd-stal-84-x-36-x-140-205cm\/#breadcrumb","itemListElement":[{"@type":"ListItem","position":1,"name":"Home","item":"https:\/\/truusk.store\/sv\/"},{"@type":"ListItem","position":2,"name":"Shop","item":"https:\/\/truusk.store\/shop\/"},{"@type":"ListItem","position":3,"name":"TRUUSK Boxningsstativ &#8211; Tv\u00e5 Hastighetsbollar &#8211; Roterande Boxningsst\u00e5ng &#8211; Sparkplatta &#8211; Justerbar H\u00f6jd &#8211; St\u00e5l &#8211; 84 x 36 x 140-205cm"}]},{"@type":"WebSite","@id":"https:\/\/truusk.store\/sv\/#website","url":"https:\/\/truusk.store\/sv\/","name":"TRUUSK - Hem, Tr\u00e4dg\u00e5rd & Fritid","description":"","publisher":{"@id":"https:\/\/truusk.store\/sv\/#organization"},"potentialAction":[{"@type":"SearchAction","target":{"@type":"EntryPoint","urlTemplate":"https:\/\/truusk.store\/sv\/?s={search_term_string}"},"query-input":{"@type":"PropertyValueSpecification","valueRequired":true,"valueName":"search_term_string"}}],"inLanguage":"sv-SE"},{"@type":"Organization","@id":"https:\/\/truusk.store\/sv\/#organization","name":"TRUUSK - Hem, Tr\u00e4dg\u00e5rd & Fritid","url":"https:\/\/truusk.store\/sv\/","logo":{"@type":"ImageObject","inLanguage":"sv-SE","@id":"https:\/\/truusk.store\/sv\/#\/schema\/logo\/image\/","url":"https:\/\/i0.wp.com\/truusk.store\/wp-content\/uploads\/2026\/03\/cropped-TRUUSK.png?fit=2032%2C917&ssl=1","contentUrl":"https:\/\/i0.wp.com\/truusk.store\/wp-content\/uploads\/2026\/03\/cropped-TRUUSK.png?fit=2032%2C917&ssl=1","width":2032,"height":917,"caption":"TRUUSK - Hem, Tr\u00e4dg\u00e5rd & Fritid"},"image":{"@id":"https:\/\/truusk.store\/sv\/#\/schema\/logo\/image\/"}}]}},"jetpack_sharing_enabled":true,"_links":{"self":[{"href":"https:\/\/truusk.store\/sv\/wp-json\/wp\/v2\/product\/40590","targetHints":{"allow":["GET"]}}],"collection":[{"href":"https:\/\/truusk.store\/sv\/wp-json\/wp\/v2\/product"}],"about":[{"href":"https:\/\/truusk.store\/sv\/wp-json\/wp\/v2\/types\/product"}],"wp:featuredmedia":[{"embeddable":true,"href":"https:\/\/truusk.store\/sv\/wp-json\/wp\/v2\/media\/40591"}],"wp:attachment":[{"href":"https:\/\/truusk.store\/sv\/wp-json\/wp\/v2\/media?parent=40590"}],"wp:term":[{"taxonomy":"product_brand","embeddable":true,"href":"https:\/\/truusk.store\/sv\/wp-json\/wp\/v2\/product_brand?post=40590"},{"taxonomy":"product_cat","embeddable":true,"href":"https:\/\/truusk.store\/sv\/wp-json\/wp\/v2\/product_cat?post=40590"},{"taxonomy":"product_tag","embeddable":true,"href":"https:\/\/truusk.store\/sv\/wp-json\/wp\/v2\/product_tag?post=40590"}],"curies":[{"name":"wp","href":"https:\/\/api.w.org\/{rel}","templated":true}]}}