{"id":40600,"date":"2024-02-14T02:52:14","date_gmt":"2024-02-14T01:52:14","guid":{"rendered":"https:\/\/truusk.store\/product\/upphojd-badd-4-planteringskarl-pa-3-trappsteg-vaderbestandig-massivt-tra-122cm-x-122cm-x-51cm-natur\/"},"modified":"2026-03-12T09:16:29","modified_gmt":"2026-03-12T08:16:29","slug":"truusk-upphojd-badd-med-4-planteringskarl-vaderbestandig-och-massivt-tra-122cm-x-122cm-x-51cm-natur","status":"publish","type":"product","link":"https:\/\/truusk.store\/sv\/produkt\/truusk-upphojd-badd-med-4-planteringskarl-vaderbestandig-och-massivt-tra-122cm-x-122cm-x-51cm-natur\/","title":{"rendered":"TRUUSK Upph\u00f6jd B\u00e4dd med 4 Planteringsk\u00e4rl &#8211; V\u00e4derbest\u00e4ndig och Massivt Tr\u00e4 &#8211; 122cm X 122cm X 51cm &#8211; Natur"},"content":{"rendered":"<p>\u00e4r h\u00e4r f\u00f6r att uppmuntra din gr\u00f6na tumme. L\u00e4gg till stil och distinktion till din tr\u00e4dg\u00e5rd med denna trev\u00e5nings \u00f6rtb\u00e4dd. F\u00f6rvara \u00f6rter, blommor och gr\u00f6nsaker i fyra fack. Varje v\u00e4xt f\u00e5r tillr\u00e4ckligt med utrymme f\u00f6r sina r\u00f6tter. Denna bloml\u00e5da \u00e4r designad f\u00f6r utomhusbruk och \u00e4r gjord av 100% behandlat massivt tr\u00e4 f\u00f6r ett stabilt stativ. F\u00f6rsk\u00f6na din tr\u00e4dg\u00e5rd med denna upph\u00f6jda b\u00e4dd!<\/p>\n<h3>Beskrivning:<\/h3>\n<ul>\n<li>Trev\u00e5nings upph\u00f6jd design som ger gott om plats f\u00f6r blommor, \u00f6rter eller gr\u00f6nsaker<\/li>\n<li>Fyra planteringsk\u00e4rl l\u00e4mpliga f\u00f6r olika typer av v\u00e4xter<\/li>\n<li>Behandlat massivt tr\u00e4 avsett f\u00f6r utomhusbruk<\/li>\n<li>\u00d6ppen botten g\u00f6r den andningsbar och l\u00e5ter vatten rinna bort<\/li>\n<li>L\u00e4tt att montera<\/li>\n<\/ul>\n<h3>Teknisk data:<\/h3>\n<ul>\n<li>F\u00e4rg brun<\/li>\n<li>Material: gran<\/li>\n<li>\u00d6vergripande m\u00e5tt: 122L x 122W x 51H cm<\/li>\n<li>Produktdata f\u00f6r inomhusplantering: 58L x 74W x 17H cm (botten), 57L x 57W x 34H cm (mitten), 57L x 40W x 34H cm (mitten), 57L x 57W x 51H cm (\u00f6verst)<\/li>\n<\/ul>\n<h3>Leveransens omfattning:<\/h3>\n<ul>\n<li>1 x tr\u00e4dg\u00e5rdss\u00e4ng<\/li>\n<li>1 x Instruktioner<\/li>\n<\/ul>\n","protected":false},"excerpt":{"rendered":"<p>\u00e4r h\u00e4r f\u00f6r att uppmuntra din gr\u00f6na tumme. L\u00e4gg till stil och distinktion till din tr\u00e4dg\u00e5rd med denna trev\u00e5nings \u00f6rtb\u00e4dd&#8230;.<\/p>\n","protected":false},"featured_media":40601,"template":"","meta":[],"product_brand":[],"product_cat":[447,435,443],"product_tag":[],"class_list":{"0":"post-40600","1":"product","2":"type-product","3":"status-publish","4":"has-post-thumbnail","6":"product_cat-planteringsmaskiner","7":"product_cat-tradgard-och-terrass","8":"product_cat-vaxthus-tradgardsskotsel","10":"first","11":"instock","12":"sale","13":"taxable","14":"shipping-taxable","15":"purchasable","16":"product-type-simple"},"yoast_head":"<!-- This site is optimized with the Yoast SEO plugin v25.4 - https:\/\/yoast.com\/wordpress\/plugins\/seo\/ -->\n<title>TRUUSK Upph\u00f6jd B\u00e4dd med 4 Planteringsk\u00e4rl - V\u00e4derbest\u00e4ndig och Massivt Tr\u00e4 - 122cm X 122cm X 51cm - Natur - TRUUSK - Hem, Tr\u00e4dg\u00e5rd &amp; Fritid<\/title>\n<meta name=\"robots\" content=\"index, follow, max-snippet:-1, max-image-preview:large, max-video-preview:-1\" \/>\n<link rel=\"canonical\" href=\"https:\/\/truusk.store\/sv\/produkt\/truusk-upphojd-badd-med-4-planteringskarl-vaderbestandig-och-massivt-tra-122cm-x-122cm-x-51cm-natur\/\" \/>\n<meta property=\"og:locale\" content=\"sv_SE\" \/>\n<meta property=\"og:type\" content=\"article\" \/>\n<meta property=\"og:title\" content=\"TRUUSK Upph\u00f6jd B\u00e4dd med 4 Planteringsk\u00e4rl - V\u00e4derbest\u00e4ndig och Massivt Tr\u00e4 - 122cm X 122cm X 51cm - Natur - TRUUSK - Hem, Tr\u00e4dg\u00e5rd &amp; Fritid\" \/>\n<meta property=\"og:description\" content=\"\u00e4r h\u00e4r f\u00f6r att uppmuntra din gr\u00f6na tumme. L\u00e4gg till stil och distinktion till din tr\u00e4dg\u00e5rd med denna trev\u00e5nings \u00f6rtb\u00e4dd....\" \/>\n<meta property=\"og:url\" content=\"https:\/\/truusk.store\/sv\/produkt\/truusk-upphojd-badd-med-4-planteringskarl-vaderbestandig-och-massivt-tra-122cm-x-122cm-x-51cm-natur\/\" \/>\n<meta property=\"og:site_name\" content=\"TRUUSK - Hem, Tr\u00e4dg\u00e5rd &amp; Fritid\" \/>\n<meta property=\"article:modified_time\" content=\"2026-03-12T08:16:29+00:00\" \/>\n<meta property=\"og:image\" content=\"https:\/\/i0.wp.com\/truusk.se\/wp-content\/uploads\/2024\/02\/upphojd-badd-4-planteringskarl-pa-3-trappsteg-vaderbestandig-massivt-tra-122cm-x-122cm-x-51cm-natur.webp?fit=800%2C800&ssl=1\" \/>\n\t<meta property=\"og:image:width\" content=\"800\" \/>\n\t<meta property=\"og:image:height\" content=\"800\" \/>\n\t<meta property=\"og:image:type\" content=\"image\/webp\" \/>\n<meta name=\"twitter:card\" content=\"summary_large_image\" \/>\n<meta name=\"twitter:label1\" content=\"Ber\u00e4knad l\u00e4stid\" \/>\n\t<meta name=\"twitter:data1\" content=\"1 minut\" \/>\n<!-- \/ Yoast SEO plugin. -->","yoast_head_json":{"title":"TRUUSK Upph\u00f6jd B\u00e4dd med 4 Planteringsk\u00e4rl - V\u00e4derbest\u00e4ndig och Massivt Tr\u00e4 - 122cm X 122cm X 51cm - Natur - TRUUSK - Hem, Tr\u00e4dg\u00e5rd &amp; Fritid","robots":{"index":"index","follow":"follow","max-snippet":"max-snippet:-1","max-image-preview":"max-image-preview:large","max-video-preview":"max-video-preview:-1"},"canonical":"https:\/\/truusk.store\/sv\/produkt\/truusk-upphojd-badd-med-4-planteringskarl-vaderbestandig-och-massivt-tra-122cm-x-122cm-x-51cm-natur\/","og_locale":"sv_SE","og_type":"article","og_title":"TRUUSK Upph\u00f6jd B\u00e4dd med 4 Planteringsk\u00e4rl - V\u00e4derbest\u00e4ndig och Massivt Tr\u00e4 - 122cm X 122cm X 51cm - Natur - TRUUSK - Hem, Tr\u00e4dg\u00e5rd &amp; Fritid","og_description":"\u00e4r h\u00e4r f\u00f6r att uppmuntra din gr\u00f6na tumme. L\u00e4gg till stil och distinktion till din tr\u00e4dg\u00e5rd med denna trev\u00e5nings \u00f6rtb\u00e4dd....","og_url":"https:\/\/truusk.store\/sv\/produkt\/truusk-upphojd-badd-med-4-planteringskarl-vaderbestandig-och-massivt-tra-122cm-x-122cm-x-51cm-natur\/","og_site_name":"TRUUSK - Hem, Tr\u00e4dg\u00e5rd &amp; Fritid","article_modified_time":"2026-03-12T08:16:29+00:00","og_image":[{"width":800,"height":800,"url":"https:\/\/i0.wp.com\/truusk.se\/wp-content\/uploads\/2024\/02\/upphojd-badd-4-planteringskarl-pa-3-trappsteg-vaderbestandig-massivt-tra-122cm-x-122cm-x-51cm-natur.webp?fit=800%2C800&ssl=1","type":"image\/webp"}],"twitter_card":"summary_large_image","twitter_misc":{"Ber\u00e4knad l\u00e4stid":"1 minut"},"schema":{"@context":"https:\/\/schema.org","@graph":[{"@type":"WebPage","@id":"https:\/\/truusk.store\/sv\/produkt\/truusk-upphojd-badd-med-4-planteringskarl-vaderbestandig-och-massivt-tra-122cm-x-122cm-x-51cm-natur\/","url":"https:\/\/truusk.store\/sv\/produkt\/truusk-upphojd-badd-med-4-planteringskarl-vaderbestandig-och-massivt-tra-122cm-x-122cm-x-51cm-natur\/","name":"TRUUSK Upph\u00f6jd B\u00e4dd med 4 Planteringsk\u00e4rl - V\u00e4derbest\u00e4ndig och Massivt Tr\u00e4 - 122cm X 122cm X 51cm - Natur - TRUUSK - Hem, Tr\u00e4dg\u00e5rd &amp; Fritid","isPartOf":{"@id":"https:\/\/truusk.store\/sv\/#website"},"primaryImageOfPage":{"@id":"https:\/\/truusk.store\/sv\/produkt\/truusk-upphojd-badd-med-4-planteringskarl-vaderbestandig-och-massivt-tra-122cm-x-122cm-x-51cm-natur\/#primaryimage"},"image":{"@id":"https:\/\/truusk.store\/sv\/produkt\/truusk-upphojd-badd-med-4-planteringskarl-vaderbestandig-och-massivt-tra-122cm-x-122cm-x-51cm-natur\/#primaryimage"},"thumbnailUrl":"https:\/\/i0.wp.com\/truusk.store\/wp-content\/uploads\/2024\/02\/upphojd-badd-4-planteringskarl-pa-3-trappsteg-vaderbestandig-massivt-tra-122cm-x-122cm-x-51cm-natur.webp?fit=800%2C800&ssl=1","datePublished":"2024-02-14T01:52:14+00:00","dateModified":"2026-03-12T08:16:29+00:00","breadcrumb":{"@id":"https:\/\/truusk.store\/sv\/produkt\/truusk-upphojd-badd-med-4-planteringskarl-vaderbestandig-och-massivt-tra-122cm-x-122cm-x-51cm-natur\/#breadcrumb"},"inLanguage":"sv-SE","potentialAction":[{"@type":"ReadAction","target":["https:\/\/truusk.store\/sv\/produkt\/truusk-upphojd-badd-med-4-planteringskarl-vaderbestandig-och-massivt-tra-122cm-x-122cm-x-51cm-natur\/"]}]},{"@type":"ImageObject","inLanguage":"sv-SE","@id":"https:\/\/truusk.store\/sv\/produkt\/truusk-upphojd-badd-med-4-planteringskarl-vaderbestandig-och-massivt-tra-122cm-x-122cm-x-51cm-natur\/#primaryimage","url":"https:\/\/i0.wp.com\/truusk.store\/wp-content\/uploads\/2024\/02\/upphojd-badd-4-planteringskarl-pa-3-trappsteg-vaderbestandig-massivt-tra-122cm-x-122cm-x-51cm-natur.webp?fit=800%2C800&ssl=1","contentUrl":"https:\/\/i0.wp.com\/truusk.store\/wp-content\/uploads\/2024\/02\/upphojd-badd-4-planteringskarl-pa-3-trappsteg-vaderbestandig-massivt-tra-122cm-x-122cm-x-51cm-natur.webp?fit=800%2C800&ssl=1","width":800,"height":800,"caption":"Upph\u00f6jd B\u00e4dd, 4 Planteringsk\u00e4rl P\u00e5 3 Trappsteg, V\u00e4derbest\u00e4ndig, Massivt Tr\u00e4, 122cm X 122cm X 51cm, Natur 1"},{"@type":"BreadcrumbList","@id":"https:\/\/truusk.store\/sv\/produkt\/truusk-upphojd-badd-med-4-planteringskarl-vaderbestandig-och-massivt-tra-122cm-x-122cm-x-51cm-natur\/#breadcrumb","itemListElement":[{"@type":"ListItem","position":1,"name":"Home","item":"https:\/\/truusk.store\/sv\/"},{"@type":"ListItem","position":2,"name":"Shop","item":"https:\/\/truusk.store\/shop\/"},{"@type":"ListItem","position":3,"name":"TRUUSK Upph\u00f6jd B\u00e4dd med 4 Planteringsk\u00e4rl &#8211; V\u00e4derbest\u00e4ndig och Massivt Tr\u00e4 &#8211; 122cm X 122cm X 51cm &#8211; Natur"}]},{"@type":"WebSite","@id":"https:\/\/truusk.store\/sv\/#website","url":"https:\/\/truusk.store\/sv\/","name":"TRUUSK - Hem, Tr\u00e4dg\u00e5rd & Fritid","description":"","publisher":{"@id":"https:\/\/truusk.store\/sv\/#organization"},"potentialAction":[{"@type":"SearchAction","target":{"@type":"EntryPoint","urlTemplate":"https:\/\/truusk.store\/sv\/?s={search_term_string}"},"query-input":{"@type":"PropertyValueSpecification","valueRequired":true,"valueName":"search_term_string"}}],"inLanguage":"sv-SE"},{"@type":"Organization","@id":"https:\/\/truusk.store\/sv\/#organization","name":"TRUUSK - Hem, Tr\u00e4dg\u00e5rd & Fritid","url":"https:\/\/truusk.store\/sv\/","logo":{"@type":"ImageObject","inLanguage":"sv-SE","@id":"https:\/\/truusk.store\/sv\/#\/schema\/logo\/image\/","url":"https:\/\/i0.wp.com\/truusk.store\/wp-content\/uploads\/2026\/03\/cropped-TRUUSK.png?fit=2032%2C917&ssl=1","contentUrl":"https:\/\/i0.wp.com\/truusk.store\/wp-content\/uploads\/2026\/03\/cropped-TRUUSK.png?fit=2032%2C917&ssl=1","width":2032,"height":917,"caption":"TRUUSK - Hem, Tr\u00e4dg\u00e5rd & Fritid"},"image":{"@id":"https:\/\/truusk.store\/sv\/#\/schema\/logo\/image\/"}}]}},"jetpack_sharing_enabled":true,"_links":{"self":[{"href":"https:\/\/truusk.store\/sv\/wp-json\/wp\/v2\/product\/40600","targetHints":{"allow":["GET"]}}],"collection":[{"href":"https:\/\/truusk.store\/sv\/wp-json\/wp\/v2\/product"}],"about":[{"href":"https:\/\/truusk.store\/sv\/wp-json\/wp\/v2\/types\/product"}],"wp:featuredmedia":[{"embeddable":true,"href":"https:\/\/truusk.store\/sv\/wp-json\/wp\/v2\/media\/40601"}],"wp:attachment":[{"href":"https:\/\/truusk.store\/sv\/wp-json\/wp\/v2\/media?parent=40600"}],"wp:term":[{"taxonomy":"product_brand","embeddable":true,"href":"https:\/\/truusk.store\/sv\/wp-json\/wp\/v2\/product_brand?post=40600"},{"taxonomy":"product_cat","embeddable":true,"href":"https:\/\/truusk.store\/sv\/wp-json\/wp\/v2\/product_cat?post=40600"},{"taxonomy":"product_tag","embeddable":true,"href":"https:\/\/truusk.store\/sv\/wp-json\/wp\/v2\/product_tag?post=40600"}],"curies":[{"name":"wp","href":"https:\/\/api.w.org\/{rel}","templated":true}]}}