{"id":40606,"date":"2024-02-14T02:52:28","date_gmt":"2024-02-14T01:52:28","guid":{"rendered":"https:\/\/truusk.store\/product\/boxningsstall-hoj-och-sankbart-reflexstang-klo-speedball-pafyllbart-stativ-805-x-48-x-163-205-cm\/"},"modified":"2026-03-12T09:16:30","modified_gmt":"2026-03-12T08:16:30","slug":"truusk-boxningsstall-hoj-och-sankbart-reflexstang-klo-speedball-pafyllbart-stativ-805-x-48-x-163-205-cm","status":"publish","type":"product","link":"https:\/\/truusk.store\/sv\/produkt\/truusk-boxningsstall-hoj-och-sankbart-reflexstang-klo-speedball-pafyllbart-stativ-805-x-48-x-163-205-cm\/","title":{"rendered":"TRUUSK Boxningsst\u00e4ll &#8211; H\u00f6j- Och S\u00e4nkbart &#8211; Reflexst\u00e5ng &#8211; Klo &#8211; Speedball &#8211; P\u00e5fyllbart Stativ &#8211; 80,5 X 48 X 163-205 Cm"},"content":{"rendered":"<p>Detta boxningsst\u00e4ll \u00e4r en m\u00e5ngsidig tr\u00e4ningsutrustning som hj\u00e4lper dig att f\u00f6rb\u00e4ttra din styrka, snabbhet, noggrannhet, koordination och uth\u00e5llighet. Den h\u00f6j- och s\u00e4nkbara speedbollen \u00e4r extremt h\u00e5llbar och slitstark tack vare sin h\u00f6gkvalitativa konstl\u00e4deryta, som dessutom \u00e4r v\u00e4ldigt l\u00e4ttsk\u00f6tt. Med detta boxningsst\u00e4ll kan du ta dina boxnings- eller MMA-kunskaper till en ny niv\u00e5, oavsett om du \u00e4r entusiastisk nyb\u00f6rjare eller proffs!<\/p>\n<h3>Beskrivning:<\/h3>\n<ul>\n<li>H\u00f6jdjusterbar, anpassningsbar f\u00f6r olika typer av anv\u00e4ndare<\/li>\n<li>360 graders roterande, flexibel reflexst\u00e5ng f\u00f6r reaktionstr\u00e4ning<\/li>\n<li>Speedball f\u00f6r att f\u00f6rb\u00e4ttra tr\u00e4ffhastigheten och koordinationen<\/li>\n<li>12 starka sugkoppar ser till att stativet alltid st\u00e5r stadigt<\/li>\n<li>Inkluderar boxningsbandage f\u00f6r att skydda dina h\u00e4nder och handleder<\/li>\n<li>Montering kr\u00e4vs<\/li>\n<\/ul>\n<h3>Teknisk data:<\/h3>\n<ul>\n<li>F\u00e4rg: Svart+R\u00f6d+Bl\u00e5<\/li>\n<li>Material: st\u00e5l, HDPE, konstl\u00e4der<\/li>\n<li>\u00d6vergripande m\u00e5tt: 80,5L x 48W x 163-205H cm<\/li>\n<li>Storlek Speedball: 15 x 17L cm<\/li>\n<li>M\u00e5tt p\u00e5 reflexstav: 6 x 45L cm<\/li>\n<li>M\u00e5tt p\u00e5 klo: 18 x 7T cm<\/li>\n<li>Stativets lastkapacitet: 30 kg (vatten) \/ 35 kg (sand) \/ 40 kg (sand-vattenblandning)<\/li>\n<\/ul>\n<h3>Leveransens omfattning:<\/h3>\n<ul>\n<li>1 x boxningsst\u00e4ll<\/li>\n<li>1 x luftpump<\/li>\n<li>Boxningsbandage<\/li>\n<li>1 x Instruktioner<\/li>\n<\/ul>\n","protected":false},"excerpt":{"rendered":"<p>Detta boxningsst\u00e4ll \u00e4r en m\u00e5ngsidig tr\u00e4ningsutrustning som hj\u00e4lper dig att f\u00f6rb\u00e4ttra din styrka, snabbhet, noggrannhet, koordination och uth\u00e5llighet. Den h\u00f6j-&#8230;<\/p>\n","protected":false},"featured_media":40607,"template":"","meta":[],"product_brand":[],"product_cat":[667,661,647],"product_tag":[],"class_list":{"0":"post-40606","1":"product","2":"type-product","3":"status-publish","4":"has-post-thumbnail","6":"product_cat-boxningssack","7":"product_cat-kondition-styrketraning","8":"product_cat-sport-fritid","10":"first","11":"instock","12":"sale","13":"taxable","14":"shipping-taxable","15":"purchasable","16":"product-type-simple"},"yoast_head":"<!-- This site is optimized with the Yoast SEO plugin v25.4 - https:\/\/yoast.com\/wordpress\/plugins\/seo\/ -->\n<title>TRUUSK Boxningsst\u00e4ll - H\u00f6j- Och S\u00e4nkbart - Reflexst\u00e5ng - Klo - Speedball - P\u00e5fyllbart Stativ - 80,5 X 48 X 163-205 Cm - TRUUSK - Hem, Tr\u00e4dg\u00e5rd &amp; Fritid<\/title>\n<meta name=\"robots\" content=\"index, follow, max-snippet:-1, max-image-preview:large, max-video-preview:-1\" \/>\n<link rel=\"canonical\" href=\"https:\/\/truusk.store\/sv\/produkt\/truusk-boxningsstall-hoj-och-sankbart-reflexstang-klo-speedball-pafyllbart-stativ-805-x-48-x-163-205-cm\/\" \/>\n<meta property=\"og:locale\" content=\"sv_SE\" \/>\n<meta property=\"og:type\" content=\"article\" \/>\n<meta property=\"og:title\" content=\"TRUUSK Boxningsst\u00e4ll - H\u00f6j- Och S\u00e4nkbart - Reflexst\u00e5ng - Klo - Speedball - P\u00e5fyllbart Stativ - 80,5 X 48 X 163-205 Cm - TRUUSK - Hem, Tr\u00e4dg\u00e5rd &amp; Fritid\" \/>\n<meta property=\"og:description\" content=\"Detta boxningsst\u00e4ll \u00e4r en m\u00e5ngsidig tr\u00e4ningsutrustning som hj\u00e4lper dig att f\u00f6rb\u00e4ttra din styrka, snabbhet, noggrannhet, koordination och uth\u00e5llighet. Den h\u00f6j-...\" \/>\n<meta property=\"og:url\" content=\"https:\/\/truusk.store\/sv\/produkt\/truusk-boxningsstall-hoj-och-sankbart-reflexstang-klo-speedball-pafyllbart-stativ-805-x-48-x-163-205-cm\/\" \/>\n<meta property=\"og:site_name\" content=\"TRUUSK - Hem, Tr\u00e4dg\u00e5rd &amp; Fritid\" \/>\n<meta property=\"article:modified_time\" content=\"2026-03-12T08:16:30+00:00\" \/>\n<meta property=\"og:image\" content=\"https:\/\/i0.wp.com\/truusk.se\/wp-content\/uploads\/2024\/02\/boxningsstall-hoj-och-sankbart-reflexstang-klo-speedball-pafyllbart-stativ-805-x-48-x-163-205-cm.webp?fit=800%2C800&ssl=1\" \/>\n\t<meta property=\"og:image:width\" content=\"800\" \/>\n\t<meta property=\"og:image:height\" content=\"800\" \/>\n\t<meta property=\"og:image:type\" content=\"image\/webp\" \/>\n<meta name=\"twitter:card\" content=\"summary_large_image\" \/>\n<meta name=\"twitter:label1\" content=\"Ber\u00e4knad l\u00e4stid\" \/>\n\t<meta name=\"twitter:data1\" content=\"1 minut\" \/>\n<!-- \/ Yoast SEO plugin. -->","yoast_head_json":{"title":"TRUUSK Boxningsst\u00e4ll - H\u00f6j- Och S\u00e4nkbart - Reflexst\u00e5ng - Klo - Speedball - P\u00e5fyllbart Stativ - 80,5 X 48 X 163-205 Cm - TRUUSK - Hem, Tr\u00e4dg\u00e5rd &amp; Fritid","robots":{"index":"index","follow":"follow","max-snippet":"max-snippet:-1","max-image-preview":"max-image-preview:large","max-video-preview":"max-video-preview:-1"},"canonical":"https:\/\/truusk.store\/sv\/produkt\/truusk-boxningsstall-hoj-och-sankbart-reflexstang-klo-speedball-pafyllbart-stativ-805-x-48-x-163-205-cm\/","og_locale":"sv_SE","og_type":"article","og_title":"TRUUSK Boxningsst\u00e4ll - H\u00f6j- Och S\u00e4nkbart - Reflexst\u00e5ng - Klo - Speedball - P\u00e5fyllbart Stativ - 80,5 X 48 X 163-205 Cm - TRUUSK - Hem, Tr\u00e4dg\u00e5rd &amp; Fritid","og_description":"Detta boxningsst\u00e4ll \u00e4r en m\u00e5ngsidig tr\u00e4ningsutrustning som hj\u00e4lper dig att f\u00f6rb\u00e4ttra din styrka, snabbhet, noggrannhet, koordination och uth\u00e5llighet. Den h\u00f6j-...","og_url":"https:\/\/truusk.store\/sv\/produkt\/truusk-boxningsstall-hoj-och-sankbart-reflexstang-klo-speedball-pafyllbart-stativ-805-x-48-x-163-205-cm\/","og_site_name":"TRUUSK - Hem, Tr\u00e4dg\u00e5rd &amp; Fritid","article_modified_time":"2026-03-12T08:16:30+00:00","og_image":[{"width":800,"height":800,"url":"https:\/\/i0.wp.com\/truusk.se\/wp-content\/uploads\/2024\/02\/boxningsstall-hoj-och-sankbart-reflexstang-klo-speedball-pafyllbart-stativ-805-x-48-x-163-205-cm.webp?fit=800%2C800&ssl=1","type":"image\/webp"}],"twitter_card":"summary_large_image","twitter_misc":{"Ber\u00e4knad l\u00e4stid":"1 minut"},"schema":{"@context":"https:\/\/schema.org","@graph":[{"@type":"WebPage","@id":"https:\/\/truusk.store\/sv\/produkt\/truusk-boxningsstall-hoj-och-sankbart-reflexstang-klo-speedball-pafyllbart-stativ-805-x-48-x-163-205-cm\/","url":"https:\/\/truusk.store\/sv\/produkt\/truusk-boxningsstall-hoj-och-sankbart-reflexstang-klo-speedball-pafyllbart-stativ-805-x-48-x-163-205-cm\/","name":"TRUUSK Boxningsst\u00e4ll - H\u00f6j- Och S\u00e4nkbart - Reflexst\u00e5ng - Klo - Speedball - P\u00e5fyllbart Stativ - 80,5 X 48 X 163-205 Cm - TRUUSK - Hem, Tr\u00e4dg\u00e5rd &amp; Fritid","isPartOf":{"@id":"https:\/\/truusk.store\/sv\/#website"},"primaryImageOfPage":{"@id":"https:\/\/truusk.store\/sv\/produkt\/truusk-boxningsstall-hoj-och-sankbart-reflexstang-klo-speedball-pafyllbart-stativ-805-x-48-x-163-205-cm\/#primaryimage"},"image":{"@id":"https:\/\/truusk.store\/sv\/produkt\/truusk-boxningsstall-hoj-och-sankbart-reflexstang-klo-speedball-pafyllbart-stativ-805-x-48-x-163-205-cm\/#primaryimage"},"thumbnailUrl":"https:\/\/i0.wp.com\/truusk.store\/wp-content\/uploads\/2024\/02\/boxningsstall-hoj-och-sankbart-reflexstang-klo-speedball-pafyllbart-stativ-805-x-48-x-163-205-cm.webp?fit=800%2C800&ssl=1","datePublished":"2024-02-14T01:52:28+00:00","dateModified":"2026-03-12T08:16:30+00:00","breadcrumb":{"@id":"https:\/\/truusk.store\/sv\/produkt\/truusk-boxningsstall-hoj-och-sankbart-reflexstang-klo-speedball-pafyllbart-stativ-805-x-48-x-163-205-cm\/#breadcrumb"},"inLanguage":"sv-SE","potentialAction":[{"@type":"ReadAction","target":["https:\/\/truusk.store\/sv\/produkt\/truusk-boxningsstall-hoj-och-sankbart-reflexstang-klo-speedball-pafyllbart-stativ-805-x-48-x-163-205-cm\/"]}]},{"@type":"ImageObject","inLanguage":"sv-SE","@id":"https:\/\/truusk.store\/sv\/produkt\/truusk-boxningsstall-hoj-och-sankbart-reflexstang-klo-speedball-pafyllbart-stativ-805-x-48-x-163-205-cm\/#primaryimage","url":"https:\/\/i0.wp.com\/truusk.store\/wp-content\/uploads\/2024\/02\/boxningsstall-hoj-och-sankbart-reflexstang-klo-speedball-pafyllbart-stativ-805-x-48-x-163-205-cm.webp?fit=800%2C800&ssl=1","contentUrl":"https:\/\/i0.wp.com\/truusk.store\/wp-content\/uploads\/2024\/02\/boxningsstall-hoj-och-sankbart-reflexstang-klo-speedball-pafyllbart-stativ-805-x-48-x-163-205-cm.webp?fit=800%2C800&ssl=1","width":800,"height":800,"caption":"Boxningsst\u00e4ll, H\u00f6j- Och S\u00e4nkbart, Reflexst\u00e5ng, Klo, Speedball, P\u00e5fyllbart Stativ, 80,5 X 48 X 163-205 Cm 1"},{"@type":"BreadcrumbList","@id":"https:\/\/truusk.store\/sv\/produkt\/truusk-boxningsstall-hoj-och-sankbart-reflexstang-klo-speedball-pafyllbart-stativ-805-x-48-x-163-205-cm\/#breadcrumb","itemListElement":[{"@type":"ListItem","position":1,"name":"Home","item":"https:\/\/truusk.store\/sv\/"},{"@type":"ListItem","position":2,"name":"Shop","item":"https:\/\/truusk.store\/shop\/"},{"@type":"ListItem","position":3,"name":"TRUUSK Boxningsst\u00e4ll &#8211; H\u00f6j- Och S\u00e4nkbart &#8211; Reflexst\u00e5ng &#8211; Klo &#8211; Speedball &#8211; P\u00e5fyllbart Stativ &#8211; 80,5 X 48 X 163-205 Cm"}]},{"@type":"WebSite","@id":"https:\/\/truusk.store\/sv\/#website","url":"https:\/\/truusk.store\/sv\/","name":"TRUUSK - Hem, Tr\u00e4dg\u00e5rd & Fritid","description":"","publisher":{"@id":"https:\/\/truusk.store\/sv\/#organization"},"potentialAction":[{"@type":"SearchAction","target":{"@type":"EntryPoint","urlTemplate":"https:\/\/truusk.store\/sv\/?s={search_term_string}"},"query-input":{"@type":"PropertyValueSpecification","valueRequired":true,"valueName":"search_term_string"}}],"inLanguage":"sv-SE"},{"@type":"Organization","@id":"https:\/\/truusk.store\/sv\/#organization","name":"TRUUSK - Hem, Tr\u00e4dg\u00e5rd & Fritid","url":"https:\/\/truusk.store\/sv\/","logo":{"@type":"ImageObject","inLanguage":"sv-SE","@id":"https:\/\/truusk.store\/sv\/#\/schema\/logo\/image\/","url":"https:\/\/i0.wp.com\/truusk.store\/wp-content\/uploads\/2026\/03\/cropped-TRUUSK.png?fit=2032%2C917&ssl=1","contentUrl":"https:\/\/i0.wp.com\/truusk.store\/wp-content\/uploads\/2026\/03\/cropped-TRUUSK.png?fit=2032%2C917&ssl=1","width":2032,"height":917,"caption":"TRUUSK - Hem, Tr\u00e4dg\u00e5rd & Fritid"},"image":{"@id":"https:\/\/truusk.store\/sv\/#\/schema\/logo\/image\/"}}]}},"jetpack_sharing_enabled":true,"_links":{"self":[{"href":"https:\/\/truusk.store\/sv\/wp-json\/wp\/v2\/product\/40606","targetHints":{"allow":["GET"]}}],"collection":[{"href":"https:\/\/truusk.store\/sv\/wp-json\/wp\/v2\/product"}],"about":[{"href":"https:\/\/truusk.store\/sv\/wp-json\/wp\/v2\/types\/product"}],"wp:featuredmedia":[{"embeddable":true,"href":"https:\/\/truusk.store\/sv\/wp-json\/wp\/v2\/media\/40607"}],"wp:attachment":[{"href":"https:\/\/truusk.store\/sv\/wp-json\/wp\/v2\/media?parent=40606"}],"wp:term":[{"taxonomy":"product_brand","embeddable":true,"href":"https:\/\/truusk.store\/sv\/wp-json\/wp\/v2\/product_brand?post=40606"},{"taxonomy":"product_cat","embeddable":true,"href":"https:\/\/truusk.store\/sv\/wp-json\/wp\/v2\/product_cat?post=40606"},{"taxonomy":"product_tag","embeddable":true,"href":"https:\/\/truusk.store\/sv\/wp-json\/wp\/v2\/product_tag?post=40606"}],"curies":[{"name":"wp","href":"https:\/\/api.w.org\/{rel}","templated":true}]}}