{"id":40622,"date":"2024-02-14T02:53:06","date_gmt":"2024-02-14T01:53:06","guid":{"rendered":"https:\/\/truusk.store\/product\/vaxtstall-i-3-vaningar-for-6-blomkrukor-vaderbestandig-76-cm-x-26-cm-x-76-cm-ljusgron\/"},"modified":"2026-03-12T09:16:30","modified_gmt":"2026-03-12T08:16:30","slug":"truusk-vaxtstall-i-3-vaningar-for-6-blomkrukor-vaderbestandig-76-cm-x-26-cm-x-76-cm-ljusgron","status":"publish","type":"product","link":"https:\/\/truusk.store\/sv\/produkt\/truusk-vaxtstall-i-3-vaningar-for-6-blomkrukor-vaderbestandig-76-cm-x-26-cm-x-76-cm-ljusgron\/","title":{"rendered":"TRUUSK V\u00e4xtst\u00e4ll i 3 v\u00e5ningar &#8211; F\u00f6r 6 blomkrukor &#8211; V\u00e4derbest\u00e4ndig &#8211; 76 cm x 26 cm x 76 cm &#8211; Ljusgr\u00f6n"},"content":{"rendered":"<p>Ta in en touch av natur i ditt hem med detta blomsterst\u00e4ll. Den massiva tr\u00e4konstruktionen s\u00e4kerst\u00e4ller h\u00e5llbar och p\u00e5litlig anv\u00e4ndning inomhus och utomhus. Den A-formade designen med flera hyllor p\u00e5 b\u00e5da sidor ger dina v\u00e4xter, blommor, \u00f6rter och gr\u00f6nsaker en plats att v\u00e4xa och frodas p\u00e5. Lamellhyllorna f\u00f6rhindrar att vatten samlas.<\/p>\n<h3>Beskrivning:<\/h3>\n<ul>\n<li>Idealisk f\u00f6r att lagra v\u00e4xter f\u00f6r att spara utrymme<\/li>\n<li>Rymmer upp till 6 blomkrukor<\/li>\n<li>Lamelldesignen f\u00f6rhindrar vattenansamling<\/li>\n<li>En vacker mintgr\u00f6n lackering<\/li>\n<li>V\u00e4xtst\u00e4ll f\u00f6r inomhus- eller utomhusbruk<\/li>\n<li>Montering kr\u00e4vs<\/li>\n<\/ul>\n<h3>Teknisk data:<\/h3>\n<ul>\n<li>F\u00e4rg: ljusgr\u00f6n<\/li>\n<li>Material: gran<\/li>\n<li>\u00d6vergripande m\u00e5tt: 76L x 26W x 76H cm<\/li>\n<li>Hyllstorlek: 21L x 22W cm, 62L x 22W cm, 76L x 22W cm<\/li>\n<li>Hyllh\u00f6jd till golv (uppifr\u00e5n och ned): 76cm, 46cm, 10cm<\/li>\n<li>Max belastning f\u00f6r varje niv\u00e5: 20 kg<\/li>\n<\/ul>\n<h3>Leveransens omfattning:<\/h3>\n<ul>\n<li>1 x Blomsterst\u00e4ll<\/li>\n<li>1 x Instruktioner<\/li>\n<\/ul>\n","protected":false},"excerpt":{"rendered":"<p>Ta in en touch av natur i ditt hem med detta blomsterst\u00e4ll. Den massiva tr\u00e4konstruktionen s\u00e4kerst\u00e4ller h\u00e5llbar och p\u00e5litlig anv\u00e4ndning&#8230;<\/p>\n","protected":false},"featured_media":40623,"template":"","meta":[],"product_brand":[],"product_cat":[448,733,435,443],"product_tag":[],"class_list":{"0":"post-40622","1":"product","2":"type-product","3":"status-publish","4":"has-post-thumbnail","6":"product_cat-plantera-trappor-hyllor","7":"product_cat-planttrappa","8":"product_cat-tradgard-och-terrass","9":"product_cat-vaxthus-tradgardsskotsel","11":"first","12":"instock","13":"sale","14":"taxable","15":"shipping-taxable","16":"purchasable","17":"product-type-simple"},"yoast_head":"<!-- This site is optimized with the Yoast SEO plugin v25.4 - https:\/\/yoast.com\/wordpress\/plugins\/seo\/ -->\n<title>TRUUSK V\u00e4xtst\u00e4ll i 3 v\u00e5ningar - F\u00f6r 6 blomkrukor - V\u00e4derbest\u00e4ndig - 76 cm x 26 cm x 76 cm - Ljusgr\u00f6n - TRUUSK - Hem, Tr\u00e4dg\u00e5rd &amp; Fritid<\/title>\n<meta name=\"robots\" content=\"index, follow, max-snippet:-1, max-image-preview:large, max-video-preview:-1\" \/>\n<link rel=\"canonical\" href=\"https:\/\/truusk.store\/sv\/produkt\/truusk-vaxtstall-i-3-vaningar-for-6-blomkrukor-vaderbestandig-76-cm-x-26-cm-x-76-cm-ljusgron\/\" \/>\n<meta property=\"og:locale\" content=\"sv_SE\" \/>\n<meta property=\"og:type\" content=\"article\" \/>\n<meta property=\"og:title\" content=\"TRUUSK V\u00e4xtst\u00e4ll i 3 v\u00e5ningar - F\u00f6r 6 blomkrukor - V\u00e4derbest\u00e4ndig - 76 cm x 26 cm x 76 cm - Ljusgr\u00f6n - TRUUSK - Hem, Tr\u00e4dg\u00e5rd &amp; Fritid\" \/>\n<meta property=\"og:description\" content=\"Ta in en touch av natur i ditt hem med detta blomsterst\u00e4ll. Den massiva tr\u00e4konstruktionen s\u00e4kerst\u00e4ller h\u00e5llbar och p\u00e5litlig anv\u00e4ndning...\" \/>\n<meta property=\"og:url\" content=\"https:\/\/truusk.store\/sv\/produkt\/truusk-vaxtstall-i-3-vaningar-for-6-blomkrukor-vaderbestandig-76-cm-x-26-cm-x-76-cm-ljusgron\/\" \/>\n<meta property=\"og:site_name\" content=\"TRUUSK - Hem, Tr\u00e4dg\u00e5rd &amp; Fritid\" \/>\n<meta property=\"article:modified_time\" content=\"2026-03-12T08:16:30+00:00\" \/>\n<meta property=\"og:image\" content=\"https:\/\/i0.wp.com\/truusk.se\/wp-content\/uploads\/2024\/02\/vaxtstall-i-3-vaningar-for-6-blomkrukor-vaderbestandig-76-cm-x-26-cm-x-76-cm-ljusgron.webp?fit=800%2C800&ssl=1\" \/>\n\t<meta property=\"og:image:width\" content=\"800\" \/>\n\t<meta property=\"og:image:height\" content=\"800\" \/>\n\t<meta property=\"og:image:type\" content=\"image\/webp\" \/>\n<meta name=\"twitter:card\" content=\"summary_large_image\" \/>\n<meta name=\"twitter:label1\" content=\"Ber\u00e4knad l\u00e4stid\" \/>\n\t<meta name=\"twitter:data1\" content=\"1 minut\" \/>\n<!-- \/ Yoast SEO plugin. -->","yoast_head_json":{"title":"TRUUSK V\u00e4xtst\u00e4ll i 3 v\u00e5ningar - F\u00f6r 6 blomkrukor - V\u00e4derbest\u00e4ndig - 76 cm x 26 cm x 76 cm - Ljusgr\u00f6n - TRUUSK - Hem, Tr\u00e4dg\u00e5rd &amp; Fritid","robots":{"index":"index","follow":"follow","max-snippet":"max-snippet:-1","max-image-preview":"max-image-preview:large","max-video-preview":"max-video-preview:-1"},"canonical":"https:\/\/truusk.store\/sv\/produkt\/truusk-vaxtstall-i-3-vaningar-for-6-blomkrukor-vaderbestandig-76-cm-x-26-cm-x-76-cm-ljusgron\/","og_locale":"sv_SE","og_type":"article","og_title":"TRUUSK V\u00e4xtst\u00e4ll i 3 v\u00e5ningar - F\u00f6r 6 blomkrukor - V\u00e4derbest\u00e4ndig - 76 cm x 26 cm x 76 cm - Ljusgr\u00f6n - TRUUSK - Hem, Tr\u00e4dg\u00e5rd &amp; Fritid","og_description":"Ta in en touch av natur i ditt hem med detta blomsterst\u00e4ll. Den massiva tr\u00e4konstruktionen s\u00e4kerst\u00e4ller h\u00e5llbar och p\u00e5litlig anv\u00e4ndning...","og_url":"https:\/\/truusk.store\/sv\/produkt\/truusk-vaxtstall-i-3-vaningar-for-6-blomkrukor-vaderbestandig-76-cm-x-26-cm-x-76-cm-ljusgron\/","og_site_name":"TRUUSK - Hem, Tr\u00e4dg\u00e5rd &amp; Fritid","article_modified_time":"2026-03-12T08:16:30+00:00","og_image":[{"width":800,"height":800,"url":"https:\/\/i0.wp.com\/truusk.se\/wp-content\/uploads\/2024\/02\/vaxtstall-i-3-vaningar-for-6-blomkrukor-vaderbestandig-76-cm-x-26-cm-x-76-cm-ljusgron.webp?fit=800%2C800&ssl=1","type":"image\/webp"}],"twitter_card":"summary_large_image","twitter_misc":{"Ber\u00e4knad l\u00e4stid":"1 minut"},"schema":{"@context":"https:\/\/schema.org","@graph":[{"@type":"WebPage","@id":"https:\/\/truusk.store\/sv\/produkt\/truusk-vaxtstall-i-3-vaningar-for-6-blomkrukor-vaderbestandig-76-cm-x-26-cm-x-76-cm-ljusgron\/","url":"https:\/\/truusk.store\/sv\/produkt\/truusk-vaxtstall-i-3-vaningar-for-6-blomkrukor-vaderbestandig-76-cm-x-26-cm-x-76-cm-ljusgron\/","name":"TRUUSK V\u00e4xtst\u00e4ll i 3 v\u00e5ningar - F\u00f6r 6 blomkrukor - V\u00e4derbest\u00e4ndig - 76 cm x 26 cm x 76 cm - Ljusgr\u00f6n - TRUUSK - Hem, Tr\u00e4dg\u00e5rd &amp; Fritid","isPartOf":{"@id":"https:\/\/truusk.store\/sv\/#website"},"primaryImageOfPage":{"@id":"https:\/\/truusk.store\/sv\/produkt\/truusk-vaxtstall-i-3-vaningar-for-6-blomkrukor-vaderbestandig-76-cm-x-26-cm-x-76-cm-ljusgron\/#primaryimage"},"image":{"@id":"https:\/\/truusk.store\/sv\/produkt\/truusk-vaxtstall-i-3-vaningar-for-6-blomkrukor-vaderbestandig-76-cm-x-26-cm-x-76-cm-ljusgron\/#primaryimage"},"thumbnailUrl":"https:\/\/i0.wp.com\/truusk.store\/wp-content\/uploads\/2024\/02\/vaxtstall-i-3-vaningar-for-6-blomkrukor-vaderbestandig-76-cm-x-26-cm-x-76-cm-ljusgron.webp?fit=800%2C800&ssl=1","datePublished":"2024-02-14T01:53:06+00:00","dateModified":"2026-03-12T08:16:30+00:00","breadcrumb":{"@id":"https:\/\/truusk.store\/sv\/produkt\/truusk-vaxtstall-i-3-vaningar-for-6-blomkrukor-vaderbestandig-76-cm-x-26-cm-x-76-cm-ljusgron\/#breadcrumb"},"inLanguage":"sv-SE","potentialAction":[{"@type":"ReadAction","target":["https:\/\/truusk.store\/sv\/produkt\/truusk-vaxtstall-i-3-vaningar-for-6-blomkrukor-vaderbestandig-76-cm-x-26-cm-x-76-cm-ljusgron\/"]}]},{"@type":"ImageObject","inLanguage":"sv-SE","@id":"https:\/\/truusk.store\/sv\/produkt\/truusk-vaxtstall-i-3-vaningar-for-6-blomkrukor-vaderbestandig-76-cm-x-26-cm-x-76-cm-ljusgron\/#primaryimage","url":"https:\/\/i0.wp.com\/truusk.store\/wp-content\/uploads\/2024\/02\/vaxtstall-i-3-vaningar-for-6-blomkrukor-vaderbestandig-76-cm-x-26-cm-x-76-cm-ljusgron.webp?fit=800%2C800&ssl=1","contentUrl":"https:\/\/i0.wp.com\/truusk.store\/wp-content\/uploads\/2024\/02\/vaxtstall-i-3-vaningar-for-6-blomkrukor-vaderbestandig-76-cm-x-26-cm-x-76-cm-ljusgron.webp?fit=800%2C800&ssl=1","width":800,"height":800,"caption":"V\u00e4xtst\u00e4ll I 3 V\u00e5ningar F\u00f6r 6 Blomkrukor V\u00e4derbest\u00e4ndig 76 Cm X 26 Cm X 76 Cm Ljusgr\u00f6n 1"},{"@type":"BreadcrumbList","@id":"https:\/\/truusk.store\/sv\/produkt\/truusk-vaxtstall-i-3-vaningar-for-6-blomkrukor-vaderbestandig-76-cm-x-26-cm-x-76-cm-ljusgron\/#breadcrumb","itemListElement":[{"@type":"ListItem","position":1,"name":"Home","item":"https:\/\/truusk.store\/sv\/"},{"@type":"ListItem","position":2,"name":"Shop","item":"https:\/\/truusk.store\/shop\/"},{"@type":"ListItem","position":3,"name":"TRUUSK V\u00e4xtst\u00e4ll i 3 v\u00e5ningar &#8211; F\u00f6r 6 blomkrukor &#8211; V\u00e4derbest\u00e4ndig &#8211; 76 cm x 26 cm x 76 cm &#8211; Ljusgr\u00f6n"}]},{"@type":"WebSite","@id":"https:\/\/truusk.store\/sv\/#website","url":"https:\/\/truusk.store\/sv\/","name":"TRUUSK - Hem, Tr\u00e4dg\u00e5rd & Fritid","description":"","publisher":{"@id":"https:\/\/truusk.store\/sv\/#organization"},"potentialAction":[{"@type":"SearchAction","target":{"@type":"EntryPoint","urlTemplate":"https:\/\/truusk.store\/sv\/?s={search_term_string}"},"query-input":{"@type":"PropertyValueSpecification","valueRequired":true,"valueName":"search_term_string"}}],"inLanguage":"sv-SE"},{"@type":"Organization","@id":"https:\/\/truusk.store\/sv\/#organization","name":"TRUUSK - Hem, Tr\u00e4dg\u00e5rd & Fritid","url":"https:\/\/truusk.store\/sv\/","logo":{"@type":"ImageObject","inLanguage":"sv-SE","@id":"https:\/\/truusk.store\/sv\/#\/schema\/logo\/image\/","url":"https:\/\/i0.wp.com\/truusk.store\/wp-content\/uploads\/2026\/03\/cropped-TRUUSK.png?fit=2032%2C917&ssl=1","contentUrl":"https:\/\/i0.wp.com\/truusk.store\/wp-content\/uploads\/2026\/03\/cropped-TRUUSK.png?fit=2032%2C917&ssl=1","width":2032,"height":917,"caption":"TRUUSK - Hem, Tr\u00e4dg\u00e5rd & Fritid"},"image":{"@id":"https:\/\/truusk.store\/sv\/#\/schema\/logo\/image\/"}}]}},"jetpack_sharing_enabled":true,"_links":{"self":[{"href":"https:\/\/truusk.store\/sv\/wp-json\/wp\/v2\/product\/40622","targetHints":{"allow":["GET"]}}],"collection":[{"href":"https:\/\/truusk.store\/sv\/wp-json\/wp\/v2\/product"}],"about":[{"href":"https:\/\/truusk.store\/sv\/wp-json\/wp\/v2\/types\/product"}],"wp:featuredmedia":[{"embeddable":true,"href":"https:\/\/truusk.store\/sv\/wp-json\/wp\/v2\/media\/40623"}],"wp:attachment":[{"href":"https:\/\/truusk.store\/sv\/wp-json\/wp\/v2\/media?parent=40622"}],"wp:term":[{"taxonomy":"product_brand","embeddable":true,"href":"https:\/\/truusk.store\/sv\/wp-json\/wp\/v2\/product_brand?post=40622"},{"taxonomy":"product_cat","embeddable":true,"href":"https:\/\/truusk.store\/sv\/wp-json\/wp\/v2\/product_cat?post=40622"},{"taxonomy":"product_tag","embeddable":true,"href":"https:\/\/truusk.store\/sv\/wp-json\/wp\/v2\/product_tag?post=40622"}],"curies":[{"name":"wp","href":"https:\/\/api.w.org\/{rel}","templated":true}]}}