{"id":40668,"date":"2024-02-14T02:54:45","date_gmt":"2024-02-14T01:54:45","guid":{"rendered":"https:\/\/truusk.store\/product\/4-hyllor-vaxtstall-vaderbestandiga-blomtrappor-91cm-x-25cm-x-83cm-svart\/"},"modified":"2026-03-12T09:16:31","modified_gmt":"2026-03-12T08:16:31","slug":"truusk-blomstallning-med-4-hyllor-vaderbestandig-91cm-x-25cm-x-83cm-svart","status":"publish","type":"product","link":"https:\/\/truusk.store\/sv\/produkt\/truusk-blomstallning-med-4-hyllor-vaderbestandig-91cm-x-25cm-x-83cm-svart\/","title":{"rendered":"TRUUSK Blomst\u00e4llning med 4 hyllor &#8211; V\u00e4derbest\u00e4ndig &#8211; 91cm x 25cm x 83cm &#8211; Svart"},"content":{"rendered":"<p>Denna v\u00e4xthylla ser inte bara bra ut, utan erbjuder ocks\u00e5 gott om plats f\u00f6r v\u00e4xter p\u00e5 ett litet utrymme. Den best\u00e5r av en t\u00e5lig, m\u00e5lad och stabil ram. Du kan anv\u00e4nda det h\u00e4r blomsterst\u00e4llet inomhus f\u00f6r att f\u00e5 in lite gr\u00f6nska i huset eller anv\u00e4nda det utomhus f\u00f6r att dekorera ditt utomhusutrymme. Ta med dig en bit av naturen hem med detta v\u00e4xtst\u00e4ll.<\/p>\n<h3>Beskrivning:<\/h3>\n<ul>\n<li>V\u00e4xtst\u00e4ll med 4 hyllor f\u00f6r visning av blommor, \u00f6rter och gr\u00f6nsaksv\u00e4xter<\/li>\n<li>Tillverkad av en slitstark, robust och v\u00e4derbest\u00e4ndig metall<\/li>\n<li>Idealisk f\u00f6r utomhusomr\u00e5den som tr\u00e4dg\u00e5rdar, balkonger eller verandor<\/li>\n<li>Hyllor med olika h\u00f6jd passar olika storlekar p\u00e5 krukv\u00e4xter<\/li>\n<li>Hyllor av metalln\u00e4t f\u00f6r att f\u00f6rhindra att vatten samlas<\/li>\n<li>Montering kr\u00e4vs<\/li>\n<\/ul>\n<h3>Teknisk data:<\/h3>\n<ul>\n<li>Svart f\u00e4rg<\/li>\n<li>Material: j\u00e4rn<\/li>\n<li>\u00d6vergripande m\u00e5tt: 91L x 25W x 83H cm<\/li>\n<li>Niv\u00e5ernas storlek: Niv\u00e5er: 25W x 25D cm (\u00f6verst), 38,5W x 25D cm (tredje niv\u00e5n), 25W x 25L cm (andra niv\u00e5n), 29W x 25L cm (botten)<\/li>\n<li>Golvavst\u00e5nd (uppifr\u00e5n och ned): 83cm, 45cm, 45cm, 25cm<\/li>\n<li>Max belastning f\u00f6r varje niv\u00e5: 50 kg<\/li>\n<\/ul>\n<h3>Leveransens omfattning:<\/h3>\n<ul>\n<li>1 x Blomsterst\u00e4ll<\/li>\n<li>1 x Instruktioner<\/li>\n<\/ul>\n","protected":false},"excerpt":{"rendered":"<p>Denna v\u00e4xthylla ser inte bara bra ut, utan erbjuder ocks\u00e5 gott om plats f\u00f6r v\u00e4xter p\u00e5 ett litet utrymme. Den&#8230;<\/p>\n","protected":false},"featured_media":40669,"template":"","meta":[],"product_brand":[],"product_cat":[448,733,435,443],"product_tag":[],"class_list":{"0":"post-40668","1":"product","2":"type-product","3":"status-publish","4":"has-post-thumbnail","6":"product_cat-plantera-trappor-hyllor","7":"product_cat-planttrappa","8":"product_cat-tradgard-och-terrass","9":"product_cat-vaxthus-tradgardsskotsel","11":"first","12":"instock","13":"sale","14":"taxable","15":"shipping-taxable","16":"purchasable","17":"product-type-simple"},"yoast_head":"<!-- This site is optimized with the Yoast SEO plugin v25.4 - https:\/\/yoast.com\/wordpress\/plugins\/seo\/ -->\n<title>TRUUSK Blomst\u00e4llning med 4 hyllor - V\u00e4derbest\u00e4ndig - 91cm x 25cm x 83cm - Svart - TRUUSK - Hem, Tr\u00e4dg\u00e5rd &amp; Fritid<\/title>\n<meta name=\"robots\" content=\"index, follow, max-snippet:-1, max-image-preview:large, max-video-preview:-1\" \/>\n<link rel=\"canonical\" href=\"https:\/\/truusk.store\/sv\/produkt\/truusk-blomstallning-med-4-hyllor-vaderbestandig-91cm-x-25cm-x-83cm-svart\/\" \/>\n<meta property=\"og:locale\" content=\"sv_SE\" \/>\n<meta property=\"og:type\" content=\"article\" \/>\n<meta property=\"og:title\" content=\"TRUUSK Blomst\u00e4llning med 4 hyllor - V\u00e4derbest\u00e4ndig - 91cm x 25cm x 83cm - Svart - TRUUSK - Hem, Tr\u00e4dg\u00e5rd &amp; Fritid\" \/>\n<meta property=\"og:description\" content=\"Denna v\u00e4xthylla ser inte bara bra ut, utan erbjuder ocks\u00e5 gott om plats f\u00f6r v\u00e4xter p\u00e5 ett litet utrymme. Den...\" \/>\n<meta property=\"og:url\" content=\"https:\/\/truusk.store\/sv\/produkt\/truusk-blomstallning-med-4-hyllor-vaderbestandig-91cm-x-25cm-x-83cm-svart\/\" \/>\n<meta property=\"og:site_name\" content=\"TRUUSK - Hem, Tr\u00e4dg\u00e5rd &amp; Fritid\" \/>\n<meta property=\"article:modified_time\" content=\"2026-03-12T08:16:31+00:00\" \/>\n<meta property=\"og:image\" content=\"https:\/\/i0.wp.com\/truusk.se\/wp-content\/uploads\/2024\/02\/4-hyllor-vaxtstall-vaderbestandiga-blomtrappor-91cm-x-25cm-x-83cm-svart.webp?fit=800%2C800&ssl=1\" \/>\n\t<meta property=\"og:image:width\" content=\"800\" \/>\n\t<meta property=\"og:image:height\" content=\"800\" \/>\n\t<meta property=\"og:image:type\" content=\"image\/webp\" \/>\n<meta name=\"twitter:card\" content=\"summary_large_image\" \/>\n<meta name=\"twitter:label1\" content=\"Ber\u00e4knad l\u00e4stid\" \/>\n\t<meta name=\"twitter:data1\" content=\"1 minut\" \/>\n<!-- \/ Yoast SEO plugin. -->","yoast_head_json":{"title":"TRUUSK Blomst\u00e4llning med 4 hyllor - V\u00e4derbest\u00e4ndig - 91cm x 25cm x 83cm - Svart - TRUUSK - Hem, Tr\u00e4dg\u00e5rd &amp; Fritid","robots":{"index":"index","follow":"follow","max-snippet":"max-snippet:-1","max-image-preview":"max-image-preview:large","max-video-preview":"max-video-preview:-1"},"canonical":"https:\/\/truusk.store\/sv\/produkt\/truusk-blomstallning-med-4-hyllor-vaderbestandig-91cm-x-25cm-x-83cm-svart\/","og_locale":"sv_SE","og_type":"article","og_title":"TRUUSK Blomst\u00e4llning med 4 hyllor - V\u00e4derbest\u00e4ndig - 91cm x 25cm x 83cm - Svart - TRUUSK - Hem, Tr\u00e4dg\u00e5rd &amp; Fritid","og_description":"Denna v\u00e4xthylla ser inte bara bra ut, utan erbjuder ocks\u00e5 gott om plats f\u00f6r v\u00e4xter p\u00e5 ett litet utrymme. Den...","og_url":"https:\/\/truusk.store\/sv\/produkt\/truusk-blomstallning-med-4-hyllor-vaderbestandig-91cm-x-25cm-x-83cm-svart\/","og_site_name":"TRUUSK - Hem, Tr\u00e4dg\u00e5rd &amp; Fritid","article_modified_time":"2026-03-12T08:16:31+00:00","og_image":[{"width":800,"height":800,"url":"https:\/\/i0.wp.com\/truusk.se\/wp-content\/uploads\/2024\/02\/4-hyllor-vaxtstall-vaderbestandiga-blomtrappor-91cm-x-25cm-x-83cm-svart.webp?fit=800%2C800&ssl=1","type":"image\/webp"}],"twitter_card":"summary_large_image","twitter_misc":{"Ber\u00e4knad l\u00e4stid":"1 minut"},"schema":{"@context":"https:\/\/schema.org","@graph":[{"@type":"WebPage","@id":"https:\/\/truusk.store\/sv\/produkt\/truusk-blomstallning-med-4-hyllor-vaderbestandig-91cm-x-25cm-x-83cm-svart\/","url":"https:\/\/truusk.store\/sv\/produkt\/truusk-blomstallning-med-4-hyllor-vaderbestandig-91cm-x-25cm-x-83cm-svart\/","name":"TRUUSK Blomst\u00e4llning med 4 hyllor - V\u00e4derbest\u00e4ndig - 91cm x 25cm x 83cm - Svart - TRUUSK - Hem, Tr\u00e4dg\u00e5rd &amp; Fritid","isPartOf":{"@id":"https:\/\/truusk.store\/sv\/#website"},"primaryImageOfPage":{"@id":"https:\/\/truusk.store\/sv\/produkt\/truusk-blomstallning-med-4-hyllor-vaderbestandig-91cm-x-25cm-x-83cm-svart\/#primaryimage"},"image":{"@id":"https:\/\/truusk.store\/sv\/produkt\/truusk-blomstallning-med-4-hyllor-vaderbestandig-91cm-x-25cm-x-83cm-svart\/#primaryimage"},"thumbnailUrl":"https:\/\/i0.wp.com\/truusk.store\/wp-content\/uploads\/2024\/02\/4-hyllor-vaxtstall-vaderbestandiga-blomtrappor-91cm-x-25cm-x-83cm-svart.webp?fit=800%2C800&ssl=1","datePublished":"2024-02-14T01:54:45+00:00","dateModified":"2026-03-12T08:16:31+00:00","breadcrumb":{"@id":"https:\/\/truusk.store\/sv\/produkt\/truusk-blomstallning-med-4-hyllor-vaderbestandig-91cm-x-25cm-x-83cm-svart\/#breadcrumb"},"inLanguage":"sv-SE","potentialAction":[{"@type":"ReadAction","target":["https:\/\/truusk.store\/sv\/produkt\/truusk-blomstallning-med-4-hyllor-vaderbestandig-91cm-x-25cm-x-83cm-svart\/"]}]},{"@type":"ImageObject","inLanguage":"sv-SE","@id":"https:\/\/truusk.store\/sv\/produkt\/truusk-blomstallning-med-4-hyllor-vaderbestandig-91cm-x-25cm-x-83cm-svart\/#primaryimage","url":"https:\/\/i0.wp.com\/truusk.store\/wp-content\/uploads\/2024\/02\/4-hyllor-vaxtstall-vaderbestandiga-blomtrappor-91cm-x-25cm-x-83cm-svart.webp?fit=800%2C800&ssl=1","contentUrl":"https:\/\/i0.wp.com\/truusk.store\/wp-content\/uploads\/2024\/02\/4-hyllor-vaxtstall-vaderbestandiga-blomtrappor-91cm-x-25cm-x-83cm-svart.webp?fit=800%2C800&ssl=1","width":800,"height":800,"caption":"4-hyllor V\u00e4xtst\u00e4ll V\u00e4derbest\u00e4ndiga Blomtrappor 91cm X 25cm X 83cm Svart 1"},{"@type":"BreadcrumbList","@id":"https:\/\/truusk.store\/sv\/produkt\/truusk-blomstallning-med-4-hyllor-vaderbestandig-91cm-x-25cm-x-83cm-svart\/#breadcrumb","itemListElement":[{"@type":"ListItem","position":1,"name":"Home","item":"https:\/\/truusk.store\/sv\/"},{"@type":"ListItem","position":2,"name":"Shop","item":"https:\/\/truusk.store\/shop\/"},{"@type":"ListItem","position":3,"name":"TRUUSK Blomst\u00e4llning med 4 hyllor &#8211; V\u00e4derbest\u00e4ndig &#8211; 91cm x 25cm x 83cm &#8211; Svart"}]},{"@type":"WebSite","@id":"https:\/\/truusk.store\/sv\/#website","url":"https:\/\/truusk.store\/sv\/","name":"TRUUSK - Hem, Tr\u00e4dg\u00e5rd & Fritid","description":"","publisher":{"@id":"https:\/\/truusk.store\/sv\/#organization"},"potentialAction":[{"@type":"SearchAction","target":{"@type":"EntryPoint","urlTemplate":"https:\/\/truusk.store\/sv\/?s={search_term_string}"},"query-input":{"@type":"PropertyValueSpecification","valueRequired":true,"valueName":"search_term_string"}}],"inLanguage":"sv-SE"},{"@type":"Organization","@id":"https:\/\/truusk.store\/sv\/#organization","name":"TRUUSK - Hem, Tr\u00e4dg\u00e5rd & Fritid","url":"https:\/\/truusk.store\/sv\/","logo":{"@type":"ImageObject","inLanguage":"sv-SE","@id":"https:\/\/truusk.store\/sv\/#\/schema\/logo\/image\/","url":"https:\/\/i0.wp.com\/truusk.store\/wp-content\/uploads\/2026\/03\/cropped-TRUUSK.png?fit=2032%2C917&ssl=1","contentUrl":"https:\/\/i0.wp.com\/truusk.store\/wp-content\/uploads\/2026\/03\/cropped-TRUUSK.png?fit=2032%2C917&ssl=1","width":2032,"height":917,"caption":"TRUUSK - Hem, Tr\u00e4dg\u00e5rd & Fritid"},"image":{"@id":"https:\/\/truusk.store\/sv\/#\/schema\/logo\/image\/"}}]}},"jetpack_sharing_enabled":true,"_links":{"self":[{"href":"https:\/\/truusk.store\/sv\/wp-json\/wp\/v2\/product\/40668","targetHints":{"allow":["GET"]}}],"collection":[{"href":"https:\/\/truusk.store\/sv\/wp-json\/wp\/v2\/product"}],"about":[{"href":"https:\/\/truusk.store\/sv\/wp-json\/wp\/v2\/types\/product"}],"wp:featuredmedia":[{"embeddable":true,"href":"https:\/\/truusk.store\/sv\/wp-json\/wp\/v2\/media\/40669"}],"wp:attachment":[{"href":"https:\/\/truusk.store\/sv\/wp-json\/wp\/v2\/media?parent=40668"}],"wp:term":[{"taxonomy":"product_brand","embeddable":true,"href":"https:\/\/truusk.store\/sv\/wp-json\/wp\/v2\/product_brand?post=40668"},{"taxonomy":"product_cat","embeddable":true,"href":"https:\/\/truusk.store\/sv\/wp-json\/wp\/v2\/product_cat?post=40668"},{"taxonomy":"product_tag","embeddable":true,"href":"https:\/\/truusk.store\/sv\/wp-json\/wp\/v2\/product_tag?post=40668"}],"curies":[{"name":"wp","href":"https:\/\/api.w.org\/{rel}","templated":true}]}}