{"id":40771,"date":"2024-02-14T02:58:08","date_gmt":"2024-02-14T01:58:08","guid":{"rendered":"https:\/\/truusk.store\/product\/fatolj-i-scandi-design-sammetslook-massivt-tra-68cm-x-74cm-x-82cm-natur-gra\/"},"modified":"2026-03-12T09:16:34","modified_gmt":"2026-03-12T08:16:34","slug":"truusk-skonhet-i-scandinavisk-design-sammetstextur-massivt-tra-68cm-x-74cm-x-82cm-natur-gra","status":"publish","type":"product","link":"https:\/\/truusk.store\/sv\/produkt\/truusk-skonhet-i-scandinavisk-design-sammetstextur-massivt-tra-68cm-x-74cm-x-82cm-natur-gra\/","title":{"rendered":"TRUUSK Sk\u00f6nhet i Scandinavisk Design &#8211; Sammetstextur &#8211; Massivt Tr\u00e4 &#8211; 68cm x 74cm x 82cm &#8211; Natur + Gr\u00e5"},"content":{"rendered":"<p>Med accentstolar blir mysh\u00f6rnor verklighet! En f\u00e5t\u00f6lj kan placeras i ett h\u00f6rn eller framf\u00f6r ett f\u00f6nster f\u00f6r att skapa en mysig l\u00e4sh\u00f6rna eller en h\u00e4rlig samtalsyta. Accentstolar kan till och med placeras i korridorer eller andra mindre konventionella platser var du vill. Denna f\u00e5t\u00f6lj i sammetslook, med en mjuk fj\u00e4dring under den vadderade sitsen, erbjuder optimal komfort.<\/p>\n<h3>Beskrivning:<\/h3>\n<ul>\n<li>Den naturliga tr\u00e4ramen och ytan i sammetslook ger Scandi chic till ditt favoritrum<\/li>\n<li>Kan placeras var som helst, fr\u00e5n vardagsrummet till sovrummet till matsalen<\/li>\n<li>Tygerna i sammetslook som andas (100 % polyester) \u00e4r bland de mest eleganta och attraktiva<\/li>\n<li>Vadderade rygg- och sittdynor med S-fj\u00e4drar inuti s\u00e4kerst\u00e4ller bekv\u00e4mt sittande<\/li>\n<li>Robust gummitr\u00e4ram s\u00e4kerst\u00e4ller p\u00e5litlig styrka vid anv\u00e4ndning<\/li>\n<li>Montering kr\u00e4vs<\/li>\n<\/ul>\n<h3>Teknisk data:<\/h3>\n<ul>\n<li>F\u00e4rg: ljusgr\u00e5<\/li>\n<li>Material: sammet (100 % polyester), skum, gummitr\u00e4<\/li>\n<li>\u00d6vergripande m\u00e5tt: 68W x 74D x 82H cm<\/li>\n<li>Sitsstorlek: 55W x 53D x 44H cm<\/li>\n<li>Sitstjocklek: 19 cm<\/li>\n<li>Ryggstorlek: 55L x 45W cm<\/li>\n<li>Ryggst\u00f6dets tjocklek: 11 cm<\/li>\n<li>Benh\u00f6jd: 28 cm<\/li>\n<li>Viktkapacitet: 120 kg<\/li>\n<\/ul>\n<h3>Leveransens omfattning:<\/h3>\n<ul>\n<li>1 x stoppad stol<\/li>\n<li>1 x Instruktioner<\/li>\n<\/ul>\n","protected":false},"excerpt":{"rendered":"<p>Med accentstolar blir mysh\u00f6rnor verklighet! En f\u00e5t\u00f6lj kan placeras i ett h\u00f6rn eller framf\u00f6r ett f\u00f6nster f\u00f6r att skapa en&#8230;<\/p>\n","protected":false},"featured_media":40772,"template":"","meta":[],"product_brand":[],"product_cat":[485,515,519],"product_tag":[],"class_list":{"0":"post-40771","1":"product","2":"type-product","3":"status-publish","4":"has-post-thumbnail","6":"product_cat-hus-bo","7":"product_cat-stolar","8":"product_cat-stoppade-stolar","10":"first","11":"instock","12":"sale","13":"taxable","14":"shipping-taxable","15":"purchasable","16":"product-type-simple"},"yoast_head":"<!-- This site is optimized with the Yoast SEO plugin v25.4 - https:\/\/yoast.com\/wordpress\/plugins\/seo\/ -->\n<title>TRUUSK Sk\u00f6nhet i Scandinavisk Design - Sammetstextur - Massivt Tr\u00e4 - 68cm x 74cm x 82cm - Natur + Gr\u00e5 - TRUUSK - Hem, Tr\u00e4dg\u00e5rd &amp; Fritid<\/title>\n<meta name=\"robots\" content=\"index, follow, max-snippet:-1, max-image-preview:large, max-video-preview:-1\" \/>\n<link rel=\"canonical\" href=\"https:\/\/truusk.store\/sv\/produkt\/truusk-skonhet-i-scandinavisk-design-sammetstextur-massivt-tra-68cm-x-74cm-x-82cm-natur-gra\/\" \/>\n<meta property=\"og:locale\" content=\"sv_SE\" \/>\n<meta property=\"og:type\" content=\"article\" \/>\n<meta property=\"og:title\" content=\"TRUUSK Sk\u00f6nhet i Scandinavisk Design - Sammetstextur - Massivt Tr\u00e4 - 68cm x 74cm x 82cm - Natur + Gr\u00e5 - TRUUSK - Hem, Tr\u00e4dg\u00e5rd &amp; Fritid\" \/>\n<meta property=\"og:description\" content=\"Med accentstolar blir mysh\u00f6rnor verklighet! En f\u00e5t\u00f6lj kan placeras i ett h\u00f6rn eller framf\u00f6r ett f\u00f6nster f\u00f6r att skapa en...\" \/>\n<meta property=\"og:url\" content=\"https:\/\/truusk.store\/sv\/produkt\/truusk-skonhet-i-scandinavisk-design-sammetstextur-massivt-tra-68cm-x-74cm-x-82cm-natur-gra\/\" \/>\n<meta property=\"og:site_name\" content=\"TRUUSK - Hem, Tr\u00e4dg\u00e5rd &amp; Fritid\" \/>\n<meta property=\"article:modified_time\" content=\"2026-03-12T08:16:34+00:00\" \/>\n<meta property=\"og:image\" content=\"https:\/\/i0.wp.com\/truusk.se\/wp-content\/uploads\/2024\/02\/fatolj-i-scandi-design-sammetslook-massivt-tra-68cm-x-74cm-x-82cm-natur-gra.webp?fit=800%2C800&ssl=1\" \/>\n\t<meta property=\"og:image:width\" content=\"800\" \/>\n\t<meta property=\"og:image:height\" content=\"800\" \/>\n\t<meta property=\"og:image:type\" content=\"image\/webp\" \/>\n<meta name=\"twitter:card\" content=\"summary_large_image\" \/>\n<meta name=\"twitter:label1\" content=\"Ber\u00e4knad l\u00e4stid\" \/>\n\t<meta name=\"twitter:data1\" content=\"1 minut\" \/>\n<!-- \/ Yoast SEO plugin. -->","yoast_head_json":{"title":"TRUUSK Sk\u00f6nhet i Scandinavisk Design - Sammetstextur - Massivt Tr\u00e4 - 68cm x 74cm x 82cm - Natur + Gr\u00e5 - TRUUSK - Hem, Tr\u00e4dg\u00e5rd &amp; Fritid","robots":{"index":"index","follow":"follow","max-snippet":"max-snippet:-1","max-image-preview":"max-image-preview:large","max-video-preview":"max-video-preview:-1"},"canonical":"https:\/\/truusk.store\/sv\/produkt\/truusk-skonhet-i-scandinavisk-design-sammetstextur-massivt-tra-68cm-x-74cm-x-82cm-natur-gra\/","og_locale":"sv_SE","og_type":"article","og_title":"TRUUSK Sk\u00f6nhet i Scandinavisk Design - Sammetstextur - Massivt Tr\u00e4 - 68cm x 74cm x 82cm - Natur + Gr\u00e5 - TRUUSK - Hem, Tr\u00e4dg\u00e5rd &amp; Fritid","og_description":"Med accentstolar blir mysh\u00f6rnor verklighet! En f\u00e5t\u00f6lj kan placeras i ett h\u00f6rn eller framf\u00f6r ett f\u00f6nster f\u00f6r att skapa en...","og_url":"https:\/\/truusk.store\/sv\/produkt\/truusk-skonhet-i-scandinavisk-design-sammetstextur-massivt-tra-68cm-x-74cm-x-82cm-natur-gra\/","og_site_name":"TRUUSK - Hem, Tr\u00e4dg\u00e5rd &amp; Fritid","article_modified_time":"2026-03-12T08:16:34+00:00","og_image":[{"width":800,"height":800,"url":"https:\/\/i0.wp.com\/truusk.se\/wp-content\/uploads\/2024\/02\/fatolj-i-scandi-design-sammetslook-massivt-tra-68cm-x-74cm-x-82cm-natur-gra.webp?fit=800%2C800&ssl=1","type":"image\/webp"}],"twitter_card":"summary_large_image","twitter_misc":{"Ber\u00e4knad l\u00e4stid":"1 minut"},"schema":{"@context":"https:\/\/schema.org","@graph":[{"@type":"WebPage","@id":"https:\/\/truusk.store\/sv\/produkt\/truusk-skonhet-i-scandinavisk-design-sammetstextur-massivt-tra-68cm-x-74cm-x-82cm-natur-gra\/","url":"https:\/\/truusk.store\/sv\/produkt\/truusk-skonhet-i-scandinavisk-design-sammetstextur-massivt-tra-68cm-x-74cm-x-82cm-natur-gra\/","name":"TRUUSK Sk\u00f6nhet i Scandinavisk Design - Sammetstextur - Massivt Tr\u00e4 - 68cm x 74cm x 82cm - Natur + Gr\u00e5 - TRUUSK - Hem, Tr\u00e4dg\u00e5rd &amp; Fritid","isPartOf":{"@id":"https:\/\/truusk.store\/sv\/#website"},"primaryImageOfPage":{"@id":"https:\/\/truusk.store\/sv\/produkt\/truusk-skonhet-i-scandinavisk-design-sammetstextur-massivt-tra-68cm-x-74cm-x-82cm-natur-gra\/#primaryimage"},"image":{"@id":"https:\/\/truusk.store\/sv\/produkt\/truusk-skonhet-i-scandinavisk-design-sammetstextur-massivt-tra-68cm-x-74cm-x-82cm-natur-gra\/#primaryimage"},"thumbnailUrl":"https:\/\/i0.wp.com\/truusk.store\/wp-content\/uploads\/2024\/02\/fatolj-i-scandi-design-sammetslook-massivt-tra-68cm-x-74cm-x-82cm-natur-gra.webp?fit=800%2C800&ssl=1","datePublished":"2024-02-14T01:58:08+00:00","dateModified":"2026-03-12T08:16:34+00:00","breadcrumb":{"@id":"https:\/\/truusk.store\/sv\/produkt\/truusk-skonhet-i-scandinavisk-design-sammetstextur-massivt-tra-68cm-x-74cm-x-82cm-natur-gra\/#breadcrumb"},"inLanguage":"sv-SE","potentialAction":[{"@type":"ReadAction","target":["https:\/\/truusk.store\/sv\/produkt\/truusk-skonhet-i-scandinavisk-design-sammetstextur-massivt-tra-68cm-x-74cm-x-82cm-natur-gra\/"]}]},{"@type":"ImageObject","inLanguage":"sv-SE","@id":"https:\/\/truusk.store\/sv\/produkt\/truusk-skonhet-i-scandinavisk-design-sammetstextur-massivt-tra-68cm-x-74cm-x-82cm-natur-gra\/#primaryimage","url":"https:\/\/i0.wp.com\/truusk.store\/wp-content\/uploads\/2024\/02\/fatolj-i-scandi-design-sammetslook-massivt-tra-68cm-x-74cm-x-82cm-natur-gra.webp?fit=800%2C800&ssl=1","contentUrl":"https:\/\/i0.wp.com\/truusk.store\/wp-content\/uploads\/2024\/02\/fatolj-i-scandi-design-sammetslook-massivt-tra-68cm-x-74cm-x-82cm-natur-gra.webp?fit=800%2C800&ssl=1","width":800,"height":800,"caption":"F\u00e5t\u00f6lj I Scandi Design, Sammetslook, Massivt Tr\u00e4; 68cm X 74cm X 82cm, Natur + Gr\u00e5 1"},{"@type":"BreadcrumbList","@id":"https:\/\/truusk.store\/sv\/produkt\/truusk-skonhet-i-scandinavisk-design-sammetstextur-massivt-tra-68cm-x-74cm-x-82cm-natur-gra\/#breadcrumb","itemListElement":[{"@type":"ListItem","position":1,"name":"Home","item":"https:\/\/truusk.store\/sv\/"},{"@type":"ListItem","position":2,"name":"Shop","item":"https:\/\/truusk.store\/shop\/"},{"@type":"ListItem","position":3,"name":"TRUUSK Sk\u00f6nhet i Scandinavisk Design &#8211; Sammetstextur &#8211; Massivt Tr\u00e4 &#8211; 68cm x 74cm x 82cm &#8211; Natur + Gr\u00e5"}]},{"@type":"WebSite","@id":"https:\/\/truusk.store\/sv\/#website","url":"https:\/\/truusk.store\/sv\/","name":"TRUUSK - Hem, Tr\u00e4dg\u00e5rd & Fritid","description":"","publisher":{"@id":"https:\/\/truusk.store\/sv\/#organization"},"potentialAction":[{"@type":"SearchAction","target":{"@type":"EntryPoint","urlTemplate":"https:\/\/truusk.store\/sv\/?s={search_term_string}"},"query-input":{"@type":"PropertyValueSpecification","valueRequired":true,"valueName":"search_term_string"}}],"inLanguage":"sv-SE"},{"@type":"Organization","@id":"https:\/\/truusk.store\/sv\/#organization","name":"TRUUSK - Hem, Tr\u00e4dg\u00e5rd & Fritid","url":"https:\/\/truusk.store\/sv\/","logo":{"@type":"ImageObject","inLanguage":"sv-SE","@id":"https:\/\/truusk.store\/sv\/#\/schema\/logo\/image\/","url":"https:\/\/i0.wp.com\/truusk.store\/wp-content\/uploads\/2026\/03\/cropped-TRUUSK.png?fit=2032%2C917&ssl=1","contentUrl":"https:\/\/i0.wp.com\/truusk.store\/wp-content\/uploads\/2026\/03\/cropped-TRUUSK.png?fit=2032%2C917&ssl=1","width":2032,"height":917,"caption":"TRUUSK - Hem, Tr\u00e4dg\u00e5rd & Fritid"},"image":{"@id":"https:\/\/truusk.store\/sv\/#\/schema\/logo\/image\/"}}]}},"jetpack_sharing_enabled":true,"_links":{"self":[{"href":"https:\/\/truusk.store\/sv\/wp-json\/wp\/v2\/product\/40771","targetHints":{"allow":["GET"]}}],"collection":[{"href":"https:\/\/truusk.store\/sv\/wp-json\/wp\/v2\/product"}],"about":[{"href":"https:\/\/truusk.store\/sv\/wp-json\/wp\/v2\/types\/product"}],"wp:featuredmedia":[{"embeddable":true,"href":"https:\/\/truusk.store\/sv\/wp-json\/wp\/v2\/media\/40772"}],"wp:attachment":[{"href":"https:\/\/truusk.store\/sv\/wp-json\/wp\/v2\/media?parent=40771"}],"wp:term":[{"taxonomy":"product_brand","embeddable":true,"href":"https:\/\/truusk.store\/sv\/wp-json\/wp\/v2\/product_brand?post=40771"},{"taxonomy":"product_cat","embeddable":true,"href":"https:\/\/truusk.store\/sv\/wp-json\/wp\/v2\/product_cat?post=40771"},{"taxonomy":"product_tag","embeddable":true,"href":"https:\/\/truusk.store\/sv\/wp-json\/wp\/v2\/product_tag?post=40771"}],"curies":[{"name":"wp","href":"https:\/\/api.w.org\/{rel}","templated":true}]}}