{"id":40814,"date":"2024-02-14T02:59:24","date_gmt":"2024-02-14T01:59:24","guid":{"rendered":"https:\/\/truusk.store\/product\/badrumsskap-i-bambu-1-hylla-2-lador-30cm-x-30cm-x-90cm-natur\/"},"modified":"2026-03-12T09:16:35","modified_gmt":"2026-03-12T08:16:35","slug":"truusk-badrumsskap-i-bambu-1-hylla-2-lador-30cm-x-30cm-x-90cm-natur","status":"publish","type":"product","link":"https:\/\/truusk.store\/sv\/produkt\/truusk-badrumsskap-i-bambu-1-hylla-2-lador-30cm-x-30cm-x-90cm-natur\/","title":{"rendered":"TRUUSK Badrumssk\u00e5p i Bambu &#8211; 1 Hylla &#8211; 2 L\u00e5dor &#8211; 30cm x 30cm x 90cm &#8211; Natur"},"content":{"rendered":"<p>Maximera utrymmet och minimera r\u00f6ran med detta moderna badrumssk\u00e5p. Skapa ordning i ditt hem med denna i\u00f6gonfallande badrumsf\u00f6rvaringsl\u00f6sning. Kombinationen av \u00f6ppna fack och l\u00e5dor g\u00f6r den idealisk f\u00f6r mindre rum d\u00e4r ordningen m\u00e5ste r\u00e5da. Tillverkat av h\u00e5llbar bambu, har detta frist\u00e5ende badrumssk\u00e5p ett naturligt utseende f\u00f6r dagligt bruk.<\/p>\n<h3>Beskrivning:<\/h3>\n<ul>\n<li>Kompakt sk\u00e5p perfekt f\u00f6r tr\u00e5nga utrymmen.<\/li>\n<li>Robust konstruktion av bambutr\u00e4.<\/li>\n<li>Med 1 \u00f6ppet fack och 2 avtagbara l\u00e5dor som erbjuder gott om f\u00f6rvaringsutrymme och organisation.<\/li>\n<li>Naturligt utseende som passar de flesta badrum, vardagsrum, sovrum och hallar.<\/li>\n<li>Lutningss\u00e4ker beslag f\u00f6r din s\u00e4kerhet.<\/li>\n<li>Montering kr\u00e4vs.<\/li>\n<\/ul>\n<h3>Teknisk data:<\/h3>\n<ul>\n<li>F\u00e4rg: naturligt tr\u00e4<\/li>\n<li>Material: Bambu<\/li>\n<li>Totala m\u00e5tt: 30L x 30W x 90H cm<\/li>\n<li>Innerm\u00e5tt p\u00e5 l\u00e5dan: 24,7L x 27W x 22,4H cm<\/li>\n<li>\u00d6ppet f\u00f6rvaringsutrymme: 27L x 29W x 23,5H cm<\/li>\n<li>Viktkapacitet: 30 kg (totalt), 5 kg (hylla)<\/li>\n<li>Golv till golv: 10H cm<\/li>\n<\/ul>\n<h3>Leveransens omfattning:<\/h3>\n<ul>\n<li>1 x Badrumssk\u00e5p<\/li>\n<li>1 x manuell<\/li>\n<\/ul>\n","protected":false},"excerpt":{"rendered":"<p>Maximera utrymmet och minimera r\u00f6ran med detta moderna badrumssk\u00e5p. Skapa ordning i ditt hem med denna i\u00f6gonfallande badrumsf\u00f6rvaringsl\u00f6sning. Kombinationen av&#8230;<\/p>\n","protected":false},"featured_media":40815,"template":"","meta":[],"product_brand":[],"product_cat":[535,485,528],"product_tag":[],"class_list":{"0":"post-40814","1":"product","2":"type-product","3":"status-publish","4":"has-post-thumbnail","6":"product_cat-badrumsskap","7":"product_cat-hus-bo","8":"product_cat-skap-byraer","10":"first","11":"instock","12":"sale","13":"taxable","14":"shipping-taxable","15":"purchasable","16":"product-type-simple"},"yoast_head":"<!-- This site is optimized with the Yoast SEO plugin v25.4 - https:\/\/yoast.com\/wordpress\/plugins\/seo\/ -->\n<title>TRUUSK Badrumssk\u00e5p i Bambu - 1 Hylla - 2 L\u00e5dor - 30cm x 30cm x 90cm - Natur - TRUUSK - Hem, Tr\u00e4dg\u00e5rd &amp; Fritid<\/title>\n<meta name=\"robots\" content=\"index, follow, max-snippet:-1, max-image-preview:large, max-video-preview:-1\" \/>\n<link rel=\"canonical\" href=\"https:\/\/truusk.store\/sv\/produkt\/truusk-badrumsskap-i-bambu-1-hylla-2-lador-30cm-x-30cm-x-90cm-natur\/\" \/>\n<meta property=\"og:locale\" content=\"sv_SE\" \/>\n<meta property=\"og:type\" content=\"article\" \/>\n<meta property=\"og:title\" content=\"TRUUSK Badrumssk\u00e5p i Bambu - 1 Hylla - 2 L\u00e5dor - 30cm x 30cm x 90cm - Natur - TRUUSK - Hem, Tr\u00e4dg\u00e5rd &amp; Fritid\" \/>\n<meta property=\"og:description\" content=\"Maximera utrymmet och minimera r\u00f6ran med detta moderna badrumssk\u00e5p. Skapa ordning i ditt hem med denna i\u00f6gonfallande badrumsf\u00f6rvaringsl\u00f6sning. Kombinationen av...\" \/>\n<meta property=\"og:url\" content=\"https:\/\/truusk.store\/sv\/produkt\/truusk-badrumsskap-i-bambu-1-hylla-2-lador-30cm-x-30cm-x-90cm-natur\/\" \/>\n<meta property=\"og:site_name\" content=\"TRUUSK - Hem, Tr\u00e4dg\u00e5rd &amp; Fritid\" \/>\n<meta property=\"article:modified_time\" content=\"2026-03-12T08:16:35+00:00\" \/>\n<meta property=\"og:image\" content=\"https:\/\/i0.wp.com\/truusk.se\/wp-content\/uploads\/2024\/02\/badrumsskap-i-bambu-1-hylla-2-lador-30cm-x-30cm-x-90cm-natur.webp?fit=800%2C800&ssl=1\" \/>\n\t<meta property=\"og:image:width\" content=\"800\" \/>\n\t<meta property=\"og:image:height\" content=\"800\" \/>\n\t<meta property=\"og:image:type\" content=\"image\/webp\" \/>\n<meta name=\"twitter:card\" content=\"summary_large_image\" \/>\n<meta name=\"twitter:label1\" content=\"Ber\u00e4knad l\u00e4stid\" \/>\n\t<meta name=\"twitter:data1\" content=\"1 minut\" \/>\n<!-- \/ Yoast SEO plugin. -->","yoast_head_json":{"title":"TRUUSK Badrumssk\u00e5p i Bambu - 1 Hylla - 2 L\u00e5dor - 30cm x 30cm x 90cm - Natur - TRUUSK - Hem, Tr\u00e4dg\u00e5rd &amp; Fritid","robots":{"index":"index","follow":"follow","max-snippet":"max-snippet:-1","max-image-preview":"max-image-preview:large","max-video-preview":"max-video-preview:-1"},"canonical":"https:\/\/truusk.store\/sv\/produkt\/truusk-badrumsskap-i-bambu-1-hylla-2-lador-30cm-x-30cm-x-90cm-natur\/","og_locale":"sv_SE","og_type":"article","og_title":"TRUUSK Badrumssk\u00e5p i Bambu - 1 Hylla - 2 L\u00e5dor - 30cm x 30cm x 90cm - Natur - TRUUSK - Hem, Tr\u00e4dg\u00e5rd &amp; Fritid","og_description":"Maximera utrymmet och minimera r\u00f6ran med detta moderna badrumssk\u00e5p. Skapa ordning i ditt hem med denna i\u00f6gonfallande badrumsf\u00f6rvaringsl\u00f6sning. Kombinationen av...","og_url":"https:\/\/truusk.store\/sv\/produkt\/truusk-badrumsskap-i-bambu-1-hylla-2-lador-30cm-x-30cm-x-90cm-natur\/","og_site_name":"TRUUSK - Hem, Tr\u00e4dg\u00e5rd &amp; Fritid","article_modified_time":"2026-03-12T08:16:35+00:00","og_image":[{"width":800,"height":800,"url":"https:\/\/i0.wp.com\/truusk.se\/wp-content\/uploads\/2024\/02\/badrumsskap-i-bambu-1-hylla-2-lador-30cm-x-30cm-x-90cm-natur.webp?fit=800%2C800&ssl=1","type":"image\/webp"}],"twitter_card":"summary_large_image","twitter_misc":{"Ber\u00e4knad l\u00e4stid":"1 minut"},"schema":{"@context":"https:\/\/schema.org","@graph":[{"@type":"WebPage","@id":"https:\/\/truusk.store\/sv\/produkt\/truusk-badrumsskap-i-bambu-1-hylla-2-lador-30cm-x-30cm-x-90cm-natur\/","url":"https:\/\/truusk.store\/sv\/produkt\/truusk-badrumsskap-i-bambu-1-hylla-2-lador-30cm-x-30cm-x-90cm-natur\/","name":"TRUUSK Badrumssk\u00e5p i Bambu - 1 Hylla - 2 L\u00e5dor - 30cm x 30cm x 90cm - Natur - TRUUSK - Hem, Tr\u00e4dg\u00e5rd &amp; Fritid","isPartOf":{"@id":"https:\/\/truusk.store\/sv\/#website"},"primaryImageOfPage":{"@id":"https:\/\/truusk.store\/sv\/produkt\/truusk-badrumsskap-i-bambu-1-hylla-2-lador-30cm-x-30cm-x-90cm-natur\/#primaryimage"},"image":{"@id":"https:\/\/truusk.store\/sv\/produkt\/truusk-badrumsskap-i-bambu-1-hylla-2-lador-30cm-x-30cm-x-90cm-natur\/#primaryimage"},"thumbnailUrl":"https:\/\/i0.wp.com\/truusk.store\/wp-content\/uploads\/2024\/02\/badrumsskap-i-bambu-1-hylla-2-lador-30cm-x-30cm-x-90cm-natur.webp?fit=800%2C800&ssl=1","datePublished":"2024-02-14T01:59:24+00:00","dateModified":"2026-03-12T08:16:35+00:00","breadcrumb":{"@id":"https:\/\/truusk.store\/sv\/produkt\/truusk-badrumsskap-i-bambu-1-hylla-2-lador-30cm-x-30cm-x-90cm-natur\/#breadcrumb"},"inLanguage":"sv-SE","potentialAction":[{"@type":"ReadAction","target":["https:\/\/truusk.store\/sv\/produkt\/truusk-badrumsskap-i-bambu-1-hylla-2-lador-30cm-x-30cm-x-90cm-natur\/"]}]},{"@type":"ImageObject","inLanguage":"sv-SE","@id":"https:\/\/truusk.store\/sv\/produkt\/truusk-badrumsskap-i-bambu-1-hylla-2-lador-30cm-x-30cm-x-90cm-natur\/#primaryimage","url":"https:\/\/i0.wp.com\/truusk.store\/wp-content\/uploads\/2024\/02\/badrumsskap-i-bambu-1-hylla-2-lador-30cm-x-30cm-x-90cm-natur.webp?fit=800%2C800&ssl=1","contentUrl":"https:\/\/i0.wp.com\/truusk.store\/wp-content\/uploads\/2024\/02\/badrumsskap-i-bambu-1-hylla-2-lador-30cm-x-30cm-x-90cm-natur.webp?fit=800%2C800&ssl=1","width":800,"height":800,"caption":"Badrumssk\u00e5p I Bambu, 1 Hylla, 2 L\u00e5dor, 30cm X 30cm X 90cm; Natur 1"},{"@type":"BreadcrumbList","@id":"https:\/\/truusk.store\/sv\/produkt\/truusk-badrumsskap-i-bambu-1-hylla-2-lador-30cm-x-30cm-x-90cm-natur\/#breadcrumb","itemListElement":[{"@type":"ListItem","position":1,"name":"Home","item":"https:\/\/truusk.store\/sv\/"},{"@type":"ListItem","position":2,"name":"Shop","item":"https:\/\/truusk.store\/shop\/"},{"@type":"ListItem","position":3,"name":"TRUUSK Badrumssk\u00e5p i Bambu &#8211; 1 Hylla &#8211; 2 L\u00e5dor &#8211; 30cm x 30cm x 90cm &#8211; Natur"}]},{"@type":"WebSite","@id":"https:\/\/truusk.store\/sv\/#website","url":"https:\/\/truusk.store\/sv\/","name":"TRUUSK - Hem, Tr\u00e4dg\u00e5rd & Fritid","description":"","publisher":{"@id":"https:\/\/truusk.store\/sv\/#organization"},"potentialAction":[{"@type":"SearchAction","target":{"@type":"EntryPoint","urlTemplate":"https:\/\/truusk.store\/sv\/?s={search_term_string}"},"query-input":{"@type":"PropertyValueSpecification","valueRequired":true,"valueName":"search_term_string"}}],"inLanguage":"sv-SE"},{"@type":"Organization","@id":"https:\/\/truusk.store\/sv\/#organization","name":"TRUUSK - Hem, Tr\u00e4dg\u00e5rd & Fritid","url":"https:\/\/truusk.store\/sv\/","logo":{"@type":"ImageObject","inLanguage":"sv-SE","@id":"https:\/\/truusk.store\/sv\/#\/schema\/logo\/image\/","url":"https:\/\/i0.wp.com\/truusk.store\/wp-content\/uploads\/2026\/03\/cropped-TRUUSK.png?fit=2032%2C917&ssl=1","contentUrl":"https:\/\/i0.wp.com\/truusk.store\/wp-content\/uploads\/2026\/03\/cropped-TRUUSK.png?fit=2032%2C917&ssl=1","width":2032,"height":917,"caption":"TRUUSK - Hem, Tr\u00e4dg\u00e5rd & Fritid"},"image":{"@id":"https:\/\/truusk.store\/sv\/#\/schema\/logo\/image\/"}}]}},"jetpack_sharing_enabled":true,"_links":{"self":[{"href":"https:\/\/truusk.store\/sv\/wp-json\/wp\/v2\/product\/40814","targetHints":{"allow":["GET"]}}],"collection":[{"href":"https:\/\/truusk.store\/sv\/wp-json\/wp\/v2\/product"}],"about":[{"href":"https:\/\/truusk.store\/sv\/wp-json\/wp\/v2\/types\/product"}],"wp:featuredmedia":[{"embeddable":true,"href":"https:\/\/truusk.store\/sv\/wp-json\/wp\/v2\/media\/40815"}],"wp:attachment":[{"href":"https:\/\/truusk.store\/sv\/wp-json\/wp\/v2\/media?parent=40814"}],"wp:term":[{"taxonomy":"product_brand","embeddable":true,"href":"https:\/\/truusk.store\/sv\/wp-json\/wp\/v2\/product_brand?post=40814"},{"taxonomy":"product_cat","embeddable":true,"href":"https:\/\/truusk.store\/sv\/wp-json\/wp\/v2\/product_cat?post=40814"},{"taxonomy":"product_tag","embeddable":true,"href":"https:\/\/truusk.store\/sv\/wp-json\/wp\/v2\/product_tag?post=40814"}],"curies":[{"name":"wp","href":"https:\/\/api.w.org\/{rel}","templated":true}]}}